{"id":463781,"date":"2024-01-18T16:13:46","date_gmt":"2024-01-18T16:13:46","guid":{"rendered":"https:\/\/admin.industriall-union.org\/lgbtqi\/"},"modified":"2026-02-03T12:05:26","modified_gmt":"2026-02-03T12:05:26","slug":"lgbtqi","status":"publish","type":"page","link":"https:\/\/admin.industriall-union.org\/fr\/lgbtqi\/","title":{"rendered":"LGBTQI+"},"content":{"rendered":"<p><iframe loading=\"lazy\" allow=\"accelerometer; autoplay; clipboard-write; encrypted-media; gyroscope; picture-in-picture; web-share\" allowfullscreen=\"\" frameborder=\"0\" height=\"315\" src=\"https:\/\/www.youtube.com\/embed\/lFXThN3fOpI?si=iP-M8bK7alUceUg6\" width=\"560\"><\/iframe><\/p><p>Nous nous attachons \u00e0 faciliter le dialogue et \u00e0 cr\u00e9er des r\u00e9seaux qui partagent les meilleures pratiques et les ressources, en veillant \u00e0 ce que les voix des LGBTQI+ soient amplifi\u00e9es et entendues. Nous adoptons les approches de l&#039;intersectionnalit\u00e9 et de la d\u00e9colonisation pour comprendre et combattre les multiples formes de discrimination qui affectent les communaut\u00e9s LGBTQI+.<\/p><p>En travaillant en collaboration avec les syndicats du monde entier, IndustriALL vise \u00e0 favoriser un mouvement plus inclusif et repr\u00e9sentatif o\u00f9 chaque travailleur est respect\u00e9 et valoris\u00e9.<\/p><figure class=\"imageArticle imageFull\"><img decoding=\"async\" alt=\"\" src=\"\/wp-content\/uploads\/images\/LGBTI\/img_4895.jpg\" style=\"width: 2000px;height: 1226px\" \/><figcaption class=\"imageContent\"><div class=\"imageTitle\"><h1><a href=\"https:\/\/www.industriall-union.org\/global-unions-launch-toolkit-to-support-lgbtqi-workers-under-ilo-c190\">Global Unions launch toolkit to support LGBTQI+ workers under ILO C190<\/a><\/h1><\/div><\/figcaption><\/figure><h3>Publications<\/h3><p>Dans le cadre d&#039;une avanc\u00e9e pour l&#039;\u00e9galit\u00e9 et la s\u00e9curit\u00e9 au travail, les F\u00e9d\u00e9rations syndicales internationales (FSI) ont lanc\u00e9 une bo\u00eete \u00e0 outils compl\u00e8te pour les travailleurs LGBTQI+.<\/p><table border=\"1\" cellpadding=\"1\" cellspacing=\"1\" style=\"width:500px\"><tbody><tr><td style=\"text-align: center\"><a href=\"\/wp-content\/uploads\/images\/LGBTI\/lgbtqi_facilitator_guide_en_web.pdf\"><strong>Facilitator guide<\/strong><\/a><\/td><td style=\"text-align: center\">&nbsp;<\/td><td><p><a href=\"\/wp-content\/uploads\/images\/LGBTI\/final_tr_lgbtqi_kolaylastirici_klavuzu.pdf\">KOLAYLA\u015eTIRICI KILAVUZU<\/a><\/p><\/td><\/tr><tr><td><a href=\"\/wp-content\/uploads\/images\/LGBTI\/lgbtqi_facilitator_guide_en_web.pdf\"><img decoding=\"async\" alt=\"\" src=\"\/wp-content\/uploads\/images\/LGBTI\/screenshot_2024-01-18_at_17.14.49.png\" style=\"width: 300px;height: 212px\" \/><\/a><\/td><td>&nbsp;<\/td><td><a href=\"\/wp-content\/uploads\/images\/LGBTI\/final_tr_lgbtqi_kolaylastirici_klavuzu.pdf\"><img decoding=\"async\" alt=\"\" src=\"\/wp-content\/uploads\/images\/LGBTI\/screenshot_2024-10-04_at_10.41.14.png\" style=\"width: 300px;height: 209px\" \/><\/a><\/td><\/tr><tr><td style=\"text-align: center\"><a href=\"\/wp-content\/uploads\/images\/LGBTI\/lgbtqi_participant_workbook_en_web.pdf\"><strong>Participant workbook<\/strong><\/a><\/td><td style=\"text-align: center\">&nbsp;<\/td><td><p><a href=\"\/wp-content\/uploads\/images\/LGBTI\/final_tr_lgbtqi_katilimci_klavuzu.pdf\">KATILIMCI \u00c7ALI\u015eMA K\u0130TABI<\/a><\/p><\/td><\/tr><tr><td><a href=\"\/wp-content\/uploads\/images\/LGBTI\/lgbtqi_participant_workbook_en_web.pdf\"><img decoding=\"async\" alt=\"\" src=\"\/wp-content\/uploads\/images\/LGBTI\/screenshot_2024-01-18_at_17.15.13.png\" style=\"width: 300px;height: 213px\" \/><\/a><\/td><td>&nbsp;<\/td><td><a href=\"\/wp-content\/uploads\/images\/LGBTI\/final_tr_lgbtqi_katilimci_klavuzu.pdf\"><img decoding=\"async\" alt=\"\" src=\"\/wp-content\/uploads\/images\/LGBTI\/screenshot_2024-10-04_at_10.41.28.png\" style=\"width: 300px;height: 211px\" \/><\/a><\/td><\/tr><\/tbody><\/table><h3>Vid\u00e9os<\/h3><p>Ces t\u00e9moignages sont plus que de simples histoires ; ce sont des fen\u00eatres sur la vie de ceux qui ont navigu\u00e9 sur leur lieu de travail tout en embrassant leur v\u00e9ritable identit\u00e9. Chaque vid\u00e9o de cette s\u00e9rie offre une perspective unique, mettant en lumi\u00e8re les d\u00e9fis, les triomphes et les diverses exp\u00e9riences des travailleurs LGBTQI+.<\/p><p>\u00c9coutez attentivement ces voix. Elles parlent de r\u00e9silience face \u00e0 la discrimination, de la recherche de l&#039;\u00e9galit\u00e9 sur le lieu de travail et de l&#039;esprit de solidarit\u00e9 in\u00e9branlable qui unit les travailleurs du monde entier. Leurs histoires ne concernent pas seulement le fait d&#039;\u00eatre LGBTQI+, mais aussi le fait d&#039;\u00eatre humain dans un monde du travail en constante \u00e9volution.<\/p><table border=\"1\" cellpadding=\"1\" cellspacing=\"1\" style=\"width:500px\"><tbody><tr><td><iframe loading=\"lazy\" allow=\"accelerometer; autoplay; clipboard-write; encrypted-media; gyroscope; picture-in-picture; web-share\" allowfullscreen=\"\" frameborder=\"0\" height=\"157\" src=\"https:\/\/www.youtube.com\/embed\/Aig8hOr4ofA?si=Xs-j40Xf3yd8TD3U\" width=\"280\"><\/iframe><\/td><td><iframe loading=\"lazy\" allow=\"accelerometer; autoplay; clipboard-write; encrypted-media; gyroscope; picture-in-picture; web-share\" allowfullscreen=\"\" frameborder=\"0\" height=\"157\" src=\"https:\/\/www.youtube.com\/embed\/YNj25Tvdb6Y?si=rG3PLQbkpMwBYmD5\" width=\"280\"><\/iframe><\/td><\/tr><tr><td><iframe loading=\"lazy\" allow=\"accelerometer; autoplay; clipboard-write; encrypted-media; gyroscope; picture-in-picture; web-share\" allowfullscreen=\"\" frameborder=\"0\" height=\"157\" src=\"https:\/\/www.youtube.com\/embed\/fDGdnDUFXuI?si=AQ47lPQRZil7LnjT\" width=\"280\"><\/iframe><\/td><td><iframe loading=\"lazy\" allow=\"accelerometer; autoplay; clipboard-write; encrypted-media; gyroscope; picture-in-picture; web-share\" allowfullscreen=\"\" frameborder=\"0\" height=\"157\" src=\"https:\/\/www.youtube.com\/embed\/CcRQJGHRDMc?si=SMxZ3ZbNG2p9Ng26\" width=\"280\"><\/iframe><\/td><\/tr><tr><td><iframe loading=\"lazy\" allow=\"accelerometer; autoplay; clipboard-write; encrypted-media; gyroscope; picture-in-picture; web-share\" allowfullscreen=\"\" frameborder=\"0\" height=\"157\" src=\"https:\/\/www.youtube.com\/embed\/e2nczhnW59Y?si=obZwBivY9EkjTxAJ\" width=\"280\"><\/iframe><\/td><td><iframe loading=\"lazy\" allow=\"accelerometer; autoplay; clipboard-write; encrypted-media; gyroscope; picture-in-picture; web-share\" allowfullscreen=\"\" frameborder=\"0\" height=\"157\" src=\"https:\/\/www.youtube.com\/embed\/Mbpeon2tn_k?si=PpoQguwbH7iJH-ge\" width=\"280\"><\/iframe><\/td><\/tr><tr><td><iframe loading=\"lazy\" allow=\"accelerometer; autoplay; clipboard-write; encrypted-media; gyroscope; picture-in-picture; web-share\" allowfullscreen=\"\" frameborder=\"0\" height=\"157\" src=\"https:\/\/www.youtube.com\/embed\/hZHPSU2csUc?si=ZwqR0uVqQONX5cYo\" width=\"280\"><\/iframe><\/td><td><iframe loading=\"lazy\" allow=\"accelerometer; autoplay; clipboard-write; encrypted-media; gyroscope; picture-in-picture; web-share\" allowfullscreen=\"\" frameborder=\"0\" height=\"157\" src=\"https:\/\/www.youtube.com\/embed\/ChN0dhnQRE4?si=SNGEQ7YrJLFTYrmk\" width=\"280\"><\/iframe><\/td><\/tr><\/tbody><\/table><h3>Resources&nbsp;<\/h3><section class=\"boxTurquoiseImage\"><header class=\"imageArticle imageMedium colorOverlay\"><img decoding=\"async\" alt=\"\" src=\"\/wp-content\/uploads\/images\/LGBTI\/img_4903.jpg\" style=\"width: 600px;height: 331px\" \/><div class=\"imageContent\"><div class=\"imageCaption\">&nbsp;<\/div><\/div><\/header><div class=\"boxTurquoise\"><h2>LGBTI : une ressource pr\u00e9cieuse<\/h2><p>Le <a href=\"https:\/\/lgbtiworkers.org\/?lang=fr\">site web des travailleurs LGBTI<\/a> pr\u00e9sente le travail des F\u00e9d\u00e9rations syndicales internationales en mati\u00e8re de promotion des droits des LGBTI+ au travail aux niveaux national, r\u00e9gional et international. Sur le site, les syndicats affili\u00e9s peuvent partager leur travail de promotion des droits des LGBTI au travail dans le monde entier. Le site offre \u00e9galement un espace d\u00e9di\u00e9 (forum) o\u00f9 les membres des syndicats du monde entier peuvent discuter des questions LGBTI et de ce qu&#039;eux-m\u00eames et leurs syndicats font pour construire un monde plus tol\u00e9rant et sans discrimination.<\/p><\/div><\/section>","protected":false},"excerpt":{"rendered":"<p>Nous nous attachons \u00e0 faciliter le dialogue et \u00e0 cr\u00e9er des r\u00e9seaux qui partagent les meilleures pratiques et les ressources, en veillant \u00e0 ce que les voix des LGBTQI+ soient amplifi\u00e9es et entendues. Nous adoptons les approches de l&#039;intersectionnalit\u00e9 et de la d\u00e9colonisation pour comprendre et combattre les multiples formes de discrimination qui affectent les [&hellip;]<\/p>\n","protected":false},"author":1,"featured_media":0,"parent":0,"menu_order":0,"comment_status":"closed","ping_status":"closed","template":"","meta":{"_acf_changed":false,"footnotes":""},"issues":[],"companies":[],"regions":[],"sectors":[],"article_tags":[514],"class_list":["post-463781","page","type-page","status-publish","hentry","article_tags-lgbtqi"],"acf":[],"yoast_head":"<!-- This site is optimized with the Yoast SEO Premium plugin v27.1 (Yoast SEO v27.1) - https:\/\/yoast.com\/product\/yoast-seo-premium-wordpress\/ -->\n<title>LGBTQI+ - industriall-union<\/title>\n<meta name=\"robots\" content=\"index, follow, max-snippet:-1, max-image-preview:large, max-video-preview:-1\" \/>\n<link rel=\"canonical\" href=\"https:\/\/admin.industriall-union.org\/fr\/lgbtqi\/\" \/>\n<meta property=\"og:locale\" content=\"fr_FR\" \/>\n<meta property=\"og:type\" content=\"article\" \/>\n<meta property=\"og:title\" content=\"LGBTQI+\" \/>\n<meta property=\"og:description\" content=\"Nous nous attachons \u00e0 faciliter le dialogue et \u00e0 cr\u00e9er des r\u00e9seaux qui partagent les meilleures pratiques et les ressources, en veillant \u00e0 ce que les voix des LGBTQI+ soient amplifi\u00e9es et entendues. Nous adoptons les approches de l&#039;intersectionnalit\u00e9 et de la d\u00e9colonisation pour comprendre et combattre les multiples formes de discrimination qui affectent les [&hellip;]\" \/>\n<meta property=\"og:url\" content=\"https:\/\/admin.industriall-union.org\/fr\/lgbtqi\/\" \/>\n<meta property=\"og:site_name\" content=\"industriall-union\" \/>\n<meta property=\"article:modified_time\" content=\"2026-02-03T12:05:26+00:00\" \/>\n<meta name=\"twitter:card\" content=\"summary_large_image\" \/>\n<meta name=\"twitter:label1\" content=\"Est. reading time\" \/>\n\t<meta name=\"twitter:data1\" content=\"2 minutes\" \/>\n<script type=\"application\/ld+json\" class=\"yoast-schema-graph\">{\"@context\":\"https:\/\/schema.org\",\"@graph\":[{\"@type\":\"WebPage\",\"@id\":\"https:\/\/admin.industriall-union.org\/fr\/lgbtqi\/\",\"url\":\"https:\/\/admin.industriall-union.org\/fr\/lgbtqi\/\",\"name\":\"LGBTQI+ - industriall-union\",\"isPartOf\":{\"@id\":\"https:\/\/admin.industriall-union.org\/#website\"},\"datePublished\":\"2024-01-18T16:13:46+00:00\",\"dateModified\":\"2026-02-03T12:05:26+00:00\",\"breadcrumb\":{\"@id\":\"https:\/\/admin.industriall-union.org\/fr\/lgbtqi\/#breadcrumb\"},\"inLanguage\":\"fr-FR\",\"potentialAction\":[{\"@type\":\"ReadAction\",\"target\":[\"https:\/\/admin.industriall-union.org\/fr\/lgbtqi\/\"]}]},{\"@type\":\"BreadcrumbList\",\"@id\":\"https:\/\/admin.industriall-union.org\/fr\/lgbtqi\/#breadcrumb\",\"itemListElement\":[{\"@type\":\"ListItem\",\"position\":1,\"name\":\"Home\",\"item\":\"https:\/\/admin.industriall-union.org\/\"},{\"@type\":\"ListItem\",\"position\":2,\"name\":\"LGBTQI+\"}]},{\"@type\":\"WebSite\",\"@id\":\"https:\/\/admin.industriall-union.org\/#website\",\"url\":\"https:\/\/admin.industriall-union.org\/\",\"name\":\"industriall-union\",\"description\":\"\",\"potentialAction\":[{\"@type\":\"SearchAction\",\"target\":{\"@type\":\"EntryPoint\",\"urlTemplate\":\"https:\/\/admin.industriall-union.org\/?s={search_term_string}\"},\"query-input\":{\"@type\":\"PropertyValueSpecification\",\"valueRequired\":true,\"valueName\":\"search_term_string\"}}],\"inLanguage\":\"fr-FR\"}]}<\/script>\n<!-- \/ Yoast SEO Premium plugin. -->","yoast_head_json":{"title":"LGBTQI+ - industriall-union","robots":{"index":"index","follow":"follow","max-snippet":"max-snippet:-1","max-image-preview":"max-image-preview:large","max-video-preview":"max-video-preview:-1"},"canonical":"https:\/\/admin.industriall-union.org\/fr\/lgbtqi\/","og_locale":"fr_FR","og_type":"article","og_title":"LGBTQI+","og_description":"Nous nous attachons \u00e0 faciliter le dialogue et \u00e0 cr\u00e9er des r\u00e9seaux qui partagent les meilleures pratiques et les ressources, en veillant \u00e0 ce que les voix des LGBTQI+ soient amplifi\u00e9es et entendues. Nous adoptons les approches de l&#039;intersectionnalit\u00e9 et de la d\u00e9colonisation pour comprendre et combattre les multiples formes de discrimination qui affectent les [&hellip;]","og_url":"https:\/\/admin.industriall-union.org\/fr\/lgbtqi\/","og_site_name":"industriall-union","article_modified_time":"2026-02-03T12:05:26+00:00","twitter_card":"summary_large_image","twitter_misc":{"Est. reading time":"2 minutes"},"schema":{"@context":"https:\/\/schema.org","@graph":[{"@type":"WebPage","@id":"https:\/\/admin.industriall-union.org\/fr\/lgbtqi\/","url":"https:\/\/admin.industriall-union.org\/fr\/lgbtqi\/","name":"LGBTQI+ - industriall-union","isPartOf":{"@id":"https:\/\/admin.industriall-union.org\/#website"},"datePublished":"2024-01-18T16:13:46+00:00","dateModified":"2026-02-03T12:05:26+00:00","breadcrumb":{"@id":"https:\/\/admin.industriall-union.org\/fr\/lgbtqi\/#breadcrumb"},"inLanguage":"fr-FR","potentialAction":[{"@type":"ReadAction","target":["https:\/\/admin.industriall-union.org\/fr\/lgbtqi\/"]}]},{"@type":"BreadcrumbList","@id":"https:\/\/admin.industriall-union.org\/fr\/lgbtqi\/#breadcrumb","itemListElement":[{"@type":"ListItem","position":1,"name":"Home","item":"https:\/\/admin.industriall-union.org\/"},{"@type":"ListItem","position":2,"name":"LGBTQI+"}]},{"@type":"WebSite","@id":"https:\/\/admin.industriall-union.org\/#website","url":"https:\/\/admin.industriall-union.org\/","name":"industriall-union","description":"","potentialAction":[{"@type":"SearchAction","target":{"@type":"EntryPoint","urlTemplate":"https:\/\/admin.industriall-union.org\/?s={search_term_string}"},"query-input":{"@type":"PropertyValueSpecification","valueRequired":true,"valueName":"search_term_string"}}],"inLanguage":"fr-FR"}]}},"_links":{"self":[{"href":"https:\/\/admin.industriall-union.org\/fr\/wp-json\/wp\/v2\/pages\/463781","targetHints":{"allow":["GET"]}}],"collection":[{"href":"https:\/\/admin.industriall-union.org\/fr\/wp-json\/wp\/v2\/pages"}],"about":[{"href":"https:\/\/admin.industriall-union.org\/fr\/wp-json\/wp\/v2\/types\/page"}],"author":[{"embeddable":true,"href":"https:\/\/admin.industriall-union.org\/fr\/wp-json\/wp\/v2\/users\/1"}],"replies":[{"embeddable":true,"href":"https:\/\/admin.industriall-union.org\/fr\/wp-json\/wp\/v2\/comments?post=463781"}],"version-history":[{"count":4,"href":"https:\/\/admin.industriall-union.org\/fr\/wp-json\/wp\/v2\/pages\/463781\/revisions"}],"predecessor-version":[{"id":467002,"href":"https:\/\/admin.industriall-union.org\/fr\/wp-json\/wp\/v2\/pages\/463781\/revisions\/467002"}],"wp:attachment":[{"href":"https:\/\/admin.industriall-union.org\/fr\/wp-json\/wp\/v2\/media?parent=463781"}],"wp:term":[{"taxonomy":"issues","embeddable":true,"href":"https:\/\/admin.industriall-union.org\/fr\/wp-json\/wp\/v2\/issues?post=463781"},{"taxonomy":"companies","embeddable":true,"href":"https:\/\/admin.industriall-union.org\/fr\/wp-json\/wp\/v2\/companies?post=463781"},{"taxonomy":"regions","embeddable":true,"href":"https:\/\/admin.industriall-union.org\/fr\/wp-json\/wp\/v2\/regions?post=463781"},{"taxonomy":"sectors","embeddable":true,"href":"https:\/\/admin.industriall-union.org\/fr\/wp-json\/wp\/v2\/sectors?post=463781"},{"taxonomy":"article_tags","embeddable":true,"href":"https:\/\/admin.industriall-union.org\/fr\/wp-json\/wp\/v2\/article_tags?post=463781"}],"curies":[{"name":"wp","href":"https:\/\/api.w.org\/{rel}","templated":true}]}}