{"id":212285,"date":"2012-04-30T13:25:34","date_gmt":"2012-04-30T13:25:34","guid":{"rendered":"https:\/\/admin.industriall-union.org\/a-propos-de-nous\/"},"modified":"2026-03-17T08:24:53","modified_gmt":"2026-03-17T08:24:53","slug":"a-propos-de-nous","status":"publish","type":"page","link":"https:\/\/admin.industriall-union.org\/fr\/a-propos-de-nous\/","title":{"rendered":"A propos de nous"},"content":{"rendered":"<h3><span style=\"color: #c0392b;\"><strong>IndustriALL Global Union<\/strong><\/span><\/h3>\n<p>IndustriALL Global Union regroupe 550 syndicats affili\u00e9s qui repr\u00e9sent 50 millions de travailleurs des secteurs miniers, de l&#8217;\u00e9nergie et de la manufacture dans 130 pays. Nous sommes une force dans la solidarit\u00e9 mondiale continuant le combat pour de meilleures conditions de travail et pour les droits syndicaux dans le monde entier.<\/p>\n<p>Fond\u00e9e le 19 juin 2012, cette nouvelle organisation rassemble les affili\u00e9es des anciennes f\u00e9d\u00e9rations mondiales syndicales: la F\u00e9d\u00e9ration internationale des Organisations de travailleurs de la Metallurgie (FIOM), la F\u00e9d\u00e9ration internationale des syndicats des travailleurs de la Chimie, de l&#8217;\u00c9nergie, des Mines et Industries diverses (ICEM) et la F\u00e9d\u00e9ration internationale des Travailleurs du Textile, de l&#8217;Habillement et du Cuir (FITTHC)<\/p>\n<p>IndustriALL Global Union repr\u00e9sente les travailleurs dans un vaste choix de secteurs:<\/p>\n<ul>\n<li>extraction p\u00e9troli\u00e8re et gazi\u00e8re<\/li>\n<li>mines<\/li>\n<li>production et distribution du courant \u00e9lectrique<\/li>\n<li>manufacture des m\u00e9taux et des produits m\u00e9talliques<\/li>\n<li>la construction navale<\/li>\n<li>automobile<\/li>\n<li>a\u00e9rospatiale<\/li>\n<li>Ing\u00e9nieurie m\u00e9canique<\/li>\n<li>\u00e9lectronique<\/li>\n<li>chimie<\/li>\n<li>caoutchouc<\/li>\n<li>p\u00e2te \u00e0 papier et du papier<\/li>\n<li>construction de mat\u00e9riaux,<\/li>\n<li>textiles,\u00a0v\u00eatements,\u00a0cuir,\u00a0chaussures<\/li>\n<\/ul>\n<article class=\"listBlock\">\n<div class=\"image\"><img decoding=\"async\" src=\"\/wp-content\/uploads\/images\/General-pics\/44782244641_80a4289bcf_o.jpg\" alt=\"\" \/><\/div>\n<div class=\"content\">\n<h2 class=\"title\"><a href=\"http:\/\/www.industriall-union.org\/fr\/charte-de-solidarite-dindustriall\">Charte de Solidarit\u00e9 d\u2019IndustriALL<\/a><\/h2>\n<p class=\"description\">Charte de Solidarit\u00e9 d\u2019IndustriALL Global Union dans le cadre de l\u2019opposition aux violations des droits fondamentaux par les entreprises<\/p>\n<\/div>\n<\/article>\n<article class=\"listBlock\">\n<div class=\"image\"><img decoding=\"async\" src=\"\/wp-content\/uploads\/images\/shutterstock_522763711.jpg\" alt=\"\" \/><\/div>\n<div class=\"content\">\n<h2 class=\"title\"><a href=\"http:\/\/www.industriall-union.org\/fr\/politique-de-lutte-contre-la-corruption-chez-industriall\">Politique de lutte contre la corruption chez IndustriALL<\/a><\/h2>\n<p class=\"description\">IndustriALL s\u2019oppose \u00e0 toutes les formes de corruption. Chez IndustriALL, nous aspirons non seulement \u00e0 respecter la r\u00e9glementation financi\u00e8re, mais aussi \u00e0 agir de mani\u00e8re socialementresponsable.<\/p>\n<\/div>\n<\/article>\n<article class=\"listBlock\">\n<div class=\"image\"><img decoding=\"async\" src=\"\/wp-content\/uploads\/images\/General-pics\/sexualharassment.jpg\" alt=\"\" \/><\/div>\n<div class=\"content\">\n<h2 class=\"title\"><a href=\"http:\/\/www.industriall-union.org\/fr\/politique-sur-le-harcelement-sexuel\">Politique sur le harc\u00e8lement sexuel <\/a><\/h2>\n<p class=\"description\">Politique sur le harc\u00e8lement sexuel applicable dans le cadre des r\u00e9unions et activit\u00e9s d\u2019IndustriALL<\/p>\n<\/div>\n<\/article>\n","protected":false},"excerpt":{"rendered":"<p>IndustriALL Global Union IndustriALL Global Union regroupe 550 syndicats affili\u00e9s qui repr\u00e9sent 50 millions de travailleurs des secteurs miniers, de l&#8217;\u00e9nergie et de la manufacture dans 130 pays. Nous sommes une force dans la solidarit\u00e9 mondiale continuant le combat pour de meilleures conditions de travail et pour les droits syndicaux dans le monde entier. Fond\u00e9e [&hellip;]<\/p>\n","protected":false},"author":1,"featured_media":0,"parent":0,"menu_order":0,"comment_status":"closed","ping_status":"closed","template":"","meta":{"_acf_changed":false,"footnotes":""},"issues":[],"companies":[],"regions":[],"sectors":[],"article_tags":[],"class_list":["post-212285","page","type-page","status-publish","hentry"],"acf":[],"yoast_head":"<!-- This site is optimized with the Yoast SEO Premium plugin v27.1 (Yoast SEO v27.1) - https:\/\/yoast.com\/product\/yoast-seo-premium-wordpress\/ -->\n<title>A propos de nous - industriall-union<\/title>\n<meta name=\"robots\" content=\"index, follow, max-snippet:-1, max-image-preview:large, max-video-preview:-1\" \/>\n<link rel=\"canonical\" href=\"https:\/\/admin.industriall-union.org\/fr\/a-propos-de-nous\/\" \/>\n<meta property=\"og:locale\" content=\"fr_FR\" \/>\n<meta property=\"og:type\" content=\"article\" \/>\n<meta property=\"og:title\" content=\"A propos de nous\" \/>\n<meta property=\"og:description\" content=\"IndustriALL Global Union IndustriALL Global Union regroupe 550 syndicats affili\u00e9s qui repr\u00e9sent 50 millions de travailleurs des secteurs miniers, de l&#8217;\u00e9nergie et de la manufacture dans 130 pays. Nous sommes une force dans la solidarit\u00e9 mondiale continuant le combat pour de meilleures conditions de travail et pour les droits syndicaux dans le monde entier. Fond\u00e9e [&hellip;]\" \/>\n<meta property=\"og:url\" content=\"https:\/\/admin.industriall-union.org\/fr\/a-propos-de-nous\/\" \/>\n<meta property=\"og:site_name\" content=\"industriall-union\" \/>\n<meta property=\"article:modified_time\" content=\"2026-03-17T08:24:53+00:00\" \/>\n<meta name=\"twitter:card\" content=\"summary_large_image\" \/>\n<meta name=\"twitter:label1\" content=\"Est. reading time\" \/>\n\t<meta name=\"twitter:data1\" content=\"2 minutes\" \/>\n<script type=\"application\/ld+json\" class=\"yoast-schema-graph\">{\"@context\":\"https:\/\/schema.org\",\"@graph\":[{\"@type\":\"WebPage\",\"@id\":\"https:\/\/admin.industriall-union.org\/fr\/a-propos-de-nous\/\",\"url\":\"https:\/\/admin.industriall-union.org\/fr\/a-propos-de-nous\/\",\"name\":\"A propos de nous - industriall-union\",\"isPartOf\":{\"@id\":\"https:\/\/admin.industriall-union.org\/es\/#website\"},\"datePublished\":\"2012-04-30T13:25:34+00:00\",\"dateModified\":\"2026-03-17T08:24:53+00:00\",\"breadcrumb\":{\"@id\":\"https:\/\/admin.industriall-union.org\/fr\/a-propos-de-nous\/#breadcrumb\"},\"inLanguage\":\"fr-FR\",\"potentialAction\":[{\"@type\":\"ReadAction\",\"target\":[\"https:\/\/admin.industriall-union.org\/fr\/a-propos-de-nous\/\"]}]},{\"@type\":\"BreadcrumbList\",\"@id\":\"https:\/\/admin.industriall-union.org\/fr\/a-propos-de-nous\/#breadcrumb\",\"itemListElement\":[{\"@type\":\"ListItem\",\"position\":1,\"name\":\"Home\",\"item\":\"https:\/\/admin.industriall-union.org\/es\/\"},{\"@type\":\"ListItem\",\"position\":2,\"name\":\"A propos de nous\"}]},{\"@type\":\"WebSite\",\"@id\":\"https:\/\/admin.industriall-union.org\/es\/#website\",\"url\":\"https:\/\/admin.industriall-union.org\/es\/\",\"name\":\"industriall-union\",\"description\":\"\",\"potentialAction\":[{\"@type\":\"SearchAction\",\"target\":{\"@type\":\"EntryPoint\",\"urlTemplate\":\"https:\/\/admin.industriall-union.org\/es\/?s={search_term_string}\"},\"query-input\":{\"@type\":\"PropertyValueSpecification\",\"valueRequired\":true,\"valueName\":\"search_term_string\"}}],\"inLanguage\":\"fr-FR\"}]}<\/script>\n<!-- \/ Yoast SEO Premium plugin. -->","yoast_head_json":{"title":"A propos de nous - industriall-union","robots":{"index":"index","follow":"follow","max-snippet":"max-snippet:-1","max-image-preview":"max-image-preview:large","max-video-preview":"max-video-preview:-1"},"canonical":"https:\/\/admin.industriall-union.org\/fr\/a-propos-de-nous\/","og_locale":"fr_FR","og_type":"article","og_title":"A propos de nous","og_description":"IndustriALL Global Union IndustriALL Global Union regroupe 550 syndicats affili\u00e9s qui repr\u00e9sent 50 millions de travailleurs des secteurs miniers, de l&#8217;\u00e9nergie et de la manufacture dans 130 pays. Nous sommes une force dans la solidarit\u00e9 mondiale continuant le combat pour de meilleures conditions de travail et pour les droits syndicaux dans le monde entier. Fond\u00e9e [&hellip;]","og_url":"https:\/\/admin.industriall-union.org\/fr\/a-propos-de-nous\/","og_site_name":"industriall-union","article_modified_time":"2026-03-17T08:24:53+00:00","twitter_card":"summary_large_image","twitter_misc":{"Est. reading time":"2 minutes"},"schema":{"@context":"https:\/\/schema.org","@graph":[{"@type":"WebPage","@id":"https:\/\/admin.industriall-union.org\/fr\/a-propos-de-nous\/","url":"https:\/\/admin.industriall-union.org\/fr\/a-propos-de-nous\/","name":"A propos de nous - industriall-union","isPartOf":{"@id":"https:\/\/admin.industriall-union.org\/es\/#website"},"datePublished":"2012-04-30T13:25:34+00:00","dateModified":"2026-03-17T08:24:53+00:00","breadcrumb":{"@id":"https:\/\/admin.industriall-union.org\/fr\/a-propos-de-nous\/#breadcrumb"},"inLanguage":"fr-FR","potentialAction":[{"@type":"ReadAction","target":["https:\/\/admin.industriall-union.org\/fr\/a-propos-de-nous\/"]}]},{"@type":"BreadcrumbList","@id":"https:\/\/admin.industriall-union.org\/fr\/a-propos-de-nous\/#breadcrumb","itemListElement":[{"@type":"ListItem","position":1,"name":"Home","item":"https:\/\/admin.industriall-union.org\/es\/"},{"@type":"ListItem","position":2,"name":"A propos de nous"}]},{"@type":"WebSite","@id":"https:\/\/admin.industriall-union.org\/es\/#website","url":"https:\/\/admin.industriall-union.org\/es\/","name":"industriall-union","description":"","potentialAction":[{"@type":"SearchAction","target":{"@type":"EntryPoint","urlTemplate":"https:\/\/admin.industriall-union.org\/es\/?s={search_term_string}"},"query-input":{"@type":"PropertyValueSpecification","valueRequired":true,"valueName":"search_term_string"}}],"inLanguage":"fr-FR"}]}},"_links":{"self":[{"href":"https:\/\/admin.industriall-union.org\/fr\/wp-json\/wp\/v2\/pages\/212285","targetHints":{"allow":["GET"]}}],"collection":[{"href":"https:\/\/admin.industriall-union.org\/fr\/wp-json\/wp\/v2\/pages"}],"about":[{"href":"https:\/\/admin.industriall-union.org\/fr\/wp-json\/wp\/v2\/types\/page"}],"author":[{"embeddable":true,"href":"https:\/\/admin.industriall-union.org\/fr\/wp-json\/wp\/v2\/users\/1"}],"replies":[{"embeddable":true,"href":"https:\/\/admin.industriall-union.org\/fr\/wp-json\/wp\/v2\/comments?post=212285"}],"version-history":[{"count":4,"href":"https:\/\/admin.industriall-union.org\/fr\/wp-json\/wp\/v2\/pages\/212285\/revisions"}],"predecessor-version":[{"id":467593,"href":"https:\/\/admin.industriall-union.org\/fr\/wp-json\/wp\/v2\/pages\/212285\/revisions\/467593"}],"wp:attachment":[{"href":"https:\/\/admin.industriall-union.org\/fr\/wp-json\/wp\/v2\/media?parent=212285"}],"wp:term":[{"taxonomy":"issues","embeddable":true,"href":"https:\/\/admin.industriall-union.org\/fr\/wp-json\/wp\/v2\/issues?post=212285"},{"taxonomy":"companies","embeddable":true,"href":"https:\/\/admin.industriall-union.org\/fr\/wp-json\/wp\/v2\/companies?post=212285"},{"taxonomy":"regions","embeddable":true,"href":"https:\/\/admin.industriall-union.org\/fr\/wp-json\/wp\/v2\/regions?post=212285"},{"taxonomy":"sectors","embeddable":true,"href":"https:\/\/admin.industriall-union.org\/fr\/wp-json\/wp\/v2\/sectors?post=212285"},{"taxonomy":"article_tags","embeddable":true,"href":"https:\/\/admin.industriall-union.org\/fr\/wp-json\/wp\/v2\/article_tags?post=212285"}],"curies":[{"name":"wp","href":"https:\/\/api.w.org\/{rel}","templated":true}]}}