{"id":212276,"date":"2012-06-14T20:48:45","date_gmt":"2012-06-14T20:48:45","guid":{"rendered":"https:\/\/admin.industriall-union.org\/fonctionnaires-elus\/"},"modified":"2026-02-03T11:55:57","modified_gmt":"2026-02-03T11:55:57","slug":"fonctionnaires-elus","status":"publish","type":"page","link":"https:\/\/admin.industriall-union.org\/fr\/a-propos-de-nous\/fonctionnaires-elus\/","title":{"rendered":"Fonctionnaires \u00e9lus"},"content":{"rendered":"<article class=\"listBlock\"><div class=\"image\"><img decoding=\"async\" alt=\"\" src=\"\/wp-content\/uploads\/images\/2025\/Australia\/Congress2025\/screenshot_2025-11-06_at_14.23.14.png\" \/><\/div><div class=\"content\"><h2 class=\"title\">Christiane Benner<\/h2><p class=\"description\">Pr\u00e9sidente<\/p><\/div><\/article><article class=\"listBlock\"><div class=\"image\"><img decoding=\"async\" alt=\"\" src=\"\/wp-content\/uploads\/images\/2025\/Australia\/Congress2025\/kanekoopening_5.jpg\" \/><\/div><div class=\"content\"><h2 class=\"title\">Akihiro Kaneko<\/h2><p class=\"description\">Vide president<\/p><\/div><\/article><article class=\"listBlock\"><div class=\"image\"><img decoding=\"async\" alt=\"\" src=\"\/wp-content\/uploads\/images\/2025\/Australia\/Congress2025\/inequalitypanelmaicon_4.jpg\" \/><\/div><div class=\"content\"><h2 class=\"title\"><a href=\"\/\">Lucineide Varj\u00e3o<\/a><\/h2><p class=\"description\">Vice president<\/p><\/div><\/article><article class=\"listBlock\"><div class=\"image\"><img decoding=\"async\" alt=\"\" src=\"\/wp-content\/uploads\/images\/2025\/Australia\/Congress2025\/habibhzami_1.jpg\" \/><\/div><div class=\"content\"><h2 class=\"title\">Habib&nbsp;Hazemi<\/h2><p class=\"description\">Vice president<\/p><\/div><\/article><article class=\"listBlock\"><div class=\"image\"><img decoding=\"async\" alt=\"\" src=\"\/wp-content\/uploads\/images\/2025\/Australia\/Congress2025\/roxannebrown_usw_3.jpg\" \/><\/div><div class=\"content\"><h2 class=\"title\">Roxanne Brown<\/h2><p class=\"description\">Vice president<\/p><\/div><\/article><article class=\"listBlock\"><div class=\"image\"><img decoding=\"async\" alt=\"\" src=\"\/wp-content\/uploads\/images\/2025\/Australia\/Congress2025\/roseomamo_kenya_4.jpg\" \/><\/div><div class=\"content\"><h2 class=\"title\"><a href=\"\/\">Rose Omamo<\/a><\/h2><p class=\"description\">Vice president<\/p><\/div><\/article><article class=\"listBlock\"><div class=\"image\"><img decoding=\"async\" alt=\"\" src=\"\/wp-content\/uploads\/images\/2025\/Australia\/Congress2025\/marienilsson.jpg\" \/><\/div><div class=\"content\"><h2 class=\"title\">Marie Nilsson<\/h2><p class=\"description\">Vice president<\/p><\/div><\/article><article class=\"listBlock\"><div class=\"image\"><img decoding=\"async\" alt=\"\" src=\"\/wp-content\/uploads\/images\/2025\/Australia\/Congress2025\/atlesecreport_1.jpg\" \/><\/div><div class=\"content\"><h2 class=\"title\"><a href=\"\/\/www.industriall-union.org\/atle-hoie\">Atle H\u00f8ie<\/a><\/h2><p class=\"description\">General secretary<\/p><\/div><\/article><article class=\"listBlock\"><div class=\"image\"><img decoding=\"async\" alt=\"\" src=\"\/wp-content\/uploads\/images\/2025\/Australia\/Congress2025\/jtsessionpanelkanmatsusaki_3.jpg\" \/><\/div><div class=\"content\"><h2 class=\"title\"><a href=\"\/\">Kan Matsuzaki<\/a><\/h2><p class=\"description\">Assistant general secretary<\/p><\/div><\/article><article class=\"listBlock\"><div class=\"image\"><img decoding=\"async\" alt=\"\" src=\"\/wp-content\/uploads\/images\/2025\/Australia\/Congress2025\/christinaolivier_conclusions_2.jpg\" \/><\/div><div class=\"content\"><h2 class=\"title\"><a href=\"\/\">Christina Olivier<\/a><\/h2><p class=\"description\">Assistant general secretary<\/p><\/div><\/article><article class=\"listBlock\"><div class=\"image\"><img decoding=\"async\" alt=\"\" src=\"\/wp-content\/uploads\/images\/2025\/Australia\/Congress2025\/574974365_1333450922142199_1765292424273858829_n.jpg\" \/><\/div><div class=\"content\"><h2 class=\"title\"><a href=\"http:\/\/www.industriall-union.org\/kemal-ozkan\">Kemal Ozkan<\/a><\/h2><p class=\"description\">Assistant general secretary<\/p><\/div><\/article>","protected":false},"excerpt":{"rendered":"<p>Christiane Benner Pr\u00e9sidente Akihiro Kaneko Vide president Lucineide Varj\u00e3o Vice president Habib&nbsp;Hazemi Vice president Roxanne Brown Vice president Rose Omamo Vice president Marie Nilsson Vice president Atle H\u00f8ie General secretary Kan Matsuzaki Assistant general secretary Christina Olivier Assistant general secretary Kemal Ozkan Assistant general secretary<\/p>\n","protected":false},"author":1,"featured_media":0,"parent":212285,"menu_order":0,"comment_status":"closed","ping_status":"closed","template":"","meta":{"_acf_changed":false,"footnotes":""},"issues":[],"companies":[],"regions":[],"sectors":[],"article_tags":[],"class_list":["post-212276","page","type-page","status-publish","hentry"],"acf":[],"yoast_head":"<!-- This site is optimized with the Yoast SEO Premium plugin v27.1 (Yoast SEO v27.1) - https:\/\/yoast.com\/product\/yoast-seo-premium-wordpress\/ -->\n<title>Fonctionnaires \u00e9lus - industriall-union<\/title>\n<meta name=\"robots\" content=\"index, follow, max-snippet:-1, max-image-preview:large, max-video-preview:-1\" \/>\n<link rel=\"canonical\" href=\"https:\/\/admin.industriall-union.org\/fr\/a-propos-de-nous\/fonctionnaires-elus\/\" \/>\n<meta property=\"og:locale\" content=\"fr_FR\" \/>\n<meta property=\"og:type\" content=\"article\" \/>\n<meta property=\"og:title\" content=\"Fonctionnaires \u00e9lus\" \/>\n<meta property=\"og:description\" content=\"Christiane Benner Pr\u00e9sidente Akihiro Kaneko Vide president Lucineide Varj\u00e3o Vice president Habib&nbsp;Hazemi Vice president Roxanne Brown Vice president Rose Omamo Vice president Marie Nilsson Vice president Atle H\u00f8ie General secretary Kan Matsuzaki Assistant general secretary Christina Olivier Assistant general secretary Kemal Ozkan Assistant general secretary\" \/>\n<meta property=\"og:url\" content=\"https:\/\/admin.industriall-union.org\/fr\/a-propos-de-nous\/fonctionnaires-elus\/\" \/>\n<meta property=\"og:site_name\" content=\"industriall-union\" \/>\n<meta property=\"article:modified_time\" content=\"2026-02-03T11:55:57+00:00\" \/>\n<meta name=\"twitter:card\" content=\"summary_large_image\" \/>\n<script type=\"application\/ld+json\" class=\"yoast-schema-graph\">{\"@context\":\"https:\/\/schema.org\",\"@graph\":[{\"@type\":\"WebPage\",\"@id\":\"https:\/\/admin.industriall-union.org\/fr\/a-propos-de-nous\/fonctionnaires-elus\/\",\"url\":\"https:\/\/admin.industriall-union.org\/fr\/a-propos-de-nous\/fonctionnaires-elus\/\",\"name\":\"Fonctionnaires \u00e9lus - industriall-union\",\"isPartOf\":{\"@id\":\"https:\/\/admin.industriall-union.org\/#website\"},\"datePublished\":\"2012-06-14T20:48:45+00:00\",\"dateModified\":\"2026-02-03T11:55:57+00:00\",\"breadcrumb\":{\"@id\":\"https:\/\/admin.industriall-union.org\/fr\/a-propos-de-nous\/fonctionnaires-elus\/#breadcrumb\"},\"inLanguage\":\"fr-FR\",\"potentialAction\":[{\"@type\":\"ReadAction\",\"target\":[\"https:\/\/admin.industriall-union.org\/fr\/a-propos-de-nous\/fonctionnaires-elus\/\"]}]},{\"@type\":\"BreadcrumbList\",\"@id\":\"https:\/\/admin.industriall-union.org\/fr\/a-propos-de-nous\/fonctionnaires-elus\/#breadcrumb\",\"itemListElement\":[{\"@type\":\"ListItem\",\"position\":1,\"name\":\"Home\",\"item\":\"https:\/\/admin.industriall-union.org\/\"},{\"@type\":\"ListItem\",\"position\":2,\"name\":\"A propos de nous\",\"item\":\"https:\/\/admin.industriall-union.org\/fr\/a-propos-de-nous\/\"},{\"@type\":\"ListItem\",\"position\":3,\"name\":\"Fonctionnaires \u00e9lus\"}]},{\"@type\":\"WebSite\",\"@id\":\"https:\/\/admin.industriall-union.org\/#website\",\"url\":\"https:\/\/admin.industriall-union.org\/\",\"name\":\"industriall-union\",\"description\":\"\",\"potentialAction\":[{\"@type\":\"SearchAction\",\"target\":{\"@type\":\"EntryPoint\",\"urlTemplate\":\"https:\/\/admin.industriall-union.org\/?s={search_term_string}\"},\"query-input\":{\"@type\":\"PropertyValueSpecification\",\"valueRequired\":true,\"valueName\":\"search_term_string\"}}],\"inLanguage\":\"fr-FR\"}]}<\/script>\n<!-- \/ Yoast SEO Premium plugin. -->","yoast_head_json":{"title":"Fonctionnaires \u00e9lus - industriall-union","robots":{"index":"index","follow":"follow","max-snippet":"max-snippet:-1","max-image-preview":"max-image-preview:large","max-video-preview":"max-video-preview:-1"},"canonical":"https:\/\/admin.industriall-union.org\/fr\/a-propos-de-nous\/fonctionnaires-elus\/","og_locale":"fr_FR","og_type":"article","og_title":"Fonctionnaires \u00e9lus","og_description":"Christiane Benner Pr\u00e9sidente Akihiro Kaneko Vide president Lucineide Varj\u00e3o Vice president Habib&nbsp;Hazemi Vice president Roxanne Brown Vice president Rose Omamo Vice president Marie Nilsson Vice president Atle H\u00f8ie General secretary Kan Matsuzaki Assistant general secretary Christina Olivier Assistant general secretary Kemal Ozkan Assistant general secretary","og_url":"https:\/\/admin.industriall-union.org\/fr\/a-propos-de-nous\/fonctionnaires-elus\/","og_site_name":"industriall-union","article_modified_time":"2026-02-03T11:55:57+00:00","twitter_card":"summary_large_image","schema":{"@context":"https:\/\/schema.org","@graph":[{"@type":"WebPage","@id":"https:\/\/admin.industriall-union.org\/fr\/a-propos-de-nous\/fonctionnaires-elus\/","url":"https:\/\/admin.industriall-union.org\/fr\/a-propos-de-nous\/fonctionnaires-elus\/","name":"Fonctionnaires \u00e9lus - industriall-union","isPartOf":{"@id":"https:\/\/admin.industriall-union.org\/#website"},"datePublished":"2012-06-14T20:48:45+00:00","dateModified":"2026-02-03T11:55:57+00:00","breadcrumb":{"@id":"https:\/\/admin.industriall-union.org\/fr\/a-propos-de-nous\/fonctionnaires-elus\/#breadcrumb"},"inLanguage":"fr-FR","potentialAction":[{"@type":"ReadAction","target":["https:\/\/admin.industriall-union.org\/fr\/a-propos-de-nous\/fonctionnaires-elus\/"]}]},{"@type":"BreadcrumbList","@id":"https:\/\/admin.industriall-union.org\/fr\/a-propos-de-nous\/fonctionnaires-elus\/#breadcrumb","itemListElement":[{"@type":"ListItem","position":1,"name":"Home","item":"https:\/\/admin.industriall-union.org\/"},{"@type":"ListItem","position":2,"name":"A propos de nous","item":"https:\/\/admin.industriall-union.org\/fr\/a-propos-de-nous\/"},{"@type":"ListItem","position":3,"name":"Fonctionnaires \u00e9lus"}]},{"@type":"WebSite","@id":"https:\/\/admin.industriall-union.org\/#website","url":"https:\/\/admin.industriall-union.org\/","name":"industriall-union","description":"","potentialAction":[{"@type":"SearchAction","target":{"@type":"EntryPoint","urlTemplate":"https:\/\/admin.industriall-union.org\/?s={search_term_string}"},"query-input":{"@type":"PropertyValueSpecification","valueRequired":true,"valueName":"search_term_string"}}],"inLanguage":"fr-FR"}]}},"_links":{"self":[{"href":"https:\/\/admin.industriall-union.org\/fr\/wp-json\/wp\/v2\/pages\/212276","targetHints":{"allow":["GET"]}}],"collection":[{"href":"https:\/\/admin.industriall-union.org\/fr\/wp-json\/wp\/v2\/pages"}],"about":[{"href":"https:\/\/admin.industriall-union.org\/fr\/wp-json\/wp\/v2\/types\/page"}],"author":[{"embeddable":true,"href":"https:\/\/admin.industriall-union.org\/fr\/wp-json\/wp\/v2\/users\/1"}],"replies":[{"embeddable":true,"href":"https:\/\/admin.industriall-union.org\/fr\/wp-json\/wp\/v2\/comments?post=212276"}],"version-history":[{"count":3,"href":"https:\/\/admin.industriall-union.org\/fr\/wp-json\/wp\/v2\/pages\/212276\/revisions"}],"predecessor-version":[{"id":467000,"href":"https:\/\/admin.industriall-union.org\/fr\/wp-json\/wp\/v2\/pages\/212276\/revisions\/467000"}],"up":[{"embeddable":true,"href":"https:\/\/admin.industriall-union.org\/fr\/wp-json\/wp\/v2\/pages\/212285"}],"wp:attachment":[{"href":"https:\/\/admin.industriall-union.org\/fr\/wp-json\/wp\/v2\/media?parent=212276"}],"wp:term":[{"taxonomy":"issues","embeddable":true,"href":"https:\/\/admin.industriall-union.org\/fr\/wp-json\/wp\/v2\/issues?post=212276"},{"taxonomy":"companies","embeddable":true,"href":"https:\/\/admin.industriall-union.org\/fr\/wp-json\/wp\/v2\/companies?post=212276"},{"taxonomy":"regions","embeddable":true,"href":"https:\/\/admin.industriall-union.org\/fr\/wp-json\/wp\/v2\/regions?post=212276"},{"taxonomy":"sectors","embeddable":true,"href":"https:\/\/admin.industriall-union.org\/fr\/wp-json\/wp\/v2\/sectors?post=212276"},{"taxonomy":"article_tags","embeddable":true,"href":"https:\/\/admin.industriall-union.org\/fr\/wp-json\/wp\/v2\/article_tags?post=212276"}],"curies":[{"name":"wp","href":"https:\/\/api.w.org\/{rel}","templated":true}]}}