{"id":212257,"date":"2012-06-18T16:48:51","date_gmt":"2012-06-18T16:48:51","guid":{"rendered":"https:\/\/admin.industriall-union.org\/europe\/"},"modified":"2026-02-03T11:44:14","modified_gmt":"2026-02-03T11:44:14","slug":"europe","status":"publish","type":"page","link":"https:\/\/admin.industriall-union.org\/fr\/europe\/","title":{"rendered":"Europe"},"content":{"rendered":"<table border=\"1\" cellpadding=\"1\" cellspacing=\"1\" style=\"width:100%\"><tbody><tr><td>&nbsp;<\/td><td><strong>Titular<\/strong><\/td><td>&nbsp;<\/td><td><strong>Substitute<\/strong><\/td><td>&nbsp;<\/td><\/tr><tr><td><strong>1<\/strong><\/td><td>BENNER Christiane<\/td><td>DEU<\/td><td>RAHMAN Claudia<\/td><td>DEU<\/td><\/tr><tr><td><strong>2<\/strong><\/td><td>URBAN Hans-J\u00fcrgen<\/td><td>DEU<\/td><td>SIEGERT Romy<\/td><td>DEU<\/td><\/tr><tr><td><strong>3<\/strong><\/td><td><p>BINDER Reinhold<\/p><p>(2025-2027)<\/p><p>DEFFERARD<\/p><p>Yves<\/p><p>(2028-2029)<\/p><\/td><td><p>AUT<\/p><p>CHE<\/p><\/td><td><p>DEFFERARD<\/p><p>Yves&nbsp;<\/p><p>(2025-2027)<\/p><p>BINDER<\/p><p>Reinhold<\/p><p>(2028-2029<\/p><\/td><td><p>CHE<\/p><p>AUT<\/p><\/td><\/tr><tr><td><strong>4<\/strong><\/td><td><p>VASSILIADIS<\/p><p>Michael<\/p><\/td><td>DEU<\/td><td>BERCHT Alexander&nbsp;<\/td><td>DEU<\/td><\/tr><tr><td><strong>5<\/strong><\/td><td>BETHKE Finja-Lee<\/td><td>DEU<\/td><td>CLODIUS Constanze<\/td><td>DEU<\/td><\/tr><tr><td><strong>6<\/strong><\/td><td>NILSSON Marie&nbsp;<\/td><td>SWE<\/td><td>PAANANEN Reijo<\/td><td>SWE<\/td><\/tr><tr><td><strong>7<\/strong><\/td><td>ANDERSEN Mads<\/td><td>DNK<\/td><td>JOHANSSON Ulrika<\/td><td>SWE<\/td><\/tr><tr><td><strong>8<\/strong><\/td><td>ANDERSEN Hilde Elgesem<\/td><td>NOR<\/td><td>SIMOLA Niko<\/td><td>FIN<\/td><\/tr><tr><td><strong>9<\/strong><\/td><td>DURKO Roman<\/td><td>CZE<\/td><td>SAKAROVA Dana<\/td><td>CZE<\/td><\/tr><tr><td><strong>10<\/strong><\/td><td>SZEKELY Tamas<\/td><td>HUN<\/td><td>DOMAGALSKA Sandra<\/td><td>POL<\/td><\/tr><tr><td><strong>11<\/strong><\/td><td>&nbsp;STRESTIAN&nbsp;Margareta<\/td><td>MDA<\/td><td><p>&nbsp;STRESTIAN&nbsp;Margareta&nbsp;<\/p><\/td><td>GE<\/td><\/tr><tr><td><strong>12<\/strong><\/td><td>MATOV Valerii<\/td><td>UKR<\/td><td>SEMENIAKA Lesia<\/td><td>UKR<\/td><\/tr><tr><td><strong>13<\/strong><\/td><td><p>NURALIN Assilbek<\/p><\/td><td>KAZ<\/td><td>TADJIBAYEV Eldar<\/td><td>KGZ<\/td><\/tr><tr><td><strong>14<\/strong><\/td><td>SMAJLOVIC Ilvana<\/td><td>BIH<\/td><td>MARKOVIC Zoran<\/td><td>SRB<\/td><\/tr><tr><td><strong>15<\/strong><\/td><td>MILCHALIEVA&nbsp;Tsvetelina<\/td><td>BGR<\/td><td>GJERASOV&nbsp;Igor<\/td><td>MKD<\/td><\/tr><tr><td><strong>16<\/strong><\/td><td>GRAHAM Sharon<\/td><td>GBR<\/td><td>HUGHES Peter&nbsp;<\/td><td>GBR<\/td><\/tr><tr><td><strong>17<\/strong><\/td><td>RICKHUSS Roy<\/td><td>GBR<\/td><td>ENNIS Greg<\/td><td>IRL<\/td><\/tr><tr><td><strong>18<\/strong><\/td><td><p>CHAMPAGNE<\/p><p>Ronny<\/p><p>(2025 &#8211; 2027)<\/p><p>DUPANLOUP<\/p><p>Sebastien<\/p><p>(2028-2029)<\/p><\/td><td>BEL<\/td><td><p>DUPANLOUP Sebastien<\/p><p>(2025-2027)<\/p><p>CHAMPAGNE Ronny (2028 &#8211; 2029)<\/p><\/td><td>BEL<\/td><\/tr><tr><td><strong>19<\/strong><\/td><td>VAN STIGT Jacquie<\/td><td>NLD<\/td><td>VAN STIGT Jacquie<\/td><td>NLD<\/td><\/tr><tr><td><strong>20<\/strong><\/td><td>DE KINDER Koen<\/td><td>BEL<\/td><td>DE KINDER Koen<\/td><td>BEL<\/td><\/tr><tr><td><strong>21<\/strong><\/td><td><p>DE PALMA Michele (7 Nov 2025-6 Jul 2026)<\/p><p>GAROFALO Nora&nbsp;(7 Jul 2026-6 Mar 2027)<\/p><p>PALOMBELLA Rocco&nbsp;(7 Mar 2027-6 Nov 2027)<\/p><p>ULIANO Fernando&nbsp;(7 Nov 2027-6 Jul 2028)<\/p><p>PIRAS Daniela (7 Jul 2028-6 Mar 2029)<\/p><p>FALCINELLI Marco (7 Mar 2029-6 Nov 2029)<\/p><\/td><td>ITA<\/td><td><p>DE PALMA Michele (7 Nov 2025-6 Jul 2026)<\/p><p>GAROFALO Nora&nbsp;(7 Jul 2026-6 Mar 2027)<\/p><p>PALOMBELLA Rocco&nbsp;(7 Mar 2027-6 Nov 2027)<\/p><p>ULIANO Fernando&nbsp;(7 Nov 2027-6 Jul 2028)<\/p><p>PIRAS Daniela (7 Jul 2028-6 Mar 2029)<\/p><p>FALCINELLI Marco (7 Mar 2029-6 Nov 2029)<\/p><\/td><td>ITA<\/td><\/tr><tr><td><strong>22<\/strong><\/td><td><p>22<\/p><p>TEKMAN Selda&nbsp;(7 Nov 2025-6 Jul 2026)<\/p><p>ALTUNDAG Uysal&nbsp;(7 Nov 2026-6 Mar 2027)<\/p><p>TEKMAN Selda&nbsp;(7 Mar 2027-6 Nov 2027)<\/p><p>TEKMAN Selda&nbsp;(7 Nov 2027-6 Jul 2028)<\/p><p>ALTUNDAG Uysal&nbsp;&nbsp;(7 Jul 2028-6 Mar 2029)<\/p><p>TEKMAN Selda&nbsp;(7 Mar 2029-6 Nov 2029)<\/p><\/td><td>TUR<\/td><td><p>TUR<\/p><p>ALTUNDAG Uysal&nbsp;(7 Nov 2025-6 Jul 2026)<\/p><p>TEKMAN Selda&nbsp;(7 Nov 2026-6 Mar 2027)<\/p><p>ALTUNDAG Uysal&nbsp;(7 Mar 2027-6 Nov 2027)<\/p><p>ALTUNDAG Uysal&nbsp;(7 Nov 2027-6 Jul 2028)<\/p><p>TEKMAN Selda&nbsp;&nbsp;(7 Jul 2028-6 Mar 2029)<\/p><p>ALTUNDAG Uysal&nbsp;(7 Mar 2029-6 Nov 2029)<\/p><\/td><td>TUR<\/td><\/tr><tr><td><strong>23<\/strong><\/td><td><p>S\u00fcLEYMAN Aky\u00fcz&nbsp;(7 Nov 2025-6 Jul 2026)<\/p><p>PIRAS Daniela&nbsp;(7 Jul 2026-6 Mar 2027)<\/p><p>SARI Alaadin&nbsp;(7 Mar 2027-6 Jul 2027)<\/p><p>DEGIRMENCI Yunus (7 Jul 2027-6 Nov 2027)<\/p><p>FACINELLI Marco (7 Nov 2027-6 Mar 2028)<\/p><p>DE PALMA Michele (7 Mar 2028-6 Jul 2028)<\/p><p>IRFAN Kabaloglu (7 Jul 2028-6 Mar 2029)<\/p><p>GAROFALO Nora (7 Mar 2029-6 Jul 2029)<\/p><p>ULIANO Ferdinando (7 Jul 2029-7 Nov 2029)<\/p><\/td><td><p>TUR<\/p><p>ITA<\/p><p>TUR<\/p><p>TUR<\/p><p>ITA<\/p><p>ITA<\/p><p>TUR<\/p><p>ITA<\/p><p>ITA<\/p><\/td><td><p>YE\u015e\u0130LYURT \u015eadiye&nbsp;(7 Nov 2025-6 Jul 2026)<\/p><p>ROMANAZZI Chiara&nbsp;(7 Jul 2026-6 Mar 2027)<\/p><p>AY Rafi&nbsp;(7 Mar 2027-6 Jul 2027)<\/p><p>ATAR Ozkan&nbsp;(7 Jul 2027-6 Nov 2027)<\/p><p>DE PALMA Michele&nbsp; (7 Nov 2027-6 mar 2028)<\/p><p>FACINELLI Marco&nbsp;(7 Mar 2028-6 Jul 2028)<\/p><p>IRGAT Nazmi&nbsp; (7 Jul 2028- 6 Mar 2029)<\/p><p>ULIANO Ferdinando&nbsp;(7 Mar 2029-6 Jul 2029)<\/p><p>GAROFALO Nora&nbsp;(7 Jul 2029-7 Nov 2029)<\/p><\/td><td><p>TUR<\/p><p>ITA<\/p><p>TUR<\/p><p>TUR<\/p><p>ITA<\/p><p>ITA<\/p><p>TUR<\/p><p>ITA<\/p><p>ITA<\/p><\/td><\/tr><tr><td><strong>24<\/strong><\/td><td><p>HOYA CALLOSA Mariano&nbsp;(2026-2027)<\/p><p>SAN JOSE SANCHEZ Francisco Javier (2028-2029)<\/p><\/td><td>ESP<\/td><td><p>SAN JOSE SANCHEZ Francisco Javier&nbsp;(2026-2027)<\/p><p>CALLOSA Mariano&nbsp;(2028-2029)<\/p><\/td><td>ESP<\/td><\/tr><tr><td><strong>25<\/strong><\/td><td><p>KHELF Christ\u00e8le (4 Nov 2025-3 Nov 2026)<\/p><p>VINCENT Cyrille (4 Nov 2026-3 Nov 2027)<\/p><p>RIBIERO Paul (4 Nov 2027-3 Nov 2028)<\/p><p>TOUBOUL Frederic (4 Nov 2028-3 Nov 2029)<\/p><\/td><td>FRA<\/td><td><p>LAMOUREUX Laure&nbsp;(4 Nov 2025-3 Nov 2026)<\/p><p>GRILLAT Alexandre&nbsp;(4 Nov 2026-3 Nov 2027)<\/p><p>AILLAUD Jean-Marc&nbsp;(4 Nov 2027-3 Nov 2028)<\/p><p>THUDEROZ Valerie&nbsp; (4 Nov 2028-3 Nov 2029)<\/p><\/td><td>FRA<\/td><\/tr><\/tbody><\/table>","protected":false},"excerpt":{"rendered":"<p>&nbsp; Titular &nbsp; Substitute &nbsp; 1 BENNER Christiane DEU RAHMAN Claudia DEU 2 URBAN Hans-J\u00fcrgen DEU SIEGERT Romy DEU 3 BINDER Reinhold (2025-2027) DEFFERARD Yves (2028-2029) AUT CHE DEFFERARD Yves&nbsp; (2025-2027) BINDER Reinhold (2028-2029 CHE AUT 4 VASSILIADIS Michael DEU BERCHT Alexander&nbsp; DEU 5 BETHKE Finja-Lee DEU CLODIUS Constanze DEU 6 NILSSON Marie&nbsp; SWE PAANANEN [&hellip;]<\/p>\n","protected":false},"author":1,"featured_media":0,"parent":0,"menu_order":0,"comment_status":"closed","ping_status":"closed","template":"","meta":{"_acf_changed":false,"footnotes":""},"issues":[],"companies":[],"regions":[],"sectors":[],"article_tags":[],"class_list":["post-212257","page","type-page","status-publish","hentry"],"acf":[],"yoast_head":"<!-- This site is optimized with the Yoast SEO Premium plugin v27.1 (Yoast SEO v27.1) - https:\/\/yoast.com\/product\/yoast-seo-premium-wordpress\/ -->\n<title>Europe - industriall-union<\/title>\n<meta name=\"robots\" content=\"index, follow, max-snippet:-1, max-image-preview:large, max-video-preview:-1\" \/>\n<link rel=\"canonical\" href=\"https:\/\/admin.industriall-union.org\/fr\/europe\/\" \/>\n<meta property=\"og:locale\" content=\"fr_FR\" \/>\n<meta property=\"og:type\" content=\"article\" \/>\n<meta property=\"og:title\" content=\"Europe\" \/>\n<meta property=\"og:description\" content=\"&nbsp; Titular &nbsp; Substitute &nbsp; 1 BENNER Christiane DEU RAHMAN Claudia DEU 2 URBAN Hans-J\u00fcrgen DEU SIEGERT Romy DEU 3 BINDER Reinhold (2025-2027) DEFFERARD Yves (2028-2029) AUT CHE DEFFERARD Yves&nbsp; (2025-2027) BINDER Reinhold (2028-2029 CHE AUT 4 VASSILIADIS Michael DEU BERCHT Alexander&nbsp; DEU 5 BETHKE Finja-Lee DEU CLODIUS Constanze DEU 6 NILSSON Marie&nbsp; SWE PAANANEN [&hellip;]\" \/>\n<meta property=\"og:url\" content=\"https:\/\/admin.industriall-union.org\/fr\/europe\/\" \/>\n<meta property=\"og:site_name\" content=\"industriall-union\" \/>\n<meta property=\"article:modified_time\" content=\"2026-02-03T11:44:14+00:00\" \/>\n<meta name=\"twitter:card\" content=\"summary_large_image\" \/>\n<meta name=\"twitter:label1\" content=\"Est. reading time\" \/>\n\t<meta name=\"twitter:data1\" content=\"2 minutes\" \/>\n<script type=\"application\/ld+json\" class=\"yoast-schema-graph\">{\"@context\":\"https:\/\/schema.org\",\"@graph\":[{\"@type\":\"WebPage\",\"@id\":\"https:\/\/admin.industriall-union.org\/fr\/europe\/\",\"url\":\"https:\/\/admin.industriall-union.org\/fr\/europe\/\",\"name\":\"Europe - industriall-union\",\"isPartOf\":{\"@id\":\"https:\/\/admin.industriall-union.org\/#website\"},\"datePublished\":\"2012-06-18T16:48:51+00:00\",\"dateModified\":\"2026-02-03T11:44:14+00:00\",\"breadcrumb\":{\"@id\":\"https:\/\/admin.industriall-union.org\/fr\/europe\/#breadcrumb\"},\"inLanguage\":\"fr-FR\",\"potentialAction\":[{\"@type\":\"ReadAction\",\"target\":[\"https:\/\/admin.industriall-union.org\/fr\/europe\/\"]}]},{\"@type\":\"BreadcrumbList\",\"@id\":\"https:\/\/admin.industriall-union.org\/fr\/europe\/#breadcrumb\",\"itemListElement\":[{\"@type\":\"ListItem\",\"position\":1,\"name\":\"Home\",\"item\":\"https:\/\/admin.industriall-union.org\/\"},{\"@type\":\"ListItem\",\"position\":2,\"name\":\"Europe\"}]},{\"@type\":\"WebSite\",\"@id\":\"https:\/\/admin.industriall-union.org\/#website\",\"url\":\"https:\/\/admin.industriall-union.org\/\",\"name\":\"industriall-union\",\"description\":\"\",\"potentialAction\":[{\"@type\":\"SearchAction\",\"target\":{\"@type\":\"EntryPoint\",\"urlTemplate\":\"https:\/\/admin.industriall-union.org\/?s={search_term_string}\"},\"query-input\":{\"@type\":\"PropertyValueSpecification\",\"valueRequired\":true,\"valueName\":\"search_term_string\"}}],\"inLanguage\":\"fr-FR\"}]}<\/script>\n<!-- \/ Yoast SEO Premium plugin. -->","yoast_head_json":{"title":"Europe - industriall-union","robots":{"index":"index","follow":"follow","max-snippet":"max-snippet:-1","max-image-preview":"max-image-preview:large","max-video-preview":"max-video-preview:-1"},"canonical":"https:\/\/admin.industriall-union.org\/fr\/europe\/","og_locale":"fr_FR","og_type":"article","og_title":"Europe","og_description":"&nbsp; Titular &nbsp; Substitute &nbsp; 1 BENNER Christiane DEU RAHMAN Claudia DEU 2 URBAN Hans-J\u00fcrgen DEU SIEGERT Romy DEU 3 BINDER Reinhold (2025-2027) DEFFERARD Yves (2028-2029) AUT CHE DEFFERARD Yves&nbsp; (2025-2027) BINDER Reinhold (2028-2029 CHE AUT 4 VASSILIADIS Michael DEU BERCHT Alexander&nbsp; DEU 5 BETHKE Finja-Lee DEU CLODIUS Constanze DEU 6 NILSSON Marie&nbsp; SWE PAANANEN [&hellip;]","og_url":"https:\/\/admin.industriall-union.org\/fr\/europe\/","og_site_name":"industriall-union","article_modified_time":"2026-02-03T11:44:14+00:00","twitter_card":"summary_large_image","twitter_misc":{"Est. reading time":"2 minutes"},"schema":{"@context":"https:\/\/schema.org","@graph":[{"@type":"WebPage","@id":"https:\/\/admin.industriall-union.org\/fr\/europe\/","url":"https:\/\/admin.industriall-union.org\/fr\/europe\/","name":"Europe - industriall-union","isPartOf":{"@id":"https:\/\/admin.industriall-union.org\/#website"},"datePublished":"2012-06-18T16:48:51+00:00","dateModified":"2026-02-03T11:44:14+00:00","breadcrumb":{"@id":"https:\/\/admin.industriall-union.org\/fr\/europe\/#breadcrumb"},"inLanguage":"fr-FR","potentialAction":[{"@type":"ReadAction","target":["https:\/\/admin.industriall-union.org\/fr\/europe\/"]}]},{"@type":"BreadcrumbList","@id":"https:\/\/admin.industriall-union.org\/fr\/europe\/#breadcrumb","itemListElement":[{"@type":"ListItem","position":1,"name":"Home","item":"https:\/\/admin.industriall-union.org\/"},{"@type":"ListItem","position":2,"name":"Europe"}]},{"@type":"WebSite","@id":"https:\/\/admin.industriall-union.org\/#website","url":"https:\/\/admin.industriall-union.org\/","name":"industriall-union","description":"","potentialAction":[{"@type":"SearchAction","target":{"@type":"EntryPoint","urlTemplate":"https:\/\/admin.industriall-union.org\/?s={search_term_string}"},"query-input":{"@type":"PropertyValueSpecification","valueRequired":true,"valueName":"search_term_string"}}],"inLanguage":"fr-FR"}]}},"_links":{"self":[{"href":"https:\/\/admin.industriall-union.org\/fr\/wp-json\/wp\/v2\/pages\/212257","targetHints":{"allow":["GET"]}}],"collection":[{"href":"https:\/\/admin.industriall-union.org\/fr\/wp-json\/wp\/v2\/pages"}],"about":[{"href":"https:\/\/admin.industriall-union.org\/fr\/wp-json\/wp\/v2\/types\/page"}],"author":[{"embeddable":true,"href":"https:\/\/admin.industriall-union.org\/fr\/wp-json\/wp\/v2\/users\/1"}],"replies":[{"embeddable":true,"href":"https:\/\/admin.industriall-union.org\/fr\/wp-json\/wp\/v2\/comments?post=212257"}],"version-history":[{"count":3,"href":"https:\/\/admin.industriall-union.org\/fr\/wp-json\/wp\/v2\/pages\/212257\/revisions"}],"predecessor-version":[{"id":466996,"href":"https:\/\/admin.industriall-union.org\/fr\/wp-json\/wp\/v2\/pages\/212257\/revisions\/466996"}],"wp:attachment":[{"href":"https:\/\/admin.industriall-union.org\/fr\/wp-json\/wp\/v2\/media?parent=212257"}],"wp:term":[{"taxonomy":"issues","embeddable":true,"href":"https:\/\/admin.industriall-union.org\/fr\/wp-json\/wp\/v2\/issues?post=212257"},{"taxonomy":"companies","embeddable":true,"href":"https:\/\/admin.industriall-union.org\/fr\/wp-json\/wp\/v2\/companies?post=212257"},{"taxonomy":"regions","embeddable":true,"href":"https:\/\/admin.industriall-union.org\/fr\/wp-json\/wp\/v2\/regions?post=212257"},{"taxonomy":"sectors","embeddable":true,"href":"https:\/\/admin.industriall-union.org\/fr\/wp-json\/wp\/v2\/sectors?post=212257"},{"taxonomy":"article_tags","embeddable":true,"href":"https:\/\/admin.industriall-union.org\/fr\/wp-json\/wp\/v2\/article_tags?post=212257"}],"curies":[{"name":"wp","href":"https:\/\/api.w.org\/{rel}","templated":true}]}}