{"id":212253,"date":"2015-10-13T08:30:39","date_gmt":"2015-10-13T08:30:39","guid":{"rendered":"https:\/\/admin.industriall-union.org\/les-cookies\/"},"modified":"2026-02-03T11:40:19","modified_gmt":"2026-02-03T11:40:19","slug":"les-cookies","status":"publish","type":"page","link":"https:\/\/admin.industriall-union.org\/fr\/les-cookies\/","title":{"rendered":"Les cookies"},"content":{"rendered":"<p>Nous utilisons des cookies sur notre site Web. Les cookies sont de petits fichiers texte qui nous fournissent des informations sur la fa\u00e7on dont vous utilisez notre site Web, et ils nous aident \u00e0 nous am\u00e9liorer continuellement. Nous utilisons des cookies pour am\u00e9liorer la vitesse et la s\u00e9curit\u00e9, et pour pouvoir partager des liens avec les r\u00e9seaux sociaux. Nous ne les utilisons pas pour collecter et transmettre des informations personnelles ou sensibles.<\/p><p>Si vous souhaitez qu&#039;une photo de vous soit retir\u00e9e du site Web d&#039;IndustriALL, veuillez nous le faire savoir <a href=\"mailto:press@industriall-union.org\">press@industriall-union.org<\/a>.<\/p>","protected":false},"excerpt":{"rendered":"<p>Nous utilisons des cookies sur notre site Web. Les cookies sont de petits fichiers texte qui nous fournissent des informations sur la fa\u00e7on dont vous utilisez notre site Web, et ils nous aident \u00e0 nous am\u00e9liorer continuellement. Nous utilisons des cookies pour am\u00e9liorer la vitesse et la s\u00e9curit\u00e9, et pour pouvoir partager des liens avec [&hellip;]<\/p>\n","protected":false},"author":1,"featured_media":0,"parent":0,"menu_order":0,"comment_status":"closed","ping_status":"closed","template":"","meta":{"_acf_changed":false,"footnotes":""},"issues":[],"companies":[],"regions":[],"sectors":[],"article_tags":[],"class_list":["post-212253","page","type-page","status-publish","hentry"],"acf":[],"yoast_head":"<!-- This site is optimized with the Yoast SEO Premium plugin v27.1 (Yoast SEO v27.1) - https:\/\/yoast.com\/product\/yoast-seo-premium-wordpress\/ -->\n<title>Les cookies - industriall-union<\/title>\n<meta name=\"robots\" content=\"index, follow, max-snippet:-1, max-image-preview:large, max-video-preview:-1\" \/>\n<link rel=\"canonical\" href=\"https:\/\/admin.industriall-union.org\/fr\/les-cookies\/\" \/>\n<meta property=\"og:locale\" content=\"fr_FR\" \/>\n<meta property=\"og:type\" content=\"article\" \/>\n<meta property=\"og:title\" content=\"Les cookies\" \/>\n<meta property=\"og:description\" content=\"Nous utilisons des cookies sur notre site Web. Les cookies sont de petits fichiers texte qui nous fournissent des informations sur la fa\u00e7on dont vous utilisez notre site Web, et ils nous aident \u00e0 nous am\u00e9liorer continuellement. Nous utilisons des cookies pour am\u00e9liorer la vitesse et la s\u00e9curit\u00e9, et pour pouvoir partager des liens avec [&hellip;]\" \/>\n<meta property=\"og:url\" content=\"https:\/\/admin.industriall-union.org\/fr\/les-cookies\/\" \/>\n<meta property=\"og:site_name\" content=\"industriall-union\" \/>\n<meta property=\"article:modified_time\" content=\"2026-02-03T11:40:19+00:00\" \/>\n<meta name=\"twitter:card\" content=\"summary_large_image\" \/>\n<meta name=\"twitter:label1\" content=\"Est. reading time\" \/>\n\t<meta name=\"twitter:data1\" content=\"1 minute\" \/>\n<script type=\"application\/ld+json\" class=\"yoast-schema-graph\">{\"@context\":\"https:\/\/schema.org\",\"@graph\":[{\"@type\":\"WebPage\",\"@id\":\"https:\/\/admin.industriall-union.org\/fr\/les-cookies\/\",\"url\":\"https:\/\/admin.industriall-union.org\/fr\/les-cookies\/\",\"name\":\"Les cookies - industriall-union\",\"isPartOf\":{\"@id\":\"https:\/\/admin.industriall-union.org\/#website\"},\"datePublished\":\"2015-10-13T08:30:39+00:00\",\"dateModified\":\"2026-02-03T11:40:19+00:00\",\"breadcrumb\":{\"@id\":\"https:\/\/admin.industriall-union.org\/fr\/les-cookies\/#breadcrumb\"},\"inLanguage\":\"fr-FR\",\"potentialAction\":[{\"@type\":\"ReadAction\",\"target\":[\"https:\/\/admin.industriall-union.org\/fr\/les-cookies\/\"]}]},{\"@type\":\"BreadcrumbList\",\"@id\":\"https:\/\/admin.industriall-union.org\/fr\/les-cookies\/#breadcrumb\",\"itemListElement\":[{\"@type\":\"ListItem\",\"position\":1,\"name\":\"Home\",\"item\":\"https:\/\/admin.industriall-union.org\/\"},{\"@type\":\"ListItem\",\"position\":2,\"name\":\"Les cookies\"}]},{\"@type\":\"WebSite\",\"@id\":\"https:\/\/admin.industriall-union.org\/#website\",\"url\":\"https:\/\/admin.industriall-union.org\/\",\"name\":\"industriall-union\",\"description\":\"\",\"potentialAction\":[{\"@type\":\"SearchAction\",\"target\":{\"@type\":\"EntryPoint\",\"urlTemplate\":\"https:\/\/admin.industriall-union.org\/?s={search_term_string}\"},\"query-input\":{\"@type\":\"PropertyValueSpecification\",\"valueRequired\":true,\"valueName\":\"search_term_string\"}}],\"inLanguage\":\"fr-FR\"}]}<\/script>\n<!-- \/ Yoast SEO Premium plugin. -->","yoast_head_json":{"title":"Les cookies - industriall-union","robots":{"index":"index","follow":"follow","max-snippet":"max-snippet:-1","max-image-preview":"max-image-preview:large","max-video-preview":"max-video-preview:-1"},"canonical":"https:\/\/admin.industriall-union.org\/fr\/les-cookies\/","og_locale":"fr_FR","og_type":"article","og_title":"Les cookies","og_description":"Nous utilisons des cookies sur notre site Web. Les cookies sont de petits fichiers texte qui nous fournissent des informations sur la fa\u00e7on dont vous utilisez notre site Web, et ils nous aident \u00e0 nous am\u00e9liorer continuellement. Nous utilisons des cookies pour am\u00e9liorer la vitesse et la s\u00e9curit\u00e9, et pour pouvoir partager des liens avec [&hellip;]","og_url":"https:\/\/admin.industriall-union.org\/fr\/les-cookies\/","og_site_name":"industriall-union","article_modified_time":"2026-02-03T11:40:19+00:00","twitter_card":"summary_large_image","twitter_misc":{"Est. reading time":"1 minute"},"schema":{"@context":"https:\/\/schema.org","@graph":[{"@type":"WebPage","@id":"https:\/\/admin.industriall-union.org\/fr\/les-cookies\/","url":"https:\/\/admin.industriall-union.org\/fr\/les-cookies\/","name":"Les cookies - industriall-union","isPartOf":{"@id":"https:\/\/admin.industriall-union.org\/#website"},"datePublished":"2015-10-13T08:30:39+00:00","dateModified":"2026-02-03T11:40:19+00:00","breadcrumb":{"@id":"https:\/\/admin.industriall-union.org\/fr\/les-cookies\/#breadcrumb"},"inLanguage":"fr-FR","potentialAction":[{"@type":"ReadAction","target":["https:\/\/admin.industriall-union.org\/fr\/les-cookies\/"]}]},{"@type":"BreadcrumbList","@id":"https:\/\/admin.industriall-union.org\/fr\/les-cookies\/#breadcrumb","itemListElement":[{"@type":"ListItem","position":1,"name":"Home","item":"https:\/\/admin.industriall-union.org\/"},{"@type":"ListItem","position":2,"name":"Les cookies"}]},{"@type":"WebSite","@id":"https:\/\/admin.industriall-union.org\/#website","url":"https:\/\/admin.industriall-union.org\/","name":"industriall-union","description":"","potentialAction":[{"@type":"SearchAction","target":{"@type":"EntryPoint","urlTemplate":"https:\/\/admin.industriall-union.org\/?s={search_term_string}"},"query-input":{"@type":"PropertyValueSpecification","valueRequired":true,"valueName":"search_term_string"}}],"inLanguage":"fr-FR"}]}},"_links":{"self":[{"href":"https:\/\/admin.industriall-union.org\/fr\/wp-json\/wp\/v2\/pages\/212253","targetHints":{"allow":["GET"]}}],"collection":[{"href":"https:\/\/admin.industriall-union.org\/fr\/wp-json\/wp\/v2\/pages"}],"about":[{"href":"https:\/\/admin.industriall-union.org\/fr\/wp-json\/wp\/v2\/types\/page"}],"author":[{"embeddable":true,"href":"https:\/\/admin.industriall-union.org\/fr\/wp-json\/wp\/v2\/users\/1"}],"replies":[{"embeddable":true,"href":"https:\/\/admin.industriall-union.org\/fr\/wp-json\/wp\/v2\/comments?post=212253"}],"version-history":[{"count":2,"href":"https:\/\/admin.industriall-union.org\/fr\/wp-json\/wp\/v2\/pages\/212253\/revisions"}],"predecessor-version":[{"id":464265,"href":"https:\/\/admin.industriall-union.org\/fr\/wp-json\/wp\/v2\/pages\/212253\/revisions\/464265"}],"wp:attachment":[{"href":"https:\/\/admin.industriall-union.org\/fr\/wp-json\/wp\/v2\/media?parent=212253"}],"wp:term":[{"taxonomy":"issues","embeddable":true,"href":"https:\/\/admin.industriall-union.org\/fr\/wp-json\/wp\/v2\/issues?post=212253"},{"taxonomy":"companies","embeddable":true,"href":"https:\/\/admin.industriall-union.org\/fr\/wp-json\/wp\/v2\/companies?post=212253"},{"taxonomy":"regions","embeddable":true,"href":"https:\/\/admin.industriall-union.org\/fr\/wp-json\/wp\/v2\/regions?post=212253"},{"taxonomy":"sectors","embeddable":true,"href":"https:\/\/admin.industriall-union.org\/fr\/wp-json\/wp\/v2\/sectors?post=212253"},{"taxonomy":"article_tags","embeddable":true,"href":"https:\/\/admin.industriall-union.org\/fr\/wp-json\/wp\/v2\/article_tags?post=212253"}],"curies":[{"name":"wp","href":"https:\/\/api.w.org\/{rel}","templated":true}]}}