{"id":212251,"date":"2019-03-06T14:29:58","date_gmt":"2019-03-06T14:29:58","guid":{"rendered":"https:\/\/admin.industriall-union.org\/ce-que-nous-faisons\/"},"modified":"2026-02-03T11:36:07","modified_gmt":"2026-02-03T11:36:07","slug":"ce-que-nous-faisons","status":"publish","type":"page","link":"https:\/\/admin.industriall-union.org\/fr\/ce-que-nous-faisons\/","title":{"rendered":"Ce que nous faisons"},"content":{"rendered":"<p>IndustriALL d\u00e9fie le pouvoir des compagnies multinationales et n\u00e9gocie avec ces derni\u00e8res au niveau mondial. IndustriALL se bat pour un autre mod\u00e8le de globalisation, une nouvelle \u00e9conomie et un nouveau mod\u00e8le social qui mettrait la priorit\u00e9 sur le peuple, bas\u00e9 sur la d\u00e9mocratie et la justice sociale.&nbsp;<\/p><p>IndustriALL a pour but de:<\/p><ul><li>Construire un syndicat plus fort<\/li><li>Organiser et augmenter le nombre de membres du syndicat<\/li><li>Se battre pour les droits syndicaux<\/li><li>Combattre le travail pr\u00e9caire (y inclus le travail sous contrat et en agence)<\/li><li>B\u00e2tir un pouvoir syndical en vue de confronter le capital mondial<\/li><li>Promouvoir une certaine politique industrielle et de la durabilit\u00e9<\/li><li>Promouvoir la justice sociale et la globalisation<\/li><li>S&#039;assurer du respect de l&#039;\u00e9galit\u00e9 de droits et de la participation des femmes<\/li><li>Cr\u00e9er des places de travail s\u00fbres<\/li><li>Am\u00e9liorer la d\u00e9mocratie et inclusivit\u00e9<\/li><\/ul><p><span class=\"link link--youtube\">https:\/\/youtu.be\/slSoTa5aUC4<\/span><\/p>","protected":false},"excerpt":{"rendered":"<p>IndustriALL d\u00e9fie le pouvoir des compagnies multinationales et n\u00e9gocie avec ces derni\u00e8res au niveau mondial. IndustriALL se bat pour un autre mod\u00e8le de globalisation, une nouvelle \u00e9conomie et un nouveau mod\u00e8le social qui mettrait la priorit\u00e9 sur le peuple, bas\u00e9 sur la d\u00e9mocratie et la justice sociale.&nbsp; IndustriALL a pour but de: Construire un syndicat [&hellip;]<\/p>\n","protected":false},"author":1,"featured_media":0,"parent":0,"menu_order":0,"comment_status":"closed","ping_status":"closed","template":"","meta":{"_acf_changed":false,"footnotes":""},"issues":[],"companies":[],"regions":[],"sectors":[],"article_tags":[],"class_list":["post-212251","page","type-page","status-publish","hentry"],"acf":[],"yoast_head":"<!-- This site is optimized with the Yoast SEO Premium plugin v27.1 (Yoast SEO v27.1) - https:\/\/yoast.com\/product\/yoast-seo-premium-wordpress\/ -->\n<title>Ce que nous faisons - industriall-union<\/title>\n<meta name=\"robots\" content=\"index, follow, max-snippet:-1, max-image-preview:large, max-video-preview:-1\" \/>\n<link rel=\"canonical\" href=\"https:\/\/admin.industriall-union.org\/fr\/ce-que-nous-faisons\/\" \/>\n<meta property=\"og:locale\" content=\"fr_FR\" \/>\n<meta property=\"og:type\" content=\"article\" \/>\n<meta property=\"og:title\" content=\"Ce que nous faisons\" \/>\n<meta property=\"og:description\" content=\"IndustriALL d\u00e9fie le pouvoir des compagnies multinationales et n\u00e9gocie avec ces derni\u00e8res au niveau mondial. IndustriALL se bat pour un autre mod\u00e8le de globalisation, une nouvelle \u00e9conomie et un nouveau mod\u00e8le social qui mettrait la priorit\u00e9 sur le peuple, bas\u00e9 sur la d\u00e9mocratie et la justice sociale.&nbsp; IndustriALL a pour but de: Construire un syndicat [&hellip;]\" \/>\n<meta property=\"og:url\" content=\"https:\/\/admin.industriall-union.org\/fr\/ce-que-nous-faisons\/\" \/>\n<meta property=\"og:site_name\" content=\"industriall-union\" \/>\n<meta property=\"article:modified_time\" content=\"2026-02-03T11:36:07+00:00\" \/>\n<meta name=\"twitter:card\" content=\"summary_large_image\" \/>\n<meta name=\"twitter:label1\" content=\"Est. reading time\" \/>\n\t<meta name=\"twitter:data1\" content=\"1 minute\" \/>\n<script type=\"application\/ld+json\" class=\"yoast-schema-graph\">{\"@context\":\"https:\/\/schema.org\",\"@graph\":[{\"@type\":\"WebPage\",\"@id\":\"https:\/\/admin.industriall-union.org\/fr\/ce-que-nous-faisons\/\",\"url\":\"https:\/\/admin.industriall-union.org\/fr\/ce-que-nous-faisons\/\",\"name\":\"Ce que nous faisons - industriall-union\",\"isPartOf\":{\"@id\":\"https:\/\/admin.industriall-union.org\/#website\"},\"datePublished\":\"2019-03-06T14:29:58+00:00\",\"dateModified\":\"2026-02-03T11:36:07+00:00\",\"breadcrumb\":{\"@id\":\"https:\/\/admin.industriall-union.org\/fr\/ce-que-nous-faisons\/#breadcrumb\"},\"inLanguage\":\"fr-FR\",\"potentialAction\":[{\"@type\":\"ReadAction\",\"target\":[\"https:\/\/admin.industriall-union.org\/fr\/ce-que-nous-faisons\/\"]}]},{\"@type\":\"BreadcrumbList\",\"@id\":\"https:\/\/admin.industriall-union.org\/fr\/ce-que-nous-faisons\/#breadcrumb\",\"itemListElement\":[{\"@type\":\"ListItem\",\"position\":1,\"name\":\"Home\",\"item\":\"https:\/\/admin.industriall-union.org\/\"},{\"@type\":\"ListItem\",\"position\":2,\"name\":\"Ce que nous faisons\"}]},{\"@type\":\"WebSite\",\"@id\":\"https:\/\/admin.industriall-union.org\/#website\",\"url\":\"https:\/\/admin.industriall-union.org\/\",\"name\":\"industriall-union\",\"description\":\"\",\"potentialAction\":[{\"@type\":\"SearchAction\",\"target\":{\"@type\":\"EntryPoint\",\"urlTemplate\":\"https:\/\/admin.industriall-union.org\/?s={search_term_string}\"},\"query-input\":{\"@type\":\"PropertyValueSpecification\",\"valueRequired\":true,\"valueName\":\"search_term_string\"}}],\"inLanguage\":\"fr-FR\"}]}<\/script>\n<!-- \/ Yoast SEO Premium plugin. -->","yoast_head_json":{"title":"Ce que nous faisons - industriall-union","robots":{"index":"index","follow":"follow","max-snippet":"max-snippet:-1","max-image-preview":"max-image-preview:large","max-video-preview":"max-video-preview:-1"},"canonical":"https:\/\/admin.industriall-union.org\/fr\/ce-que-nous-faisons\/","og_locale":"fr_FR","og_type":"article","og_title":"Ce que nous faisons","og_description":"IndustriALL d\u00e9fie le pouvoir des compagnies multinationales et n\u00e9gocie avec ces derni\u00e8res au niveau mondial. IndustriALL se bat pour un autre mod\u00e8le de globalisation, une nouvelle \u00e9conomie et un nouveau mod\u00e8le social qui mettrait la priorit\u00e9 sur le peuple, bas\u00e9 sur la d\u00e9mocratie et la justice sociale.&nbsp; IndustriALL a pour but de: Construire un syndicat [&hellip;]","og_url":"https:\/\/admin.industriall-union.org\/fr\/ce-que-nous-faisons\/","og_site_name":"industriall-union","article_modified_time":"2026-02-03T11:36:07+00:00","twitter_card":"summary_large_image","twitter_misc":{"Est. reading time":"1 minute"},"schema":{"@context":"https:\/\/schema.org","@graph":[{"@type":"WebPage","@id":"https:\/\/admin.industriall-union.org\/fr\/ce-que-nous-faisons\/","url":"https:\/\/admin.industriall-union.org\/fr\/ce-que-nous-faisons\/","name":"Ce que nous faisons - industriall-union","isPartOf":{"@id":"https:\/\/admin.industriall-union.org\/#website"},"datePublished":"2019-03-06T14:29:58+00:00","dateModified":"2026-02-03T11:36:07+00:00","breadcrumb":{"@id":"https:\/\/admin.industriall-union.org\/fr\/ce-que-nous-faisons\/#breadcrumb"},"inLanguage":"fr-FR","potentialAction":[{"@type":"ReadAction","target":["https:\/\/admin.industriall-union.org\/fr\/ce-que-nous-faisons\/"]}]},{"@type":"BreadcrumbList","@id":"https:\/\/admin.industriall-union.org\/fr\/ce-que-nous-faisons\/#breadcrumb","itemListElement":[{"@type":"ListItem","position":1,"name":"Home","item":"https:\/\/admin.industriall-union.org\/"},{"@type":"ListItem","position":2,"name":"Ce que nous faisons"}]},{"@type":"WebSite","@id":"https:\/\/admin.industriall-union.org\/#website","url":"https:\/\/admin.industriall-union.org\/","name":"industriall-union","description":"","potentialAction":[{"@type":"SearchAction","target":{"@type":"EntryPoint","urlTemplate":"https:\/\/admin.industriall-union.org\/?s={search_term_string}"},"query-input":{"@type":"PropertyValueSpecification","valueRequired":true,"valueName":"search_term_string"}}],"inLanguage":"fr-FR"}]}},"_links":{"self":[{"href":"https:\/\/admin.industriall-union.org\/fr\/wp-json\/wp\/v2\/pages\/212251","targetHints":{"allow":["GET"]}}],"collection":[{"href":"https:\/\/admin.industriall-union.org\/fr\/wp-json\/wp\/v2\/pages"}],"about":[{"href":"https:\/\/admin.industriall-union.org\/fr\/wp-json\/wp\/v2\/types\/page"}],"author":[{"embeddable":true,"href":"https:\/\/admin.industriall-union.org\/fr\/wp-json\/wp\/v2\/users\/1"}],"replies":[{"embeddable":true,"href":"https:\/\/admin.industriall-union.org\/fr\/wp-json\/wp\/v2\/comments?post=212251"}],"version-history":[{"count":3,"href":"https:\/\/admin.industriall-union.org\/fr\/wp-json\/wp\/v2\/pages\/212251\/revisions"}],"predecessor-version":[{"id":464260,"href":"https:\/\/admin.industriall-union.org\/fr\/wp-json\/wp\/v2\/pages\/212251\/revisions\/464260"}],"wp:attachment":[{"href":"https:\/\/admin.industriall-union.org\/fr\/wp-json\/wp\/v2\/media?parent=212251"}],"wp:term":[{"taxonomy":"issues","embeddable":true,"href":"https:\/\/admin.industriall-union.org\/fr\/wp-json\/wp\/v2\/issues?post=212251"},{"taxonomy":"companies","embeddable":true,"href":"https:\/\/admin.industriall-union.org\/fr\/wp-json\/wp\/v2\/companies?post=212251"},{"taxonomy":"regions","embeddable":true,"href":"https:\/\/admin.industriall-union.org\/fr\/wp-json\/wp\/v2\/regions?post=212251"},{"taxonomy":"sectors","embeddable":true,"href":"https:\/\/admin.industriall-union.org\/fr\/wp-json\/wp\/v2\/sectors?post=212251"},{"taxonomy":"article_tags","embeddable":true,"href":"https:\/\/admin.industriall-union.org\/fr\/wp-json\/wp\/v2\/article_tags?post=212251"}],"curies":[{"name":"wp","href":"https:\/\/api.w.org\/{rel}","templated":true}]}}