{"id":212244,"date":"2019-03-08T13:42:42","date_gmt":"2019-03-08T13:42:42","guid":{"rendered":"https:\/\/admin.industriall-union.org\/automobile\/"},"modified":"2026-03-12T16:04:41","modified_gmt":"2026-03-12T16:04:41","slug":"industrie-automobile","status":"publish","type":"page","link":"https:\/\/admin.industriall-union.org\/fr\/industrie-automobile\/","title":{"rendered":"Automobile"},"content":{"rendered":"<figure class=\"imageArticle imageFull colorOverlay\"><figcaption class=\"imageContent\">\u00a0<\/figcaption><\/figure>\n<section class=\"boxTurquoise\">\n<h2>Automobile<\/h2>\n<p>Le secteur automobile et ses membres se concentre sur la construction de r\u00e9seaux mondiaux de travailleurs et de syndicaux et vise \u00e0 l&#8217;engagement des entreprises automobiles et leurs fournisseurs de prot\u00e9ger les int\u00e9r\u00eats des travailleurs dans ce secteur. Les strat\u00e9gies de l&#8217;Union sont \u00e9labor\u00e9es gr\u00e2ce \u00e0 la facilitation de l&#8217;\u00e9change d&#8217;informations dans le secteur sur les tendances et d\u00e9veloppement.<\/p>\n<h3>Contact<\/h3>\n<table style=\"width: 100%;\" border=\"1\" cellspacing=\"1\" cellpadding=\"1\">\n<tbody>\n<tr>\n<td style=\"text-align: center;\"><strong><img decoding=\"async\" style=\"width: 200px; height: 200px;\" src=\"\/wp-content\/uploads\/images\/People\/Internal\/IndustriALL-Staff\/georgblue.png\" alt=\"\" \/><\/strong><\/td>\n<td>\n<h4><strong>Georg Leutert<\/strong><br \/>\nTel.\u00a0+41 22 308 5026<br \/>\ne-mail: <a href=\"mailto:gleutert@industriall-union.org\">gleutert<\/a><\/h4>\n<\/td>\n<\/tr>\n<\/tbody>\n<\/table>\n<\/section>\n<h3>Accords-cadres mondiaux (ACM) de l&#8217;industrie automobile<\/h3>\n<table style=\"width: 500px;\" border=\"1\" cellspacing=\"1\" cellpadding=\"1\">\n<tbody>\n<tr>\n<td><a href=\"www.industriall-union.org\/industriall-and-daimler-sign-innovative-global-agreement\"><img decoding=\"async\" style=\"width: 100px; height: 38px;\" src=\"\/wp-content\/uploads\/images\/Company-Logos\/daimler_logo.jpg\" alt=\"\" \/><\/a><\/td>\n<td><a href=\"http:\/\/www.industriall-union.org\/industriall-signs-quality-of-working-life-agreement-with-renault\"><img decoding=\"async\" style=\"width: 100px; height: 68px;\" src=\"\/wp-content\/uploads\/images\/Company-Logos\/renault.png\" alt=\"\" \/><\/a><\/td>\n<td><a href=\"www.industriall-union.org\/industriall-signs-new-global-agreement-with-the-psa-group-0\"><img decoding=\"async\" style=\"width: 150px; height: 23px;\" src=\"\/wp-content\/uploads\/images\/Company-Logos\/psa-peugeot-citroen.jpg\" alt=\"\" \/><\/a><\/td>\n<td><a href=\"www.industriall-union.org\/ford\"><img decoding=\"async\" style=\"width: 100px; height: 56px;\" src=\"\/wp-content\/uploads\/images\/Company-Logos\/ford-logo-2003-2017.jpg\" alt=\"\" \/><\/a><\/td>\n<td><a href=\"https:\/\/www.industriall-union.org\/leoni\"><img decoding=\"async\" style=\"width: 100px; height: 24px;\" src=\"\/wp-content\/uploads\/images\/Company-Logos\/leoni.jpg\" alt=\"\" \/><\/a><\/td>\n<td><a href=\"https:\/\/www.industriall-union.org\/zf\"><img decoding=\"async\" style=\"width: 100px; height: 100px;\" src=\"\/wp-content\/uploads\/images\/Company-Logos\/zf.jpg\" alt=\"\" \/><\/a><\/td>\n<\/tr>\n<\/tbody>\n<\/table>\n<table style=\"width: 500px;\" border=\"1\" cellspacing=\"1\" cellpadding=\"1\">\n<tbody>\n<tr>\n<td><a href=\"https:\/\/www.industriall-union.org\/man\"><img decoding=\"async\" style=\"width: 100px; height: 56px;\" src=\"\/wp-content\/uploads\/images\/Company-Logos\/man.png\" alt=\"\" \/><\/a><\/td>\n<td><a href=\"https:\/\/www.industriall-union.org\/bosch\"><img decoding=\"async\" style=\"width: 150px; height: 43px;\" src=\"\/wp-content\/uploads\/images\/Company-Logos\/bosch.jpg\" alt=\"\" \/><\/a><\/td>\n<td><a href=\"www.industriall-union.org\/bmw\"><img decoding=\"async\" style=\"width: 50px; height: 50px;\" src=\"\/wp-content\/uploads\/images\/Company-Logos\/bmw.jpg\" alt=\"\" \/><\/a><\/td>\n<td><a href=\"http:\/\/www.industriall-union.org\/volkswagen\"><img decoding=\"async\" style=\"width: 75px; height: 75px;\" src=\"\/wp-content\/uploads\/images\/Company-Logos\/vw.jpg\" alt=\"\" \/><\/a><\/td>\n<td><a href=\"https:\/\/www.industriall-union.org\/mannhummel\"><img decoding=\"async\" style=\"width: 100px; height: 100px;\" src=\"\/wp-content\/uploads\/images\/Company-Logos\/mannhummel-logo-square.png\" alt=\"\" \/><\/a><\/td>\n<td><a href=\"https:\/\/www.industriall-union.org\/industriall-renews-global-agreement-with-german-multinational-rheinmetall\"><img decoding=\"async\" style=\"width: 150px; height: 48px;\" src=\"\/wp-content\/uploads\/images\/Company-Logos\/rheinmetall.jpg\" alt=\"\" \/><\/a><\/td>\n<td><\/td>\n<\/tr>\n<\/tbody>\n<\/table>\n<h3>Publications<\/h3>\n<table style=\"width: 100%;\" border=\"1\" cellspacing=\"1\" cellpadding=\"1\">\n<tbody>\n<tr>\n<td><strong>China&#8217;s new energy vehicle battery industry<\/strong><\/td>\n<\/tr>\n<tr>\n<td style=\"text-align: center;\"><a href=\"\/wp-content\/uploads\/images\/Report-covers\/industriall_china_battery_research_report_final.pdf\"><img decoding=\"async\" style=\"width: 200px; height: 286px;\" src=\"\/wp-content\/uploads\/images\/Report-covers\/screenshot_2022-09-12_at_11.27.48.png\" alt=\"\" \/><\/a><\/td>\n<\/tr>\n<\/tbody>\n<\/table>\n<table style=\"width: 100%;\" border=\"1\" cellspacing=\"1\" cellpadding=\"1\">\n<tbody>\n<tr>\n<td style=\"text-align: center;\" colspan=\"2\"><strong>The auto industry in Sub-Saharan Africa<\/strong><\/td>\n<\/tr>\n<tr>\n<td style=\"text-align: center;\"><a href=\"\/wp-content\/uploads\/images\/2021\/Africa\/industriall_automotive_report_v2.pdf\"><img decoding=\"async\" style=\"width: 200px; height: 284px;\" src=\"\/wp-content\/uploads\/images\/2021\/Africa\/screenshot_2021-03-03_at_10.43.29.png\" alt=\"\" \/><\/a><\/td>\n<td style=\"text-align: center;\"><a href=\"\/wp-content\/uploads\/images\/2021\/Africa\/pamphletlm1-v1.pdf\"><img decoding=\"async\" style=\"width: 200px; height: 285px;\" src=\"\/wp-content\/uploads\/images\/2021\/Africa\/screenshot_2021-03-03_at_10.43.53.png\" alt=\"\" \/><\/a><\/td>\n<\/tr>\n<\/tbody>\n<\/table>\n<h3>Mobility<\/h3>\n<table border=\"1\" cellspacing=\"1\" cellpadding=\"1\">\n<tbody>\n<tr>\n<td><a href=\"\/wp-content\/uploads\/images\/FutureOfWork\/JustTransition\/mobility-eng.pdf\"><img decoding=\"async\" style=\"height: 284px; width: 200px;\" src=\"\/wp-content\/uploads\/images\/FutureOfWork\/JustTransition\/mobeng.png\" alt=\"\" \/><\/a><\/td>\n<td><a href=\"\/wp-content\/uploads\/images\/FutureOfWork\/JustTransition\/mobility-fra.pdf\"><img decoding=\"async\" style=\"height: 283px; width: 200px;\" src=\"\/wp-content\/uploads\/images\/FutureOfWork\/JustTransition\/mobfra.png\" alt=\"\" \/><\/a><\/td>\n<td><a href=\"\/wp-content\/uploads\/images\/FutureOfWork\/JustTransition\/mobility-spa.pdf\"><img decoding=\"async\" style=\"height: 282px; width: 200px;\" src=\"\/wp-content\/uploads\/images\/FutureOfWork\/JustTransition\/mobspa.png\" alt=\"\" \/><\/a><\/td>\n<\/tr>\n<tr>\n<td style=\"text-align: center;\"><a href=\"\/wp-content\/uploads\/images\/FutureOfWork\/JustTransition\/mobility-eng.pdf\">ENGLISH<\/a><\/td>\n<td style=\"text-align: center;\"><a href=\"\/wp-content\/uploads\/images\/FutureOfWork\/JustTransition\/mobility-fra.pdf\">FRAN\u00c7AIS<\/a><\/td>\n<td style=\"text-align: center;\"><a href=\"\/wp-content\/uploads\/images\/FutureOfWork\/JustTransition\/mobility-spa.pdf\">ESPA\u00d1OL<\/a><\/td>\n<\/tr>\n<\/tbody>\n<\/table>\n<h3><a href=\"https:\/\/www.industriall-union.org\/global-trade-union-federations-prepare-for-the-mobility-markets-of-the-future\"><img decoding=\"async\" style=\"width: 700px; height: 368px;\" src=\"\/wp-content\/uploads\/images\/FutureOfWork\/JustTransition\/mibilty.png\" alt=\"\" \/><\/a><\/h3>\n<h3>Articles de fond<\/h3>\n<figure class=\"imageArticle imageFull\"><img decoding=\"async\" style=\"width: 1440px; height: 954px;\" src=\"\/wp-content\/uploads\/styles\/article_top_image_w1440\/public\/uploads\/images\/Global-Worker\/2019-2\/fow_rotterdam_shipyard.jpg\" alt=\"\" \/><figcaption class=\"imageContent\">\n<div class=\"imageTitle\">\n<h1 style=\"text-align: right;\"><a href=\"https:\/\/www.industriall-union.org\/fr\/dossier-ce-nest-pas-une-transformation-cest-un-massacre\">DOSSIER: \u201cCe n\u2019est pas une transformation, c\u2019est un massacre\u201d<\/a><\/h1>\n<\/div>\n<div class=\"imageCaption\">\n<p>Global Worker Dossier\u00a0&#8211; NOV 2019<\/p>\n<\/div>\n<\/figcaption><\/figure>\n<figure class=\"imageArticle imageFull colorOverlay\"><figcaption class=\"imageContent\">\n<div class=\"imageTitle\">\n<h1 style=\"text-align: right;\"><a href=\"http:\/\/industriall.consids5.se\/why-are-so-many-auto-plants-closing\"><span style=\"color: #ffffff;\">FEATURE: Why are so many auto plants closi<\/span><\/a><\/h1>\n<\/div>\n<\/figcaption><\/figure>\n<figure class=\"imageArticle imageMedium\"><img decoding=\"async\" style=\"width: 700px; height: 525px;\" src=\"\/wp-content\/uploads\/images\/len_honda_2.jpg\" alt=\"\" \/><figcaption class=\"imageContent\">\n<div class=\"imageTitle\">\n<h1 style=\"text-align: right;\"><a href=\"https:\/\/www.industriall-union.org\/fr\/pourquoi-tant-dusines-de-construction-automobile-ferment-elles\">Pourquoi tant d&#8217;usines de construction automobile ferment-elles ?<\/a><\/h1>\n<\/div>\n<div class=\"imageCaption\">\n<p>Global Worker enqu\u00eate &#8211; MAR 2019<\/p>\n<\/div>\n<\/figcaption><\/figure>\n<figure class=\"imageArticle imageMedium\"><img decoding=\"async\" style=\"width: 798px; height: 366px;\" src=\"\/wp-content\/uploads\/styles\/article_top_image_w1440\/public\/uploads\/images\/building4.png\" alt=\"\" \/><figcaption class=\"imageContent\">\n<div class=\"imageTitle\">\n<h1 style=\"text-align: right;\"><a href=\"https:\/\/www.industriall-union.org\/fr\/enquete-construire-une-force-syndicale-mondiale-dans-lindustrie-automobile\">ENQUETE: Construire une force syndicale mondiale dans l\u2019industrie automobile<\/a><\/h1>\n<\/div>\n<div class=\"imageCaption\">\n<p>Global Worker enqu\u00eate:\u00a0MAI\u00a02014<\/p>\n<\/div>\n<\/figcaption><\/figure>\n","protected":false},"excerpt":{"rendered":"<p>\u00a0 Automobile Le secteur automobile et ses membres se concentre sur la construction de r\u00e9seaux mondiaux de travailleurs et de syndicaux et vise \u00e0 l&#8217;engagement des entreprises automobiles et leurs fournisseurs de prot\u00e9ger les int\u00e9r\u00eats des travailleurs dans ce secteur. Les strat\u00e9gies de l&#8217;Union sont \u00e9labor\u00e9es gr\u00e2ce \u00e0 la facilitation de l&#8217;\u00e9change d&#8217;informations dans le [&hellip;]<\/p>\n","protected":false},"author":1,"featured_media":0,"parent":0,"menu_order":0,"comment_status":"closed","ping_status":"closed","template":"","meta":{"_acf_changed":false,"footnotes":""},"issues":[],"companies":[],"regions":[],"sectors":[428],"article_tags":[],"class_list":["post-212244","page","type-page","status-publish","hentry","sectors-automobile"],"acf":[],"yoast_head":"<!-- This site is optimized with the Yoast SEO Premium plugin v27.1 (Yoast SEO v27.1) - https:\/\/yoast.com\/product\/yoast-seo-premium-wordpress\/ -->\n<title>Automobile - industriall-union<\/title>\n<meta name=\"robots\" content=\"index, follow, max-snippet:-1, max-image-preview:large, max-video-preview:-1\" \/>\n<link rel=\"canonical\" href=\"https:\/\/admin.industriall-union.org\/fr\/industrie-automobile\/\" \/>\n<meta property=\"og:locale\" content=\"fr_FR\" \/>\n<meta property=\"og:type\" content=\"article\" \/>\n<meta property=\"og:title\" content=\"Automobile\" \/>\n<meta property=\"og:description\" content=\"\u00a0 Automobile Le secteur automobile et ses membres se concentre sur la construction de r\u00e9seaux mondiaux de travailleurs et de syndicaux et vise \u00e0 l&#8217;engagement des entreprises automobiles et leurs fournisseurs de prot\u00e9ger les int\u00e9r\u00eats des travailleurs dans ce secteur. Les strat\u00e9gies de l&#8217;Union sont \u00e9labor\u00e9es gr\u00e2ce \u00e0 la facilitation de l&#8217;\u00e9change d&#8217;informations dans le [&hellip;]\" \/>\n<meta property=\"og:url\" content=\"https:\/\/admin.industriall-union.org\/fr\/industrie-automobile\/\" \/>\n<meta property=\"og:site_name\" content=\"industriall-union\" \/>\n<meta property=\"article:modified_time\" content=\"2026-03-12T16:04:41+00:00\" \/>\n<meta name=\"twitter:card\" content=\"summary_large_image\" \/>\n<meta name=\"twitter:label1\" content=\"Est. reading time\" \/>\n\t<meta name=\"twitter:data1\" content=\"6 minutes\" \/>\n<script type=\"application\/ld+json\" class=\"yoast-schema-graph\">{\"@context\":\"https:\/\/schema.org\",\"@graph\":[{\"@type\":\"WebPage\",\"@id\":\"https:\/\/admin.industriall-union.org\/fr\/industrie-automobile\/\",\"url\":\"https:\/\/admin.industriall-union.org\/fr\/industrie-automobile\/\",\"name\":\"Automobile - industriall-union\",\"isPartOf\":{\"@id\":\"https:\/\/admin.industriall-union.org\/fr\/#website\"},\"datePublished\":\"2019-03-08T13:42:42+00:00\",\"dateModified\":\"2026-03-12T16:04:41+00:00\",\"breadcrumb\":{\"@id\":\"https:\/\/admin.industriall-union.org\/fr\/industrie-automobile\/#breadcrumb\"},\"inLanguage\":\"fr-FR\",\"potentialAction\":[{\"@type\":\"ReadAction\",\"target\":[\"https:\/\/admin.industriall-union.org\/fr\/industrie-automobile\/\"]}]},{\"@type\":\"BreadcrumbList\",\"@id\":\"https:\/\/admin.industriall-union.org\/fr\/industrie-automobile\/#breadcrumb\",\"itemListElement\":[{\"@type\":\"ListItem\",\"position\":1,\"name\":\"Home\",\"item\":\"https:\/\/admin.industriall-union.org\/fr\/\"},{\"@type\":\"ListItem\",\"position\":2,\"name\":\"Automobile\"}]},{\"@type\":\"WebSite\",\"@id\":\"https:\/\/admin.industriall-union.org\/fr\/#website\",\"url\":\"https:\/\/admin.industriall-union.org\/fr\/\",\"name\":\"industriall-union\",\"description\":\"\",\"potentialAction\":[{\"@type\":\"SearchAction\",\"target\":{\"@type\":\"EntryPoint\",\"urlTemplate\":\"https:\/\/admin.industriall-union.org\/fr\/?s={search_term_string}\"},\"query-input\":{\"@type\":\"PropertyValueSpecification\",\"valueRequired\":true,\"valueName\":\"search_term_string\"}}],\"inLanguage\":\"fr-FR\"}]}<\/script>\n<!-- \/ Yoast SEO Premium plugin. -->","yoast_head_json":{"title":"Automobile - industriall-union","robots":{"index":"index","follow":"follow","max-snippet":"max-snippet:-1","max-image-preview":"max-image-preview:large","max-video-preview":"max-video-preview:-1"},"canonical":"https:\/\/admin.industriall-union.org\/fr\/industrie-automobile\/","og_locale":"fr_FR","og_type":"article","og_title":"Automobile","og_description":"\u00a0 Automobile Le secteur automobile et ses membres se concentre sur la construction de r\u00e9seaux mondiaux de travailleurs et de syndicaux et vise \u00e0 l&#8217;engagement des entreprises automobiles et leurs fournisseurs de prot\u00e9ger les int\u00e9r\u00eats des travailleurs dans ce secteur. Les strat\u00e9gies de l&#8217;Union sont \u00e9labor\u00e9es gr\u00e2ce \u00e0 la facilitation de l&#8217;\u00e9change d&#8217;informations dans le [&hellip;]","og_url":"https:\/\/admin.industriall-union.org\/fr\/industrie-automobile\/","og_site_name":"industriall-union","article_modified_time":"2026-03-12T16:04:41+00:00","twitter_card":"summary_large_image","twitter_misc":{"Est. reading time":"6 minutes"},"schema":{"@context":"https:\/\/schema.org","@graph":[{"@type":"WebPage","@id":"https:\/\/admin.industriall-union.org\/fr\/industrie-automobile\/","url":"https:\/\/admin.industriall-union.org\/fr\/industrie-automobile\/","name":"Automobile - industriall-union","isPartOf":{"@id":"https:\/\/admin.industriall-union.org\/fr\/#website"},"datePublished":"2019-03-08T13:42:42+00:00","dateModified":"2026-03-12T16:04:41+00:00","breadcrumb":{"@id":"https:\/\/admin.industriall-union.org\/fr\/industrie-automobile\/#breadcrumb"},"inLanguage":"fr-FR","potentialAction":[{"@type":"ReadAction","target":["https:\/\/admin.industriall-union.org\/fr\/industrie-automobile\/"]}]},{"@type":"BreadcrumbList","@id":"https:\/\/admin.industriall-union.org\/fr\/industrie-automobile\/#breadcrumb","itemListElement":[{"@type":"ListItem","position":1,"name":"Home","item":"https:\/\/admin.industriall-union.org\/fr\/"},{"@type":"ListItem","position":2,"name":"Automobile"}]},{"@type":"WebSite","@id":"https:\/\/admin.industriall-union.org\/fr\/#website","url":"https:\/\/admin.industriall-union.org\/fr\/","name":"industriall-union","description":"","potentialAction":[{"@type":"SearchAction","target":{"@type":"EntryPoint","urlTemplate":"https:\/\/admin.industriall-union.org\/fr\/?s={search_term_string}"},"query-input":{"@type":"PropertyValueSpecification","valueRequired":true,"valueName":"search_term_string"}}],"inLanguage":"fr-FR"}]}},"_links":{"self":[{"href":"https:\/\/admin.industriall-union.org\/fr\/wp-json\/wp\/v2\/pages\/212244","targetHints":{"allow":["GET"]}}],"collection":[{"href":"https:\/\/admin.industriall-union.org\/fr\/wp-json\/wp\/v2\/pages"}],"about":[{"href":"https:\/\/admin.industriall-union.org\/fr\/wp-json\/wp\/v2\/types\/page"}],"author":[{"embeddable":true,"href":"https:\/\/admin.industriall-union.org\/fr\/wp-json\/wp\/v2\/users\/1"}],"replies":[{"embeddable":true,"href":"https:\/\/admin.industriall-union.org\/fr\/wp-json\/wp\/v2\/comments?post=212244"}],"version-history":[{"count":4,"href":"https:\/\/admin.industriall-union.org\/fr\/wp-json\/wp\/v2\/pages\/212244\/revisions"}],"predecessor-version":[{"id":467565,"href":"https:\/\/admin.industriall-union.org\/fr\/wp-json\/wp\/v2\/pages\/212244\/revisions\/467565"}],"wp:attachment":[{"href":"https:\/\/admin.industriall-union.org\/fr\/wp-json\/wp\/v2\/media?parent=212244"}],"wp:term":[{"taxonomy":"issues","embeddable":true,"href":"https:\/\/admin.industriall-union.org\/fr\/wp-json\/wp\/v2\/issues?post=212244"},{"taxonomy":"companies","embeddable":true,"href":"https:\/\/admin.industriall-union.org\/fr\/wp-json\/wp\/v2\/companies?post=212244"},{"taxonomy":"regions","embeddable":true,"href":"https:\/\/admin.industriall-union.org\/fr\/wp-json\/wp\/v2\/regions?post=212244"},{"taxonomy":"sectors","embeddable":true,"href":"https:\/\/admin.industriall-union.org\/fr\/wp-json\/wp\/v2\/sectors?post=212244"},{"taxonomy":"article_tags","embeddable":true,"href":"https:\/\/admin.industriall-union.org\/fr\/wp-json\/wp\/v2\/article_tags?post=212244"}],"curies":[{"name":"wp","href":"https:\/\/api.w.org\/{rel}","templated":true}]}}