{"id":212235,"date":"2019-03-08T13:50:10","date_gmt":"2019-03-08T13:50:10","guid":{"rendered":"https:\/\/admin.industriall-union.org\/metaux-de-base\/"},"modified":"2026-02-03T11:29:18","modified_gmt":"2026-02-03T11:29:18","slug":"metaux-de-base","status":"publish","type":"page","link":"https:\/\/admin.industriall-union.org\/fr\/metaux-de-base\/","title":{"rendered":"M\u00e9taux de base"},"content":{"rendered":"<section class=\"boxTurquoise\"><h2>M\u00e9taux de base<\/h2><p>IndustriALL travaille avec les syndicats du secteur des m\u00e9taux de base pour renforcer le pouvoir au niveau de l&#039;entreprise et de l&#039;industrie. Nous organisons des r\u00e9seaux de syndicats, faisons campagne pour les droits des syndicats et recherchons un dialogue social avec les plus grandes entreprises mondiales du secteur de l&#039;acier et de l&#039;aluminium. Nous travaillons \u00e9galement en partenariat avec des entreprises responsables et la soci\u00e9t\u00e9 civile pour promouvoir le respect des droits des travailleurs dans les cha\u00eenes d&rsquo;approvisionnement en m\u00e9taux de base.<\/p><h3>Contacte<\/h3><table border=\"1\" cellpadding=\"1\" cellspacing=\"1\" style=\"width:100%\"><tbody><tr><td><h4 style=\"text-align: center\"><img decoding=\"async\" alt=\"\" src=\"\/wp-content\/uploads\/images\/People\/Internal\/correagreen.png\" style=\"width: 200px;height: 200px\" \/><\/h4><\/td><td><h4>Patrick Correa<br \/>Tel. +41 22 308 50 85<br \/>e-mail: <a href=\"mailto:pcorrea@industriall-union.org\">pcorrea<\/a><\/h4><\/td><\/tr><\/tbody><\/table><\/section><h4>Publications<\/h4><table border=\"1\" cellpadding=\"1\" cellspacing=\"1\" style=\"width:100%\"><tbody><tr><td colspan=\"7\"><strong>Plan d&#039;action &#8211; Conf\u00e9rence mondiale sur les m\u00e9taux de base 2016<\/strong><\/td><\/tr><tr><td colspan=\"7\" style=\"text-align: center\"><img decoding=\"async\" alt=\"\" src=\"\/wp-content\/uploads\/images\/2016\/GERMANY\/Base_Metals_Duisburg\/30332161004_deb39b2920_k.jpg\" style=\"width: 200px;height: 133px\" \/><\/td><\/tr><tr><td style=\"text-align: center\"><a href=\"\/wp-content\/uploads\/documents\/2016\/GERMANY\/Base_Metals_Duisburg\/action_plan_-_2016_industriall_world_base_metals_conference.pdf\">ENG<\/a><\/td><td style=\"text-align: center\"><a href=\"\/wp-content\/uploads\/documents\/2016\/GERMANY\/Base_Metals_Duisburg\/spanish_action_plan_-_2016_industriall_world_conference_for_base_metals_industries_japanese.pdf\">ESP<\/a>&nbsp;<\/td><td style=\"text-align: center\"><a href=\"\/wp-content\/uploads\/documents\/2016\/GERMANY\/Base_Metals_Duisburg\/italian_action_plan_-_2016_industriall_world_conference_for_base_metals_industries.pdf\">ITA<\/a><\/td><td style=\"text-align: center\"><a href=\"\/wp-content\/uploads\/documents\/2016\/GERMANY\/Base_Metals_Duisburg\/japanese_action_plan_-_2016_industriall_world_conference_for_base_metals_industries_japanese.pdf\">JAP<\/a><\/td><td style=\"text-align: center\"><a href=\"\/wp-content\/uploads\/documents\/2016\/GERMANY\/Base_Metals_Duisburg\/german_action_plan_-_2016_industriall_world_conference_for_base_metals_industries.pdf\">DEU<\/a><\/td><td style=\"text-align: center\"><a href=\"\/wp-content\/uploads\/documents\/2016\/GERMANY\/Base_Metals_Duisburg\/portuguese_action_plan_-_2016_industriall_world_conference_for_base_metals_industries.pdf\">POR<\/a><\/td><td style=\"text-align: center\"><a href=\"\/wp-content\/uploads\/documents\/2016\/GERMANY\/Base_Metals_Duisburg\/russian_action_plan_-_2016_industriall_world_conference_for_base_metals_industries_japanese.pdf\">RUS<\/a><\/td><\/tr><\/tbody><\/table>","protected":false},"excerpt":{"rendered":"<p>M\u00e9taux de base IndustriALL travaille avec les syndicats du secteur des m\u00e9taux de base pour renforcer le pouvoir au niveau de l&#039;entreprise et de l&#039;industrie. Nous organisons des r\u00e9seaux de syndicats, faisons campagne pour les droits des syndicats et recherchons un dialogue social avec les plus grandes entreprises mondiales du secteur de l&#039;acier et de [&hellip;]<\/p>\n","protected":false},"author":1,"featured_media":0,"parent":0,"menu_order":0,"comment_status":"closed","ping_status":"closed","template":"","meta":{"_acf_changed":false,"footnotes":""},"issues":[],"companies":[],"regions":[],"sectors":[441],"article_tags":[],"class_list":["post-212235","page","type-page","status-publish","hentry","sectors-metaux-de-base"],"acf":[],"yoast_head":"<!-- This site is optimized with the Yoast SEO Premium plugin v27.1 (Yoast SEO v27.1) - https:\/\/yoast.com\/product\/yoast-seo-premium-wordpress\/ -->\n<title>M\u00e9taux de base - industriall-union<\/title>\n<meta name=\"robots\" content=\"index, follow, max-snippet:-1, max-image-preview:large, max-video-preview:-1\" \/>\n<link rel=\"canonical\" href=\"https:\/\/admin.industriall-union.org\/fr\/metaux-de-base\/\" \/>\n<meta property=\"og:locale\" content=\"fr_FR\" \/>\n<meta property=\"og:type\" content=\"article\" \/>\n<meta property=\"og:title\" content=\"M\u00e9taux de base\" \/>\n<meta property=\"og:description\" content=\"M\u00e9taux de base IndustriALL travaille avec les syndicats du secteur des m\u00e9taux de base pour renforcer le pouvoir au niveau de l&#039;entreprise et de l&#039;industrie. Nous organisons des r\u00e9seaux de syndicats, faisons campagne pour les droits des syndicats et recherchons un dialogue social avec les plus grandes entreprises mondiales du secteur de l&#039;acier et de [&hellip;]\" \/>\n<meta property=\"og:url\" content=\"https:\/\/admin.industriall-union.org\/fr\/metaux-de-base\/\" \/>\n<meta property=\"og:site_name\" content=\"industriall-union\" \/>\n<meta property=\"article:modified_time\" content=\"2026-02-03T11:29:18+00:00\" \/>\n<meta name=\"twitter:card\" content=\"summary_large_image\" \/>\n<meta name=\"twitter:label1\" content=\"Est. reading time\" \/>\n\t<meta name=\"twitter:data1\" content=\"1 minute\" \/>\n<script type=\"application\/ld+json\" class=\"yoast-schema-graph\">{\"@context\":\"https:\/\/schema.org\",\"@graph\":[{\"@type\":\"WebPage\",\"@id\":\"https:\/\/admin.industriall-union.org\/fr\/metaux-de-base\/\",\"url\":\"https:\/\/admin.industriall-union.org\/fr\/metaux-de-base\/\",\"name\":\"M\u00e9taux de base - industriall-union\",\"isPartOf\":{\"@id\":\"https:\/\/admin.industriall-union.org\/#website\"},\"datePublished\":\"2019-03-08T13:50:10+00:00\",\"dateModified\":\"2026-02-03T11:29:18+00:00\",\"breadcrumb\":{\"@id\":\"https:\/\/admin.industriall-union.org\/fr\/metaux-de-base\/#breadcrumb\"},\"inLanguage\":\"fr-FR\",\"potentialAction\":[{\"@type\":\"ReadAction\",\"target\":[\"https:\/\/admin.industriall-union.org\/fr\/metaux-de-base\/\"]}]},{\"@type\":\"BreadcrumbList\",\"@id\":\"https:\/\/admin.industriall-union.org\/fr\/metaux-de-base\/#breadcrumb\",\"itemListElement\":[{\"@type\":\"ListItem\",\"position\":1,\"name\":\"Home\",\"item\":\"https:\/\/admin.industriall-union.org\/\"},{\"@type\":\"ListItem\",\"position\":2,\"name\":\"M\u00e9taux de base\"}]},{\"@type\":\"WebSite\",\"@id\":\"https:\/\/admin.industriall-union.org\/#website\",\"url\":\"https:\/\/admin.industriall-union.org\/\",\"name\":\"industriall-union\",\"description\":\"\",\"potentialAction\":[{\"@type\":\"SearchAction\",\"target\":{\"@type\":\"EntryPoint\",\"urlTemplate\":\"https:\/\/admin.industriall-union.org\/?s={search_term_string}\"},\"query-input\":{\"@type\":\"PropertyValueSpecification\",\"valueRequired\":true,\"valueName\":\"search_term_string\"}}],\"inLanguage\":\"fr-FR\"}]}<\/script>\n<!-- \/ Yoast SEO Premium plugin. -->","yoast_head_json":{"title":"M\u00e9taux de base - industriall-union","robots":{"index":"index","follow":"follow","max-snippet":"max-snippet:-1","max-image-preview":"max-image-preview:large","max-video-preview":"max-video-preview:-1"},"canonical":"https:\/\/admin.industriall-union.org\/fr\/metaux-de-base\/","og_locale":"fr_FR","og_type":"article","og_title":"M\u00e9taux de base","og_description":"M\u00e9taux de base IndustriALL travaille avec les syndicats du secteur des m\u00e9taux de base pour renforcer le pouvoir au niveau de l&#039;entreprise et de l&#039;industrie. Nous organisons des r\u00e9seaux de syndicats, faisons campagne pour les droits des syndicats et recherchons un dialogue social avec les plus grandes entreprises mondiales du secteur de l&#039;acier et de [&hellip;]","og_url":"https:\/\/admin.industriall-union.org\/fr\/metaux-de-base\/","og_site_name":"industriall-union","article_modified_time":"2026-02-03T11:29:18+00:00","twitter_card":"summary_large_image","twitter_misc":{"Est. reading time":"1 minute"},"schema":{"@context":"https:\/\/schema.org","@graph":[{"@type":"WebPage","@id":"https:\/\/admin.industriall-union.org\/fr\/metaux-de-base\/","url":"https:\/\/admin.industriall-union.org\/fr\/metaux-de-base\/","name":"M\u00e9taux de base - industriall-union","isPartOf":{"@id":"https:\/\/admin.industriall-union.org\/#website"},"datePublished":"2019-03-08T13:50:10+00:00","dateModified":"2026-02-03T11:29:18+00:00","breadcrumb":{"@id":"https:\/\/admin.industriall-union.org\/fr\/metaux-de-base\/#breadcrumb"},"inLanguage":"fr-FR","potentialAction":[{"@type":"ReadAction","target":["https:\/\/admin.industriall-union.org\/fr\/metaux-de-base\/"]}]},{"@type":"BreadcrumbList","@id":"https:\/\/admin.industriall-union.org\/fr\/metaux-de-base\/#breadcrumb","itemListElement":[{"@type":"ListItem","position":1,"name":"Home","item":"https:\/\/admin.industriall-union.org\/"},{"@type":"ListItem","position":2,"name":"M\u00e9taux de base"}]},{"@type":"WebSite","@id":"https:\/\/admin.industriall-union.org\/#website","url":"https:\/\/admin.industriall-union.org\/","name":"industriall-union","description":"","potentialAction":[{"@type":"SearchAction","target":{"@type":"EntryPoint","urlTemplate":"https:\/\/admin.industriall-union.org\/?s={search_term_string}"},"query-input":{"@type":"PropertyValueSpecification","valueRequired":true,"valueName":"search_term_string"}}],"inLanguage":"fr-FR"}]}},"_links":{"self":[{"href":"https:\/\/admin.industriall-union.org\/fr\/wp-json\/wp\/v2\/pages\/212235","targetHints":{"allow":["GET"]}}],"collection":[{"href":"https:\/\/admin.industriall-union.org\/fr\/wp-json\/wp\/v2\/pages"}],"about":[{"href":"https:\/\/admin.industriall-union.org\/fr\/wp-json\/wp\/v2\/types\/page"}],"author":[{"embeddable":true,"href":"https:\/\/admin.industriall-union.org\/fr\/wp-json\/wp\/v2\/users\/1"}],"replies":[{"embeddable":true,"href":"https:\/\/admin.industriall-union.org\/fr\/wp-json\/wp\/v2\/comments?post=212235"}],"version-history":[{"count":3,"href":"https:\/\/admin.industriall-union.org\/fr\/wp-json\/wp\/v2\/pages\/212235\/revisions"}],"predecessor-version":[{"id":464225,"href":"https:\/\/admin.industriall-union.org\/fr\/wp-json\/wp\/v2\/pages\/212235\/revisions\/464225"}],"wp:attachment":[{"href":"https:\/\/admin.industriall-union.org\/fr\/wp-json\/wp\/v2\/media?parent=212235"}],"wp:term":[{"taxonomy":"issues","embeddable":true,"href":"https:\/\/admin.industriall-union.org\/fr\/wp-json\/wp\/v2\/issues?post=212235"},{"taxonomy":"companies","embeddable":true,"href":"https:\/\/admin.industriall-union.org\/fr\/wp-json\/wp\/v2\/companies?post=212235"},{"taxonomy":"regions","embeddable":true,"href":"https:\/\/admin.industriall-union.org\/fr\/wp-json\/wp\/v2\/regions?post=212235"},{"taxonomy":"sectors","embeddable":true,"href":"https:\/\/admin.industriall-union.org\/fr\/wp-json\/wp\/v2\/sectors?post=212235"},{"taxonomy":"article_tags","embeddable":true,"href":"https:\/\/admin.industriall-union.org\/fr\/wp-json\/wp\/v2\/article_tags?post=212235"}],"curies":[{"name":"wp","href":"https:\/\/api.w.org\/{rel}","templated":true}]}}