{"id":212234,"date":"2019-03-08T14:01:50","date_gmt":"2019-03-08T14:01:50","guid":{"rendered":"https:\/\/admin.industriall-union.org\/chimie-pharmaceutique-et-sciences-biologiques\/"},"modified":"2026-02-03T11:28:59","modified_gmt":"2026-02-03T11:28:59","slug":"chimie-pharmacie-et-science-biologique","status":"publish","type":"page","link":"https:\/\/admin.industriall-union.org\/fr\/chimie-pharmacie-et-science-biologique\/","title":{"rendered":"Chimie, Pharmaceutique et Sciences biologiques"},"content":{"rendered":"<section class=\"boxTurquoise\"><h2>Chimie, Pharmaceutique et Sciences biologiques<\/h2><p>IndustriALL Global Union poss\u00e8de un vaste champs d&#039;activit\u00e9s dans les secteurs de la chimie, de la pharmacie et des sciences biologiques, cela inclut &nbsp;des accords-cadres mondiaux, des r\u00e9seaux mondiaux et r\u00e9gionaux au niveau de la soci\u00e9t\u00e9 et du secteur inf\u00e9rieur et diff\u00e9rents courants de dialogue social. Il existe \u00e9galement des initiatives men\u00e9es avec les organisations intergouvernementales charg\u00e9es des questions ayant trait aux domainex du travail, du d\u00e9veloppement durable, de la politique industrielle et des probl\u00e8mes de sant\u00e9 et de s\u00e9curit\u00e9.&nbsp;<\/p><h3>Contact<\/h3><table border=\"1\" cellpadding=\"1\" cellspacing=\"1\" style=\"width:100%\"><tbody><tr><td><img decoding=\"async\" alt=\"\" src=\"\/wp-content\/uploads\/images\/People\/Internal\/IndustriALL-Staff\/tgrintersector.png\" style=\"width: 200px;height: 200px\" \/><\/td><td><h4><strong>Tom Grinter<\/strong><br \/>Tel. +41 22 308 1853<br \/>e-mail: <a href=\"mailto:tgrinter@industriall-union.org\">tgrinter<\/a><\/h4><\/td><\/tr><\/tbody><\/table><h4>&nbsp;<\/h4><\/section><h4>Accords Cadres Mondiaux (ACM) dans les secteurs de la&nbsp;Chimie, Pharmaceutique et Sciences biologiques<\/h4><table border=\"1\" cellpadding=\"1\" cellspacing=\"1\" style=\"width:500px\"><tbody><tr><td><a href=\"http:\/\/www.industriall-union.org\/umicore-and-industriall-renew-global-framework-agreement\"><img decoding=\"async\" alt=\"\" src=\"\/wp-content\/uploads\/images\/Company-Logos\/umicore.jpg\" style=\"width: 200px;height: 102px\" \/><\/a><\/td><td><a href=\"http:\/\/www.industriall-union.org\/solvay-and-industriall-renew-their-global-framework-agreement-for-five-years\"><img decoding=\"async\" alt=\"\" src=\"\/wp-content\/uploads\/images\/Company-Logos\/solvay-logo-vector.png\" style=\"width: 200px;height: 111px\" \/><\/a><\/td><\/tr><\/tbody><\/table>","protected":false},"excerpt":{"rendered":"<p>Chimie, Pharmaceutique et Sciences biologiques IndustriALL Global Union poss\u00e8de un vaste champs d&#039;activit\u00e9s dans les secteurs de la chimie, de la pharmacie et des sciences biologiques, cela inclut &nbsp;des accords-cadres mondiaux, des r\u00e9seaux mondiaux et r\u00e9gionaux au niveau de la soci\u00e9t\u00e9 et du secteur inf\u00e9rieur et diff\u00e9rents courants de dialogue social. Il existe \u00e9galement des [&hellip;]<\/p>\n","protected":false},"author":1,"featured_media":0,"parent":0,"menu_order":0,"comment_status":"closed","ping_status":"closed","template":"","meta":{"_acf_changed":false,"footnotes":""},"issues":[],"companies":[],"regions":[],"sectors":[430],"article_tags":[],"class_list":["post-212234","page","type-page","status-publish","hentry","sectors-chimie-pharmaceutique-et-sciences-biologiques"],"acf":[],"yoast_head":"<!-- This site is optimized with the Yoast SEO Premium plugin v27.1 (Yoast SEO v27.1) - https:\/\/yoast.com\/product\/yoast-seo-premium-wordpress\/ -->\n<title>Chimie, Pharmaceutique et Sciences biologiques - industriall-union<\/title>\n<meta name=\"robots\" content=\"index, follow, max-snippet:-1, max-image-preview:large, max-video-preview:-1\" \/>\n<link rel=\"canonical\" href=\"https:\/\/admin.industriall-union.org\/fr\/chimie-pharmacie-et-science-biologique\/\" \/>\n<meta property=\"og:locale\" content=\"fr_FR\" \/>\n<meta property=\"og:type\" content=\"article\" \/>\n<meta property=\"og:title\" content=\"Chimie, Pharmaceutique et Sciences biologiques\" \/>\n<meta property=\"og:description\" content=\"Chimie, Pharmaceutique et Sciences biologiques IndustriALL Global Union poss\u00e8de un vaste champs d&#039;activit\u00e9s dans les secteurs de la chimie, de la pharmacie et des sciences biologiques, cela inclut &nbsp;des accords-cadres mondiaux, des r\u00e9seaux mondiaux et r\u00e9gionaux au niveau de la soci\u00e9t\u00e9 et du secteur inf\u00e9rieur et diff\u00e9rents courants de dialogue social. Il existe \u00e9galement des [&hellip;]\" \/>\n<meta property=\"og:url\" content=\"https:\/\/admin.industriall-union.org\/fr\/chimie-pharmacie-et-science-biologique\/\" \/>\n<meta property=\"og:site_name\" content=\"industriall-union\" \/>\n<meta property=\"article:modified_time\" content=\"2026-02-03T11:28:59+00:00\" \/>\n<meta name=\"twitter:card\" content=\"summary_large_image\" \/>\n<meta name=\"twitter:label1\" content=\"Est. reading time\" \/>\n\t<meta name=\"twitter:data1\" content=\"1 minute\" \/>\n<script type=\"application\/ld+json\" class=\"yoast-schema-graph\">{\"@context\":\"https:\/\/schema.org\",\"@graph\":[{\"@type\":\"WebPage\",\"@id\":\"https:\/\/admin.industriall-union.org\/fr\/chimie-pharmacie-et-science-biologique\/\",\"url\":\"https:\/\/admin.industriall-union.org\/fr\/chimie-pharmacie-et-science-biologique\/\",\"name\":\"Chimie, Pharmaceutique et Sciences biologiques - industriall-union\",\"isPartOf\":{\"@id\":\"https:\/\/admin.industriall-union.org\/#website\"},\"datePublished\":\"2019-03-08T14:01:50+00:00\",\"dateModified\":\"2026-02-03T11:28:59+00:00\",\"breadcrumb\":{\"@id\":\"https:\/\/admin.industriall-union.org\/fr\/chimie-pharmacie-et-science-biologique\/#breadcrumb\"},\"inLanguage\":\"fr-FR\",\"potentialAction\":[{\"@type\":\"ReadAction\",\"target\":[\"https:\/\/admin.industriall-union.org\/fr\/chimie-pharmacie-et-science-biologique\/\"]}]},{\"@type\":\"BreadcrumbList\",\"@id\":\"https:\/\/admin.industriall-union.org\/fr\/chimie-pharmacie-et-science-biologique\/#breadcrumb\",\"itemListElement\":[{\"@type\":\"ListItem\",\"position\":1,\"name\":\"Home\",\"item\":\"https:\/\/admin.industriall-union.org\/\"},{\"@type\":\"ListItem\",\"position\":2,\"name\":\"Chimie, Pharmaceutique et Sciences biologiques\"}]},{\"@type\":\"WebSite\",\"@id\":\"https:\/\/admin.industriall-union.org\/#website\",\"url\":\"https:\/\/admin.industriall-union.org\/\",\"name\":\"industriall-union\",\"description\":\"\",\"potentialAction\":[{\"@type\":\"SearchAction\",\"target\":{\"@type\":\"EntryPoint\",\"urlTemplate\":\"https:\/\/admin.industriall-union.org\/?s={search_term_string}\"},\"query-input\":{\"@type\":\"PropertyValueSpecification\",\"valueRequired\":true,\"valueName\":\"search_term_string\"}}],\"inLanguage\":\"fr-FR\"}]}<\/script>\n<!-- \/ Yoast SEO Premium plugin. -->","yoast_head_json":{"title":"Chimie, Pharmaceutique et Sciences biologiques - industriall-union","robots":{"index":"index","follow":"follow","max-snippet":"max-snippet:-1","max-image-preview":"max-image-preview:large","max-video-preview":"max-video-preview:-1"},"canonical":"https:\/\/admin.industriall-union.org\/fr\/chimie-pharmacie-et-science-biologique\/","og_locale":"fr_FR","og_type":"article","og_title":"Chimie, Pharmaceutique et Sciences biologiques","og_description":"Chimie, Pharmaceutique et Sciences biologiques IndustriALL Global Union poss\u00e8de un vaste champs d&#039;activit\u00e9s dans les secteurs de la chimie, de la pharmacie et des sciences biologiques, cela inclut &nbsp;des accords-cadres mondiaux, des r\u00e9seaux mondiaux et r\u00e9gionaux au niveau de la soci\u00e9t\u00e9 et du secteur inf\u00e9rieur et diff\u00e9rents courants de dialogue social. Il existe \u00e9galement des [&hellip;]","og_url":"https:\/\/admin.industriall-union.org\/fr\/chimie-pharmacie-et-science-biologique\/","og_site_name":"industriall-union","article_modified_time":"2026-02-03T11:28:59+00:00","twitter_card":"summary_large_image","twitter_misc":{"Est. reading time":"1 minute"},"schema":{"@context":"https:\/\/schema.org","@graph":[{"@type":"WebPage","@id":"https:\/\/admin.industriall-union.org\/fr\/chimie-pharmacie-et-science-biologique\/","url":"https:\/\/admin.industriall-union.org\/fr\/chimie-pharmacie-et-science-biologique\/","name":"Chimie, Pharmaceutique et Sciences biologiques - industriall-union","isPartOf":{"@id":"https:\/\/admin.industriall-union.org\/#website"},"datePublished":"2019-03-08T14:01:50+00:00","dateModified":"2026-02-03T11:28:59+00:00","breadcrumb":{"@id":"https:\/\/admin.industriall-union.org\/fr\/chimie-pharmacie-et-science-biologique\/#breadcrumb"},"inLanguage":"fr-FR","potentialAction":[{"@type":"ReadAction","target":["https:\/\/admin.industriall-union.org\/fr\/chimie-pharmacie-et-science-biologique\/"]}]},{"@type":"BreadcrumbList","@id":"https:\/\/admin.industriall-union.org\/fr\/chimie-pharmacie-et-science-biologique\/#breadcrumb","itemListElement":[{"@type":"ListItem","position":1,"name":"Home","item":"https:\/\/admin.industriall-union.org\/"},{"@type":"ListItem","position":2,"name":"Chimie, Pharmaceutique et Sciences biologiques"}]},{"@type":"WebSite","@id":"https:\/\/admin.industriall-union.org\/#website","url":"https:\/\/admin.industriall-union.org\/","name":"industriall-union","description":"","potentialAction":[{"@type":"SearchAction","target":{"@type":"EntryPoint","urlTemplate":"https:\/\/admin.industriall-union.org\/?s={search_term_string}"},"query-input":{"@type":"PropertyValueSpecification","valueRequired":true,"valueName":"search_term_string"}}],"inLanguage":"fr-FR"}]}},"_links":{"self":[{"href":"https:\/\/admin.industriall-union.org\/fr\/wp-json\/wp\/v2\/pages\/212234","targetHints":{"allow":["GET"]}}],"collection":[{"href":"https:\/\/admin.industriall-union.org\/fr\/wp-json\/wp\/v2\/pages"}],"about":[{"href":"https:\/\/admin.industriall-union.org\/fr\/wp-json\/wp\/v2\/types\/page"}],"author":[{"embeddable":true,"href":"https:\/\/admin.industriall-union.org\/fr\/wp-json\/wp\/v2\/users\/1"}],"replies":[{"embeddable":true,"href":"https:\/\/admin.industriall-union.org\/fr\/wp-json\/wp\/v2\/comments?post=212234"}],"version-history":[{"count":3,"href":"https:\/\/admin.industriall-union.org\/fr\/wp-json\/wp\/v2\/pages\/212234\/revisions"}],"predecessor-version":[{"id":464223,"href":"https:\/\/admin.industriall-union.org\/fr\/wp-json\/wp\/v2\/pages\/212234\/revisions\/464223"}],"wp:attachment":[{"href":"https:\/\/admin.industriall-union.org\/fr\/wp-json\/wp\/v2\/media?parent=212234"}],"wp:term":[{"taxonomy":"issues","embeddable":true,"href":"https:\/\/admin.industriall-union.org\/fr\/wp-json\/wp\/v2\/issues?post=212234"},{"taxonomy":"companies","embeddable":true,"href":"https:\/\/admin.industriall-union.org\/fr\/wp-json\/wp\/v2\/companies?post=212234"},{"taxonomy":"regions","embeddable":true,"href":"https:\/\/admin.industriall-union.org\/fr\/wp-json\/wp\/v2\/regions?post=212234"},{"taxonomy":"sectors","embeddable":true,"href":"https:\/\/admin.industriall-union.org\/fr\/wp-json\/wp\/v2\/sectors?post=212234"},{"taxonomy":"article_tags","embeddable":true,"href":"https:\/\/admin.industriall-union.org\/fr\/wp-json\/wp\/v2\/article_tags?post=212234"}],"curies":[{"name":"wp","href":"https:\/\/api.w.org\/{rel}","templated":true}]}}