{"id":212233,"date":"2019-03-08T13:03:01","date_gmt":"2019-03-08T13:03:01","guid":{"rendered":"https:\/\/admin.industriall-union.org\/energie-petrole-gaz-electricite-et-nucleaire\/"},"modified":"2026-03-12T15:54:48","modified_gmt":"2026-03-12T15:54:48","slug":"energie-petrole-gaz-electricite-et-nucleaire","status":"publish","type":"page","link":"https:\/\/admin.industriall-union.org\/fr\/energie-petrole-gaz-electricite-et-nucleaire\/","title":{"rendered":"\u00c9nergie (p\u00e9trole, gaz, \u00e9lectricit\u00e9 et nucl\u00e9aire)"},"content":{"rendered":"<section class=\"boxTurquoise\">\n<h2>\u00c9nergie (p\u00e9trole, gaz, \u00e9lectricit\u00e9 et nucl\u00e9aire)<\/h2>\n<p>Recouvrant les industries du p\u00e9trole et du gaz ainsi que\u00a0 l&#8217;\u00e9lectricit\u00e9, ind\u00e9pendamment de la m\u00e9thode de production, la Section de l&#8217;Energie est une comp\u00e9tence centrale li\u00e9e en amont \u00e0 l&#8217;extraction de charbon et d&#8217;uranium tout en approvisionnant en aval une grande partie de l&#8217;industrie chimique en mati\u00e8res premi\u00e8res.<\/p>\n<p>Les autres indutries IndustriALL sont pour la plupart \u00e9nergivores, ce qui place IndustriALL dans une position privil\u00e9gi\u00e9e pour \u00e9laborer des politiques globales en \u00e9nergie. Organiser et mettre en r\u00e9seau des Accords Cadres Mondiaux restent donc les priorit\u00e9s de ce secteur.<\/p>\n<h3>Personne de contact<\/h3>\n<table style=\"width: 100%;\" border=\"1\" cellspacing=\"1\" cellpadding=\"1\">\n<tbody>\n<tr>\n<td style=\"text-align: center;\"><img decoding=\"async\" style=\"height: 200px; width: 200px;\" src=\"\/wp-content\/uploads\/images\/People\/Internal\/dianablue.png\" alt=\"\" \/><\/td>\n<td><strong>Diana Junquera Curiel<\/strong><\/p>\n<p>Tel:\u00a0+41 22 308 50 32<\/p>\n<p>Email:\u00a0<a href=\"mailto:DJunquera@industriALL-union.org\u00a0\">DJunquera<\/a><\/td>\n<\/tr>\n<\/tbody>\n<\/table>\n<\/section>\n<h4>Reseaux dans le secteur<\/h4>\n<p><u><strong>1. Global sub-sector networks<\/strong><\/u><\/p>\n<table style=\"width: 500px;\" border=\"1\" cellspacing=\"1\" cellpadding=\"1\">\n<tbody>\n<tr>\n<td>International Nuclear Workers&#8217; Union Network (INWUN)<\/td>\n<\/tr>\n<\/tbody>\n<\/table>\n<p><u><strong>2. R\u00e9seaux r\u00e9gionaux<\/strong><\/u><\/p>\n<table style=\"width: 500px;\" border=\"1\" cellspacing=\"1\" cellpadding=\"1\">\n<tbody>\n<tr>\n<td><strong>Electricit\u00e9<\/strong><\/td>\n<\/tr>\n<tr>\n<td>Latin America &#8211; Caribe Electricity Union Network<\/td>\n<\/tr>\n<tr>\n<td>Middle East and North Africa Electricity Network<\/td>\n<\/tr>\n<tr>\n<td>Sub-Saharan Africa Energy Network (SAEN)<\/td>\n<\/tr>\n<tr>\n<td>Asia-Pacific Electricity Network (APEN)<\/td>\n<\/tr>\n<tr>\n<td><strong>P\u00e9trole, gaz<\/strong><\/td>\n<\/tr>\n<tr>\n<td>Middle East and North Africa Oil and Gas Union Network<\/td>\n<\/tr>\n<tr>\n<td>Asia-Pacific Oil and Gas Union Network<\/td>\n<\/tr>\n<tr>\n<td>Latin American &#8211; Caribe\u00a0Oil and Gas Union Network<\/td>\n<\/tr>\n<tr>\n<td>Sub-Saharan Africa Oil and Gas Union Network<\/td>\n<\/tr>\n<\/tbody>\n<\/table>\n<p><u><strong>3. R\u00e9seaux d&#8217;entreprises<\/strong><\/u><\/p>\n<table style=\"width: 500px;\" border=\"1\" cellspacing=\"1\" cellpadding=\"1\">\n<tbody>\n<tr>\n<td>Shell Global Union Network<\/td>\n<\/tr>\n<tr>\n<td>Enel Latin America Network<\/td>\n<\/tr>\n<tr>\n<td>Repsol Latin America Network<\/td>\n<\/tr>\n<\/tbody>\n<\/table>\n<h4>Accords-cadres mondiaux\u00a0(ACM) dans le secteur de l&#8217;\u00e9nergie<\/h4>\n<table style=\"width: 500px;\" border=\"1\" cellspacing=\"1\" cellpadding=\"1\">\n<tbody>\n<tr>\n<td style=\"text-align: center;\"><a href=\"https:\/\/www.industriall-union.org\/edf\"><img decoding=\"async\" style=\"width: 50px; height: 68px;\" src=\"\/wp-content\/uploads\/images\/Company-Logos\/edf.jpg\" alt=\"\" \/><\/a><\/td>\n<td style=\"text-align: center;\"><a href=\"https:\/\/www.industriall-union.org\/industriall-and-psi-reach-global-agreement-with-enel\"><img decoding=\"async\" style=\"width: 120px; height: 91px;\" src=\"\/wp-content\/uploads\/images\/Company-Logos\/enel2.png\" alt=\"\" \/><\/a><\/td>\n<td style=\"text-align: center;\"><a href=\"https:\/\/www.industriall-union.org\/gdf-suez\"><img decoding=\"async\" style=\"width: 150px; height: 107px;\" src=\"\/wp-content\/uploads\/images\/Company-Logos\/engie.png\" alt=\"\" \/><\/a><\/td>\n<td style=\"text-align: center;\"><a href=\"https:\/\/www.industriall-union.org\/industriall-renews-the-agreement-with-statoil\"><img decoding=\"async\" style=\"width: 150px; height: 78px;\" src=\"\/wp-content\/uploads\/images\/Company-Logos\/equinor_horiz_logo_rgb_red.jpg\" alt=\"\" \/><\/a><\/td>\n<td style=\"text-align: center;\"><a href=\"https:\/\/www.industriall-union.org\/industriall-renews-global-agreement-with-siemens-gamesa\"><img decoding=\"async\" style=\"width: 150px; height: 126px;\" src=\"\/wp-content\/uploads\/images\/Company-Logos\/siemensgamesa.png\" alt=\"\" \/><\/a><\/td>\n<td style=\"text-align: center;\"><\/td>\n<td style=\"text-align: center;\"><\/td>\n<td style=\"text-align: center;\"><\/td>\n<\/tr>\n<tr>\n<td style=\"text-align: center;\"><a href=\"https:\/\/www.industriall-union.org\/industriall-renews-global-agreement-with-energy-company-eni\"><img decoding=\"async\" style=\"width: 100px; height: 99px;\" src=\"\/wp-content\/uploads\/images\/Company-Logos\/eni.jpg\" alt=\"\" \/><\/a><\/td>\n<td style=\"text-align: center;\"><a href=\"https:\/\/www.industriall-union.org\/industriall-and-lukoil-renew-global-agreement\"><img decoding=\"async\" style=\"width: 70px; height: 89px;\" src=\"\/wp-content\/uploads\/images\/Company-Logos\/lukoil.png\" alt=\"\" \/><\/a><\/td>\n<td style=\"text-align: center;\"><a href=\"https:\/\/www.industriall-union.org\/industriall-signs-global-union-agreement-with-total\"><img decoding=\"async\" style=\"width: 250px; height: 79px; float: left;\" src=\"\/wp-content\/uploads\/images\/Company-Logos\/total-logo.png\" alt=\"\" \/><\/a><\/td>\n<td style=\"text-align: center;\"><a href=\"https:\/\/www.industriall-union.org\/petrobras\"><img decoding=\"async\" style=\"width: 150px; height: 90px;\" src=\"\/wp-content\/uploads\/images\/Company-Logos\/petrobras.jpg.gif\" alt=\"\" \/><\/a><\/td>\n<td style=\"text-align: center;\"><\/td>\n<td style=\"text-align: center;\"><\/td>\n<td style=\"text-align: center;\"><\/td>\n<td><\/td>\n<\/tr>\n<\/tbody>\n<\/table>\n<h4>Publications<\/h4>\n<table style=\"width: 100%;\" border=\"1\" cellspacing=\"1\" cellpadding=\"1\">\n<tbody>\n<tr>\n<td style=\"text-align: center;\" colspan=\"3\"><strong>Energy transition perspectives and trends: patterns, scenarios and impacts<\/strong><\/td>\n<\/tr>\n<tr>\n<td><a href=\"\/wp-content\/uploads\/documents\/2021\/Energy\/sr_energy_transition_en_v13.pdf\"><img decoding=\"async\" style=\"width: 200px; height: 284px;\" src=\"\/wp-content\/uploads\/images\/2020\/SWITZERLAND\/EnergyReport\/sr_energy_en_cover.png\" alt=\"\" \/><\/a><\/td>\n<td><a href=\"\/wp-content\/uploads\/documents\/2021\/Energy\/sr_energy_transition_es_v31.pdf\"><img decoding=\"async\" style=\"width: 200px; height: 282px;\" src=\"\/wp-content\/uploads\/images\/2020\/SWITZERLAND\/EnergyReport\/sr_energy_sp_cover.png\" alt=\"\" \/><\/a><\/td>\n<td><a href=\"\/wp-content\/uploads\/documents\/2021\/Energy\/sr_energy_transition_fr_v2.pdf\"><img decoding=\"async\" style=\"width: 200px; height: 284px;\" src=\"\/wp-content\/uploads\/images\/2020\/SWITZERLAND\/EnergyReport\/sr_energy_fr_cover.png\" alt=\"\" \/><\/a><\/td>\n<\/tr>\n<tr>\n<td style=\"text-align: center;\"><a href=\"\/wp-content\/uploads\/documents\/2021\/Energy\/sr_energy_transition_en_v13.pdf\">ENG<\/a><\/td>\n<td style=\"text-align: center;\"><a href=\"\/wp-content\/uploads\/documents\/2021\/Energy\/sr_energy_transition_es_v31.pdf\">ESP<\/a><\/td>\n<td style=\"text-align: center;\"><a href=\"\/wp-content\/uploads\/documents\/2021\/Energy\/sr_energy_transition_fr_v2.pdf\">FRA<\/a><\/td>\n<\/tr>\n<\/tbody>\n<\/table>\n<p>In-depth articles<\/p>\n<figure class=\"imageArticle imageFull\"><img decoding=\"async\" style=\"width: 1440px; height: 1080px;\" src=\"\/wp-content\/uploads\/styles\/article_top_image_w1440\/public\/uploads\/images\/2021\/UK\/COP26\/science_centre.jpg\" alt=\"\" \/><figcaption class=\"imageContent\">\n<div class=\"imageTitle\">\n<h1 style=\"text-align: right;\"><a href=\"https:\/\/www.industriall-union.org\/fr\/dossier-ce-qui-sest-passe-a-la-cop26-et-ce-que-cela-signifie-pour-le-monde-du-travail\">DOSSIER : Ce qui s&#8217;est pass\u00e9 \u00e0 la COP26 et ce que cela signifie pour le monde du travail<\/a><\/h1>\n<\/div>\n<div class=\"imageCaption\">\n<p>Global Worker report &#8211; NOV 2021<\/p>\n<\/div>\n<\/figcaption><\/figure>\n<figure class=\"imageArticle imageMedium\"><span style=\"font-size: 2.4rem; font-weight: 800;\">Publications<\/span><\/figure>\n<table style=\"width: 100%;\" border=\"1\" cellspacing=\"1\" cellpadding=\"1\">\n<tbody>\n<tr>\n<td style=\"text-align: center;\" colspan=\"3\"><strong>Energy transition perspectives and trends: patterns, scenarios and impacts<\/strong><\/td>\n<\/tr>\n<tr>\n<td><a href=\"\/wp-content\/uploads\/documents\/2021\/Energy\/sr_energy_transition_en_v13.pdf\"><img decoding=\"async\" style=\"width: 250px; height: 355px;\" src=\"\/wp-content\/uploads\/images\/2020\/SWITZERLAND\/EnergyReport\/sr_energy_en_cover.png\" alt=\"\" \/><\/a><\/td>\n<td><a href=\"\/wp-content\/uploads\/documents\/2021\/Energy\/sr_energy_transition_es_v31.pdf\"><img decoding=\"async\" style=\"width: 250px; height: 353px;\" src=\"\/wp-content\/uploads\/images\/2020\/SWITZERLAND\/EnergyReport\/sr_energy_sp_cover.png\" alt=\"\" \/><\/a><\/td>\n<td><a href=\"\/wp-content\/uploads\/documents\/2021\/Energy\/sr_energy_transition_fr_v2.pdf\"><img decoding=\"async\" style=\"width: 250px; height: 354px;\" src=\"\/wp-content\/uploads\/images\/2020\/SWITZERLAND\/EnergyReport\/sr_energy_fr_cover.png\" alt=\"\" \/><\/a><\/td>\n<\/tr>\n<tr>\n<td style=\"text-align: center;\"><a href=\"\/wp-content\/uploads\/documents\/2021\/Energy\/sr_energy_transition_en_v13.pdf\">ENG<\/a><\/td>\n<td style=\"text-align: center;\"><a href=\"\/wp-content\/uploads\/documents\/2021\/Energy\/sr_energy_transition_es_v31.pdf\">ESP<\/a><\/td>\n<td style=\"text-align: center;\"><a href=\"\/wp-content\/uploads\/documents\/2021\/Energy\/sr_energy_transition_fr_v2.pdf\">FRA<\/a><\/td>\n<\/tr>\n<\/tbody>\n<\/table>\n","protected":false},"excerpt":{"rendered":"<p>\u00c9nergie (p\u00e9trole, gaz, \u00e9lectricit\u00e9 et nucl\u00e9aire) Recouvrant les industries du p\u00e9trole et du gaz ainsi que\u00a0 l&#8217;\u00e9lectricit\u00e9, ind\u00e9pendamment de la m\u00e9thode de production, la Section de l&#8217;Energie est une comp\u00e9tence centrale li\u00e9e en amont \u00e0 l&#8217;extraction de charbon et d&#8217;uranium tout en approvisionnant en aval une grande partie de l&#8217;industrie chimique en mati\u00e8res premi\u00e8res. Les [&hellip;]<\/p>\n","protected":false},"author":1,"featured_media":0,"parent":0,"menu_order":0,"comment_status":"closed","ping_status":"closed","template":"","meta":{"_acf_changed":false,"footnotes":""},"issues":[],"companies":[],"regions":[],"sectors":[434],"article_tags":[],"class_list":["post-212233","page","type-page","status-publish","hentry","sectors-energie-petrole-gaz-electricite-et-nucleaire"],"acf":[],"yoast_head":"<!-- This site is optimized with the Yoast SEO Premium plugin v27.1 (Yoast SEO v27.1) - https:\/\/yoast.com\/product\/yoast-seo-premium-wordpress\/ -->\n<title>\u00c9nergie (p\u00e9trole, gaz, \u00e9lectricit\u00e9 et nucl\u00e9aire) - industriall-union<\/title>\n<meta name=\"robots\" content=\"index, follow, max-snippet:-1, max-image-preview:large, max-video-preview:-1\" \/>\n<link rel=\"canonical\" href=\"https:\/\/admin.industriall-union.org\/fr\/energie-petrole-gaz-electricite-et-nucleaire\/\" \/>\n<meta property=\"og:locale\" content=\"fr_FR\" \/>\n<meta property=\"og:type\" content=\"article\" \/>\n<meta property=\"og:title\" content=\"\u00c9nergie (p\u00e9trole, gaz, \u00e9lectricit\u00e9 et nucl\u00e9aire)\" \/>\n<meta property=\"og:description\" content=\"\u00c9nergie (p\u00e9trole, gaz, \u00e9lectricit\u00e9 et nucl\u00e9aire) Recouvrant les industries du p\u00e9trole et du gaz ainsi que\u00a0 l&#8217;\u00e9lectricit\u00e9, ind\u00e9pendamment de la m\u00e9thode de production, la Section de l&#8217;Energie est une comp\u00e9tence centrale li\u00e9e en amont \u00e0 l&#8217;extraction de charbon et d&#8217;uranium tout en approvisionnant en aval une grande partie de l&#8217;industrie chimique en mati\u00e8res premi\u00e8res. Les [&hellip;]\" \/>\n<meta property=\"og:url\" content=\"https:\/\/admin.industriall-union.org\/fr\/energie-petrole-gaz-electricite-et-nucleaire\/\" \/>\n<meta property=\"og:site_name\" content=\"industriall-union\" \/>\n<meta property=\"article:modified_time\" content=\"2026-03-12T15:54:48+00:00\" \/>\n<meta name=\"twitter:card\" content=\"summary_large_image\" \/>\n<meta name=\"twitter:label1\" content=\"Est. reading time\" \/>\n\t<meta name=\"twitter:data1\" content=\"5 minutes\" \/>\n<script type=\"application\/ld+json\" class=\"yoast-schema-graph\">{\"@context\":\"https:\/\/schema.org\",\"@graph\":[{\"@type\":\"WebPage\",\"@id\":\"https:\/\/admin.industriall-union.org\/fr\/energie-petrole-gaz-electricite-et-nucleaire\/\",\"url\":\"https:\/\/admin.industriall-union.org\/fr\/energie-petrole-gaz-electricite-et-nucleaire\/\",\"name\":\"\u00c9nergie (p\u00e9trole, gaz, \u00e9lectricit\u00e9 et nucl\u00e9aire) - industriall-union\",\"isPartOf\":{\"@id\":\"https:\/\/admin.industriall-union.org\/#website\"},\"datePublished\":\"2019-03-08T13:03:01+00:00\",\"dateModified\":\"2026-03-12T15:54:48+00:00\",\"breadcrumb\":{\"@id\":\"https:\/\/admin.industriall-union.org\/fr\/energie-petrole-gaz-electricite-et-nucleaire\/#breadcrumb\"},\"inLanguage\":\"fr-FR\",\"potentialAction\":[{\"@type\":\"ReadAction\",\"target\":[\"https:\/\/admin.industriall-union.org\/fr\/energie-petrole-gaz-electricite-et-nucleaire\/\"]}]},{\"@type\":\"BreadcrumbList\",\"@id\":\"https:\/\/admin.industriall-union.org\/fr\/energie-petrole-gaz-electricite-et-nucleaire\/#breadcrumb\",\"itemListElement\":[{\"@type\":\"ListItem\",\"position\":1,\"name\":\"Home\",\"item\":\"https:\/\/admin.industriall-union.org\/\"},{\"@type\":\"ListItem\",\"position\":2,\"name\":\"\u00c9nergie (p\u00e9trole, gaz, \u00e9lectricit\u00e9 et nucl\u00e9aire)\"}]},{\"@type\":\"WebSite\",\"@id\":\"https:\/\/admin.industriall-union.org\/#website\",\"url\":\"https:\/\/admin.industriall-union.org\/\",\"name\":\"industriall-union\",\"description\":\"\",\"potentialAction\":[{\"@type\":\"SearchAction\",\"target\":{\"@type\":\"EntryPoint\",\"urlTemplate\":\"https:\/\/admin.industriall-union.org\/?s={search_term_string}\"},\"query-input\":{\"@type\":\"PropertyValueSpecification\",\"valueRequired\":true,\"valueName\":\"search_term_string\"}}],\"inLanguage\":\"fr-FR\"}]}<\/script>\n<!-- \/ Yoast SEO Premium plugin. -->","yoast_head_json":{"title":"\u00c9nergie (p\u00e9trole, gaz, \u00e9lectricit\u00e9 et nucl\u00e9aire) - industriall-union","robots":{"index":"index","follow":"follow","max-snippet":"max-snippet:-1","max-image-preview":"max-image-preview:large","max-video-preview":"max-video-preview:-1"},"canonical":"https:\/\/admin.industriall-union.org\/fr\/energie-petrole-gaz-electricite-et-nucleaire\/","og_locale":"fr_FR","og_type":"article","og_title":"\u00c9nergie (p\u00e9trole, gaz, \u00e9lectricit\u00e9 et nucl\u00e9aire)","og_description":"\u00c9nergie (p\u00e9trole, gaz, \u00e9lectricit\u00e9 et nucl\u00e9aire) Recouvrant les industries du p\u00e9trole et du gaz ainsi que\u00a0 l&#8217;\u00e9lectricit\u00e9, ind\u00e9pendamment de la m\u00e9thode de production, la Section de l&#8217;Energie est une comp\u00e9tence centrale li\u00e9e en amont \u00e0 l&#8217;extraction de charbon et d&#8217;uranium tout en approvisionnant en aval une grande partie de l&#8217;industrie chimique en mati\u00e8res premi\u00e8res. Les [&hellip;]","og_url":"https:\/\/admin.industriall-union.org\/fr\/energie-petrole-gaz-electricite-et-nucleaire\/","og_site_name":"industriall-union","article_modified_time":"2026-03-12T15:54:48+00:00","twitter_card":"summary_large_image","twitter_misc":{"Est. reading time":"5 minutes"},"schema":{"@context":"https:\/\/schema.org","@graph":[{"@type":"WebPage","@id":"https:\/\/admin.industriall-union.org\/fr\/energie-petrole-gaz-electricite-et-nucleaire\/","url":"https:\/\/admin.industriall-union.org\/fr\/energie-petrole-gaz-electricite-et-nucleaire\/","name":"\u00c9nergie (p\u00e9trole, gaz, \u00e9lectricit\u00e9 et nucl\u00e9aire) - industriall-union","isPartOf":{"@id":"https:\/\/admin.industriall-union.org\/#website"},"datePublished":"2019-03-08T13:03:01+00:00","dateModified":"2026-03-12T15:54:48+00:00","breadcrumb":{"@id":"https:\/\/admin.industriall-union.org\/fr\/energie-petrole-gaz-electricite-et-nucleaire\/#breadcrumb"},"inLanguage":"fr-FR","potentialAction":[{"@type":"ReadAction","target":["https:\/\/admin.industriall-union.org\/fr\/energie-petrole-gaz-electricite-et-nucleaire\/"]}]},{"@type":"BreadcrumbList","@id":"https:\/\/admin.industriall-union.org\/fr\/energie-petrole-gaz-electricite-et-nucleaire\/#breadcrumb","itemListElement":[{"@type":"ListItem","position":1,"name":"Home","item":"https:\/\/admin.industriall-union.org\/"},{"@type":"ListItem","position":2,"name":"\u00c9nergie (p\u00e9trole, gaz, \u00e9lectricit\u00e9 et nucl\u00e9aire)"}]},{"@type":"WebSite","@id":"https:\/\/admin.industriall-union.org\/#website","url":"https:\/\/admin.industriall-union.org\/","name":"industriall-union","description":"","potentialAction":[{"@type":"SearchAction","target":{"@type":"EntryPoint","urlTemplate":"https:\/\/admin.industriall-union.org\/?s={search_term_string}"},"query-input":{"@type":"PropertyValueSpecification","valueRequired":true,"valueName":"search_term_string"}}],"inLanguage":"fr-FR"}]}},"_links":{"self":[{"href":"https:\/\/admin.industriall-union.org\/fr\/wp-json\/wp\/v2\/pages\/212233","targetHints":{"allow":["GET"]}}],"collection":[{"href":"https:\/\/admin.industriall-union.org\/fr\/wp-json\/wp\/v2\/pages"}],"about":[{"href":"https:\/\/admin.industriall-union.org\/fr\/wp-json\/wp\/v2\/types\/page"}],"author":[{"embeddable":true,"href":"https:\/\/admin.industriall-union.org\/fr\/wp-json\/wp\/v2\/users\/1"}],"replies":[{"embeddable":true,"href":"https:\/\/admin.industriall-union.org\/fr\/wp-json\/wp\/v2\/comments?post=212233"}],"version-history":[{"count":4,"href":"https:\/\/admin.industriall-union.org\/fr\/wp-json\/wp\/v2\/pages\/212233\/revisions"}],"predecessor-version":[{"id":467559,"href":"https:\/\/admin.industriall-union.org\/fr\/wp-json\/wp\/v2\/pages\/212233\/revisions\/467559"}],"wp:attachment":[{"href":"https:\/\/admin.industriall-union.org\/fr\/wp-json\/wp\/v2\/media?parent=212233"}],"wp:term":[{"taxonomy":"issues","embeddable":true,"href":"https:\/\/admin.industriall-union.org\/fr\/wp-json\/wp\/v2\/issues?post=212233"},{"taxonomy":"companies","embeddable":true,"href":"https:\/\/admin.industriall-union.org\/fr\/wp-json\/wp\/v2\/companies?post=212233"},{"taxonomy":"regions","embeddable":true,"href":"https:\/\/admin.industriall-union.org\/fr\/wp-json\/wp\/v2\/regions?post=212233"},{"taxonomy":"sectors","embeddable":true,"href":"https:\/\/admin.industriall-union.org\/fr\/wp-json\/wp\/v2\/sectors?post=212233"},{"taxonomy":"article_tags","embeddable":true,"href":"https:\/\/admin.industriall-union.org\/fr\/wp-json\/wp\/v2\/article_tags?post=212233"}],"curies":[{"name":"wp","href":"https:\/\/api.w.org\/{rel}","templated":true}]}}