{"id":212213,"date":"2019-03-11T14:49:13","date_gmt":"2019-03-11T14:49:13","guid":{"rendered":"https:\/\/admin.industriall-union.org\/mines-et-dgojp\/"},"modified":"2026-02-03T11:18:03","modified_gmt":"2026-02-03T11:18:03","slug":"mines-et-dgojp","status":"publish","type":"page","link":"https:\/\/admin.industriall-union.org\/fr\/mines-et-dgojp\/","title":{"rendered":"Mines et DGOJP"},"content":{"rendered":"<p>IndustriALL s&#039;emploie \u00e0 renforcer le pouvoir syndical et \u00e0 renforcer les syndicats des secteurs de l&#039;extraction mini\u00e8re et du traitement des diamants, des pierres pr\u00e9cieuses, des ornements et des bijoux, par le biais de r\u00e9seaux de soutien mondiaux, en faisant campagne et en organisant des actions pour pr\u00e9venir &laquo;la course vers le bas&raquo;.<\/p><p>On estime que le secteur minier formel emploie plus de 3,7 millions de personnes dans le monde, dont 1,5 million dans des pays d\u00e9velopp\u00e9s et 2,2 millions dans des pays en d\u00e9veloppement.<\/p><p>Environ 70 syndicats nationaux sont affili\u00e9s \u00e0 IndustriALL dans le secteur, ce qui comprend des liens en amont avec les syndicats des cha\u00eenes d&#039;approvisionnement mondiales dans la production de diamants, de pierres pr\u00e9cieuses, d&#039;ornements et de bijoux, ainsi qu&#039;en aval avec d&#039;autres secteurs d&#039;IndustriALL, tels que l&#039;automobile, les produits chimiques, m\u00e9taux de base, a\u00e9rospatiale, TIC, \u00e9lectricit\u00e9 et \u00e9lectronique, et \u00e9nergie.<\/p><h2><span class=\"turquoise\">Campagnes en cours<\/span><\/h2><figure class=\"imageArticle imageFull\"><a href=\"http:\/\/industriall.consids5.se\/fr\/ratifiez-la-c176-de-loit\" target=\"_blank\"><img decoding=\"async\" alt=\"\" src=\"\/wp-content\/uploads\/images\/General-pics\/MIning\/minesafety.jpg\" \/><\/a><figcaption class=\"imageContent\"><div class=\"imageTitle\"><h1 style=\"text-align: right\"><a href=\"http:\/\/industriall.consids5.se\/fr\/ratifiez-la-c176-de-loit\"><span style=\"color:#ffffff\">Ratifier et mettre en \u0153uvre la <\/span><span style=\"color:#f1c40f\">Convention 176 de l&#039;OIT<\/span><span style=\"color:#ffffff\"> sur la s\u00e9curit\u00e9 and Health in Mines<\/span><\/a><\/h1><\/div><div class=\"imageCaption\"><p>&quot;Plus l&#039;union est forte, plus la mine est s\u00fbre&quot;<\/p><\/div><\/figcaption><\/figure><p><strong>Personne de contact:<\/strong><\/p><table border=\"1\" cellpadding=\"1\" cellspacing=\"1\" style=\"width:100%\"><tbody><tr><td><strong><img decoding=\"async\" alt=\"\" src=\"\/wp-content\/uploads\/images\/People\/Internal\/IndustriALL-Staff\/glen_mpufane_1.jpg\" style=\"width: 200px;height: 190px\" \/><\/strong><\/td><td><strong>Glen Mpufane<\/strong><br \/>Tel. +41 22 304 1845<br \/>Fax: +41 22 308 5055<br \/>e-mail: <a href=\"http:\/\/gmpufane@industriall-union.org\">gmpufane@industriall-union.org<\/a><\/td><\/tr><\/tbody><\/table>","protected":false},"excerpt":{"rendered":"<p>IndustriALL s&#039;emploie \u00e0 renforcer le pouvoir syndical et \u00e0 renforcer les syndicats des secteurs de l&#039;extraction mini\u00e8re et du traitement des diamants, des pierres pr\u00e9cieuses, des ornements et des bijoux, par le biais de r\u00e9seaux de soutien mondiaux, en faisant campagne et en organisant des actions pour pr\u00e9venir &laquo;la course vers le bas&raquo;. On estime [&hellip;]<\/p>\n","protected":false},"author":1,"featured_media":0,"parent":0,"menu_order":0,"comment_status":"closed","ping_status":"closed","template":"","meta":{"_acf_changed":false,"footnotes":""},"issues":[],"companies":[],"regions":[],"sectors":[443],"article_tags":[],"class_list":["post-212213","page","type-page","status-publish","hentry","sectors-mines-et-dgojp"],"acf":[],"yoast_head":"<!-- This site is optimized with the Yoast SEO Premium plugin v27.1 (Yoast SEO v27.1) - https:\/\/yoast.com\/product\/yoast-seo-premium-wordpress\/ -->\n<title>Mines et DGOJP - industriall-union<\/title>\n<meta name=\"robots\" content=\"index, follow, max-snippet:-1, max-image-preview:large, max-video-preview:-1\" \/>\n<link rel=\"canonical\" href=\"https:\/\/admin.industriall-union.org\/fr\/mines-et-dgojp\/\" \/>\n<meta property=\"og:locale\" content=\"fr_FR\" \/>\n<meta property=\"og:type\" content=\"article\" \/>\n<meta property=\"og:title\" content=\"Mines et DGOJP\" \/>\n<meta property=\"og:description\" content=\"IndustriALL s&#039;emploie \u00e0 renforcer le pouvoir syndical et \u00e0 renforcer les syndicats des secteurs de l&#039;extraction mini\u00e8re et du traitement des diamants, des pierres pr\u00e9cieuses, des ornements et des bijoux, par le biais de r\u00e9seaux de soutien mondiaux, en faisant campagne et en organisant des actions pour pr\u00e9venir &laquo;la course vers le bas&raquo;. On estime [&hellip;]\" \/>\n<meta property=\"og:url\" content=\"https:\/\/admin.industriall-union.org\/fr\/mines-et-dgojp\/\" \/>\n<meta property=\"og:site_name\" content=\"industriall-union\" \/>\n<meta property=\"article:modified_time\" content=\"2026-02-03T11:18:03+00:00\" \/>\n<meta name=\"twitter:card\" content=\"summary_large_image\" \/>\n<meta name=\"twitter:label1\" content=\"Est. reading time\" \/>\n\t<meta name=\"twitter:data1\" content=\"1 minute\" \/>\n<script type=\"application\/ld+json\" class=\"yoast-schema-graph\">{\"@context\":\"https:\/\/schema.org\",\"@graph\":[{\"@type\":\"WebPage\",\"@id\":\"https:\/\/admin.industriall-union.org\/fr\/mines-et-dgojp\/\",\"url\":\"https:\/\/admin.industriall-union.org\/fr\/mines-et-dgojp\/\",\"name\":\"Mines et DGOJP - industriall-union\",\"isPartOf\":{\"@id\":\"https:\/\/admin.industriall-union.org\/fr\/#website\"},\"datePublished\":\"2019-03-11T14:49:13+00:00\",\"dateModified\":\"2026-02-03T11:18:03+00:00\",\"breadcrumb\":{\"@id\":\"https:\/\/admin.industriall-union.org\/fr\/mines-et-dgojp\/#breadcrumb\"},\"inLanguage\":\"fr-FR\",\"potentialAction\":[{\"@type\":\"ReadAction\",\"target\":[\"https:\/\/admin.industriall-union.org\/fr\/mines-et-dgojp\/\"]}]},{\"@type\":\"BreadcrumbList\",\"@id\":\"https:\/\/admin.industriall-union.org\/fr\/mines-et-dgojp\/#breadcrumb\",\"itemListElement\":[{\"@type\":\"ListItem\",\"position\":1,\"name\":\"Home\",\"item\":\"https:\/\/admin.industriall-union.org\/fr\/\"},{\"@type\":\"ListItem\",\"position\":2,\"name\":\"Mines et DGOJP\"}]},{\"@type\":\"WebSite\",\"@id\":\"https:\/\/admin.industriall-union.org\/fr\/#website\",\"url\":\"https:\/\/admin.industriall-union.org\/fr\/\",\"name\":\"industriall-union\",\"description\":\"\",\"potentialAction\":[{\"@type\":\"SearchAction\",\"target\":{\"@type\":\"EntryPoint\",\"urlTemplate\":\"https:\/\/admin.industriall-union.org\/fr\/?s={search_term_string}\"},\"query-input\":{\"@type\":\"PropertyValueSpecification\",\"valueRequired\":true,\"valueName\":\"search_term_string\"}}],\"inLanguage\":\"fr-FR\"}]}<\/script>\n<!-- \/ Yoast SEO Premium plugin. -->","yoast_head_json":{"title":"Mines et DGOJP - industriall-union","robots":{"index":"index","follow":"follow","max-snippet":"max-snippet:-1","max-image-preview":"max-image-preview:large","max-video-preview":"max-video-preview:-1"},"canonical":"https:\/\/admin.industriall-union.org\/fr\/mines-et-dgojp\/","og_locale":"fr_FR","og_type":"article","og_title":"Mines et DGOJP","og_description":"IndustriALL s&#039;emploie \u00e0 renforcer le pouvoir syndical et \u00e0 renforcer les syndicats des secteurs de l&#039;extraction mini\u00e8re et du traitement des diamants, des pierres pr\u00e9cieuses, des ornements et des bijoux, par le biais de r\u00e9seaux de soutien mondiaux, en faisant campagne et en organisant des actions pour pr\u00e9venir &laquo;la course vers le bas&raquo;. On estime [&hellip;]","og_url":"https:\/\/admin.industriall-union.org\/fr\/mines-et-dgojp\/","og_site_name":"industriall-union","article_modified_time":"2026-02-03T11:18:03+00:00","twitter_card":"summary_large_image","twitter_misc":{"Est. reading time":"1 minute"},"schema":{"@context":"https:\/\/schema.org","@graph":[{"@type":"WebPage","@id":"https:\/\/admin.industriall-union.org\/fr\/mines-et-dgojp\/","url":"https:\/\/admin.industriall-union.org\/fr\/mines-et-dgojp\/","name":"Mines et DGOJP - industriall-union","isPartOf":{"@id":"https:\/\/admin.industriall-union.org\/fr\/#website"},"datePublished":"2019-03-11T14:49:13+00:00","dateModified":"2026-02-03T11:18:03+00:00","breadcrumb":{"@id":"https:\/\/admin.industriall-union.org\/fr\/mines-et-dgojp\/#breadcrumb"},"inLanguage":"fr-FR","potentialAction":[{"@type":"ReadAction","target":["https:\/\/admin.industriall-union.org\/fr\/mines-et-dgojp\/"]}]},{"@type":"BreadcrumbList","@id":"https:\/\/admin.industriall-union.org\/fr\/mines-et-dgojp\/#breadcrumb","itemListElement":[{"@type":"ListItem","position":1,"name":"Home","item":"https:\/\/admin.industriall-union.org\/fr\/"},{"@type":"ListItem","position":2,"name":"Mines et DGOJP"}]},{"@type":"WebSite","@id":"https:\/\/admin.industriall-union.org\/fr\/#website","url":"https:\/\/admin.industriall-union.org\/fr\/","name":"industriall-union","description":"","potentialAction":[{"@type":"SearchAction","target":{"@type":"EntryPoint","urlTemplate":"https:\/\/admin.industriall-union.org\/fr\/?s={search_term_string}"},"query-input":{"@type":"PropertyValueSpecification","valueRequired":true,"valueName":"search_term_string"}}],"inLanguage":"fr-FR"}]}},"_links":{"self":[{"href":"https:\/\/admin.industriall-union.org\/fr\/wp-json\/wp\/v2\/pages\/212213","targetHints":{"allow":["GET"]}}],"collection":[{"href":"https:\/\/admin.industriall-union.org\/fr\/wp-json\/wp\/v2\/pages"}],"about":[{"href":"https:\/\/admin.industriall-union.org\/fr\/wp-json\/wp\/v2\/types\/page"}],"author":[{"embeddable":true,"href":"https:\/\/admin.industriall-union.org\/fr\/wp-json\/wp\/v2\/users\/1"}],"replies":[{"embeddable":true,"href":"https:\/\/admin.industriall-union.org\/fr\/wp-json\/wp\/v2\/comments?post=212213"}],"version-history":[{"count":3,"href":"https:\/\/admin.industriall-union.org\/fr\/wp-json\/wp\/v2\/pages\/212213\/revisions"}],"predecessor-version":[{"id":464216,"href":"https:\/\/admin.industriall-union.org\/fr\/wp-json\/wp\/v2\/pages\/212213\/revisions\/464216"}],"wp:attachment":[{"href":"https:\/\/admin.industriall-union.org\/fr\/wp-json\/wp\/v2\/media?parent=212213"}],"wp:term":[{"taxonomy":"issues","embeddable":true,"href":"https:\/\/admin.industriall-union.org\/fr\/wp-json\/wp\/v2\/issues?post=212213"},{"taxonomy":"companies","embeddable":true,"href":"https:\/\/admin.industriall-union.org\/fr\/wp-json\/wp\/v2\/companies?post=212213"},{"taxonomy":"regions","embeddable":true,"href":"https:\/\/admin.industriall-union.org\/fr\/wp-json\/wp\/v2\/regions?post=212213"},{"taxonomy":"sectors","embeddable":true,"href":"https:\/\/admin.industriall-union.org\/fr\/wp-json\/wp\/v2\/sectors?post=212213"},{"taxonomy":"article_tags","embeddable":true,"href":"https:\/\/admin.industriall-union.org\/fr\/wp-json\/wp\/v2\/article_tags?post=212213"}],"curies":[{"name":"wp","href":"https:\/\/api.w.org\/{rel}","templated":true}]}}