{"id":212212,"date":"2019-03-11T14:59:43","date_gmt":"2019-03-11T14:59:43","guid":{"rendered":"https:\/\/admin.industriall-union.org\/pates-et-papiers\/"},"modified":"2026-02-03T11:17:48","modified_gmt":"2026-02-03T11:17:48","slug":"pates-et-papiers","status":"publish","type":"page","link":"https:\/\/admin.industriall-union.org\/fr\/pates-et-papiers\/","title":{"rendered":"P\u00e2tes et papiers"},"content":{"rendered":"<section class=\"boxTurquoise\"><h2>P\u00e2tes et papiers<\/h2><p>La production et la conversion de la p\u00e2te, du paper, du carton et de l&#039;emballage est un secteur actif au sein d&#039;IndustriALL. Ce secteur, dirig\u00e9 par un activiste du Work Group, est constitu\u00e9 d&#039;environ 90 syndicats de par le monde qui peuvent se targuer d&#039;un soutien, d&#039;une solidarit\u00e9 et de r\u00e9ponses communes venant toujours conclure toute dispute ou conflit pouvant les opposer les uns aux autres.<\/p><h3>Contact<\/h3><table border=\"1\" cellpadding=\"1\" cellspacing=\"1\" style=\"width:100%\"><tbody><tr><td><h4 style=\"text-align: center\"><strong><img decoding=\"async\" alt=\"\" src=\"\/wp-content\/uploads\/images\/People\/Internal\/IndustriALL-Staff\/tgrintersector.png\" style=\"width: 200px;height: 200px\" \/><\/strong><\/h4><\/td><td><h4><strong>Tom Grinter<\/strong><br \/>Tel. +41 22 308 1853<br \/>e-mail: <a href=\"mailto:tgrinter@industriall-union.org\">tgrinter<\/a><\/h4><\/td><\/tr><\/tbody><\/table><\/section><h4>Accords-cadres mondiaux (ACM) dans le secteur des p\u00e2tes et papiers<\/h4><table border=\"1\" cellpadding=\"1\" cellspacing=\"1\" style=\"width:500px\"><tbody><tr><td><a href=\"https:\/\/www.industriall-union.org\/industriall-global-union-signs-two-new-global-framework-agreements\"><img decoding=\"async\" alt=\"\" src=\"\/wp-content\/uploads\/images\/Company-Logos\/norske_skog.jpg\" style=\"width: 200px;height: 59px\" \/><\/a><\/td><td><a href=\"https:\/\/www.industriall-union.org\/industriall-global-union-signs-two-new-global-framework-agreements\"><img decoding=\"async\" alt=\"\" src=\"\/wp-content\/uploads\/images\/Company-Logos\/sca.jpg\" style=\"width: 150px;height: 184px\" \/><\/a><\/td><td><a href=\"https:\/\/www.industriall-union.org\/industriall-global-union-signs-global-framework-agreement-with-essity\"><img decoding=\"async\" alt=\"\" src=\"\/wp-content\/uploads\/images\/Company-Logos\/essity-logo.jpg\" style=\"width: 200px;height: 90px\" \/><\/a><\/td><td><a href=\"https:\/\/www.industriall-union.org\/industriall-uni-and-bwi-sign-global-framework-agreement-with-stora-enso\"><img decoding=\"async\" alt=\"\" src=\"\/wp-content\/uploads\/images\/Company-Logos\/stora-enso-logo.png\" style=\"width: 200px;height: 147px\" \/><\/a><\/td><\/tr><\/tbody><\/table>","protected":false},"excerpt":{"rendered":"<p>P\u00e2tes et papiers La production et la conversion de la p\u00e2te, du paper, du carton et de l&#039;emballage est un secteur actif au sein d&#039;IndustriALL. Ce secteur, dirig\u00e9 par un activiste du Work Group, est constitu\u00e9 d&#039;environ 90 syndicats de par le monde qui peuvent se targuer d&#039;un soutien, d&#039;une solidarit\u00e9 et de r\u00e9ponses communes [&hellip;]<\/p>\n","protected":false},"author":1,"featured_media":0,"parent":0,"menu_order":0,"comment_status":"closed","ping_status":"closed","template":"","meta":{"_acf_changed":false,"footnotes":""},"issues":[],"companies":[],"regions":[],"sectors":[444],"article_tags":[],"class_list":["post-212212","page","type-page","status-publish","hentry","sectors-pates-et-papiers"],"acf":[],"yoast_head":"<!-- This site is optimized with the Yoast SEO Premium plugin v27.1 (Yoast SEO v27.1) - https:\/\/yoast.com\/product\/yoast-seo-premium-wordpress\/ -->\n<title>P\u00e2tes et papiers - industriall-union<\/title>\n<meta name=\"robots\" content=\"index, follow, max-snippet:-1, max-image-preview:large, max-video-preview:-1\" \/>\n<link rel=\"canonical\" href=\"https:\/\/admin.industriall-union.org\/fr\/pates-et-papiers\/\" \/>\n<meta property=\"og:locale\" content=\"fr_FR\" \/>\n<meta property=\"og:type\" content=\"article\" \/>\n<meta property=\"og:title\" content=\"P\u00e2tes et papiers\" \/>\n<meta property=\"og:description\" content=\"P\u00e2tes et papiers La production et la conversion de la p\u00e2te, du paper, du carton et de l&#039;emballage est un secteur actif au sein d&#039;IndustriALL. Ce secteur, dirig\u00e9 par un activiste du Work Group, est constitu\u00e9 d&#039;environ 90 syndicats de par le monde qui peuvent se targuer d&#039;un soutien, d&#039;une solidarit\u00e9 et de r\u00e9ponses communes [&hellip;]\" \/>\n<meta property=\"og:url\" content=\"https:\/\/admin.industriall-union.org\/fr\/pates-et-papiers\/\" \/>\n<meta property=\"og:site_name\" content=\"industriall-union\" \/>\n<meta property=\"article:modified_time\" content=\"2026-02-03T11:17:48+00:00\" \/>\n<meta name=\"twitter:card\" content=\"summary_large_image\" \/>\n<script type=\"application\/ld+json\" class=\"yoast-schema-graph\">{\"@context\":\"https:\/\/schema.org\",\"@graph\":[{\"@type\":\"WebPage\",\"@id\":\"https:\/\/admin.industriall-union.org\/fr\/pates-et-papiers\/\",\"url\":\"https:\/\/admin.industriall-union.org\/fr\/pates-et-papiers\/\",\"name\":\"P\u00e2tes et papiers - industriall-union\",\"isPartOf\":{\"@id\":\"https:\/\/admin.industriall-union.org\/fr\/#website\"},\"datePublished\":\"2019-03-11T14:59:43+00:00\",\"dateModified\":\"2026-02-03T11:17:48+00:00\",\"breadcrumb\":{\"@id\":\"https:\/\/admin.industriall-union.org\/fr\/pates-et-papiers\/#breadcrumb\"},\"inLanguage\":\"fr-FR\",\"potentialAction\":[{\"@type\":\"ReadAction\",\"target\":[\"https:\/\/admin.industriall-union.org\/fr\/pates-et-papiers\/\"]}]},{\"@type\":\"BreadcrumbList\",\"@id\":\"https:\/\/admin.industriall-union.org\/fr\/pates-et-papiers\/#breadcrumb\",\"itemListElement\":[{\"@type\":\"ListItem\",\"position\":1,\"name\":\"Home\",\"item\":\"https:\/\/admin.industriall-union.org\/fr\/\"},{\"@type\":\"ListItem\",\"position\":2,\"name\":\"P\u00e2tes et papiers\"}]},{\"@type\":\"WebSite\",\"@id\":\"https:\/\/admin.industriall-union.org\/fr\/#website\",\"url\":\"https:\/\/admin.industriall-union.org\/fr\/\",\"name\":\"industriall-union\",\"description\":\"\",\"potentialAction\":[{\"@type\":\"SearchAction\",\"target\":{\"@type\":\"EntryPoint\",\"urlTemplate\":\"https:\/\/admin.industriall-union.org\/fr\/?s={search_term_string}\"},\"query-input\":{\"@type\":\"PropertyValueSpecification\",\"valueRequired\":true,\"valueName\":\"search_term_string\"}}],\"inLanguage\":\"fr-FR\"}]}<\/script>\n<!-- \/ Yoast SEO Premium plugin. -->","yoast_head_json":{"title":"P\u00e2tes et papiers - industriall-union","robots":{"index":"index","follow":"follow","max-snippet":"max-snippet:-1","max-image-preview":"max-image-preview:large","max-video-preview":"max-video-preview:-1"},"canonical":"https:\/\/admin.industriall-union.org\/fr\/pates-et-papiers\/","og_locale":"fr_FR","og_type":"article","og_title":"P\u00e2tes et papiers","og_description":"P\u00e2tes et papiers La production et la conversion de la p\u00e2te, du paper, du carton et de l&#039;emballage est un secteur actif au sein d&#039;IndustriALL. Ce secteur, dirig\u00e9 par un activiste du Work Group, est constitu\u00e9 d&#039;environ 90 syndicats de par le monde qui peuvent se targuer d&#039;un soutien, d&#039;une solidarit\u00e9 et de r\u00e9ponses communes [&hellip;]","og_url":"https:\/\/admin.industriall-union.org\/fr\/pates-et-papiers\/","og_site_name":"industriall-union","article_modified_time":"2026-02-03T11:17:48+00:00","twitter_card":"summary_large_image","schema":{"@context":"https:\/\/schema.org","@graph":[{"@type":"WebPage","@id":"https:\/\/admin.industriall-union.org\/fr\/pates-et-papiers\/","url":"https:\/\/admin.industriall-union.org\/fr\/pates-et-papiers\/","name":"P\u00e2tes et papiers - industriall-union","isPartOf":{"@id":"https:\/\/admin.industriall-union.org\/fr\/#website"},"datePublished":"2019-03-11T14:59:43+00:00","dateModified":"2026-02-03T11:17:48+00:00","breadcrumb":{"@id":"https:\/\/admin.industriall-union.org\/fr\/pates-et-papiers\/#breadcrumb"},"inLanguage":"fr-FR","potentialAction":[{"@type":"ReadAction","target":["https:\/\/admin.industriall-union.org\/fr\/pates-et-papiers\/"]}]},{"@type":"BreadcrumbList","@id":"https:\/\/admin.industriall-union.org\/fr\/pates-et-papiers\/#breadcrumb","itemListElement":[{"@type":"ListItem","position":1,"name":"Home","item":"https:\/\/admin.industriall-union.org\/fr\/"},{"@type":"ListItem","position":2,"name":"P\u00e2tes et papiers"}]},{"@type":"WebSite","@id":"https:\/\/admin.industriall-union.org\/fr\/#website","url":"https:\/\/admin.industriall-union.org\/fr\/","name":"industriall-union","description":"","potentialAction":[{"@type":"SearchAction","target":{"@type":"EntryPoint","urlTemplate":"https:\/\/admin.industriall-union.org\/fr\/?s={search_term_string}"},"query-input":{"@type":"PropertyValueSpecification","valueRequired":true,"valueName":"search_term_string"}}],"inLanguage":"fr-FR"}]}},"_links":{"self":[{"href":"https:\/\/admin.industriall-union.org\/fr\/wp-json\/wp\/v2\/pages\/212212","targetHints":{"allow":["GET"]}}],"collection":[{"href":"https:\/\/admin.industriall-union.org\/fr\/wp-json\/wp\/v2\/pages"}],"about":[{"href":"https:\/\/admin.industriall-union.org\/fr\/wp-json\/wp\/v2\/types\/page"}],"author":[{"embeddable":true,"href":"https:\/\/admin.industriall-union.org\/fr\/wp-json\/wp\/v2\/users\/1"}],"replies":[{"embeddable":true,"href":"https:\/\/admin.industriall-union.org\/fr\/wp-json\/wp\/v2\/comments?post=212212"}],"version-history":[{"count":3,"href":"https:\/\/admin.industriall-union.org\/fr\/wp-json\/wp\/v2\/pages\/212212\/revisions"}],"predecessor-version":[{"id":464214,"href":"https:\/\/admin.industriall-union.org\/fr\/wp-json\/wp\/v2\/pages\/212212\/revisions\/464214"}],"wp:attachment":[{"href":"https:\/\/admin.industriall-union.org\/fr\/wp-json\/wp\/v2\/media?parent=212212"}],"wp:term":[{"taxonomy":"issues","embeddable":true,"href":"https:\/\/admin.industriall-union.org\/fr\/wp-json\/wp\/v2\/issues?post=212212"},{"taxonomy":"companies","embeddable":true,"href":"https:\/\/admin.industriall-union.org\/fr\/wp-json\/wp\/v2\/companies?post=212212"},{"taxonomy":"regions","embeddable":true,"href":"https:\/\/admin.industriall-union.org\/fr\/wp-json\/wp\/v2\/regions?post=212212"},{"taxonomy":"sectors","embeddable":true,"href":"https:\/\/admin.industriall-union.org\/fr\/wp-json\/wp\/v2\/sectors?post=212212"},{"taxonomy":"article_tags","embeddable":true,"href":"https:\/\/admin.industriall-union.org\/fr\/wp-json\/wp\/v2\/article_tags?post=212212"}],"curies":[{"name":"wp","href":"https:\/\/api.w.org\/{rel}","templated":true}]}}