{"id":212211,"date":"2019-03-11T15:04:19","date_gmt":"2019-03-11T15:04:19","guid":{"rendered":"https:\/\/admin.industriall-union.org\/caoutchouc\/"},"modified":"2026-02-03T11:17:09","modified_gmt":"2026-02-03T11:17:09","slug":"caoutchouc","status":"publish","type":"page","link":"https:\/\/admin.industriall-union.org\/fr\/caoutchouc\/","title":{"rendered":"Caoutchouc"},"content":{"rendered":"<section class=\"boxTurquoise\"><h2>Caoutchouc<\/h2><p>Le secteur mondial du pneu et du caoutchouc, comme beaucoup d&#039;autres, est concentr\u00e9 dans les mains d&#039;un petit groupe d&#039;acteurs. Leur pr\u00e9sence, avec l&#039;influence de la crise \u00e9conomique mondiale et &nbsp;la pression de l&#039;augmentation des prix par les manufacturiers automobiles, demande une forte r\u00e9ponse syndicale pour prot\u00e9ger les int\u00e9r\u00eats des travailleurs..<\/p><h3>Contact<\/h3><table border=\"1\" cellpadding=\"1\" cellspacing=\"1\" style=\"width:100%\"><tbody><tr><td style=\"text-align: center\"><strong><img decoding=\"async\" alt=\"\" src=\"\/wp-content\/uploads\/images\/People\/Internal\/IndustriALL-Staff\/tgrintersector.png\" style=\"width: 200px;height: 200px\" \/><\/strong><\/td><td><h4><strong>Tom Grinter<\/strong><br \/>Tel. +41 22 308 1853<br \/>e-mail: <a href=\"mailto:tgrinter@industriall-union.org\">tgrinter<\/a><\/h4><\/td><\/tr><\/tbody><\/table><\/section><h4>Accord-cadre mondial (ACM) dans le secteur du caoutchouc<\/h4><table border=\"1\" cellpadding=\"1\" cellspacing=\"1\" style=\"width:500px\"><tbody><tr><td><a href=\"https:\/\/www.industriall-union.org\/rochling\"><img decoding=\"async\" alt=\"\" src=\"\/wp-content\/uploads\/images\/Company-Logos\/rochling.jpg\" style=\"width: 250px;height: 250px\" \/><\/a><\/td><\/tr><\/tbody><\/table>","protected":false},"excerpt":{"rendered":"<p>Caoutchouc Le secteur mondial du pneu et du caoutchouc, comme beaucoup d&#039;autres, est concentr\u00e9 dans les mains d&#039;un petit groupe d&#039;acteurs. Leur pr\u00e9sence, avec l&#039;influence de la crise \u00e9conomique mondiale et &nbsp;la pression de l&#039;augmentation des prix par les manufacturiers automobiles, demande une forte r\u00e9ponse syndicale pour prot\u00e9ger les int\u00e9r\u00eats des travailleurs.. Contact Tom GrinterTel. [&hellip;]<\/p>\n","protected":false},"author":1,"featured_media":0,"parent":0,"menu_order":0,"comment_status":"closed","ping_status":"closed","template":"","meta":{"_acf_changed":false,"footnotes":""},"issues":[],"companies":[],"regions":[],"sectors":[429],"article_tags":[],"class_list":["post-212211","page","type-page","status-publish","hentry","sectors-caoutchouc"],"acf":[],"yoast_head":"<!-- This site is optimized with the Yoast SEO Premium plugin v27.1 (Yoast SEO v27.1) - https:\/\/yoast.com\/product\/yoast-seo-premium-wordpress\/ -->\n<title>Caoutchouc - industriall-union<\/title>\n<meta name=\"robots\" content=\"index, follow, max-snippet:-1, max-image-preview:large, max-video-preview:-1\" \/>\n<link rel=\"canonical\" href=\"https:\/\/admin.industriall-union.org\/fr\/caoutchouc\/\" \/>\n<meta property=\"og:locale\" content=\"fr_FR\" \/>\n<meta property=\"og:type\" content=\"article\" \/>\n<meta property=\"og:title\" content=\"Caoutchouc\" \/>\n<meta property=\"og:description\" content=\"Caoutchouc Le secteur mondial du pneu et du caoutchouc, comme beaucoup d&#039;autres, est concentr\u00e9 dans les mains d&#039;un petit groupe d&#039;acteurs. Leur pr\u00e9sence, avec l&#039;influence de la crise \u00e9conomique mondiale et &nbsp;la pression de l&#039;augmentation des prix par les manufacturiers automobiles, demande une forte r\u00e9ponse syndicale pour prot\u00e9ger les int\u00e9r\u00eats des travailleurs.. Contact Tom GrinterTel. [&hellip;]\" \/>\n<meta property=\"og:url\" content=\"https:\/\/admin.industriall-union.org\/fr\/caoutchouc\/\" \/>\n<meta property=\"og:site_name\" content=\"industriall-union\" \/>\n<meta property=\"article:modified_time\" content=\"2026-02-03T11:17:09+00:00\" \/>\n<meta name=\"twitter:card\" content=\"summary_large_image\" \/>\n<script type=\"application\/ld+json\" class=\"yoast-schema-graph\">{\"@context\":\"https:\/\/schema.org\",\"@graph\":[{\"@type\":\"WebPage\",\"@id\":\"https:\/\/admin.industriall-union.org\/fr\/caoutchouc\/\",\"url\":\"https:\/\/admin.industriall-union.org\/fr\/caoutchouc\/\",\"name\":\"Caoutchouc - industriall-union\",\"isPartOf\":{\"@id\":\"https:\/\/admin.industriall-union.org\/#website\"},\"datePublished\":\"2019-03-11T15:04:19+00:00\",\"dateModified\":\"2026-02-03T11:17:09+00:00\",\"breadcrumb\":{\"@id\":\"https:\/\/admin.industriall-union.org\/fr\/caoutchouc\/#breadcrumb\"},\"inLanguage\":\"fr-FR\",\"potentialAction\":[{\"@type\":\"ReadAction\",\"target\":[\"https:\/\/admin.industriall-union.org\/fr\/caoutchouc\/\"]}]},{\"@type\":\"BreadcrumbList\",\"@id\":\"https:\/\/admin.industriall-union.org\/fr\/caoutchouc\/#breadcrumb\",\"itemListElement\":[{\"@type\":\"ListItem\",\"position\":1,\"name\":\"Home\",\"item\":\"https:\/\/admin.industriall-union.org\/\"},{\"@type\":\"ListItem\",\"position\":2,\"name\":\"Caoutchouc\"}]},{\"@type\":\"WebSite\",\"@id\":\"https:\/\/admin.industriall-union.org\/#website\",\"url\":\"https:\/\/admin.industriall-union.org\/\",\"name\":\"industriall-union\",\"description\":\"\",\"potentialAction\":[{\"@type\":\"SearchAction\",\"target\":{\"@type\":\"EntryPoint\",\"urlTemplate\":\"https:\/\/admin.industriall-union.org\/?s={search_term_string}\"},\"query-input\":{\"@type\":\"PropertyValueSpecification\",\"valueRequired\":true,\"valueName\":\"search_term_string\"}}],\"inLanguage\":\"fr-FR\"}]}<\/script>\n<!-- \/ Yoast SEO Premium plugin. -->","yoast_head_json":{"title":"Caoutchouc - industriall-union","robots":{"index":"index","follow":"follow","max-snippet":"max-snippet:-1","max-image-preview":"max-image-preview:large","max-video-preview":"max-video-preview:-1"},"canonical":"https:\/\/admin.industriall-union.org\/fr\/caoutchouc\/","og_locale":"fr_FR","og_type":"article","og_title":"Caoutchouc","og_description":"Caoutchouc Le secteur mondial du pneu et du caoutchouc, comme beaucoup d&#039;autres, est concentr\u00e9 dans les mains d&#039;un petit groupe d&#039;acteurs. Leur pr\u00e9sence, avec l&#039;influence de la crise \u00e9conomique mondiale et &nbsp;la pression de l&#039;augmentation des prix par les manufacturiers automobiles, demande une forte r\u00e9ponse syndicale pour prot\u00e9ger les int\u00e9r\u00eats des travailleurs.. Contact Tom GrinterTel. [&hellip;]","og_url":"https:\/\/admin.industriall-union.org\/fr\/caoutchouc\/","og_site_name":"industriall-union","article_modified_time":"2026-02-03T11:17:09+00:00","twitter_card":"summary_large_image","schema":{"@context":"https:\/\/schema.org","@graph":[{"@type":"WebPage","@id":"https:\/\/admin.industriall-union.org\/fr\/caoutchouc\/","url":"https:\/\/admin.industriall-union.org\/fr\/caoutchouc\/","name":"Caoutchouc - industriall-union","isPartOf":{"@id":"https:\/\/admin.industriall-union.org\/#website"},"datePublished":"2019-03-11T15:04:19+00:00","dateModified":"2026-02-03T11:17:09+00:00","breadcrumb":{"@id":"https:\/\/admin.industriall-union.org\/fr\/caoutchouc\/#breadcrumb"},"inLanguage":"fr-FR","potentialAction":[{"@type":"ReadAction","target":["https:\/\/admin.industriall-union.org\/fr\/caoutchouc\/"]}]},{"@type":"BreadcrumbList","@id":"https:\/\/admin.industriall-union.org\/fr\/caoutchouc\/#breadcrumb","itemListElement":[{"@type":"ListItem","position":1,"name":"Home","item":"https:\/\/admin.industriall-union.org\/"},{"@type":"ListItem","position":2,"name":"Caoutchouc"}]},{"@type":"WebSite","@id":"https:\/\/admin.industriall-union.org\/#website","url":"https:\/\/admin.industriall-union.org\/","name":"industriall-union","description":"","potentialAction":[{"@type":"SearchAction","target":{"@type":"EntryPoint","urlTemplate":"https:\/\/admin.industriall-union.org\/?s={search_term_string}"},"query-input":{"@type":"PropertyValueSpecification","valueRequired":true,"valueName":"search_term_string"}}],"inLanguage":"fr-FR"}]}},"_links":{"self":[{"href":"https:\/\/admin.industriall-union.org\/fr\/wp-json\/wp\/v2\/pages\/212211","targetHints":{"allow":["GET"]}}],"collection":[{"href":"https:\/\/admin.industriall-union.org\/fr\/wp-json\/wp\/v2\/pages"}],"about":[{"href":"https:\/\/admin.industriall-union.org\/fr\/wp-json\/wp\/v2\/types\/page"}],"author":[{"embeddable":true,"href":"https:\/\/admin.industriall-union.org\/fr\/wp-json\/wp\/v2\/users\/1"}],"replies":[{"embeddable":true,"href":"https:\/\/admin.industriall-union.org\/fr\/wp-json\/wp\/v2\/comments?post=212211"}],"version-history":[{"count":3,"href":"https:\/\/admin.industriall-union.org\/fr\/wp-json\/wp\/v2\/pages\/212211\/revisions"}],"predecessor-version":[{"id":464213,"href":"https:\/\/admin.industriall-union.org\/fr\/wp-json\/wp\/v2\/pages\/212211\/revisions\/464213"}],"wp:attachment":[{"href":"https:\/\/admin.industriall-union.org\/fr\/wp-json\/wp\/v2\/media?parent=212211"}],"wp:term":[{"taxonomy":"issues","embeddable":true,"href":"https:\/\/admin.industriall-union.org\/fr\/wp-json\/wp\/v2\/issues?post=212211"},{"taxonomy":"companies","embeddable":true,"href":"https:\/\/admin.industriall-union.org\/fr\/wp-json\/wp\/v2\/companies?post=212211"},{"taxonomy":"regions","embeddable":true,"href":"https:\/\/admin.industriall-union.org\/fr\/wp-json\/wp\/v2\/regions?post=212211"},{"taxonomy":"sectors","embeddable":true,"href":"https:\/\/admin.industriall-union.org\/fr\/wp-json\/wp\/v2\/sectors?post=212211"},{"taxonomy":"article_tags","embeddable":true,"href":"https:\/\/admin.industriall-union.org\/fr\/wp-json\/wp\/v2\/article_tags?post=212211"}],"curies":[{"name":"wp","href":"https:\/\/api.w.org\/{rel}","templated":true}]}}