{"id":212210,"date":"2019-03-11T15:09:31","date_gmt":"2019-03-11T15:09:31","guid":{"rendered":"https:\/\/admin.industriall-union.org\/construction-navale-et-demolition-des-navires\/"},"modified":"2026-02-03T11:16:53","modified_gmt":"2026-02-03T11:16:53","slug":"construction-navale-et-demolition-des-navires","status":"publish","type":"page","link":"https:\/\/admin.industriall-union.org\/fr\/construction-navale-et-demolition-des-navires\/","title":{"rendered":"Construction navale et d\u00e9molition des navires"},"content":{"rendered":"<section class=\"boxTurquoise\"><h2>Construction navale et d\u00e9molition des navires<\/h2><p>Les industries de la construction navale et de la d\u00e9molition des navires doit faire face \u00e0 d&#039;importants d\u00e9fis touchant les droits des travailleurs et leurs diff\u00e9rentes conditions . La strat\u00e9gie principale est de faire du profit co\u00fbte que co\u00fbte en remplacement de places de travail syndicalis\u00e9es et bien prot\u00e9g\u00e9es des travaux pr\u00e9caires. Le travail d&#039;IndustriALL dans cette section se charge de relever les d\u00e9fis gr\u00e2ce \u00e0 un syndicat unifi\u00e9 pla\u00e7ant en priorit\u00e9 les droits des travailleurs.<\/p><h3>Contact<\/h3><table border=\"1\" cellpadding=\"1\" cellspacing=\"1\" style=\"width:100%\"><tbody><tr><td style=\"text-align: center\"><strong><img decoding=\"async\" alt=\"\" src=\"\/wp-content\/uploads\/images\/People\/Internal\/waltongreen.png\" style=\"width: 200px;height: 200px\" \/><\/strong><\/td><td><h4><strong>Walton Pantland<\/strong><br \/>tel. +41 22 308 5052<br \/>Fax: +41 22 308 5055<br \/>e-mail: <a href=\"mailto:wpantland@industriall-union.org\">Wpantland<\/a>&nbsp;<\/h4><\/td><\/tr><\/tbody><\/table><\/section><figure class=\"imageArticle imageMedium\"><figcaption class=\"imageContent\">&nbsp;<\/figcaption><\/figure><h3><span style=\"color:#c0392b\">Campagnes en cours<\/span><\/h3><figure class=\"imageArticle imageFull\"><a href=\"http:\/\/industriall.consids5.se\/fr\/redresser-la-demolition-navale\" target=\"_blank\"><img decoding=\"async\" alt=\"\" src=\"\/wp-content\/uploads\/images\/Shipbreaking_Campaign\/main_photo_ship_breaking_campaign.jpeg\" style=\"width: 4608px;height: 3072px\" \/><\/a><figcaption class=\"imageContent\"><div class=\"imageTitle\"><h1 style=\"text-align: right\"><a href=\"http:\/\/industriall.consids5.se\/fr\/redresser-la-demolition-navale\"><span style=\"color:#ffffff\">Campagne d&#039;IndustriALL pour&nbsp;<\/span><span style=\"color:#e74c3c\">redresser la&nbsp;d\u00e9molition navale<\/span><span style=\"color:#ffffff\">, le travail le plus dangereux au monde<\/span><\/a><\/h1><\/div><div class=\"imageCaption\"><p>L&#039;industrie a la responsabilit\u00e9 de fournir, et les travailleurs ont le droit de s&#039;attendre \u00e0 des emplois s\u00fbrs, sains, propres et durables<\/p><\/div><\/figcaption><\/figure>","protected":false},"excerpt":{"rendered":"<p>Construction navale et d\u00e9molition des navires Les industries de la construction navale et de la d\u00e9molition des navires doit faire face \u00e0 d&#039;importants d\u00e9fis touchant les droits des travailleurs et leurs diff\u00e9rentes conditions . La strat\u00e9gie principale est de faire du profit co\u00fbte que co\u00fbte en remplacement de places de travail syndicalis\u00e9es et bien prot\u00e9g\u00e9es [&hellip;]<\/p>\n","protected":false},"author":1,"featured_media":0,"parent":0,"menu_order":0,"comment_status":"closed","ping_status":"closed","template":"","meta":{"_acf_changed":false,"footnotes":""},"issues":[],"companies":[],"regions":[],"sectors":[432],"article_tags":[],"class_list":["post-212210","page","type-page","status-publish","hentry","sectors-construction-navale-et-demolition-des-navires"],"acf":[],"yoast_head":"<!-- This site is optimized with the Yoast SEO Premium plugin v27.1 (Yoast SEO v27.1) - https:\/\/yoast.com\/product\/yoast-seo-premium-wordpress\/ -->\n<title>Construction navale et d\u00e9molition des navires - industriall-union<\/title>\n<meta name=\"robots\" content=\"index, follow, max-snippet:-1, max-image-preview:large, max-video-preview:-1\" \/>\n<link rel=\"canonical\" href=\"https:\/\/admin.industriall-union.org\/fr\/construction-navale-et-demolition-des-navires\/\" \/>\n<meta property=\"og:locale\" content=\"fr_FR\" \/>\n<meta property=\"og:type\" content=\"article\" \/>\n<meta property=\"og:title\" content=\"Construction navale et d\u00e9molition des navires\" \/>\n<meta property=\"og:description\" content=\"Construction navale et d\u00e9molition des navires Les industries de la construction navale et de la d\u00e9molition des navires doit faire face \u00e0 d&#039;importants d\u00e9fis touchant les droits des travailleurs et leurs diff\u00e9rentes conditions . La strat\u00e9gie principale est de faire du profit co\u00fbte que co\u00fbte en remplacement de places de travail syndicalis\u00e9es et bien prot\u00e9g\u00e9es [&hellip;]\" \/>\n<meta property=\"og:url\" content=\"https:\/\/admin.industriall-union.org\/fr\/construction-navale-et-demolition-des-navires\/\" \/>\n<meta property=\"og:site_name\" content=\"industriall-union\" \/>\n<meta property=\"article:modified_time\" content=\"2026-02-03T11:16:53+00:00\" \/>\n<meta name=\"twitter:card\" content=\"summary_large_image\" \/>\n<meta name=\"twitter:label1\" content=\"Est. reading time\" \/>\n\t<meta name=\"twitter:data1\" content=\"1 minute\" \/>\n<script type=\"application\/ld+json\" class=\"yoast-schema-graph\">{\"@context\":\"https:\/\/schema.org\",\"@graph\":[{\"@type\":\"WebPage\",\"@id\":\"https:\/\/admin.industriall-union.org\/fr\/construction-navale-et-demolition-des-navires\/\",\"url\":\"https:\/\/admin.industriall-union.org\/fr\/construction-navale-et-demolition-des-navires\/\",\"name\":\"Construction navale et d\u00e9molition des navires - industriall-union\",\"isPartOf\":{\"@id\":\"https:\/\/admin.industriall-union.org\/#website\"},\"datePublished\":\"2019-03-11T15:09:31+00:00\",\"dateModified\":\"2026-02-03T11:16:53+00:00\",\"breadcrumb\":{\"@id\":\"https:\/\/admin.industriall-union.org\/fr\/construction-navale-et-demolition-des-navires\/#breadcrumb\"},\"inLanguage\":\"fr-FR\",\"potentialAction\":[{\"@type\":\"ReadAction\",\"target\":[\"https:\/\/admin.industriall-union.org\/fr\/construction-navale-et-demolition-des-navires\/\"]}]},{\"@type\":\"BreadcrumbList\",\"@id\":\"https:\/\/admin.industriall-union.org\/fr\/construction-navale-et-demolition-des-navires\/#breadcrumb\",\"itemListElement\":[{\"@type\":\"ListItem\",\"position\":1,\"name\":\"Home\",\"item\":\"https:\/\/admin.industriall-union.org\/\"},{\"@type\":\"ListItem\",\"position\":2,\"name\":\"Construction navale et d\u00e9molition des navires\"}]},{\"@type\":\"WebSite\",\"@id\":\"https:\/\/admin.industriall-union.org\/#website\",\"url\":\"https:\/\/admin.industriall-union.org\/\",\"name\":\"industriall-union\",\"description\":\"\",\"potentialAction\":[{\"@type\":\"SearchAction\",\"target\":{\"@type\":\"EntryPoint\",\"urlTemplate\":\"https:\/\/admin.industriall-union.org\/?s={search_term_string}\"},\"query-input\":{\"@type\":\"PropertyValueSpecification\",\"valueRequired\":true,\"valueName\":\"search_term_string\"}}],\"inLanguage\":\"fr-FR\"}]}<\/script>\n<!-- \/ Yoast SEO Premium plugin. -->","yoast_head_json":{"title":"Construction navale et d\u00e9molition des navires - industriall-union","robots":{"index":"index","follow":"follow","max-snippet":"max-snippet:-1","max-image-preview":"max-image-preview:large","max-video-preview":"max-video-preview:-1"},"canonical":"https:\/\/admin.industriall-union.org\/fr\/construction-navale-et-demolition-des-navires\/","og_locale":"fr_FR","og_type":"article","og_title":"Construction navale et d\u00e9molition des navires","og_description":"Construction navale et d\u00e9molition des navires Les industries de la construction navale et de la d\u00e9molition des navires doit faire face \u00e0 d&#039;importants d\u00e9fis touchant les droits des travailleurs et leurs diff\u00e9rentes conditions . La strat\u00e9gie principale est de faire du profit co\u00fbte que co\u00fbte en remplacement de places de travail syndicalis\u00e9es et bien prot\u00e9g\u00e9es [&hellip;]","og_url":"https:\/\/admin.industriall-union.org\/fr\/construction-navale-et-demolition-des-navires\/","og_site_name":"industriall-union","article_modified_time":"2026-02-03T11:16:53+00:00","twitter_card":"summary_large_image","twitter_misc":{"Est. reading time":"1 minute"},"schema":{"@context":"https:\/\/schema.org","@graph":[{"@type":"WebPage","@id":"https:\/\/admin.industriall-union.org\/fr\/construction-navale-et-demolition-des-navires\/","url":"https:\/\/admin.industriall-union.org\/fr\/construction-navale-et-demolition-des-navires\/","name":"Construction navale et d\u00e9molition des navires - industriall-union","isPartOf":{"@id":"https:\/\/admin.industriall-union.org\/#website"},"datePublished":"2019-03-11T15:09:31+00:00","dateModified":"2026-02-03T11:16:53+00:00","breadcrumb":{"@id":"https:\/\/admin.industriall-union.org\/fr\/construction-navale-et-demolition-des-navires\/#breadcrumb"},"inLanguage":"fr-FR","potentialAction":[{"@type":"ReadAction","target":["https:\/\/admin.industriall-union.org\/fr\/construction-navale-et-demolition-des-navires\/"]}]},{"@type":"BreadcrumbList","@id":"https:\/\/admin.industriall-union.org\/fr\/construction-navale-et-demolition-des-navires\/#breadcrumb","itemListElement":[{"@type":"ListItem","position":1,"name":"Home","item":"https:\/\/admin.industriall-union.org\/"},{"@type":"ListItem","position":2,"name":"Construction navale et d\u00e9molition des navires"}]},{"@type":"WebSite","@id":"https:\/\/admin.industriall-union.org\/#website","url":"https:\/\/admin.industriall-union.org\/","name":"industriall-union","description":"","potentialAction":[{"@type":"SearchAction","target":{"@type":"EntryPoint","urlTemplate":"https:\/\/admin.industriall-union.org\/?s={search_term_string}"},"query-input":{"@type":"PropertyValueSpecification","valueRequired":true,"valueName":"search_term_string"}}],"inLanguage":"fr-FR"}]}},"_links":{"self":[{"href":"https:\/\/admin.industriall-union.org\/fr\/wp-json\/wp\/v2\/pages\/212210","targetHints":{"allow":["GET"]}}],"collection":[{"href":"https:\/\/admin.industriall-union.org\/fr\/wp-json\/wp\/v2\/pages"}],"about":[{"href":"https:\/\/admin.industriall-union.org\/fr\/wp-json\/wp\/v2\/types\/page"}],"author":[{"embeddable":true,"href":"https:\/\/admin.industriall-union.org\/fr\/wp-json\/wp\/v2\/users\/1"}],"replies":[{"embeddable":true,"href":"https:\/\/admin.industriall-union.org\/fr\/wp-json\/wp\/v2\/comments?post=212210"}],"version-history":[{"count":3,"href":"https:\/\/admin.industriall-union.org\/fr\/wp-json\/wp\/v2\/pages\/212210\/revisions"}],"predecessor-version":[{"id":464212,"href":"https:\/\/admin.industriall-union.org\/fr\/wp-json\/wp\/v2\/pages\/212210\/revisions\/464212"}],"wp:attachment":[{"href":"https:\/\/admin.industriall-union.org\/fr\/wp-json\/wp\/v2\/media?parent=212210"}],"wp:term":[{"taxonomy":"issues","embeddable":true,"href":"https:\/\/admin.industriall-union.org\/fr\/wp-json\/wp\/v2\/issues?post=212210"},{"taxonomy":"companies","embeddable":true,"href":"https:\/\/admin.industriall-union.org\/fr\/wp-json\/wp\/v2\/companies?post=212210"},{"taxonomy":"regions","embeddable":true,"href":"https:\/\/admin.industriall-union.org\/fr\/wp-json\/wp\/v2\/regions?post=212210"},{"taxonomy":"sectors","embeddable":true,"href":"https:\/\/admin.industriall-union.org\/fr\/wp-json\/wp\/v2\/sectors?post=212210"},{"taxonomy":"article_tags","embeddable":true,"href":"https:\/\/admin.industriall-union.org\/fr\/wp-json\/wp\/v2\/article_tags?post=212210"}],"curies":[{"name":"wp","href":"https:\/\/api.w.org\/{rel}","templated":true}]}}