{"id":212209,"date":"2019-03-11T15:14:23","date_gmt":"2019-03-11T15:14:23","guid":{"rendered":"https:\/\/admin.industriall-union.org\/textile-cuir-habillement-chaussures-et-services-du-textile\/"},"modified":"2026-02-03T11:16:37","modified_gmt":"2026-02-03T11:16:37","slug":"textile-cuir-habillement-chaussures-et-services-du-textile","status":"publish","type":"page","link":"https:\/\/admin.industriall-union.org\/fr\/textile-cuir-habillement-chaussures-et-services-du-textile\/","title":{"rendered":"Textile, cuir, habillement, chaussures et services du textile"},"content":{"rendered":"<section class=\"boxTurquoise\"><h2>Textile, cuir, habillement, chaussures et services du textile&nbsp;<\/h2><p>Hautement globalis\u00e9s avec ses millions d&#039;employ\u00e9s \u00e0 travers le monde, les secteurs du textile et de l&#039;habillement sont une grande source de travail pr\u00e9caire dans le monde en d\u00e9veloppement. Ce secteur est principalement compos\u00e9 de travailleurs sans formation, en grande partie des jeunes femmes et des migrants internes au b\u00e9n\u00e9fice de contrats \u00e0 court-terme.<\/p><p>IndustriALL continuera de mener campagne afin de forcer les acheteurs multinationaux \u00e0 r\u00e9v\u00e9ler l&#039;identit\u00e9 de leurs fournisseurs au public, combattre pour les droits des travailleurs de cr\u00e9er des syndicats et am\u00e9liorer les conditions de travail et de salaire.<\/p><h3>Personne de contact<\/h3><table border=\"1\" cellpadding=\"1\" cellspacing=\"1\" style=\"width:100%\"><tbody><tr><td style=\"text-align: center\"><strong><img decoding=\"async\" alt=\"\" src=\"\/wp-content\/uploads\/images\/People\/Internal\/christiiniagreen.png\" style=\"width: 200px;height: 200px\" \/><\/strong><\/td><td><h4><strong>Christina Hajagos-Clausen<\/strong><br \/>Tel: +41 22 308 5070<br \/><a href=\"mailto:chajagos-clausen@industriall-union.org\">chajagos-clausen<\/a><\/h4><\/td><\/tr><\/tbody><\/table><h4>&nbsp;<\/h4><\/section><h4 style=\"text-align: center\">&nbsp;<\/h4><h4 style=\"text-align: center\">Talking Threads podcast: episode 1 &#8211; the women behind the label<\/h4><p><iframe loading=\"lazy\" allow=\"encrypted-media\" frameborder=\"0\" height=\"232\" src=\"https:\/\/open.spotify.com\/embed-podcast\/episode\/1H3JU7edBGeEwpT3NMYenb\" width=\"100%\"><\/iframe><\/p><h4>Publications<\/h4><table border=\"1\" cellpadding=\"1\" cellspacing=\"1\" style=\"font-size: 2rem;width: 500px\"><tbody><tr><td colspan=\"4\"><p><strong>Buiding union power<\/strong><\/p><p>Handbook on strategic&nbsp;corporate research and&nbsp;campaigning<\/p><\/td><\/tr><tr><td><a href=\"\/wp-content\/uploads\/images\/publications\/BuildingUnionPowerBooklet\/building_union_power_web_en.pdf\"><img decoding=\"async\" alt=\"\" src=\"\/wp-content\/uploads\/images\/publications\/BuildingUnionPowerBooklet\/screenshot_2023-01-20_at_11.48.46.png\" style=\"width: 200px;height: 284px\" \/><\/a><\/td><td><a href=\"https:\/\/admin.industriall-union.org\"><img decoding=\"async\" alt=\"\" src=\"\" style=\"width: 200px;height: 283px\" \/><\/a><\/td><td><a href=\"https:\/\/admin.industriall-union.org\"><img decoding=\"async\" alt=\"\" src=\"\" style=\"width: 200px;height: 283px\" \/><\/a><\/td><td><a href=\"https:\/\/admin.industriall-union.org\"><img decoding=\"async\" alt=\"\" src=\"\" style=\"width: 200px;height: 283px\" \/><\/a><\/td><\/tr><tr><td><a href=\"\/wp-content\/uploads\/images\/publications\/BuildingUnionPowerBooklet\/building_union_power_web_en.pdf\">ENGLISH<\/a><\/td><td><a href=\"https:\/\/admin.industriall-union.org\">ESPA\u00d1OL<\/a><\/td><td><a href=\"https:\/\/admin.industriall-union.org\">PORTUGU\u00caS<\/a><\/td><td><a href=\"https:\/\/admin.industriall-union.org\">ARABIC<\/a><\/td><\/tr><tr><td><a href=\"\/wp-content\/uploads\/images\/publications\/BuildingUnionPowerBooklet\/building_union_power_-khmer_a5_compressed.pdf\"><img decoding=\"async\" alt=\"\" src=\"\/wp-content\/uploads\/images\/publications\/BuildingUnionPowerBooklet\/bupkhmer.png\" style=\"width: 200px;height: 281px\" \/><\/a><\/td><td><a href=\"\/wp-content\/uploads\/images\/publications\/BuildingUnionPowerBooklet\/building_union_power_bangla-final_compressed.pdf\"><img decoding=\"async\" alt=\"\" src=\"\/wp-content\/uploads\/images\/publications\/BuildingUnionPowerBooklet\/bupbangla.png\" style=\"width: 200px;height: 282px\" \/><\/a><\/td><td><a href=\"\/wp-content\/uploads\/images\/publications\/BuildingUnionPowerBooklet\/building_union_power_web_ba.pdf\"><img decoding=\"async\" alt=\"\" src=\"\/wp-content\/uploads\/images\/publications\/BuildingUnionPowerBooklet\/bupbahasa.png\" style=\"width: 200px;height: 284px\" \/><\/a><\/td><td><a href=\"\/wp-content\/uploads\/images\/publications\/BuildingUnionPowerBooklet\/building_union_power_web_vn.pdf\"><img decoding=\"async\" alt=\"\" src=\"\/wp-content\/uploads\/images\/publications\/BuildingUnionPowerBooklet\/bupviet.png\" style=\"width: 200px;height: 281px\" \/><\/a><\/td><\/tr><tr><td><a href=\"\/wp-content\/uploads\/images\/publications\/BuildingUnionPowerBooklet\/building_union_power_-khmer_a5_compressed.pdf\">KHMER<\/a><\/td><td><a href=\"\/wp-content\/uploads\/images\/publications\/BuildingUnionPowerBooklet\/building_union_power_bangla-final_compressed.pdf\">BANGLA<\/a><\/td><td><a href=\"\/wp-content\/uploads\/images\/publications\/BuildingUnionPowerBooklet\/building_union_power_web_ba.pdf\">BAHASA<\/a><\/td><td><a href=\"\/wp-content\/uploads\/images\/publications\/BuildingUnionPowerBooklet\/building_union_power_web_vn.pdf\">VIETNAMESE<\/a><\/td><\/tr><\/tbody><\/table><h4>Accord Cadres Mondiaux dans le &nbsp;secteur du&nbsp;Textile, cuir, habillement, chaussures et services du textile&nbsp;<\/h4><table border=\"1\" cellpadding=\"1\" cellspacing=\"1\" style=\"width:500px\"><tbody><tr><td><a href=\"https:\/\/www.industriall-union.org\/industriall-signs-global-framework-agreement-with-asos\"><img decoding=\"async\" alt=\"\" src=\"\/wp-content\/uploads\/images\/Company-Logos\/asos.jpeg\" style=\"width: 200px;height: 113px\" \/><\/a><\/td><td><a href=\"https:\/\/www.industriall-union.org\/industriall-and-esprit-commit-to-working-together-to-improve-workers-rights?utm_source=Newsletters+in+english&amp;utm_campaign=0637cc484c-EMAIL_CAMPAIGN_2018_08_09_02_20&amp;utm_medium=email&amp;utm_term=0_65751b77d5-0637cc484c-19155253\"><img decoding=\"async\" alt=\"\" src=\"\/wp-content\/uploads\/images\/Company-Logos\/esprit-logo.jpg\" style=\"width: 200px;height: 103px\" \/><\/a><\/td><td><a href=\"https:\/\/www.industriall-union.org\/industriall-global-union-and-hm-sign-global-framework-agreement\"><img decoding=\"async\" alt=\"\" src=\"\/wp-content\/uploads\/images\/Company-Logos\/h-m-logo.png\" style=\"width: 200px;height: 132px\" \/><\/a><\/td><td><a href=\"https:\/\/www.industriall-union.org\/prym\"><img decoding=\"async\" alt=\"\" src=\"\/wp-content\/uploads\/images\/Company-Logos\/prym_group_logo-1536x1054.png\" style=\"width: 150px;height: 103px\" \/><\/a><\/td><\/tr><tr><td><a href=\"https:\/\/www.industriall-union.org\/industriall-and-inditex-create-a-global-union-committee\"><img decoding=\"async\" alt=\"\" src=\"\/wp-content\/uploads\/images\/Company-Logos\/inditex.jpg\" style=\"width: 200px;height: 200px\" \/><\/a><\/td><td><a href=\"https:\/\/www.industriall-union.org\/mizuno\"><img decoding=\"async\" alt=\"\" src=\"\/wp-content\/uploads\/images\/Company-Logos\/mizuno.png\" style=\"width: 284px;height: 177px\" \/><\/a><\/td><td><a href=\"https:\/\/www.industriall-union.org\/industriall-and-tchibo-sign-framework-agreement-strengthening-workers-rights-across-the-supply-chain\"><img decoding=\"async\" alt=\"\" src=\"\/wp-content\/uploads\/images\/Company-Logos\/tchibo-logo-vector.png\" style=\"width: 250px;height: 139px\" \/><\/a><\/td><td>&nbsp;<\/td><\/tr><\/tbody><\/table><h2><span style=\"color:#ffffff\">Sector campaigns<\/span><\/h2><figure class=\"imageArticle imageMedium\"><p><img decoding=\"async\" alt=\"\" src=\"\/wp-content\/uploads\/images\/Campaigns\/Textile-garment-campaign\/artworkblank.jpg\" style=\"width: 600px;height: 398px\" \/><\/p><figcaption class=\"imageContent\"><div class=\"imageTitle\"><p><a href=\"www.industriall-union.org\/fr\/action-pour-lindustrie-du-textile-et-de-lhabillement\">Action pour l&#039;industrie du textile et de l&#039;habillement<\/a><\/p><\/div><\/figcaption><\/figure><figure class=\"imageArticle imageMedium\"><img decoding=\"async\" alt=\"\" src=\"\/wp-content\/uploads\/images\/2016\/BANGLADESH\/_c8k8687.jpg\" style=\"width: 600px;height: 400px\" \/><figcaption class=\"imageContent\"><div class=\"imageTitle\"><h1 style=\"text-align: right\"><a href=\"https:\/\/www.industriall-union.org\/fr\/rana-plaza-de-la-tragedie-a-un-accord-international-pour-securiser-les-usines-de-confection\">L&#039;accord du bangladesh pour s\u00e9curiser les usines de confection<\/a><\/h1><\/div><\/figcaption><\/figure><figure class=\"imageArticle imageMedium\"><img decoding=\"async\" alt=\"\" src=\"\/wp-content\/uploads\/images\/2021\/MYANMAR\/screenshot_2021-01-19_at_18.01.31.png\" style=\"width: 600px;height: 401px\" \/><figcaption class=\"imageContent\"><div class=\"imageTitle\"><h1>Industry bargaining in garment producing countries is&nbsp;essential to achieving<a href=\"http:\/\/www.industriall-union.org\/living-wage\"> living wages<\/a><\/h1><\/div><\/figcaption><\/figure><figure class=\"imageArticle imageMedium\"><figcaption class=\"imageContent\"><div class=\"imageCaption\"><p style=\"text-align: center\"><a href=\"http:\/\/industriall.consids5.se\/what-we-do\/bangladesh-accord\"><span style=\"color:#ffffff\"><font size=\"6\"><span style=\"font-style: normal;font-weight: 800\">Bangladesh Accord<\/span><\/font><\/span><\/a><\/p><p style=\"text-align: center\">Accord on Fire and Building Safety&nbsp;<\/p><\/div><\/figcaption><\/figure><figure class=\"imageArticle imageMedium\"><figcaption class=\"imageContent\"><div class=\"imageCaption\"><p style=\"text-align: center\"><font size=\"6\"><span style=\"font-style: normal;font-weight: 800\">ACT<\/span><\/font><\/p><p style=\"text-align: center\">Type your caption<\/p><\/div><\/figcaption><\/figure><figure class=\"imageArticle imageMedium\"><figcaption class=\"imageContent\"><div class=\"imageCaption\"><p style=\"text-align: center\"><font size=\"6\"><span style=\"font-style: normal;font-weight: 800\">Bangladesh Accord<\/span><\/font><\/p><\/div><\/figcaption><\/figure>","protected":false},"excerpt":{"rendered":"<p>Textile, cuir, habillement, chaussures et services du textile&nbsp; Hautement globalis\u00e9s avec ses millions d&#039;employ\u00e9s \u00e0 travers le monde, les secteurs du textile et de l&#039;habillement sont une grande source de travail pr\u00e9caire dans le monde en d\u00e9veloppement. Ce secteur est principalement compos\u00e9 de travailleurs sans formation, en grande partie des jeunes femmes et des migrants [&hellip;]<\/p>\n","protected":false},"author":1,"featured_media":0,"parent":0,"menu_order":0,"comment_status":"closed","ping_status":"closed","template":"","meta":{"_acf_changed":false,"footnotes":""},"issues":[],"companies":[],"regions":[],"sectors":[],"article_tags":[],"class_list":["post-212209","page","type-page","status-publish","hentry"],"acf":[],"yoast_head":"<!-- This site is optimized with the Yoast SEO Premium plugin v27.1 (Yoast SEO v27.1) - https:\/\/yoast.com\/product\/yoast-seo-premium-wordpress\/ -->\n<title>Textile, cuir, habillement, chaussures et services du textile - industriall-union<\/title>\n<meta name=\"robots\" content=\"index, follow, max-snippet:-1, max-image-preview:large, max-video-preview:-1\" \/>\n<link rel=\"canonical\" href=\"https:\/\/admin.industriall-union.org\/fr\/textile-cuir-habillement-chaussures-et-services-du-textile\/\" \/>\n<meta property=\"og:locale\" content=\"fr_FR\" \/>\n<meta property=\"og:type\" content=\"article\" \/>\n<meta property=\"og:title\" content=\"Textile, cuir, habillement, chaussures et services du textile\" \/>\n<meta property=\"og:description\" content=\"Textile, cuir, habillement, chaussures et services du textile&nbsp; Hautement globalis\u00e9s avec ses millions d&#039;employ\u00e9s \u00e0 travers le monde, les secteurs du textile et de l&#039;habillement sont une grande source de travail pr\u00e9caire dans le monde en d\u00e9veloppement. Ce secteur est principalement compos\u00e9 de travailleurs sans formation, en grande partie des jeunes femmes et des migrants [&hellip;]\" \/>\n<meta property=\"og:url\" content=\"https:\/\/admin.industriall-union.org\/fr\/textile-cuir-habillement-chaussures-et-services-du-textile\/\" \/>\n<meta property=\"og:site_name\" content=\"industriall-union\" \/>\n<meta property=\"article:modified_time\" content=\"2026-02-03T11:16:37+00:00\" \/>\n<meta name=\"twitter:card\" content=\"summary_large_image\" \/>\n<meta name=\"twitter:label1\" content=\"Est. reading time\" \/>\n\t<meta name=\"twitter:data1\" content=\"1 minute\" \/>\n<script type=\"application\/ld+json\" class=\"yoast-schema-graph\">{\"@context\":\"https:\/\/schema.org\",\"@graph\":[{\"@type\":\"WebPage\",\"@id\":\"https:\/\/admin.industriall-union.org\/fr\/textile-cuir-habillement-chaussures-et-services-du-textile\/\",\"url\":\"https:\/\/admin.industriall-union.org\/fr\/textile-cuir-habillement-chaussures-et-services-du-textile\/\",\"name\":\"Textile, cuir, habillement, chaussures et services du textile - industriall-union\",\"isPartOf\":{\"@id\":\"https:\/\/admin.industriall-union.org\/#website\"},\"datePublished\":\"2019-03-11T15:14:23+00:00\",\"dateModified\":\"2026-02-03T11:16:37+00:00\",\"breadcrumb\":{\"@id\":\"https:\/\/admin.industriall-union.org\/fr\/textile-cuir-habillement-chaussures-et-services-du-textile\/#breadcrumb\"},\"inLanguage\":\"fr-FR\",\"potentialAction\":[{\"@type\":\"ReadAction\",\"target\":[\"https:\/\/admin.industriall-union.org\/fr\/textile-cuir-habillement-chaussures-et-services-du-textile\/\"]}]},{\"@type\":\"BreadcrumbList\",\"@id\":\"https:\/\/admin.industriall-union.org\/fr\/textile-cuir-habillement-chaussures-et-services-du-textile\/#breadcrumb\",\"itemListElement\":[{\"@type\":\"ListItem\",\"position\":1,\"name\":\"Home\",\"item\":\"https:\/\/admin.industriall-union.org\/\"},{\"@type\":\"ListItem\",\"position\":2,\"name\":\"Textile, cuir, habillement, chaussures et services du textile\"}]},{\"@type\":\"WebSite\",\"@id\":\"https:\/\/admin.industriall-union.org\/#website\",\"url\":\"https:\/\/admin.industriall-union.org\/\",\"name\":\"industriall-union\",\"description\":\"\",\"potentialAction\":[{\"@type\":\"SearchAction\",\"target\":{\"@type\":\"EntryPoint\",\"urlTemplate\":\"https:\/\/admin.industriall-union.org\/?s={search_term_string}\"},\"query-input\":{\"@type\":\"PropertyValueSpecification\",\"valueRequired\":true,\"valueName\":\"search_term_string\"}}],\"inLanguage\":\"fr-FR\"}]}<\/script>\n<!-- \/ Yoast SEO Premium plugin. -->","yoast_head_json":{"title":"Textile, cuir, habillement, chaussures et services du textile - industriall-union","robots":{"index":"index","follow":"follow","max-snippet":"max-snippet:-1","max-image-preview":"max-image-preview:large","max-video-preview":"max-video-preview:-1"},"canonical":"https:\/\/admin.industriall-union.org\/fr\/textile-cuir-habillement-chaussures-et-services-du-textile\/","og_locale":"fr_FR","og_type":"article","og_title":"Textile, cuir, habillement, chaussures et services du textile","og_description":"Textile, cuir, habillement, chaussures et services du textile&nbsp; Hautement globalis\u00e9s avec ses millions d&#039;employ\u00e9s \u00e0 travers le monde, les secteurs du textile et de l&#039;habillement sont une grande source de travail pr\u00e9caire dans le monde en d\u00e9veloppement. Ce secteur est principalement compos\u00e9 de travailleurs sans formation, en grande partie des jeunes femmes et des migrants [&hellip;]","og_url":"https:\/\/admin.industriall-union.org\/fr\/textile-cuir-habillement-chaussures-et-services-du-textile\/","og_site_name":"industriall-union","article_modified_time":"2026-02-03T11:16:37+00:00","twitter_card":"summary_large_image","twitter_misc":{"Est. reading time":"1 minute"},"schema":{"@context":"https:\/\/schema.org","@graph":[{"@type":"WebPage","@id":"https:\/\/admin.industriall-union.org\/fr\/textile-cuir-habillement-chaussures-et-services-du-textile\/","url":"https:\/\/admin.industriall-union.org\/fr\/textile-cuir-habillement-chaussures-et-services-du-textile\/","name":"Textile, cuir, habillement, chaussures et services du textile - industriall-union","isPartOf":{"@id":"https:\/\/admin.industriall-union.org\/#website"},"datePublished":"2019-03-11T15:14:23+00:00","dateModified":"2026-02-03T11:16:37+00:00","breadcrumb":{"@id":"https:\/\/admin.industriall-union.org\/fr\/textile-cuir-habillement-chaussures-et-services-du-textile\/#breadcrumb"},"inLanguage":"fr-FR","potentialAction":[{"@type":"ReadAction","target":["https:\/\/admin.industriall-union.org\/fr\/textile-cuir-habillement-chaussures-et-services-du-textile\/"]}]},{"@type":"BreadcrumbList","@id":"https:\/\/admin.industriall-union.org\/fr\/textile-cuir-habillement-chaussures-et-services-du-textile\/#breadcrumb","itemListElement":[{"@type":"ListItem","position":1,"name":"Home","item":"https:\/\/admin.industriall-union.org\/"},{"@type":"ListItem","position":2,"name":"Textile, cuir, habillement, chaussures et services du textile"}]},{"@type":"WebSite","@id":"https:\/\/admin.industriall-union.org\/#website","url":"https:\/\/admin.industriall-union.org\/","name":"industriall-union","description":"","potentialAction":[{"@type":"SearchAction","target":{"@type":"EntryPoint","urlTemplate":"https:\/\/admin.industriall-union.org\/?s={search_term_string}"},"query-input":{"@type":"PropertyValueSpecification","valueRequired":true,"valueName":"search_term_string"}}],"inLanguage":"fr-FR"}]}},"_links":{"self":[{"href":"https:\/\/admin.industriall-union.org\/fr\/wp-json\/wp\/v2\/pages\/212209","targetHints":{"allow":["GET"]}}],"collection":[{"href":"https:\/\/admin.industriall-union.org\/fr\/wp-json\/wp\/v2\/pages"}],"about":[{"href":"https:\/\/admin.industriall-union.org\/fr\/wp-json\/wp\/v2\/types\/page"}],"author":[{"embeddable":true,"href":"https:\/\/admin.industriall-union.org\/fr\/wp-json\/wp\/v2\/users\/1"}],"replies":[{"embeddable":true,"href":"https:\/\/admin.industriall-union.org\/fr\/wp-json\/wp\/v2\/comments?post=212209"}],"version-history":[{"count":4,"href":"https:\/\/admin.industriall-union.org\/fr\/wp-json\/wp\/v2\/pages\/212209\/revisions"}],"predecessor-version":[{"id":466991,"href":"https:\/\/admin.industriall-union.org\/fr\/wp-json\/wp\/v2\/pages\/212209\/revisions\/466991"}],"wp:attachment":[{"href":"https:\/\/admin.industriall-union.org\/fr\/wp-json\/wp\/v2\/media?parent=212209"}],"wp:term":[{"taxonomy":"issues","embeddable":true,"href":"https:\/\/admin.industriall-union.org\/fr\/wp-json\/wp\/v2\/issues?post=212209"},{"taxonomy":"companies","embeddable":true,"href":"https:\/\/admin.industriall-union.org\/fr\/wp-json\/wp\/v2\/companies?post=212209"},{"taxonomy":"regions","embeddable":true,"href":"https:\/\/admin.industriall-union.org\/fr\/wp-json\/wp\/v2\/regions?post=212209"},{"taxonomy":"sectors","embeddable":true,"href":"https:\/\/admin.industriall-union.org\/fr\/wp-json\/wp\/v2\/sectors?post=212209"},{"taxonomy":"article_tags","embeddable":true,"href":"https:\/\/admin.industriall-union.org\/fr\/wp-json\/wp\/v2\/article_tags?post=212209"}],"curies":[{"name":"wp","href":"https:\/\/api.w.org\/{rel}","templated":true}]}}