{"id":212207,"date":"2019-03-11T14:19:38","date_gmt":"2019-03-11T14:19:38","guid":{"rendered":"https:\/\/admin.industriall-union.org\/actions-sur-le-bangladesh\/"},"modified":"2026-02-03T11:13:38","modified_gmt":"2026-02-03T11:13:38","slug":"actions-sur-le-bangladesh","status":"publish","type":"page","link":"https:\/\/admin.industriall-union.org\/fr\/actions-sur-le-bangladesh\/","title":{"rendered":"Actions sur le Bangladesh"},"content":{"rendered":"<p>Le 24 avril 2013, le Rana Plaza s&rsquo;est effondr\u00e9 en tuant 1.100 travailleuses et en blessant des milliers d&rsquo;autres. Depuis lors, plus de 200 marques mondiales et distributeurs ont sign\u00e9 l&rsquo;Accord historique sur les mesures de s\u00e9curit\u00e9 qui ont trait aux incendies et aux b\u00e2timents, et plus dc 1.500 inspections ont \u00e9t\u00e9 effectu\u00e9es dans des fabriques et ateliers. Le fonds d&rsquo;indemnisation du Rana Plaza, \u00e9tabli pour les victimes et leurs familles, a finalement atteint l&rsquo;objectif fix\u00e9 \u00e0 30 millions d&rsquo;USD.<\/p><p>Des syndicats puissants sont n\u00e9cessaires pour une r\u00e9elle s\u00e9curit\u00e9 et une viabilit\u00e9 de l&rsquo;industrie de la confection &#8211; IndustriALL poursuit sans rel\u00e2che notre objectif de syndicalisation et de lutte pour un salaire d\u00e9cent pour toutes les travailleuses et travailleurs de la confection.<\/p><p><strong>Personne de contact:<\/strong><\/p><table border=\"1\" cellpadding=\"1\" cellspacing=\"1\" style=\"width:100%\"><tbody><tr><td><img decoding=\"async\" alt=\"\" src=\"\/wp-content\/uploads\/images\/2019\/screen_shot_2019-04-09_at_14.09.20.png\" style=\"width: 200px;height: 199px\" \/><\/td><td><strong>Christina Hajagos-Clausen <\/strong><br \/>Director, Textile and Garment Industry<br \/>tel. +41 22 308 5070<br \/><a href=\"mailto:jholdcroft@industriall-union.org\">chajagos@industriall-union.org<\/a><\/td><\/tr><tr><td>&nbsp;<\/td><td>&nbsp;<\/td><\/tr><\/tbody><\/table>","protected":false},"excerpt":{"rendered":"<p>Le 24 avril 2013, le Rana Plaza s&rsquo;est effondr\u00e9 en tuant 1.100 travailleuses et en blessant des milliers d&rsquo;autres. Depuis lors, plus de 200 marques mondiales et distributeurs ont sign\u00e9 l&rsquo;Accord historique sur les mesures de s\u00e9curit\u00e9 qui ont trait aux incendies et aux b\u00e2timents, et plus dc 1.500 inspections ont \u00e9t\u00e9 effectu\u00e9es dans des [&hellip;]<\/p>\n","protected":false},"author":1,"featured_media":0,"parent":0,"menu_order":0,"comment_status":"closed","ping_status":"closed","template":"","meta":{"_acf_changed":false,"footnotes":""},"issues":[414],"companies":[],"regions":[],"sectors":[],"article_tags":[],"class_list":["post-212207","page","type-page","status-publish","hentry","issues-action-on-bangladesh"],"acf":[],"yoast_head":"<!-- This site is optimized with the Yoast SEO Premium plugin v27.1 (Yoast SEO v27.1) - https:\/\/yoast.com\/product\/yoast-seo-premium-wordpress\/ -->\n<title>Actions sur le Bangladesh - industriall-union<\/title>\n<meta name=\"robots\" content=\"index, follow, max-snippet:-1, max-image-preview:large, max-video-preview:-1\" \/>\n<link rel=\"canonical\" href=\"https:\/\/admin.industriall-union.org\/fr\/actions-sur-le-bangladesh\/\" \/>\n<meta property=\"og:locale\" content=\"fr_FR\" \/>\n<meta property=\"og:type\" content=\"article\" \/>\n<meta property=\"og:title\" content=\"Actions sur le Bangladesh\" \/>\n<meta property=\"og:description\" content=\"Le 24 avril 2013, le Rana Plaza s&rsquo;est effondr\u00e9 en tuant 1.100 travailleuses et en blessant des milliers d&rsquo;autres. Depuis lors, plus de 200 marques mondiales et distributeurs ont sign\u00e9 l&rsquo;Accord historique sur les mesures de s\u00e9curit\u00e9 qui ont trait aux incendies et aux b\u00e2timents, et plus dc 1.500 inspections ont \u00e9t\u00e9 effectu\u00e9es dans des [&hellip;]\" \/>\n<meta property=\"og:url\" content=\"https:\/\/admin.industriall-union.org\/fr\/actions-sur-le-bangladesh\/\" \/>\n<meta property=\"og:site_name\" content=\"industriall-union\" \/>\n<meta property=\"article:modified_time\" content=\"2026-02-03T11:13:38+00:00\" \/>\n<meta name=\"twitter:card\" content=\"summary_large_image\" \/>\n<meta name=\"twitter:label1\" content=\"Est. reading time\" \/>\n\t<meta name=\"twitter:data1\" content=\"1 minute\" \/>\n<script type=\"application\/ld+json\" class=\"yoast-schema-graph\">{\"@context\":\"https:\/\/schema.org\",\"@graph\":[{\"@type\":\"WebPage\",\"@id\":\"https:\/\/admin.industriall-union.org\/fr\/actions-sur-le-bangladesh\/\",\"url\":\"https:\/\/admin.industriall-union.org\/fr\/actions-sur-le-bangladesh\/\",\"name\":\"Actions sur le Bangladesh - industriall-union\",\"isPartOf\":{\"@id\":\"https:\/\/admin.industriall-union.org\/ru\/#website\"},\"datePublished\":\"2019-03-11T14:19:38+00:00\",\"dateModified\":\"2026-02-03T11:13:38+00:00\",\"breadcrumb\":{\"@id\":\"https:\/\/admin.industriall-union.org\/fr\/actions-sur-le-bangladesh\/#breadcrumb\"},\"inLanguage\":\"fr-FR\",\"potentialAction\":[{\"@type\":\"ReadAction\",\"target\":[\"https:\/\/admin.industriall-union.org\/fr\/actions-sur-le-bangladesh\/\"]}]},{\"@type\":\"BreadcrumbList\",\"@id\":\"https:\/\/admin.industriall-union.org\/fr\/actions-sur-le-bangladesh\/#breadcrumb\",\"itemListElement\":[{\"@type\":\"ListItem\",\"position\":1,\"name\":\"Home\",\"item\":\"https:\/\/admin.industriall-union.org\/ru\/\"},{\"@type\":\"ListItem\",\"position\":2,\"name\":\"Actions sur le Bangladesh\"}]},{\"@type\":\"WebSite\",\"@id\":\"https:\/\/admin.industriall-union.org\/ru\/#website\",\"url\":\"https:\/\/admin.industriall-union.org\/ru\/\",\"name\":\"industriall-union\",\"description\":\"\",\"potentialAction\":[{\"@type\":\"SearchAction\",\"target\":{\"@type\":\"EntryPoint\",\"urlTemplate\":\"https:\/\/admin.industriall-union.org\/ru\/?s={search_term_string}\"},\"query-input\":{\"@type\":\"PropertyValueSpecification\",\"valueRequired\":true,\"valueName\":\"search_term_string\"}}],\"inLanguage\":\"fr-FR\"}]}<\/script>\n<!-- \/ Yoast SEO Premium plugin. -->","yoast_head_json":{"title":"Actions sur le Bangladesh - industriall-union","robots":{"index":"index","follow":"follow","max-snippet":"max-snippet:-1","max-image-preview":"max-image-preview:large","max-video-preview":"max-video-preview:-1"},"canonical":"https:\/\/admin.industriall-union.org\/fr\/actions-sur-le-bangladesh\/","og_locale":"fr_FR","og_type":"article","og_title":"Actions sur le Bangladesh","og_description":"Le 24 avril 2013, le Rana Plaza s&rsquo;est effondr\u00e9 en tuant 1.100 travailleuses et en blessant des milliers d&rsquo;autres. Depuis lors, plus de 200 marques mondiales et distributeurs ont sign\u00e9 l&rsquo;Accord historique sur les mesures de s\u00e9curit\u00e9 qui ont trait aux incendies et aux b\u00e2timents, et plus dc 1.500 inspections ont \u00e9t\u00e9 effectu\u00e9es dans des [&hellip;]","og_url":"https:\/\/admin.industriall-union.org\/fr\/actions-sur-le-bangladesh\/","og_site_name":"industriall-union","article_modified_time":"2026-02-03T11:13:38+00:00","twitter_card":"summary_large_image","twitter_misc":{"Est. reading time":"1 minute"},"schema":{"@context":"https:\/\/schema.org","@graph":[{"@type":"WebPage","@id":"https:\/\/admin.industriall-union.org\/fr\/actions-sur-le-bangladesh\/","url":"https:\/\/admin.industriall-union.org\/fr\/actions-sur-le-bangladesh\/","name":"Actions sur le Bangladesh - industriall-union","isPartOf":{"@id":"https:\/\/admin.industriall-union.org\/ru\/#website"},"datePublished":"2019-03-11T14:19:38+00:00","dateModified":"2026-02-03T11:13:38+00:00","breadcrumb":{"@id":"https:\/\/admin.industriall-union.org\/fr\/actions-sur-le-bangladesh\/#breadcrumb"},"inLanguage":"fr-FR","potentialAction":[{"@type":"ReadAction","target":["https:\/\/admin.industriall-union.org\/fr\/actions-sur-le-bangladesh\/"]}]},{"@type":"BreadcrumbList","@id":"https:\/\/admin.industriall-union.org\/fr\/actions-sur-le-bangladesh\/#breadcrumb","itemListElement":[{"@type":"ListItem","position":1,"name":"Home","item":"https:\/\/admin.industriall-union.org\/ru\/"},{"@type":"ListItem","position":2,"name":"Actions sur le Bangladesh"}]},{"@type":"WebSite","@id":"https:\/\/admin.industriall-union.org\/ru\/#website","url":"https:\/\/admin.industriall-union.org\/ru\/","name":"industriall-union","description":"","potentialAction":[{"@type":"SearchAction","target":{"@type":"EntryPoint","urlTemplate":"https:\/\/admin.industriall-union.org\/ru\/?s={search_term_string}"},"query-input":{"@type":"PropertyValueSpecification","valueRequired":true,"valueName":"search_term_string"}}],"inLanguage":"fr-FR"}]}},"_links":{"self":[{"href":"https:\/\/admin.industriall-union.org\/fr\/wp-json\/wp\/v2\/pages\/212207","targetHints":{"allow":["GET"]}}],"collection":[{"href":"https:\/\/admin.industriall-union.org\/fr\/wp-json\/wp\/v2\/pages"}],"about":[{"href":"https:\/\/admin.industriall-union.org\/fr\/wp-json\/wp\/v2\/types\/page"}],"author":[{"embeddable":true,"href":"https:\/\/admin.industriall-union.org\/fr\/wp-json\/wp\/v2\/users\/1"}],"replies":[{"embeddable":true,"href":"https:\/\/admin.industriall-union.org\/fr\/wp-json\/wp\/v2\/comments?post=212207"}],"version-history":[{"count":2,"href":"https:\/\/admin.industriall-union.org\/fr\/wp-json\/wp\/v2\/pages\/212207\/revisions"}],"predecessor-version":[{"id":464199,"href":"https:\/\/admin.industriall-union.org\/fr\/wp-json\/wp\/v2\/pages\/212207\/revisions\/464199"}],"wp:attachment":[{"href":"https:\/\/admin.industriall-union.org\/fr\/wp-json\/wp\/v2\/media?parent=212207"}],"wp:term":[{"taxonomy":"issues","embeddable":true,"href":"https:\/\/admin.industriall-union.org\/fr\/wp-json\/wp\/v2\/issues?post=212207"},{"taxonomy":"companies","embeddable":true,"href":"https:\/\/admin.industriall-union.org\/fr\/wp-json\/wp\/v2\/companies?post=212207"},{"taxonomy":"regions","embeddable":true,"href":"https:\/\/admin.industriall-union.org\/fr\/wp-json\/wp\/v2\/regions?post=212207"},{"taxonomy":"sectors","embeddable":true,"href":"https:\/\/admin.industriall-union.org\/fr\/wp-json\/wp\/v2\/sectors?post=212207"},{"taxonomy":"article_tags","embeddable":true,"href":"https:\/\/admin.industriall-union.org\/fr\/wp-json\/wp\/v2\/article_tags?post=212207"}],"curies":[{"name":"wp","href":"https:\/\/api.w.org\/{rel}","templated":true}]}}