{"id":212205,"date":"2019-03-11T17:18:02","date_gmt":"2019-03-11T17:18:02","guid":{"rendered":"https:\/\/admin.industriall-union.org\/stop-au-travail-precaire\/"},"modified":"2026-02-03T11:12:38","modified_gmt":"2026-02-03T11:12:38","slug":"stop-au-travail-precaire","status":"publish","type":"page","link":"https:\/\/admin.industriall-union.org\/fr\/stop-au-travail-precaire\/","title":{"rendered":"STOP au travail pr\u00e9caire"},"content":{"rendered":"<p>Les syndicats ripostent face \u00e0 cette mont\u00e9e, en syndicalisant les travailleurs pr\u00e9caires, en luttant contre les lois qui favorisent le travail pr\u00e9caire et en se mobilisant en faveur de la s\u00e9curit\u00e9 de l&rsquo;emploi avec un bon salaire et de bonnes conditions de travail.<\/p><h3>Qu&rsquo;est-ce que le travail pr\u00e9caire ?<\/h3><p>Informel, temporaire, indirect, contrat z\u00e9ro heure, autant de termes qui d\u00e9crivent le travail pr\u00e9caire. Ce type d&rsquo;embauche est utilis\u00e9 de plus en plus pour remplacer les emplois directs et permanents en permettant aux employeurs de r\u00e9duire voire d&rsquo;abandonner leurs responsabilit\u00e9s envers les travailleurs. <a href=\"http:\/\/industriall.consids5.se\/fr\/quest-ce-que-le-travail-precaire\">lire la suite<\/a><\/p><p><iframe loading=\"lazy\" allow=\"accelerometer; autoplay; encrypted-media; gyroscope; picture-in-picture\" allowfullscreen=\"\" frameborder=\"0\" height=\"315\" src=\"https:\/\/www.youtube.com\/embed\/-zgqZk-YrhA?start=1\" width=\"560\"><\/iframe><\/p><table border=\"0\" cellpadding=\"1\" cellspacing=\"1\" style=\"width:0px\"><tbody><tr><td><a href=\"http:\/\/www.industriall-union.org\/fr\/les-syndicats-luttent-contre-la-montee-du-travail-interimaire\"><img decoding=\"async\" alt=\"Download &quot;The Triangular Trap&quot;\" src=\"\/wp-content\/uploads\/images\/STOP-precarious-work\/screen_shot_2014-08-13_at_10.47.52.png\" style=\"height:155px;width:110px\" \/><\/a><\/td><td><a href=\"http:\/\/www.industriall-union.org\/fr\/strategies-de-negociation-pour-combattre-lemploi-precaire\"><img decoding=\"async\" alt=\"\" src=\"\/wp-content\/uploads\/images\/STOP-precarious-work\/Bargaining-strategies\/negotiating-security-fra-a4web.jpg\" style=\"height:155px;width:110px\" \/><\/a><\/td><td><a href=\"http:\/\/www.industriall-union.org\/fr\/documentation-2013-pour-la-campagne-stop-travail-precaire\" style=\"font-family: Arial, Helvetica, Verdana, sans-serif;font-size: 14px;font-style: normal;font-variant: normal;line-height: 18.99799919128418px;text-decoration: underline\"><img decoding=\"async\" alt=\"\" src=\"\/wp-content\/uploads\/images\/STOP-precarious-work\/2013\/leaflet_image_pw.png\" style=\"height:155px;width:110px\" \/><\/a><\/td><td><a href=\"https:\/\/www.youtube.com\/watch?v=PUTYLMAcv4E\"><img decoding=\"async\" alt=\"\" src=\"\/wp-content\/uploads\/images\/Campaigns\/STOP_PW\/a3_spw_placard-01_fr.jpg\" style=\"height: 159px;width: 110px\" \/><\/a><\/td><\/tr><\/tbody><\/table>","protected":false},"excerpt":{"rendered":"<p>Les syndicats ripostent face \u00e0 cette mont\u00e9e, en syndicalisant les travailleurs pr\u00e9caires, en luttant contre les lois qui favorisent le travail pr\u00e9caire et en se mobilisant en faveur de la s\u00e9curit\u00e9 de l&rsquo;emploi avec un bon salaire et de bonnes conditions de travail. Qu&rsquo;est-ce que le travail pr\u00e9caire ? Informel, temporaire, indirect, contrat z\u00e9ro heure, [&hellip;]<\/p>\n","protected":false},"author":1,"featured_media":0,"parent":0,"menu_order":0,"comment_status":"closed","ping_status":"closed","template":"","meta":{"_acf_changed":false,"footnotes":""},"issues":[],"companies":[],"regions":[],"sectors":[],"article_tags":[],"class_list":["post-212205","page","type-page","status-publish","hentry"],"acf":[],"yoast_head":"<!-- This site is optimized with the Yoast SEO Premium plugin v27.1 (Yoast SEO v27.1) - https:\/\/yoast.com\/product\/yoast-seo-premium-wordpress\/ -->\n<title>STOP au travail pr\u00e9caire - industriall-union<\/title>\n<meta name=\"robots\" content=\"index, follow, max-snippet:-1, max-image-preview:large, max-video-preview:-1\" \/>\n<link rel=\"canonical\" href=\"https:\/\/admin.industriall-union.org\/fr\/stop-au-travail-precaire\/\" \/>\n<meta property=\"og:locale\" content=\"fr_FR\" \/>\n<meta property=\"og:type\" content=\"article\" \/>\n<meta property=\"og:title\" content=\"STOP au travail pr\u00e9caire\" \/>\n<meta property=\"og:description\" content=\"Les syndicats ripostent face \u00e0 cette mont\u00e9e, en syndicalisant les travailleurs pr\u00e9caires, en luttant contre les lois qui favorisent le travail pr\u00e9caire et en se mobilisant en faveur de la s\u00e9curit\u00e9 de l&rsquo;emploi avec un bon salaire et de bonnes conditions de travail. Qu&rsquo;est-ce que le travail pr\u00e9caire ? Informel, temporaire, indirect, contrat z\u00e9ro heure, [&hellip;]\" \/>\n<meta property=\"og:url\" content=\"https:\/\/admin.industriall-union.org\/fr\/stop-au-travail-precaire\/\" \/>\n<meta property=\"og:site_name\" content=\"industriall-union\" \/>\n<meta property=\"article:modified_time\" content=\"2026-02-03T11:12:38+00:00\" \/>\n<meta name=\"twitter:card\" content=\"summary_large_image\" \/>\n<meta name=\"twitter:label1\" content=\"Est. reading time\" \/>\n\t<meta name=\"twitter:data1\" content=\"1 minute\" \/>\n<script type=\"application\/ld+json\" class=\"yoast-schema-graph\">{\"@context\":\"https:\/\/schema.org\",\"@graph\":[{\"@type\":\"WebPage\",\"@id\":\"https:\/\/admin.industriall-union.org\/fr\/stop-au-travail-precaire\/\",\"url\":\"https:\/\/admin.industriall-union.org\/fr\/stop-au-travail-precaire\/\",\"name\":\"STOP au travail pr\u00e9caire - industriall-union\",\"isPartOf\":{\"@id\":\"https:\/\/admin.industriall-union.org\/fr\/#website\"},\"datePublished\":\"2019-03-11T17:18:02+00:00\",\"dateModified\":\"2026-02-03T11:12:38+00:00\",\"breadcrumb\":{\"@id\":\"https:\/\/admin.industriall-union.org\/fr\/stop-au-travail-precaire\/#breadcrumb\"},\"inLanguage\":\"fr-FR\",\"potentialAction\":[{\"@type\":\"ReadAction\",\"target\":[\"https:\/\/admin.industriall-union.org\/fr\/stop-au-travail-precaire\/\"]}]},{\"@type\":\"BreadcrumbList\",\"@id\":\"https:\/\/admin.industriall-union.org\/fr\/stop-au-travail-precaire\/#breadcrumb\",\"itemListElement\":[{\"@type\":\"ListItem\",\"position\":1,\"name\":\"Home\",\"item\":\"https:\/\/admin.industriall-union.org\/fr\/\"},{\"@type\":\"ListItem\",\"position\":2,\"name\":\"STOP au travail pr\u00e9caire\"}]},{\"@type\":\"WebSite\",\"@id\":\"https:\/\/admin.industriall-union.org\/fr\/#website\",\"url\":\"https:\/\/admin.industriall-union.org\/fr\/\",\"name\":\"industriall-union\",\"description\":\"\",\"potentialAction\":[{\"@type\":\"SearchAction\",\"target\":{\"@type\":\"EntryPoint\",\"urlTemplate\":\"https:\/\/admin.industriall-union.org\/fr\/?s={search_term_string}\"},\"query-input\":{\"@type\":\"PropertyValueSpecification\",\"valueRequired\":true,\"valueName\":\"search_term_string\"}}],\"inLanguage\":\"fr-FR\"}]}<\/script>\n<!-- \/ Yoast SEO Premium plugin. -->","yoast_head_json":{"title":"STOP au travail pr\u00e9caire - industriall-union","robots":{"index":"index","follow":"follow","max-snippet":"max-snippet:-1","max-image-preview":"max-image-preview:large","max-video-preview":"max-video-preview:-1"},"canonical":"https:\/\/admin.industriall-union.org\/fr\/stop-au-travail-precaire\/","og_locale":"fr_FR","og_type":"article","og_title":"STOP au travail pr\u00e9caire","og_description":"Les syndicats ripostent face \u00e0 cette mont\u00e9e, en syndicalisant les travailleurs pr\u00e9caires, en luttant contre les lois qui favorisent le travail pr\u00e9caire et en se mobilisant en faveur de la s\u00e9curit\u00e9 de l&rsquo;emploi avec un bon salaire et de bonnes conditions de travail. Qu&rsquo;est-ce que le travail pr\u00e9caire ? Informel, temporaire, indirect, contrat z\u00e9ro heure, [&hellip;]","og_url":"https:\/\/admin.industriall-union.org\/fr\/stop-au-travail-precaire\/","og_site_name":"industriall-union","article_modified_time":"2026-02-03T11:12:38+00:00","twitter_card":"summary_large_image","twitter_misc":{"Est. reading time":"1 minute"},"schema":{"@context":"https:\/\/schema.org","@graph":[{"@type":"WebPage","@id":"https:\/\/admin.industriall-union.org\/fr\/stop-au-travail-precaire\/","url":"https:\/\/admin.industriall-union.org\/fr\/stop-au-travail-precaire\/","name":"STOP au travail pr\u00e9caire - industriall-union","isPartOf":{"@id":"https:\/\/admin.industriall-union.org\/fr\/#website"},"datePublished":"2019-03-11T17:18:02+00:00","dateModified":"2026-02-03T11:12:38+00:00","breadcrumb":{"@id":"https:\/\/admin.industriall-union.org\/fr\/stop-au-travail-precaire\/#breadcrumb"},"inLanguage":"fr-FR","potentialAction":[{"@type":"ReadAction","target":["https:\/\/admin.industriall-union.org\/fr\/stop-au-travail-precaire\/"]}]},{"@type":"BreadcrumbList","@id":"https:\/\/admin.industriall-union.org\/fr\/stop-au-travail-precaire\/#breadcrumb","itemListElement":[{"@type":"ListItem","position":1,"name":"Home","item":"https:\/\/admin.industriall-union.org\/fr\/"},{"@type":"ListItem","position":2,"name":"STOP au travail pr\u00e9caire"}]},{"@type":"WebSite","@id":"https:\/\/admin.industriall-union.org\/fr\/#website","url":"https:\/\/admin.industriall-union.org\/fr\/","name":"industriall-union","description":"","potentialAction":[{"@type":"SearchAction","target":{"@type":"EntryPoint","urlTemplate":"https:\/\/admin.industriall-union.org\/fr\/?s={search_term_string}"},"query-input":{"@type":"PropertyValueSpecification","valueRequired":true,"valueName":"search_term_string"}}],"inLanguage":"fr-FR"}]}},"_links":{"self":[{"href":"https:\/\/admin.industriall-union.org\/fr\/wp-json\/wp\/v2\/pages\/212205","targetHints":{"allow":["GET"]}}],"collection":[{"href":"https:\/\/admin.industriall-union.org\/fr\/wp-json\/wp\/v2\/pages"}],"about":[{"href":"https:\/\/admin.industriall-union.org\/fr\/wp-json\/wp\/v2\/types\/page"}],"author":[{"embeddable":true,"href":"https:\/\/admin.industriall-union.org\/fr\/wp-json\/wp\/v2\/users\/1"}],"replies":[{"embeddable":true,"href":"https:\/\/admin.industriall-union.org\/fr\/wp-json\/wp\/v2\/comments?post=212205"}],"version-history":[{"count":3,"href":"https:\/\/admin.industriall-union.org\/fr\/wp-json\/wp\/v2\/pages\/212205\/revisions"}],"predecessor-version":[{"id":466989,"href":"https:\/\/admin.industriall-union.org\/fr\/wp-json\/wp\/v2\/pages\/212205\/revisions\/466989"}],"wp:attachment":[{"href":"https:\/\/admin.industriall-union.org\/fr\/wp-json\/wp\/v2\/media?parent=212205"}],"wp:term":[{"taxonomy":"issues","embeddable":true,"href":"https:\/\/admin.industriall-union.org\/fr\/wp-json\/wp\/v2\/issues?post=212205"},{"taxonomy":"companies","embeddable":true,"href":"https:\/\/admin.industriall-union.org\/fr\/wp-json\/wp\/v2\/companies?post=212205"},{"taxonomy":"regions","embeddable":true,"href":"https:\/\/admin.industriall-union.org\/fr\/wp-json\/wp\/v2\/regions?post=212205"},{"taxonomy":"sectors","embeddable":true,"href":"https:\/\/admin.industriall-union.org\/fr\/wp-json\/wp\/v2\/sectors?post=212205"},{"taxonomy":"article_tags","embeddable":true,"href":"https:\/\/admin.industriall-union.org\/fr\/wp-json\/wp\/v2\/article_tags?post=212205"}],"curies":[{"name":"wp","href":"https:\/\/api.w.org\/{rel}","templated":true}]}}