{"id":212198,"date":"2019-03-11T16:58:38","date_gmt":"2019-03-11T16:58:38","guid":{"rendered":"https:\/\/admin.industriall-union.org\/projets\/"},"modified":"2026-02-03T11:11:27","modified_gmt":"2026-02-03T11:11:27","slug":"projets","status":"publish","type":"page","link":"https:\/\/admin.industriall-union.org\/fr\/projets\/","title":{"rendered":"Projets"},"content":{"rendered":"<p>Les cinq objectifs strat\u00e9giques adopt\u00e9s par le congr\u00e8s guident tous les travaux r\u00e9alis\u00e9s par IndustriALL.<\/p><p>Les projets augmentent consid\u00e9rablement notre capacit\u00e9 \u00e0 atteindre nos objectifs. Un projet est un contrat entre une organisation de solidarit\u00e9 syndicale et IndustriALL, o\u00f9 l&#039;organisation de soutien accepte de financer le travail que nous faisons dans les r\u00e9gions en fonction des objectifs et des indicateurs sp\u00e9cifiques.<\/p><p>Les objectifs et les indicateurs seront toujours align\u00e9s \u00e0 nos objectifs strat\u00e9giques, mais sont \u00e9galement influenc\u00e9s par les demandes de nos affili\u00e9s participants, la r\u00e9flexion strat\u00e9gique des r\u00e9gions et du si\u00e8ge d&#039;IndustriALL et certaines restrictions de l&#039;organisation de soutien.<\/p><p>Les objectifs et les indicateurs d&#039;un projet sont toujours d\u00e9velopp\u00e9s en coop\u00e9ration entre IndustriALL, les affili\u00e9s participants, les syndicats du pays de l&#039;organisation de soutien et l&#039;organisation de soutien elle-m\u00eame.<\/p><p>En 2018, nous avons eu un total de 43 projets financ\u00e9s par des organisations de soutien en Su\u00e8de, en Finlande, en Allemagne, aux Pays-Bas et au Danemark et des syndicats actifs et solidaires en Su\u00e8de, en Finlande, au Danemark, au Canada, en France, en Belgique et en Norv\u00e8ge. Vingt-cinq de ces projets sont des projets dits d&rsquo;approche du cadre logique, qui sont des projets globaux comportant de nombreuses activit\u00e9s dans un ou plusieurs pays.<\/p><p>Nous avons 14 projets avec la Friedrich Ebert Stiftung (FES), qui se concentrent sur une ou quelques activit\u00e9s internationales telles que des r\u00e9seaux d&#039;entreprises, des secteurs ou des th\u00e8mes sp\u00e9cifiques.<\/p><p>Les projets se concentrent principalement sur le renforcement du pouvoir syndical, mais nous travaillons \u00e9galement pour lutter contre le travail pr\u00e9caire, affronter le capital mondial et d\u00e9fendre les droits des travailleurs.<\/p><p>Le genre est int\u00e9gr\u00e9 tout au long de notre travail de projet. Les projets offrent un soutien inestimable, en particulier pour le travail de nos bureaux r\u00e9gionaux avec les affili\u00e9s locaux. Les activit\u00e9s de projet sont principalement men\u00e9es par le personnel des bureaux r\u00e9gionaux et par les coordonnateurs de projet que nous avons embauch\u00e9s gr\u00e2ce au financement de projet.<\/p><p>Au total, nous avons 37 coordinateurs de projet, dont la plupart sont engag\u00e9s par IndustriALL pour la dur\u00e9e d&#039;un cycle de projet. Tous les projets sont planifi\u00e9s et supervis\u00e9s par les bureaux r\u00e9gionaux et les charg\u00e9s de projet ou les directeurs de l&#039;industrie \u00e0 Gen\u00e8ve pour s&#039;assurer que les objectifs et les indicateurs sont align\u00e9s sur nos objectifs strat\u00e9giques et que les activit\u00e9s apportent de la force \u00e0 nos affili\u00e9s dans les pays concern\u00e9s.<\/p><p>Les activit\u00e9s se concentrent sur des questions importantes telles que l&#039;organisation, la n\u00e9gociation collective, le dialogue social, le genre, les structures financi\u00e8res, la jeunesse, le travail pr\u00e9caire, l&#039;unit\u00e9, la sant\u00e9 et la s\u00e9curit\u00e9, l&#039;utilisation active des accords-cadres mondiaux, les cha\u00eenes d&#039;approvisionnement, etc.<\/p><p>Le renforcement des capacit\u00e9s est au c\u0153ur de notre travail de projet. Nous habilitons \u00e0 la fois les individus de nos affili\u00e9s et les affili\u00e9s eux-m\u00eames. Lorsqu&#039;ils re\u00e7oivent une formation, ils deviennent capables de partager de nouvelles connaissances avec leurs coll\u00e8gues et de les utiliser dans leur travail quotidien pour leurs membres.<\/p><p><strong>Personne de contact:<\/strong><\/p><table border=\"1\" cellpadding=\"1\" cellspacing=\"1\" style=\"width:100%\"><tbody><tr><td><strong><img decoding=\"async\" alt=\"\" src=\"\/wp-content\/uploads\/images\/People\/Internal\/IndustriALL-Staff\/fons.jpg\" style=\"width: 200px;height: 205px\" \/><\/strong><\/td><td><strong>Kurt (Fons) Vannieuwenhuyse<\/strong><br \/>Directeur, Projets<br \/>tel. +32 47 318 6770<br \/><a href=\"mailto:Fons@industriall-union.org\">Fons@industriall-union.org<\/a><\/td><\/tr><\/tbody><\/table>","protected":false},"excerpt":{"rendered":"<p>Les cinq objectifs strat\u00e9giques adopt\u00e9s par le congr\u00e8s guident tous les travaux r\u00e9alis\u00e9s par IndustriALL. Les projets augmentent consid\u00e9rablement notre capacit\u00e9 \u00e0 atteindre nos objectifs. Un projet est un contrat entre une organisation de solidarit\u00e9 syndicale et IndustriALL, o\u00f9 l&#039;organisation de soutien accepte de financer le travail que nous faisons dans les r\u00e9gions en fonction [&hellip;]<\/p>\n","protected":false},"author":1,"featured_media":0,"parent":0,"menu_order":0,"comment_status":"closed","ping_status":"closed","template":"","meta":{"_acf_changed":false,"footnotes":""},"issues":[371],"companies":[],"regions":[],"sectors":[],"article_tags":[522],"class_list":["post-212198","page","type-page","status-publish","hentry","issues-renforcement-syndical","article_tags-projects"],"acf":[],"yoast_head":"<!-- This site is optimized with the Yoast SEO Premium plugin v27.1 (Yoast SEO v27.1) - https:\/\/yoast.com\/product\/yoast-seo-premium-wordpress\/ -->\n<title>Projets - industriall-union<\/title>\n<meta name=\"robots\" content=\"index, follow, max-snippet:-1, max-image-preview:large, max-video-preview:-1\" \/>\n<link rel=\"canonical\" href=\"https:\/\/admin.industriall-union.org\/fr\/projets\/\" \/>\n<meta property=\"og:locale\" content=\"fr_FR\" \/>\n<meta property=\"og:type\" content=\"article\" \/>\n<meta property=\"og:title\" content=\"Projets\" \/>\n<meta property=\"og:description\" content=\"Les cinq objectifs strat\u00e9giques adopt\u00e9s par le congr\u00e8s guident tous les travaux r\u00e9alis\u00e9s par IndustriALL. Les projets augmentent consid\u00e9rablement notre capacit\u00e9 \u00e0 atteindre nos objectifs. Un projet est un contrat entre une organisation de solidarit\u00e9 syndicale et IndustriALL, o\u00f9 l&#039;organisation de soutien accepte de financer le travail que nous faisons dans les r\u00e9gions en fonction [&hellip;]\" \/>\n<meta property=\"og:url\" content=\"https:\/\/admin.industriall-union.org\/fr\/projets\/\" \/>\n<meta property=\"og:site_name\" content=\"industriall-union\" \/>\n<meta property=\"article:modified_time\" content=\"2026-02-03T11:11:27+00:00\" \/>\n<meta name=\"twitter:card\" content=\"summary_large_image\" \/>\n<meta name=\"twitter:label1\" content=\"Est. reading time\" \/>\n\t<meta name=\"twitter:data1\" content=\"3 minutes\" \/>\n<script type=\"application\/ld+json\" class=\"yoast-schema-graph\">{\"@context\":\"https:\/\/schema.org\",\"@graph\":[{\"@type\":\"WebPage\",\"@id\":\"https:\/\/admin.industriall-union.org\/fr\/projets\/\",\"url\":\"https:\/\/admin.industriall-union.org\/fr\/projets\/\",\"name\":\"Projets - industriall-union\",\"isPartOf\":{\"@id\":\"https:\/\/admin.industriall-union.org\/fr\/#website\"},\"datePublished\":\"2019-03-11T16:58:38+00:00\",\"dateModified\":\"2026-02-03T11:11:27+00:00\",\"breadcrumb\":{\"@id\":\"https:\/\/admin.industriall-union.org\/fr\/projets\/#breadcrumb\"},\"inLanguage\":\"fr-FR\",\"potentialAction\":[{\"@type\":\"ReadAction\",\"target\":[\"https:\/\/admin.industriall-union.org\/fr\/projets\/\"]}]},{\"@type\":\"BreadcrumbList\",\"@id\":\"https:\/\/admin.industriall-union.org\/fr\/projets\/#breadcrumb\",\"itemListElement\":[{\"@type\":\"ListItem\",\"position\":1,\"name\":\"Home\",\"item\":\"https:\/\/admin.industriall-union.org\/fr\/\"},{\"@type\":\"ListItem\",\"position\":2,\"name\":\"Projets\"}]},{\"@type\":\"WebSite\",\"@id\":\"https:\/\/admin.industriall-union.org\/fr\/#website\",\"url\":\"https:\/\/admin.industriall-union.org\/fr\/\",\"name\":\"industriall-union\",\"description\":\"\",\"potentialAction\":[{\"@type\":\"SearchAction\",\"target\":{\"@type\":\"EntryPoint\",\"urlTemplate\":\"https:\/\/admin.industriall-union.org\/fr\/?s={search_term_string}\"},\"query-input\":{\"@type\":\"PropertyValueSpecification\",\"valueRequired\":true,\"valueName\":\"search_term_string\"}}],\"inLanguage\":\"fr-FR\"}]}<\/script>\n<!-- \/ Yoast SEO Premium plugin. -->","yoast_head_json":{"title":"Projets - industriall-union","robots":{"index":"index","follow":"follow","max-snippet":"max-snippet:-1","max-image-preview":"max-image-preview:large","max-video-preview":"max-video-preview:-1"},"canonical":"https:\/\/admin.industriall-union.org\/fr\/projets\/","og_locale":"fr_FR","og_type":"article","og_title":"Projets","og_description":"Les cinq objectifs strat\u00e9giques adopt\u00e9s par le congr\u00e8s guident tous les travaux r\u00e9alis\u00e9s par IndustriALL. Les projets augmentent consid\u00e9rablement notre capacit\u00e9 \u00e0 atteindre nos objectifs. Un projet est un contrat entre une organisation de solidarit\u00e9 syndicale et IndustriALL, o\u00f9 l&#039;organisation de soutien accepte de financer le travail que nous faisons dans les r\u00e9gions en fonction [&hellip;]","og_url":"https:\/\/admin.industriall-union.org\/fr\/projets\/","og_site_name":"industriall-union","article_modified_time":"2026-02-03T11:11:27+00:00","twitter_card":"summary_large_image","twitter_misc":{"Est. reading time":"3 minutes"},"schema":{"@context":"https:\/\/schema.org","@graph":[{"@type":"WebPage","@id":"https:\/\/admin.industriall-union.org\/fr\/projets\/","url":"https:\/\/admin.industriall-union.org\/fr\/projets\/","name":"Projets - industriall-union","isPartOf":{"@id":"https:\/\/admin.industriall-union.org\/fr\/#website"},"datePublished":"2019-03-11T16:58:38+00:00","dateModified":"2026-02-03T11:11:27+00:00","breadcrumb":{"@id":"https:\/\/admin.industriall-union.org\/fr\/projets\/#breadcrumb"},"inLanguage":"fr-FR","potentialAction":[{"@type":"ReadAction","target":["https:\/\/admin.industriall-union.org\/fr\/projets\/"]}]},{"@type":"BreadcrumbList","@id":"https:\/\/admin.industriall-union.org\/fr\/projets\/#breadcrumb","itemListElement":[{"@type":"ListItem","position":1,"name":"Home","item":"https:\/\/admin.industriall-union.org\/fr\/"},{"@type":"ListItem","position":2,"name":"Projets"}]},{"@type":"WebSite","@id":"https:\/\/admin.industriall-union.org\/fr\/#website","url":"https:\/\/admin.industriall-union.org\/fr\/","name":"industriall-union","description":"","potentialAction":[{"@type":"SearchAction","target":{"@type":"EntryPoint","urlTemplate":"https:\/\/admin.industriall-union.org\/fr\/?s={search_term_string}"},"query-input":{"@type":"PropertyValueSpecification","valueRequired":true,"valueName":"search_term_string"}}],"inLanguage":"fr-FR"}]}},"_links":{"self":[{"href":"https:\/\/admin.industriall-union.org\/fr\/wp-json\/wp\/v2\/pages\/212198","targetHints":{"allow":["GET"]}}],"collection":[{"href":"https:\/\/admin.industriall-union.org\/fr\/wp-json\/wp\/v2\/pages"}],"about":[{"href":"https:\/\/admin.industriall-union.org\/fr\/wp-json\/wp\/v2\/types\/page"}],"author":[{"embeddable":true,"href":"https:\/\/admin.industriall-union.org\/fr\/wp-json\/wp\/v2\/users\/1"}],"replies":[{"embeddable":true,"href":"https:\/\/admin.industriall-union.org\/fr\/wp-json\/wp\/v2\/comments?post=212198"}],"version-history":[{"count":2,"href":"https:\/\/admin.industriall-union.org\/fr\/wp-json\/wp\/v2\/pages\/212198\/revisions"}],"predecessor-version":[{"id":464189,"href":"https:\/\/admin.industriall-union.org\/fr\/wp-json\/wp\/v2\/pages\/212198\/revisions\/464189"}],"wp:attachment":[{"href":"https:\/\/admin.industriall-union.org\/fr\/wp-json\/wp\/v2\/media?parent=212198"}],"wp:term":[{"taxonomy":"issues","embeddable":true,"href":"https:\/\/admin.industriall-union.org\/fr\/wp-json\/wp\/v2\/issues?post=212198"},{"taxonomy":"companies","embeddable":true,"href":"https:\/\/admin.industriall-union.org\/fr\/wp-json\/wp\/v2\/companies?post=212198"},{"taxonomy":"regions","embeddable":true,"href":"https:\/\/admin.industriall-union.org\/fr\/wp-json\/wp\/v2\/regions?post=212198"},{"taxonomy":"sectors","embeddable":true,"href":"https:\/\/admin.industriall-union.org\/fr\/wp-json\/wp\/v2\/sectors?post=212198"},{"taxonomy":"article_tags","embeddable":true,"href":"https:\/\/admin.industriall-union.org\/fr\/wp-json\/wp\/v2\/article_tags?post=212198"}],"curies":[{"name":"wp","href":"https:\/\/api.w.org\/{rel}","templated":true}]}}