{"id":212127,"date":"2019-04-04T09:55:31","date_gmt":"2019-04-04T09:55:31","guid":{"rendered":"https:\/\/admin.industriall-union.org\/secteurs\/"},"modified":"2026-02-03T11:05:23","modified_gmt":"2026-02-03T11:05:23","slug":"secteurs","status":"publish","type":"page","link":"https:\/\/admin.industriall-union.org\/fr\/secteurs\/","title":{"rendered":"Secteurs"},"content":{"rendered":"<h2><span style=\"color:#c0392b\">Liste de secteurs<\/span><\/h2><article class=\"listBlock\"><div class=\"image\">\u200b\u200b\u200b\u200b\u200b\u200b<img decoding=\"async\" alt=\"\" src=\"\/wp-content\/uploads\/images\/Actions-and-events\/Germany\/AerospaceConference-Berlin-July-2015\/aeroplane.jpg\" \/><\/div><div class=\"content\"><h2 class=\"title\"><a href=\"http:\/\/industriall.consids5.se\/fr\/aerospatial\">A\u00e9rospacial<\/a><\/h2><p class=\"description\">Couvrant les travailleurs principalement impliqu\u00e9s dans la fabrication d&rsquo;avions commerciaux et d&rsquo;avions militaires.<\/p><\/div><\/article><article class=\"listBlock\"><div class=\"image\"><img decoding=\"async\" alt=\"\" src=\"\/wp-content\/uploads\/images\/General-pics\/Automotive\/30913790792_26f6d68edf_k.jpg\" \/><\/div><div class=\"content\"><h2 class=\"title\"><a href=\"http:\/\/industriall.consids5.se\/fr\/industrie-automobile\">Automobile<\/a><\/h2><p class=\"description\">Soutenir les travailleurs et les syndicats chez les constructeurs automobiles et leurs cha\u00eenes d&#039;approvisionnement mondiales.<\/p><\/div><\/article><article class=\"listBlock\"><div class=\"image\"><img decoding=\"async\" alt=\"\" src=\"\/wp-content\/uploads\/images\/General-pics\/BaseMetals\/metal_sheets.jpg\" \/><\/div><div class=\"content\"><h2 class=\"title\"><a href=\"http:\/\/industriall.consids5.se\/fr\/metaux-de-base\">M\u00e9taux de base<\/a><\/h2><p class=\"description\">D\u00e9fendre les int\u00e9r\u00eats des travailleurs principalement dans les industries de l&#039;acier et de l&#039;aluminium.<\/p><\/div><\/article><article class=\"listBlock\"><div class=\"image\"><img decoding=\"async\" alt=\"\" src=\"\/wp-content\/uploads\/images\/General-pics\/PharmaChemical\/pharma_worker_woman.jpg\" \/><\/div><div class=\"content\"><h2 class=\"title\"><a href=\"http:\/\/industriall.consids5.se\/fr\/chimie-pharmacie-et-science-biologique\">Chimie, pharmaceutique et biosciences<\/a><\/h2><p class=\"description\">Promotion des travailleurs des industries chimiques, pharmaceutiques et des biosciences<\/p><\/div><\/article><article class=\"listBlock\"><div class=\"image\"><img decoding=\"async\" alt=\"\" src=\"\/wp-content\/uploads\/images\/General-pics\/Energy\/oilrefinery_workers.jpg\" \/><\/div><div class=\"content\"><h2 class=\"title\"><a href=\"http:\/\/industriall.consids5.se\/fr\/energie-petrole-gaz-electricite-et-nucleaire\">Energie (p\u00e9trole, gaz, \u00e9lectricit\u00e9 et nucl\u00e9aire)<\/a><\/h2><p class=\"description\">Defending workers in the oil, gas and nuclear industries as well as electric power generation.<\/p><\/div><\/article><article class=\"listBlock\"><div class=\"image\"><img decoding=\"async\" alt=\"\" src=\"\/wp-content\/uploads\/images\/General-pics\/ICTelectronics\/ictelectronics.jpg\" \/><\/div><div class=\"content\"><h2 class=\"title\"><a href=\"http:\/\/industriall.consids5.se\/fr\/ict-electricite-et-electronique\">TIC, \u00e9lectricit\u00e9 et \u00e9lectronique<\/a><\/h2><p class=\"description\">Promouvoir les droits des travailleurs dans les secteurs de l&#039;\u00e9lectricit\u00e9 et de l&#039;\u00e9lectronique, y compris l&#039;\u00e9lectronique grand public, le mat\u00e9riel informatique, les logiciels et autres.<\/p><\/div><\/article><article class=\"listBlock\"><div class=\"image\"><img decoding=\"async\" alt=\"\" src=\"\/wp-content\/uploads\/images\/General-pics\/Materials\/cement.jpg\" \/><\/div><div class=\"content\"><h2 class=\"title\"><a href=\"http:\/\/industriall.consids5.se\/fr\/verre-ciment-ceramique-et-industries-correspondantes\">Mat\u00e9riaux,&nbsp;Verre, ciment, c\u00e9ramique et industries correspondantes<\/a><\/h2><p class=\"description\">Soutenir les travailleurs des industries du verre, du ciment, de la c\u00e9ramique et des industries connexes.<\/p><\/div><\/article><article class=\"listBlock\"><div class=\"image\"><img decoding=\"async\" alt=\"\" src=\"\/wp-content\/uploads\/images\/General-pics\/MechanicalEngineering\/tractorfactory.jpg\" \/><\/div><div class=\"content\"><h2 class=\"title\"><a href=\"http:\/\/industriall.consids5.se\/fr\/ingenierie-mecanique\">Ing\u00e9nierie m\u00e9canique<\/a><\/h2><p class=\"description\">D\u00e9fendre les travailleurs des industries de l&#039;ing\u00e9nierie m\u00e9canique, y compris le secteur des \u00e9nergies renouvelables.<\/p><\/div><\/article><article class=\"listBlock\"><div class=\"image\"><img decoding=\"async\" alt=\"\" src=\"\/wp-content\/uploads\/images\/General-pics\/MIning\/dsc_8785.jpg\" \/><\/div><div class=\"content\"><h2 class=\"title\"><a href=\"http:\/\/industriall.consids5.se\/fr\/mines-et-dgojp\">Mines et DGOJP<\/a><\/h2><p class=\"description\">Renforcement des syndicats dans les secteurs minier et DGOJP (traitement des diamants, des pierres pr\u00e9cieuses, des ornements et des bijoux).<\/p><\/div><\/article><article class=\"listBlock\"><div class=\"image\"><img decoding=\"async\" alt=\"\" src=\"\/wp-content\/uploads\/images\/General-pics\/PulpPaper\/papermill_workers.jpg\" \/><\/div><div class=\"content\"><h2 class=\"title\"><a href=\"http:\/\/industriall.consids5.se\/fr\/pates-et-papiers\">P\u00e2te et papier<\/a><\/h2><p class=\"description\">Prot\u00e9ger les droits des travailleurs dans la production et la transformation des emballages en p\u00e2te \u00e0 papier, en papier, en carton et en papier.<\/p><\/div><\/article><article class=\"listBlock\"><div class=\"image\"><img decoding=\"async\" alt=\"\" src=\"\/wp-content\/uploads\/images\/General-pics\/Rubber\/rubberpressed.jpg\" \/><\/div><div class=\"content\"><h2 class=\"title\"><a href=\"http:\/\/industriall.consids5.se\/fr\/caoutchouc\">Caoutchouc<\/a><\/h2><p class=\"description\">Prot\u00e9ger les droits des travailleurs dans le secteur mondial des pneumatiques et du caoutchouc.<\/p><\/div><\/article><article class=\"listBlock\"><div class=\"image\"><img decoding=\"async\" alt=\"\" src=\"\/wp-content\/uploads\/images\/General-pics\/Shipbuilding\/shipbuildingrotterdam.jpg\" \/><\/div><div class=\"content\"><h2 class=\"title\"><a href=\"http:\/\/industriall.consids5.se\/fr\/construction-navale-et-demolition-des-navires\">Construction navale et d\u00e9molition des navires<\/a><\/h2><p class=\"description\">Veiller aux droits des travailleurs dans les secteurs de la construction et de la d\u00e9molition de navires.<\/p><\/div><\/article><article class=\"listBlock\"><div class=\"image\"><img decoding=\"async\" alt=\"\" src=\"\/wp-content\/uploads\/images\/General-pics\/Textile\/rp2_14.jpg\" \/><\/div><div class=\"content\"><h2 class=\"title\"><a href=\"http:\/\/industriall.consids5.se\/fr\/textile-cuir-habillement-chaussures-et-services-du-textile\">Textile, cuir, habillement, chaussures et services du textile&nbsp;<\/a><\/h2><p class=\"description\">Prot\u00e9ger les travailleurs des cha\u00eenes d&#039;approvisionnement mondiales des industries du v\u00eatement, du cuir, du textile et de la chaussure.<\/p><\/div><\/article>","protected":false},"excerpt":{"rendered":"<p>Liste de secteurs \u200b\u200b\u200b\u200b\u200b\u200b A\u00e9rospacial Couvrant les travailleurs principalement impliqu\u00e9s dans la fabrication d&rsquo;avions commerciaux et d&rsquo;avions militaires. Automobile Soutenir les travailleurs et les syndicats chez les constructeurs automobiles et leurs cha\u00eenes d&#039;approvisionnement mondiales. M\u00e9taux de base D\u00e9fendre les int\u00e9r\u00eats des travailleurs principalement dans les industries de l&#039;acier et de l&#039;aluminium. Chimie, pharmaceutique et biosciences [&hellip;]<\/p>\n","protected":false},"author":1,"featured_media":0,"parent":0,"menu_order":0,"comment_status":"closed","ping_status":"closed","template":"","meta":{"_acf_changed":false,"footnotes":""},"issues":[],"companies":[],"regions":[],"sectors":[],"article_tags":[],"class_list":["post-212127","page","type-page","status-publish","hentry"],"acf":[],"yoast_head":"<!-- This site is optimized with the Yoast SEO Premium plugin v27.1 (Yoast SEO v27.1) - https:\/\/yoast.com\/product\/yoast-seo-premium-wordpress\/ -->\n<title>Secteurs - industriall-union<\/title>\n<meta name=\"robots\" content=\"index, follow, max-snippet:-1, max-image-preview:large, max-video-preview:-1\" \/>\n<link rel=\"canonical\" href=\"https:\/\/admin.industriall-union.org\/fr\/secteurs\/\" \/>\n<meta property=\"og:locale\" content=\"fr_FR\" \/>\n<meta property=\"og:type\" content=\"article\" \/>\n<meta property=\"og:title\" content=\"Secteurs\" \/>\n<meta property=\"og:description\" content=\"Liste de secteurs \u200b\u200b\u200b\u200b\u200b\u200b A\u00e9rospacial Couvrant les travailleurs principalement impliqu\u00e9s dans la fabrication d&rsquo;avions commerciaux et d&rsquo;avions militaires. Automobile Soutenir les travailleurs et les syndicats chez les constructeurs automobiles et leurs cha\u00eenes d&#039;approvisionnement mondiales. M\u00e9taux de base D\u00e9fendre les int\u00e9r\u00eats des travailleurs principalement dans les industries de l&#039;acier et de l&#039;aluminium. Chimie, pharmaceutique et biosciences [&hellip;]\" \/>\n<meta property=\"og:url\" content=\"https:\/\/admin.industriall-union.org\/fr\/secteurs\/\" \/>\n<meta property=\"og:site_name\" content=\"industriall-union\" \/>\n<meta property=\"article:modified_time\" content=\"2026-02-03T11:05:23+00:00\" \/>\n<meta name=\"twitter:card\" content=\"summary_large_image\" \/>\n<meta name=\"twitter:label1\" content=\"Est. reading time\" \/>\n\t<meta name=\"twitter:data1\" content=\"1 minute\" \/>\n<script type=\"application\/ld+json\" class=\"yoast-schema-graph\">{\"@context\":\"https:\/\/schema.org\",\"@graph\":[{\"@type\":\"WebPage\",\"@id\":\"https:\/\/admin.industriall-union.org\/fr\/secteurs\/\",\"url\":\"https:\/\/admin.industriall-union.org\/fr\/secteurs\/\",\"name\":\"Secteurs - industriall-union\",\"isPartOf\":{\"@id\":\"https:\/\/admin.industriall-union.org\/fr\/#website\"},\"datePublished\":\"2019-04-04T09:55:31+00:00\",\"dateModified\":\"2026-02-03T11:05:23+00:00\",\"breadcrumb\":{\"@id\":\"https:\/\/admin.industriall-union.org\/fr\/secteurs\/#breadcrumb\"},\"inLanguage\":\"fr-FR\",\"potentialAction\":[{\"@type\":\"ReadAction\",\"target\":[\"https:\/\/admin.industriall-union.org\/fr\/secteurs\/\"]}]},{\"@type\":\"BreadcrumbList\",\"@id\":\"https:\/\/admin.industriall-union.org\/fr\/secteurs\/#breadcrumb\",\"itemListElement\":[{\"@type\":\"ListItem\",\"position\":1,\"name\":\"Home\",\"item\":\"https:\/\/admin.industriall-union.org\/fr\/\"},{\"@type\":\"ListItem\",\"position\":2,\"name\":\"Secteurs\"}]},{\"@type\":\"WebSite\",\"@id\":\"https:\/\/admin.industriall-union.org\/fr\/#website\",\"url\":\"https:\/\/admin.industriall-union.org\/fr\/\",\"name\":\"industriall-union\",\"description\":\"\",\"potentialAction\":[{\"@type\":\"SearchAction\",\"target\":{\"@type\":\"EntryPoint\",\"urlTemplate\":\"https:\/\/admin.industriall-union.org\/fr\/?s={search_term_string}\"},\"query-input\":{\"@type\":\"PropertyValueSpecification\",\"valueRequired\":true,\"valueName\":\"search_term_string\"}}],\"inLanguage\":\"fr-FR\"}]}<\/script>\n<!-- \/ Yoast SEO Premium plugin. -->","yoast_head_json":{"title":"Secteurs - industriall-union","robots":{"index":"index","follow":"follow","max-snippet":"max-snippet:-1","max-image-preview":"max-image-preview:large","max-video-preview":"max-video-preview:-1"},"canonical":"https:\/\/admin.industriall-union.org\/fr\/secteurs\/","og_locale":"fr_FR","og_type":"article","og_title":"Secteurs","og_description":"Liste de secteurs \u200b\u200b\u200b\u200b\u200b\u200b A\u00e9rospacial Couvrant les travailleurs principalement impliqu\u00e9s dans la fabrication d&rsquo;avions commerciaux et d&rsquo;avions militaires. Automobile Soutenir les travailleurs et les syndicats chez les constructeurs automobiles et leurs cha\u00eenes d&#039;approvisionnement mondiales. M\u00e9taux de base D\u00e9fendre les int\u00e9r\u00eats des travailleurs principalement dans les industries de l&#039;acier et de l&#039;aluminium. Chimie, pharmaceutique et biosciences [&hellip;]","og_url":"https:\/\/admin.industriall-union.org\/fr\/secteurs\/","og_site_name":"industriall-union","article_modified_time":"2026-02-03T11:05:23+00:00","twitter_card":"summary_large_image","twitter_misc":{"Est. reading time":"1 minute"},"schema":{"@context":"https:\/\/schema.org","@graph":[{"@type":"WebPage","@id":"https:\/\/admin.industriall-union.org\/fr\/secteurs\/","url":"https:\/\/admin.industriall-union.org\/fr\/secteurs\/","name":"Secteurs - industriall-union","isPartOf":{"@id":"https:\/\/admin.industriall-union.org\/fr\/#website"},"datePublished":"2019-04-04T09:55:31+00:00","dateModified":"2026-02-03T11:05:23+00:00","breadcrumb":{"@id":"https:\/\/admin.industriall-union.org\/fr\/secteurs\/#breadcrumb"},"inLanguage":"fr-FR","potentialAction":[{"@type":"ReadAction","target":["https:\/\/admin.industriall-union.org\/fr\/secteurs\/"]}]},{"@type":"BreadcrumbList","@id":"https:\/\/admin.industriall-union.org\/fr\/secteurs\/#breadcrumb","itemListElement":[{"@type":"ListItem","position":1,"name":"Home","item":"https:\/\/admin.industriall-union.org\/fr\/"},{"@type":"ListItem","position":2,"name":"Secteurs"}]},{"@type":"WebSite","@id":"https:\/\/admin.industriall-union.org\/fr\/#website","url":"https:\/\/admin.industriall-union.org\/fr\/","name":"industriall-union","description":"","potentialAction":[{"@type":"SearchAction","target":{"@type":"EntryPoint","urlTemplate":"https:\/\/admin.industriall-union.org\/fr\/?s={search_term_string}"},"query-input":{"@type":"PropertyValueSpecification","valueRequired":true,"valueName":"search_term_string"}}],"inLanguage":"fr-FR"}]}},"_links":{"self":[{"href":"https:\/\/admin.industriall-union.org\/fr\/wp-json\/wp\/v2\/pages\/212127","targetHints":{"allow":["GET"]}}],"collection":[{"href":"https:\/\/admin.industriall-union.org\/fr\/wp-json\/wp\/v2\/pages"}],"about":[{"href":"https:\/\/admin.industriall-union.org\/fr\/wp-json\/wp\/v2\/types\/page"}],"author":[{"embeddable":true,"href":"https:\/\/admin.industriall-union.org\/fr\/wp-json\/wp\/v2\/users\/1"}],"replies":[{"embeddable":true,"href":"https:\/\/admin.industriall-union.org\/fr\/wp-json\/wp\/v2\/comments?post=212127"}],"version-history":[{"count":3,"href":"https:\/\/admin.industriall-union.org\/fr\/wp-json\/wp\/v2\/pages\/212127\/revisions"}],"predecessor-version":[{"id":464181,"href":"https:\/\/admin.industriall-union.org\/fr\/wp-json\/wp\/v2\/pages\/212127\/revisions\/464181"}],"wp:attachment":[{"href":"https:\/\/admin.industriall-union.org\/fr\/wp-json\/wp\/v2\/media?parent=212127"}],"wp:term":[{"taxonomy":"issues","embeddable":true,"href":"https:\/\/admin.industriall-union.org\/fr\/wp-json\/wp\/v2\/issues?post=212127"},{"taxonomy":"companies","embeddable":true,"href":"https:\/\/admin.industriall-union.org\/fr\/wp-json\/wp\/v2\/companies?post=212127"},{"taxonomy":"regions","embeddable":true,"href":"https:\/\/admin.industriall-union.org\/fr\/wp-json\/wp\/v2\/regions?post=212127"},{"taxonomy":"sectors","embeddable":true,"href":"https:\/\/admin.industriall-union.org\/fr\/wp-json\/wp\/v2\/sectors?post=212127"},{"taxonomy":"article_tags","embeddable":true,"href":"https:\/\/admin.industriall-union.org\/fr\/wp-json\/wp\/v2\/article_tags?post=212127"}],"curies":[{"name":"wp","href":"https:\/\/api.w.org\/{rel}","templated":true}]}}