{"id":212126,"date":"2019-03-11T17:33:19","date_gmt":"2019-03-11T17:33:19","guid":{"rendered":"https:\/\/admin.industriall-union.org\/assainir-le-secteur-de-la-demolition-des-navires\/"},"modified":"2026-02-03T11:00:45","modified_gmt":"2026-02-03T11:00:45","slug":"redresser-la-demolition-navale","status":"publish","type":"page","link":"https:\/\/admin.industriall-union.org\/fr\/redresser-la-demolition-navale\/","title":{"rendered":"Assainir le secteur de la d\u00e9molition des navires"},"content":{"rendered":"<h2><span style=\"color:#c0392b\">La campagne en vue d&rsquo;assainir le secteur de la d\u00e9molition des navires, le travail le plus dangereux au monde<\/span><\/h2><p><span style=\"color:#000000\">Les travailleurs de cette industrie souffrent de conditions de travail pr\u00e9caires, manquent de formation et sont expos\u00e9s \u00e0 de graves risques.<\/span><\/p><p><span style=\"color:#000000\">L&#039;industrie a la responsabilit\u00e9 de fournir, et les travailleurs ont le droit de s&#039;attendre \u00e0 des emplois s\u00fbrs, sains, propres et durables.<\/span><\/p><p><span style=\"color:#000000\">IndustriALL Global Union demande \u00e0 tous les \u00c9tats membres de l&#039;Organisation maritime internationale (OMI):<\/span><\/p><p><span style=\"color:#000000\">Ratifiez d\u00e8s MAINTENANT la Convention internationale de Hong Kong pour le recyclage s\u00fbr et \u00e9cologiquement rationnel des navires!<\/span><\/p><p><a href=\"\/wp-content\/uploads\/images\/Shipbreaking_Campaign\/shipbreaking_poster_v4_2.pdf\"><img decoding=\"async\" alt=\"\" src=\"\/wp-content\/uploads\/images\/Shipbreaking_Campaign\/shipbreaking_poster_v4_2.jpg\" style=\"width: 700px;height: 990px\" \/><\/a><\/p>","protected":false},"excerpt":{"rendered":"<p>La campagne en vue d&rsquo;assainir le secteur de la d\u00e9molition des navires, le travail le plus dangereux au monde Les travailleurs de cette industrie souffrent de conditions de travail pr\u00e9caires, manquent de formation et sont expos\u00e9s \u00e0 de graves risques. L&#039;industrie a la responsabilit\u00e9 de fournir, et les travailleurs ont le droit de s&#039;attendre \u00e0 [&hellip;]<\/p>\n","protected":false},"author":1,"featured_media":0,"parent":0,"menu_order":0,"comment_status":"closed","ping_status":"closed","template":"","meta":{"_acf_changed":false,"footnotes":""},"issues":[],"companies":[],"regions":[],"sectors":[],"article_tags":[],"class_list":["post-212126","page","type-page","status-publish","hentry"],"acf":[],"yoast_head":"<!-- This site is optimized with the Yoast SEO Premium plugin v27.1 (Yoast SEO v27.1) - https:\/\/yoast.com\/product\/yoast-seo-premium-wordpress\/ -->\n<title>Assainir le secteur de la d\u00e9molition des navires - industriall-union<\/title>\n<meta name=\"robots\" content=\"index, follow, max-snippet:-1, max-image-preview:large, max-video-preview:-1\" \/>\n<link rel=\"canonical\" href=\"https:\/\/admin.industriall-union.org\/fr\/redresser-la-demolition-navale\/\" \/>\n<meta property=\"og:locale\" content=\"fr_FR\" \/>\n<meta property=\"og:type\" content=\"article\" \/>\n<meta property=\"og:title\" content=\"Assainir le secteur de la d\u00e9molition des navires\" \/>\n<meta property=\"og:description\" content=\"La campagne en vue d&rsquo;assainir le secteur de la d\u00e9molition des navires, le travail le plus dangereux au monde Les travailleurs de cette industrie souffrent de conditions de travail pr\u00e9caires, manquent de formation et sont expos\u00e9s \u00e0 de graves risques. L&#039;industrie a la responsabilit\u00e9 de fournir, et les travailleurs ont le droit de s&#039;attendre \u00e0 [&hellip;]\" \/>\n<meta property=\"og:url\" content=\"https:\/\/admin.industriall-union.org\/fr\/redresser-la-demolition-navale\/\" \/>\n<meta property=\"og:site_name\" content=\"industriall-union\" \/>\n<meta property=\"article:modified_time\" content=\"2026-02-03T11:00:45+00:00\" \/>\n<meta name=\"twitter:card\" content=\"summary_large_image\" \/>\n<meta name=\"twitter:label1\" content=\"Est. reading time\" \/>\n\t<meta name=\"twitter:data1\" content=\"1 minute\" \/>\n<script type=\"application\/ld+json\" class=\"yoast-schema-graph\">{\"@context\":\"https:\/\/schema.org\",\"@graph\":[{\"@type\":\"WebPage\",\"@id\":\"https:\/\/admin.industriall-union.org\/fr\/redresser-la-demolition-navale\/\",\"url\":\"https:\/\/admin.industriall-union.org\/fr\/redresser-la-demolition-navale\/\",\"name\":\"Assainir le secteur de la d\u00e9molition des navires - industriall-union\",\"isPartOf\":{\"@id\":\"https:\/\/admin.industriall-union.org\/#website\"},\"datePublished\":\"2019-03-11T17:33:19+00:00\",\"dateModified\":\"2026-02-03T11:00:45+00:00\",\"breadcrumb\":{\"@id\":\"https:\/\/admin.industriall-union.org\/fr\/redresser-la-demolition-navale\/#breadcrumb\"},\"inLanguage\":\"fr-FR\",\"potentialAction\":[{\"@type\":\"ReadAction\",\"target\":[\"https:\/\/admin.industriall-union.org\/fr\/redresser-la-demolition-navale\/\"]}]},{\"@type\":\"BreadcrumbList\",\"@id\":\"https:\/\/admin.industriall-union.org\/fr\/redresser-la-demolition-navale\/#breadcrumb\",\"itemListElement\":[{\"@type\":\"ListItem\",\"position\":1,\"name\":\"Home\",\"item\":\"https:\/\/admin.industriall-union.org\/\"},{\"@type\":\"ListItem\",\"position\":2,\"name\":\"Assainir le secteur de la d\u00e9molition des navires\"}]},{\"@type\":\"WebSite\",\"@id\":\"https:\/\/admin.industriall-union.org\/#website\",\"url\":\"https:\/\/admin.industriall-union.org\/\",\"name\":\"industriall-union\",\"description\":\"\",\"potentialAction\":[{\"@type\":\"SearchAction\",\"target\":{\"@type\":\"EntryPoint\",\"urlTemplate\":\"https:\/\/admin.industriall-union.org\/?s={search_term_string}\"},\"query-input\":{\"@type\":\"PropertyValueSpecification\",\"valueRequired\":true,\"valueName\":\"search_term_string\"}}],\"inLanguage\":\"fr-FR\"}]}<\/script>\n<!-- \/ Yoast SEO Premium plugin. -->","yoast_head_json":{"title":"Assainir le secteur de la d\u00e9molition des navires - industriall-union","robots":{"index":"index","follow":"follow","max-snippet":"max-snippet:-1","max-image-preview":"max-image-preview:large","max-video-preview":"max-video-preview:-1"},"canonical":"https:\/\/admin.industriall-union.org\/fr\/redresser-la-demolition-navale\/","og_locale":"fr_FR","og_type":"article","og_title":"Assainir le secteur de la d\u00e9molition des navires","og_description":"La campagne en vue d&rsquo;assainir le secteur de la d\u00e9molition des navires, le travail le plus dangereux au monde Les travailleurs de cette industrie souffrent de conditions de travail pr\u00e9caires, manquent de formation et sont expos\u00e9s \u00e0 de graves risques. L&#039;industrie a la responsabilit\u00e9 de fournir, et les travailleurs ont le droit de s&#039;attendre \u00e0 [&hellip;]","og_url":"https:\/\/admin.industriall-union.org\/fr\/redresser-la-demolition-navale\/","og_site_name":"industriall-union","article_modified_time":"2026-02-03T11:00:45+00:00","twitter_card":"summary_large_image","twitter_misc":{"Est. reading time":"1 minute"},"schema":{"@context":"https:\/\/schema.org","@graph":[{"@type":"WebPage","@id":"https:\/\/admin.industriall-union.org\/fr\/redresser-la-demolition-navale\/","url":"https:\/\/admin.industriall-union.org\/fr\/redresser-la-demolition-navale\/","name":"Assainir le secteur de la d\u00e9molition des navires - industriall-union","isPartOf":{"@id":"https:\/\/admin.industriall-union.org\/#website"},"datePublished":"2019-03-11T17:33:19+00:00","dateModified":"2026-02-03T11:00:45+00:00","breadcrumb":{"@id":"https:\/\/admin.industriall-union.org\/fr\/redresser-la-demolition-navale\/#breadcrumb"},"inLanguage":"fr-FR","potentialAction":[{"@type":"ReadAction","target":["https:\/\/admin.industriall-union.org\/fr\/redresser-la-demolition-navale\/"]}]},{"@type":"BreadcrumbList","@id":"https:\/\/admin.industriall-union.org\/fr\/redresser-la-demolition-navale\/#breadcrumb","itemListElement":[{"@type":"ListItem","position":1,"name":"Home","item":"https:\/\/admin.industriall-union.org\/"},{"@type":"ListItem","position":2,"name":"Assainir le secteur de la d\u00e9molition des navires"}]},{"@type":"WebSite","@id":"https:\/\/admin.industriall-union.org\/#website","url":"https:\/\/admin.industriall-union.org\/","name":"industriall-union","description":"","potentialAction":[{"@type":"SearchAction","target":{"@type":"EntryPoint","urlTemplate":"https:\/\/admin.industriall-union.org\/?s={search_term_string}"},"query-input":{"@type":"PropertyValueSpecification","valueRequired":true,"valueName":"search_term_string"}}],"inLanguage":"fr-FR"}]}},"_links":{"self":[{"href":"https:\/\/admin.industriall-union.org\/fr\/wp-json\/wp\/v2\/pages\/212126","targetHints":{"allow":["GET"]}}],"collection":[{"href":"https:\/\/admin.industriall-union.org\/fr\/wp-json\/wp\/v2\/pages"}],"about":[{"href":"https:\/\/admin.industriall-union.org\/fr\/wp-json\/wp\/v2\/types\/page"}],"author":[{"embeddable":true,"href":"https:\/\/admin.industriall-union.org\/fr\/wp-json\/wp\/v2\/users\/1"}],"replies":[{"embeddable":true,"href":"https:\/\/admin.industriall-union.org\/fr\/wp-json\/wp\/v2\/comments?post=212126"}],"version-history":[{"count":3,"href":"https:\/\/admin.industriall-union.org\/fr\/wp-json\/wp\/v2\/pages\/212126\/revisions"}],"predecessor-version":[{"id":464179,"href":"https:\/\/admin.industriall-union.org\/fr\/wp-json\/wp\/v2\/pages\/212126\/revisions\/464179"}],"wp:attachment":[{"href":"https:\/\/admin.industriall-union.org\/fr\/wp-json\/wp\/v2\/media?parent=212126"}],"wp:term":[{"taxonomy":"issues","embeddable":true,"href":"https:\/\/admin.industriall-union.org\/fr\/wp-json\/wp\/v2\/issues?post=212126"},{"taxonomy":"companies","embeddable":true,"href":"https:\/\/admin.industriall-union.org\/fr\/wp-json\/wp\/v2\/companies?post=212126"},{"taxonomy":"regions","embeddable":true,"href":"https:\/\/admin.industriall-union.org\/fr\/wp-json\/wp\/v2\/regions?post=212126"},{"taxonomy":"sectors","embeddable":true,"href":"https:\/\/admin.industriall-union.org\/fr\/wp-json\/wp\/v2\/sectors?post=212126"},{"taxonomy":"article_tags","embeddable":true,"href":"https:\/\/admin.industriall-union.org\/fr\/wp-json\/wp\/v2\/article_tags?post=212126"}],"curies":[{"name":"wp","href":"https:\/\/api.w.org\/{rel}","templated":true}]}}