{"id":212120,"date":"2019-03-11T15:50:25","date_gmt":"2019-03-11T15:50:25","guid":{"rendered":"https:\/\/admin.industriall-union.org\/communaute-detats-independants-cei\/"},"modified":"2026-02-03T11:00:12","modified_gmt":"2026-02-03T11:00:12","slug":"communaute-detats-independants-cei","status":"publish","type":"page","link":"https:\/\/admin.industriall-union.org\/fr\/communaute-detats-independants-cei\/","title":{"rendered":"Communaut\u00e9 d\u00c9tats ind\u00e9pendants (CEI)"},"content":{"rendered":"<table border=\"1\" cellpadding=\"1\" cellspacing=\"1\" style=\"font-size: 2rem;width: 100%\"><tbody><tr><td colspan=\"2\"><h2><span style=\"color:#e67e22\">Bureau de la&nbsp;Communaut\u00e9 d&#039;\u00c9tats ind\u00e9pendants (CEI)<\/span><\/h2><\/td><\/tr><tr><td>&nbsp;<\/td><td>&nbsp;<\/td><\/tr><\/tbody><\/table><figure class=\"imageArticle imageFull colorOverlay\"><img decoding=\"async\" alt=\"\" src=\"\/wp-content\/uploads\/images\/General-pics\/cis.png\" \/><figcaption class=\"imageContent\"><div class=\"imageCaption\">&nbsp;<\/div><\/figcaption><\/figure><table border=\"1\" cellpadding=\"1\" cellspacing=\"1\" style=\"width:100%\"><tbody><tr><td>&nbsp;<\/td><td>&nbsp;<\/td><\/tr><\/tbody><\/table>","protected":false},"excerpt":{"rendered":"<p>Bureau de la&nbsp;Communaut\u00e9 d&#039;\u00c9tats ind\u00e9pendants (CEI) &nbsp; &nbsp; &nbsp; &nbsp; &nbsp;<\/p>\n","protected":false},"author":1,"featured_media":0,"parent":0,"menu_order":0,"comment_status":"closed","ping_status":"closed","template":"","meta":{"_acf_changed":false,"footnotes":""},"issues":[],"companies":[],"regions":[],"sectors":[],"article_tags":[504],"class_list":["post-212120","page","type-page","status-publish","hentry","article_tags-cis"],"acf":[],"yoast_head":"<!-- This site is optimized with the Yoast SEO Premium plugin v27.1 (Yoast SEO v27.1) - https:\/\/yoast.com\/product\/yoast-seo-premium-wordpress\/ -->\n<title>Communaut\u00e9 d\u00c9tats ind\u00e9pendants (CEI) - industriall-union<\/title>\n<meta name=\"robots\" content=\"index, follow, max-snippet:-1, max-image-preview:large, max-video-preview:-1\" \/>\n<link rel=\"canonical\" href=\"https:\/\/admin.industriall-union.org\/fr\/communaute-detats-independants-cei\/\" \/>\n<meta property=\"og:locale\" content=\"fr_FR\" \/>\n<meta property=\"og:type\" content=\"article\" \/>\n<meta property=\"og:title\" content=\"Communaut\u00e9 d\u00c9tats ind\u00e9pendants (CEI)\" \/>\n<meta property=\"og:description\" content=\"Bureau de la&nbsp;Communaut\u00e9 d&#039;\u00c9tats ind\u00e9pendants (CEI) &nbsp; &nbsp; &nbsp; &nbsp; &nbsp;\" \/>\n<meta property=\"og:url\" content=\"https:\/\/admin.industriall-union.org\/fr\/communaute-detats-independants-cei\/\" \/>\n<meta property=\"og:site_name\" content=\"industriall-union\" \/>\n<meta property=\"article:modified_time\" content=\"2026-02-03T11:00:12+00:00\" \/>\n<meta name=\"twitter:card\" content=\"summary_large_image\" \/>\n<script type=\"application\/ld+json\" class=\"yoast-schema-graph\">{\"@context\":\"https:\/\/schema.org\",\"@graph\":[{\"@type\":\"WebPage\",\"@id\":\"https:\/\/admin.industriall-union.org\/fr\/communaute-detats-independants-cei\/\",\"url\":\"https:\/\/admin.industriall-union.org\/fr\/communaute-detats-independants-cei\/\",\"name\":\"Communaut\u00e9 d\u00c9tats ind\u00e9pendants (CEI) - industriall-union\",\"isPartOf\":{\"@id\":\"https:\/\/admin.industriall-union.org\/#website\"},\"datePublished\":\"2019-03-11T15:50:25+00:00\",\"dateModified\":\"2026-02-03T11:00:12+00:00\",\"breadcrumb\":{\"@id\":\"https:\/\/admin.industriall-union.org\/fr\/communaute-detats-independants-cei\/#breadcrumb\"},\"inLanguage\":\"fr-FR\",\"potentialAction\":[{\"@type\":\"ReadAction\",\"target\":[\"https:\/\/admin.industriall-union.org\/fr\/communaute-detats-independants-cei\/\"]}]},{\"@type\":\"BreadcrumbList\",\"@id\":\"https:\/\/admin.industriall-union.org\/fr\/communaute-detats-independants-cei\/#breadcrumb\",\"itemListElement\":[{\"@type\":\"ListItem\",\"position\":1,\"name\":\"Home\",\"item\":\"https:\/\/admin.industriall-union.org\/\"},{\"@type\":\"ListItem\",\"position\":2,\"name\":\"Communaut\u00e9 d\u00c9tats ind\u00e9pendants (CEI)\"}]},{\"@type\":\"WebSite\",\"@id\":\"https:\/\/admin.industriall-union.org\/#website\",\"url\":\"https:\/\/admin.industriall-union.org\/\",\"name\":\"industriall-union\",\"description\":\"\",\"potentialAction\":[{\"@type\":\"SearchAction\",\"target\":{\"@type\":\"EntryPoint\",\"urlTemplate\":\"https:\/\/admin.industriall-union.org\/?s={search_term_string}\"},\"query-input\":{\"@type\":\"PropertyValueSpecification\",\"valueRequired\":true,\"valueName\":\"search_term_string\"}}],\"inLanguage\":\"fr-FR\"}]}<\/script>\n<!-- \/ Yoast SEO Premium plugin. -->","yoast_head_json":{"title":"Communaut\u00e9 d\u00c9tats ind\u00e9pendants (CEI) - industriall-union","robots":{"index":"index","follow":"follow","max-snippet":"max-snippet:-1","max-image-preview":"max-image-preview:large","max-video-preview":"max-video-preview:-1"},"canonical":"https:\/\/admin.industriall-union.org\/fr\/communaute-detats-independants-cei\/","og_locale":"fr_FR","og_type":"article","og_title":"Communaut\u00e9 d\u00c9tats ind\u00e9pendants (CEI)","og_description":"Bureau de la&nbsp;Communaut\u00e9 d&#039;\u00c9tats ind\u00e9pendants (CEI) &nbsp; &nbsp; &nbsp; &nbsp; &nbsp;","og_url":"https:\/\/admin.industriall-union.org\/fr\/communaute-detats-independants-cei\/","og_site_name":"industriall-union","article_modified_time":"2026-02-03T11:00:12+00:00","twitter_card":"summary_large_image","schema":{"@context":"https:\/\/schema.org","@graph":[{"@type":"WebPage","@id":"https:\/\/admin.industriall-union.org\/fr\/communaute-detats-independants-cei\/","url":"https:\/\/admin.industriall-union.org\/fr\/communaute-detats-independants-cei\/","name":"Communaut\u00e9 d\u00c9tats ind\u00e9pendants (CEI) - industriall-union","isPartOf":{"@id":"https:\/\/admin.industriall-union.org\/#website"},"datePublished":"2019-03-11T15:50:25+00:00","dateModified":"2026-02-03T11:00:12+00:00","breadcrumb":{"@id":"https:\/\/admin.industriall-union.org\/fr\/communaute-detats-independants-cei\/#breadcrumb"},"inLanguage":"fr-FR","potentialAction":[{"@type":"ReadAction","target":["https:\/\/admin.industriall-union.org\/fr\/communaute-detats-independants-cei\/"]}]},{"@type":"BreadcrumbList","@id":"https:\/\/admin.industriall-union.org\/fr\/communaute-detats-independants-cei\/#breadcrumb","itemListElement":[{"@type":"ListItem","position":1,"name":"Home","item":"https:\/\/admin.industriall-union.org\/"},{"@type":"ListItem","position":2,"name":"Communaut\u00e9 d\u00c9tats ind\u00e9pendants (CEI)"}]},{"@type":"WebSite","@id":"https:\/\/admin.industriall-union.org\/#website","url":"https:\/\/admin.industriall-union.org\/","name":"industriall-union","description":"","potentialAction":[{"@type":"SearchAction","target":{"@type":"EntryPoint","urlTemplate":"https:\/\/admin.industriall-union.org\/?s={search_term_string}"},"query-input":{"@type":"PropertyValueSpecification","valueRequired":true,"valueName":"search_term_string"}}],"inLanguage":"fr-FR"}]}},"_links":{"self":[{"href":"https:\/\/admin.industriall-union.org\/fr\/wp-json\/wp\/v2\/pages\/212120","targetHints":{"allow":["GET"]}}],"collection":[{"href":"https:\/\/admin.industriall-union.org\/fr\/wp-json\/wp\/v2\/pages"}],"about":[{"href":"https:\/\/admin.industriall-union.org\/fr\/wp-json\/wp\/v2\/types\/page"}],"author":[{"embeddable":true,"href":"https:\/\/admin.industriall-union.org\/fr\/wp-json\/wp\/v2\/users\/1"}],"replies":[{"embeddable":true,"href":"https:\/\/admin.industriall-union.org\/fr\/wp-json\/wp\/v2\/comments?post=212120"}],"version-history":[{"count":3,"href":"https:\/\/admin.industriall-union.org\/fr\/wp-json\/wp\/v2\/pages\/212120\/revisions"}],"predecessor-version":[{"id":464174,"href":"https:\/\/admin.industriall-union.org\/fr\/wp-json\/wp\/v2\/pages\/212120\/revisions\/464174"}],"wp:attachment":[{"href":"https:\/\/admin.industriall-union.org\/fr\/wp-json\/wp\/v2\/media?parent=212120"}],"wp:term":[{"taxonomy":"issues","embeddable":true,"href":"https:\/\/admin.industriall-union.org\/fr\/wp-json\/wp\/v2\/issues?post=212120"},{"taxonomy":"companies","embeddable":true,"href":"https:\/\/admin.industriall-union.org\/fr\/wp-json\/wp\/v2\/companies?post=212120"},{"taxonomy":"regions","embeddable":true,"href":"https:\/\/admin.industriall-union.org\/fr\/wp-json\/wp\/v2\/regions?post=212120"},{"taxonomy":"sectors","embeddable":true,"href":"https:\/\/admin.industriall-union.org\/fr\/wp-json\/wp\/v2\/sectors?post=212120"},{"taxonomy":"article_tags","embeddable":true,"href":"https:\/\/admin.industriall-union.org\/fr\/wp-json\/wp\/v2\/article_tags?post=212120"}],"curies":[{"name":"wp","href":"https:\/\/api.w.org\/{rel}","templated":true}]}}