{"id":212104,"date":"2019-04-08T10:27:00","date_gmt":"2019-04-08T10:27:00","guid":{"rendered":"https:\/\/admin.industriall-union.org\/bureaux-regionaux\/"},"modified":"2026-03-05T11:12:32","modified_gmt":"2026-03-05T11:12:32","slug":"bureaux-regionaux","status":"publish","type":"page","link":"https:\/\/admin.industriall-union.org\/fr\/ou-nous-trouver\/bureaux-regionaux","title":{"rendered":"Bureaux r\u00e9gionaux"},"content":{"rendered":"<article class=\"listBlock\">\n<div class=\"image\"><img decoding=\"async\" src=\"\/wp-content\/uploads\/images\/2019\/TANZANIA\/RegionalConf\/ssa_region_group_colour_intense_130.jpg\" alt=\"\" \/><\/div>\n<div class=\"content\">\n<h2 class=\"title\"><a href=\"http:\/\/www.industriall-union.org\/fr\/ou-nous-trouver\/bureaux-regionaux\/afrique-sub-saharienne\">Bureau Afrique sub-saharienne<\/a><\/h2>\n<p class=\"description\">Johannesburg, Afrique du Sud<\/p>\n<\/div>\n<\/article>\n<article class=\"listBlock\">\n<div class=\"image\"><img decoding=\"async\" src=\"\/wp-content\/uploads\/images\/General-pics\/8076512975_c0eb892826_o.jpg\" alt=\"\" \/><\/div>\n<div class=\"content\">\n<h2 class=\"title\"><a href=\"http:\/\/www.industriall-union.org\/fr\/ou-nous-trouver\/asie-du-sud-est\">Bureau Asie du sud-est<\/a><\/h2>\n<p class=\"description\">Kuala Lumpur, Malaisie<\/p>\n<\/div>\n<\/article>\n<article class=\"listBlock\">\n<div class=\"image\"><img decoding=\"async\" src=\"\/wp-content\/uploads\/images\/2018\/INDIA\/Luminous\/img-20180609-wa0008.jpg\" alt=\"\" \/><\/div>\n<div class=\"content\">\n<h2 class=\"title\"><a href=\"http:\/\/www.industriall-union.org\/fr\/asie-du-sud\">Bureau d&#8217;Asie du Sud<\/a><\/h2>\n<p class=\"description\">New Delhi, Inde<\/p>\n<\/div>\n<\/article>\n<article class=\"listBlock\">\n<div class=\"image\"><img decoding=\"async\" src=\"\/wp-content\/uploads\/images\/2019\/GEORGIA\/georgiapreviewforcisoffice.jpg\" alt=\"\" \/><\/div>\n<div class=\"content\">\n<h2 class=\"title\"><a href=\"http:\/\/www.industriall-union.org\/fr\/communaute-detats-independants-cei\">Bureau de la Communaut\u00e9 d&#8217;\u00c9tats ind\u00e9pendants (CEI)<\/a><\/h2>\n<\/div>\n<\/article>\n<article class=\"listBlock\">\n<div class=\"image\"><img decoding=\"async\" src=\"\/wp-content\/uploads\/images\/image-banners\/lacro_header.jpg\" alt=\"\" \/><\/div>\n<div class=\"content\">\n<h2 class=\"title\"><a href=\"http:\/\/www.industriall-union.org\/fr\/amerique-latine-et-les-caraibes\">Bureau Am\u00e9rique latine et Cara\u00efbes<\/a><\/h2>\n<p class=\"description\">Montevideo, Uruguay<\/p>\n<\/div>\n<\/article>\n<article class=\"listBlock\">\n<div class=\"image\"><img decoding=\"async\" src=\"\/wp-content\/uploads\/images\/Actions-and-events\/Egypt\/316329_573444289342980_66332285_n.jpg\" alt=\"\" \/><\/div>\n<div class=\"content\">\n<h2 class=\"title\"><a href=\"http:\/\/www.industriall-union.org\/fr\/moyen-orient-et-afrique-du-nord-0\">Moyen-Orient et Afrique du Nord<\/a><\/h2>\n<p class=\"description\">Contact<\/p>\n<\/div>\n<\/article>\n","protected":false},"excerpt":{"rendered":"<p>Bureau Afrique sub-saharienne Johannesburg, Afrique du Sud Bureau Asie du sud-est Kuala Lumpur, Malaisie Bureau d&#8217;Asie du Sud New Delhi, Inde Bureau de la Communaut\u00e9 d&#8217;\u00c9tats ind\u00e9pendants (CEI) Bureau Am\u00e9rique latine et Cara\u00efbes Montevideo, Uruguay Moyen-Orient et Afrique du Nord Contact<\/p>\n","protected":false},"author":1,"featured_media":0,"parent":0,"menu_order":0,"comment_status":"closed","ping_status":"closed","template":"","meta":{"_acf_changed":false,"footnotes":""},"issues":[],"companies":[],"regions":[],"sectors":[],"article_tags":[],"class_list":["post-212104","page","type-page","status-publish","hentry"],"acf":[],"yoast_head":"<!-- This site is optimized with the Yoast SEO Premium plugin v27.1 (Yoast SEO v27.1) - https:\/\/yoast.com\/product\/yoast-seo-premium-wordpress\/ -->\n<title>Bureaux r\u00e9gionaux - industriall-union<\/title>\n<meta name=\"robots\" content=\"index, follow, max-snippet:-1, max-image-preview:large, max-video-preview:-1\" \/>\n<link rel=\"canonical\" href=\"https:\/\/admin.industriall-union.org\/fr\/ou-nous-trouver\/bureaux-regionaux\/\" \/>\n<meta property=\"og:locale\" content=\"fr_FR\" \/>\n<meta property=\"og:type\" content=\"article\" \/>\n<meta property=\"og:title\" content=\"Bureaux r\u00e9gionaux\" \/>\n<meta property=\"og:description\" content=\"Bureau Afrique sub-saharienne Johannesburg, Afrique du Sud Bureau Asie du sud-est Kuala Lumpur, Malaisie Bureau d&#8217;Asie du Sud New Delhi, Inde Bureau de la Communaut\u00e9 d&#8217;\u00c9tats ind\u00e9pendants (CEI) Bureau Am\u00e9rique latine et Cara\u00efbes Montevideo, Uruguay Moyen-Orient et Afrique du Nord Contact\" \/>\n<meta property=\"og:url\" content=\"https:\/\/admin.industriall-union.org\/fr\/ou-nous-trouver\/bureaux-regionaux\/\" \/>\n<meta property=\"og:site_name\" content=\"industriall-union\" \/>\n<meta property=\"article:modified_time\" content=\"2026-03-05T11:12:32+00:00\" \/>\n<meta name=\"twitter:card\" content=\"summary_large_image\" \/>\n<meta name=\"twitter:label1\" content=\"Est. reading time\" \/>\n\t<meta name=\"twitter:data1\" content=\"2 minutes\" \/>\n<script type=\"application\/ld+json\" class=\"yoast-schema-graph\">{\"@context\":\"https:\/\/schema.org\",\"@graph\":[{\"@type\":\"WebPage\",\"@id\":\"https:\/\/admin.industriall-union.org\/fr\/ou-nous-trouver\/bureaux-regionaux\/\",\"url\":\"https:\/\/admin.industriall-union.org\/fr\/ou-nous-trouver\/bureaux-regionaux\/\",\"name\":\"Bureaux r\u00e9gionaux - industriall-union\",\"isPartOf\":{\"@id\":\"https:\/\/admin.industriall-union.org\/fr\/#website\"},\"datePublished\":\"2019-04-08T10:27:00+00:00\",\"dateModified\":\"2026-03-05T11:12:32+00:00\",\"breadcrumb\":{\"@id\":\"https:\/\/admin.industriall-union.org\/fr\/ou-nous-trouver\/bureaux-regionaux\/#breadcrumb\"},\"inLanguage\":\"fr-FR\",\"potentialAction\":[{\"@type\":\"ReadAction\",\"target\":[\"https:\/\/admin.industriall-union.org\/fr\/ou-nous-trouver\/bureaux-regionaux\/\"]}]},{\"@type\":\"BreadcrumbList\",\"@id\":\"https:\/\/admin.industriall-union.org\/fr\/ou-nous-trouver\/bureaux-regionaux\/#breadcrumb\",\"itemListElement\":[{\"@type\":\"ListItem\",\"position\":1,\"name\":\"Home\",\"item\":\"https:\/\/admin.industriall-union.org\/fr\/\"},{\"@type\":\"ListItem\",\"position\":2,\"name\":\"Bureaux r\u00e9gionaux\"}]},{\"@type\":\"WebSite\",\"@id\":\"https:\/\/admin.industriall-union.org\/fr\/#website\",\"url\":\"https:\/\/admin.industriall-union.org\/fr\/\",\"name\":\"industriall-union\",\"description\":\"\",\"potentialAction\":[{\"@type\":\"SearchAction\",\"target\":{\"@type\":\"EntryPoint\",\"urlTemplate\":\"https:\/\/admin.industriall-union.org\/fr\/?s={search_term_string}\"},\"query-input\":{\"@type\":\"PropertyValueSpecification\",\"valueRequired\":true,\"valueName\":\"search_term_string\"}}],\"inLanguage\":\"fr-FR\"}]}<\/script>\n<!-- \/ Yoast SEO Premium plugin. -->","yoast_head_json":{"title":"Bureaux r\u00e9gionaux - industriall-union","robots":{"index":"index","follow":"follow","max-snippet":"max-snippet:-1","max-image-preview":"max-image-preview:large","max-video-preview":"max-video-preview:-1"},"canonical":"https:\/\/admin.industriall-union.org\/fr\/ou-nous-trouver\/bureaux-regionaux\/","og_locale":"fr_FR","og_type":"article","og_title":"Bureaux r\u00e9gionaux","og_description":"Bureau Afrique sub-saharienne Johannesburg, Afrique du Sud Bureau Asie du sud-est Kuala Lumpur, Malaisie Bureau d&#8217;Asie du Sud New Delhi, Inde Bureau de la Communaut\u00e9 d&#8217;\u00c9tats ind\u00e9pendants (CEI) Bureau Am\u00e9rique latine et Cara\u00efbes Montevideo, Uruguay Moyen-Orient et Afrique du Nord Contact","og_url":"https:\/\/admin.industriall-union.org\/fr\/ou-nous-trouver\/bureaux-regionaux\/","og_site_name":"industriall-union","article_modified_time":"2026-03-05T11:12:32+00:00","twitter_card":"summary_large_image","twitter_misc":{"Est. reading time":"2 minutes"},"schema":{"@context":"https:\/\/schema.org","@graph":[{"@type":"WebPage","@id":"https:\/\/admin.industriall-union.org\/fr\/ou-nous-trouver\/bureaux-regionaux\/","url":"https:\/\/admin.industriall-union.org\/fr\/ou-nous-trouver\/bureaux-regionaux\/","name":"Bureaux r\u00e9gionaux - industriall-union","isPartOf":{"@id":"https:\/\/admin.industriall-union.org\/fr\/#website"},"datePublished":"2019-04-08T10:27:00+00:00","dateModified":"2026-03-05T11:12:32+00:00","breadcrumb":{"@id":"https:\/\/admin.industriall-union.org\/fr\/ou-nous-trouver\/bureaux-regionaux\/#breadcrumb"},"inLanguage":"fr-FR","potentialAction":[{"@type":"ReadAction","target":["https:\/\/admin.industriall-union.org\/fr\/ou-nous-trouver\/bureaux-regionaux\/"]}]},{"@type":"BreadcrumbList","@id":"https:\/\/admin.industriall-union.org\/fr\/ou-nous-trouver\/bureaux-regionaux\/#breadcrumb","itemListElement":[{"@type":"ListItem","position":1,"name":"Home","item":"https:\/\/admin.industriall-union.org\/fr\/"},{"@type":"ListItem","position":2,"name":"Bureaux r\u00e9gionaux"}]},{"@type":"WebSite","@id":"https:\/\/admin.industriall-union.org\/fr\/#website","url":"https:\/\/admin.industriall-union.org\/fr\/","name":"industriall-union","description":"","potentialAction":[{"@type":"SearchAction","target":{"@type":"EntryPoint","urlTemplate":"https:\/\/admin.industriall-union.org\/fr\/?s={search_term_string}"},"query-input":{"@type":"PropertyValueSpecification","valueRequired":true,"valueName":"search_term_string"}}],"inLanguage":"fr-FR"}]}},"_links":{"self":[{"href":"https:\/\/admin.industriall-union.org\/fr\/wp-json\/wp\/v2\/pages\/212104","targetHints":{"allow":["GET"]}}],"collection":[{"href":"https:\/\/admin.industriall-union.org\/fr\/wp-json\/wp\/v2\/pages"}],"about":[{"href":"https:\/\/admin.industriall-union.org\/fr\/wp-json\/wp\/v2\/types\/page"}],"author":[{"embeddable":true,"href":"https:\/\/admin.industriall-union.org\/fr\/wp-json\/wp\/v2\/users\/1"}],"replies":[{"embeddable":true,"href":"https:\/\/admin.industriall-union.org\/fr\/wp-json\/wp\/v2\/comments?post=212104"}],"version-history":[{"count":5,"href":"https:\/\/admin.industriall-union.org\/fr\/wp-json\/wp\/v2\/pages\/212104\/revisions"}],"predecessor-version":[{"id":467500,"href":"https:\/\/admin.industriall-union.org\/fr\/wp-json\/wp\/v2\/pages\/212104\/revisions\/467500"}],"wp:attachment":[{"href":"https:\/\/admin.industriall-union.org\/fr\/wp-json\/wp\/v2\/media?parent=212104"}],"wp:term":[{"taxonomy":"issues","embeddable":true,"href":"https:\/\/admin.industriall-union.org\/fr\/wp-json\/wp\/v2\/issues?post=212104"},{"taxonomy":"companies","embeddable":true,"href":"https:\/\/admin.industriall-union.org\/fr\/wp-json\/wp\/v2\/companies?post=212104"},{"taxonomy":"regions","embeddable":true,"href":"https:\/\/admin.industriall-union.org\/fr\/wp-json\/wp\/v2\/regions?post=212104"},{"taxonomy":"sectors","embeddable":true,"href":"https:\/\/admin.industriall-union.org\/fr\/wp-json\/wp\/v2\/sectors?post=212104"},{"taxonomy":"article_tags","embeddable":true,"href":"https:\/\/admin.industriall-union.org\/fr\/wp-json\/wp\/v2\/article_tags?post=212104"}],"curies":[{"name":"wp","href":"https:\/\/api.w.org\/{rel}","templated":true}]}}