{"id":212078,"date":"2019-03-11T13:41:23","date_gmt":"2019-03-11T13:41:23","guid":{"rendered":"https:\/\/admin.industriall-union.org\/presse\/"},"modified":"2026-03-05T15:20:31","modified_gmt":"2026-03-05T15:20:31","slug":"presse","status":"publish","type":"page","link":"https:\/\/admin.industriall-union.org\/fr\/presse\/","title":{"rendered":"Presse"},"content":{"rendered":"<p>Veuillez contacter le service de presse d&#039;IndustriALL pour plus d&#039;informations sur tout \u00e9l\u00e9ment publi\u00e9 sur ce site Web, ou pour toute demande d&#039;interview.<\/p><p><strong><a href=\"mailto:press@industriall-union.org?subject=Press%20inquiry%3A%20\">press@industriall-union.org<\/a><\/strong><\/p><h2><strong>Plateformes de m\u00e9dias sociaux<\/strong><\/h2><table border=\"1\" cellpadding=\"1\" cellspacing=\"1\" style=\"width:100%\"><tbody><tr><td style=\"text-align: center\"><a href=\"https:\/\/www.facebook.com\/IndustriALLGlobalUnion\/\" target=\"_blank\"><img decoding=\"async\" alt=\"\" src=\"\/wp-content\/uploads\/images\/General-pics\/facebookicon.jpg\" style=\"width: 100px;height: 100px\" \/><\/a><\/td><td style=\"text-align: center\"><a href=\"https:\/\/twitter.com\/industriall_gu\" target=\"_blank\"><img decoding=\"async\" alt=\"\" src=\"\/wp-content\/uploads\/images\/General-pics\/twittericon.jpg\" style=\"width: 100px;height: 100px\" \/><\/a><\/td><\/tr><tr><td style=\"text-align: center\"><span style=\"color:#bdc3c7\"><strong>Facebook<\/strong><\/span><\/td><td style=\"text-align: center\"><span style=\"color:#bdc3c7\"><strong>Twitter<\/strong><\/span><\/td><\/tr><tr><td style=\"text-align: center\"><a href=\"https:\/\/www.instagram.com\/industriall_gu\/\" target=\"_blank\"><img decoding=\"async\" alt=\"\" src=\"\/wp-content\/uploads\/images\/General-pics\/instagramicon.jpg\" style=\"width: 100px;height: 100px\" \/><\/a><\/td><td style=\"text-align: center\"><a href=\"https:\/\/www.youtube.com\/user\/industriallGU\/videos\" target=\"_blank\"><img decoding=\"async\" alt=\"\" src=\"\/wp-content\/uploads\/images\/General-pics\/youtubeicon.jpg\" style=\"width: 100px;height: 100px\" \/><\/a><\/td><\/tr><tr><td style=\"text-align: center\"><span style=\"color:#bdc3c7\"><strong>Instagram<\/strong><\/span><\/td><td style=\"text-align: center\"><span style=\"color:#bdc3c7\"><strong>Youtube<\/strong><\/span><\/td><\/tr><\/tbody><\/table><h2><strong>Photos<\/strong><\/h2><figure class=\"imageArticle imageFull colorOverlay\"><img decoding=\"async\" alt=\"\" src=\"\/wp-content\/uploads\/images\/General-pics\/flikr.png\" \/><figcaption class=\"imageContent\"><div class=\"imageTitle\"><h1><a href=\"https:\/\/www.flickr.com\/photos\/industriall_gu\/albums\"><span style=\"color:#ffffff\">T\u00e9l\u00e9charger les images pour les r\u00e9utiliser<\/span><\/a><\/h1><\/div><\/figcaption><\/figure><h2><strong>Logos<\/strong><\/h2><p>Les logos d&#039;IndustriALL Global Union, \u00e0 utiliser sur Internet et sous forme imprim\u00e9e, sont fournis ici uniquement \u00e0 l&#039;usage des affili\u00e9s d&#039;IndustriALL Global Union. Veuillez demander une autorisation pour toute autre utilisation.<\/p><p><span style=\"color:#e74c3c\"><strong>Impression ou utilisation en ligne?<\/strong><\/span><\/p><p>Assurez-vous d&rsquo;utiliser le format et la r\u00e9solution du logo corrects pour l&rsquo;affichage sur Internet ou impression de haute qualit\u00e9.<\/p><p>Les logos EPS sont \u00e9volutifs et parfaits pour l&#039;impression ou pour cr\u00e9er un logo redimensionn\u00e9 pour votre site Web.<\/p><p>Les JPG sont adapt\u00e9s \u00e0 une utilisation Web.<\/p><table border=\"1\" cellpadding=\"1\" cellspacing=\"1\" style=\"width:100%\"><tbody><tr><td><p><strong><img decoding=\"async\" alt=\"\" src=\"\/wp-content\/uploads\/images\/Logos\/industri-all-colour-white-background.jpg\" style=\"width: 100px;height: 104px\" \/><\/strong><\/p><\/td><td><p>T\u00e9l\u00e9chargez une version couleur du logo comme un&nbsp;<a href=\"\/wp-content\/uploads\/images\/Logos\/industriall-colour-black-background.eps\">eps&nbsp;<\/a><\/p><p>T\u00e9l\u00e9chargez une version couleur du logo comme un <a href=\"\/wp-content\/uploads\/images\/Logos\/industri-all-colour-white-background.jpg\">jpeg&nbsp;<\/a><\/p><\/td><\/tr><tr><td><p><strong><img decoding=\"async\" alt=\"\" src=\"\/wp-content\/uploads\/images\/Logos\/industriall-black.jpg\" style=\"width: 100px;height: 104px\" \/><\/strong><\/p><\/td><td><p>T\u00e9l\u00e9charger une version noire du logo comme un <a href=\"\/wp-content\/uploads\/images\/Logos\/industriall-black.eps\">eps<\/a><br \/>T\u00e9l\u00e9charger une version noire du logo comme un <a href=\"\/wp-content\/uploads\/images\/Logos\/industriall-black.jpg\">jpeg&nbsp;<\/a><\/p><\/td><\/tr><\/tbody><\/table><table border=\"1\" cellpadding=\"1\" cellspacing=\"1\" style=\"width:100%\"><tbody><tr><td><p><strong><img decoding=\"async\" alt=\"\" src=\"\/wp-content\/uploads\/images\/Logos\/industriall-colour-black-background.jpg\" style=\"width: 100px;height: 100px\" \/><\/strong><\/p><\/td><td><p>T\u00e9l\u00e9chargez une version couleur du logo comme un <a href=\"\/wp-content\/uploads\/images\/Logos\/industriall-colour-black-background.eps\">eps&nbsp;<\/a><\/p><p>T\u00e9l\u00e9chargez une version couleur du logo comme un <a href=\"\/wp-content\/uploads\/images\/Logos\/industriall-colour-black-background.jpg\">jpeg file<\/a>&nbsp;<\/p><\/td><\/tr><\/tbody><\/table><table border=\"1\" cellpadding=\"1\" cellspacing=\"1\" style=\"width:100%\"><tbody><tr><td><p><strong><img decoding=\"async\" alt=\"\" src=\"\/wp-content\/uploads\/images\/Logos\/industriall-white.jpg\" style=\"width: 96px;height: 92px\" \/><\/strong><\/p><\/td><td>T\u00e9l\u00e9chargez une version blanche du logo comme un <a href=\"\/wp-content\/uploads\/images\/Logos\/industriall-white.eps\">eps&nbsp;<\/a><br \/>T\u00e9l\u00e9chargez une version blanche du logo comme un<a href=\"\/wp-content\/uploads\/images\/Logos\/industriall-white.jpg\"> jpeg&nbsp;<\/a><\/td><\/tr><\/tbody><\/table><h2>Publications<\/h2><figure class=\"imageArticle imageFull\"><img decoding=\"async\" alt=\"\" src=\"\/wp-content\/uploads\/images\/publications\/publications.jpg\" style=\"width: 6000px;height: 4000px\" \/><figcaption class=\"imageContent\"><div class=\"imageTitle\"><h1><a href=\"http:\/\/industriall.consids5.se\/publications-0\"><span style=\"color:#ffffff\">Click here&nbsp;to publications page<\/span><\/a><\/h1><\/div><\/figcaption><\/figure><h2><strong>Contacts<\/strong><\/h2><table border=\"1\" cellpadding=\"1\" cellspacing=\"1\" style=\"width:100%\"><tbody><tr><td><p><strong><img decoding=\"async\" alt=\"\" src=\"\/wp-content\/uploads\/images\/People\/Internal\/IndustriALL-Staff\/petra_brannmark.jpg\" style=\"width: 200px;height: 202px\" \/><\/strong><\/p><\/td><td><p><strong>Petra Br\u00e4nnmark<\/strong><br \/>Directrice de Communications<br \/>tel. +41 22 308 5057<br \/><a href=\"mailto:pbrannmark@industriall-union.org\">pbrannmark@industriall-union.org<\/a><\/p><\/td><\/tr><\/tbody><\/table><table border=\"1\" cellpadding=\"1\" cellspacing=\"1\" style=\"width:100%\"><tbody><tr><td><p><strong><img decoding=\"async\" alt=\"\" src=\"\/wp-content\/uploads\/images\/People\/Internal\/IndustriALL-Staff\/alex_ivanou.jpg\" style=\"width: 200px;height: 196px\" \/><\/strong><\/p><\/td><td><strong>Alexander Ivanou<\/strong><br \/>Charg\u00e9 d&#039;Industries des mat\u00e9riaux et de Communications<br \/>tel. +41 22 308 5033<br \/><a href=\"mailto:aivanou@industriall-union.org\">aivanou@industriall-union.org<\/a><\/td><\/tr><\/tbody><\/table><table border=\"1\" cellpadding=\"1\" cellspacing=\"1\" style=\"width:100%\"><tbody><tr><td><p><strong><img decoding=\"async\" alt=\"\" src=\"\/wp-content\/uploads\/images\/People\/Internal\/IndustriALL-Staff\/cherisse_gasana.jpg\" style=\"width: 200px;height: 191px\" \/><\/strong><\/p><\/td><td><strong>Cherisse Fredricks Gasana<\/strong><br \/>Charg\u00e9 de Communication<br \/>tel. +41 22 308 5023<br \/><a href=\"mailto:CGasana@industriALL-Union.org\">CGasana@industriALL-Union.org<\/a><\/td><\/tr><\/tbody><\/table><table border=\"1\" cellpadding=\"1\" cellspacing=\"1\" style=\"width:100%\"><tbody><tr><td><p><strong><img decoding=\"async\" alt=\"\" src=\"\/wp-content\/uploads\/images\/People\/Internal\/IndustriALL-Staff\/wlaotn_pantland_1.jpg\" style=\"width: 200px;height: 191px\" \/><\/strong><\/p><\/td><td><strong>Walton Pantland<\/strong><br \/>Charg\u00e9 de Communication<br \/>tel. +41 22 308 5052<br \/><a href=\"mailto:wpantland@industriall-union.org\">wpantland@industriall-union.org<\/a><\/td><\/tr><\/tbody><\/table>","protected":false},"excerpt":{"rendered":"<p>Veuillez contacter le service de presse d&#039;IndustriALL pour plus d&#039;informations sur tout \u00e9l\u00e9ment publi\u00e9 sur ce site Web, ou pour toute demande d&#039;interview. press@industriall-union.org Plateformes de m\u00e9dias sociaux Facebook Twitter Instagram Youtube Photos T\u00e9l\u00e9charger les images pour les r\u00e9utiliser Logos Les logos d&#039;IndustriALL Global Union, \u00e0 utiliser sur Internet et sous forme imprim\u00e9e, sont fournis [&hellip;]<\/p>\n","protected":false},"author":1,"featured_media":0,"parent":0,"menu_order":0,"comment_status":"closed","ping_status":"closed","template":"","meta":{"_acf_changed":false,"footnotes":""},"issues":[],"companies":[],"regions":[],"sectors":[],"article_tags":[521],"class_list":["post-212078","page","type-page","status-publish","hentry","article_tags-press-release"],"acf":[],"yoast_head":"<!-- This site is optimized with the Yoast SEO Premium plugin v27.1 (Yoast SEO v27.1) - https:\/\/yoast.com\/product\/yoast-seo-premium-wordpress\/ -->\n<title>Presse - industriall-union<\/title>\n<meta name=\"robots\" content=\"index, follow, max-snippet:-1, max-image-preview:large, max-video-preview:-1\" \/>\n<link rel=\"canonical\" href=\"https:\/\/admin.industriall-union.org\/fr\/presse\/\" \/>\n<meta property=\"og:locale\" content=\"fr_FR\" \/>\n<meta property=\"og:type\" content=\"article\" \/>\n<meta property=\"og:title\" content=\"Presse\" \/>\n<meta property=\"og:description\" content=\"Veuillez contacter le service de presse d&#039;IndustriALL pour plus d&#039;informations sur tout \u00e9l\u00e9ment publi\u00e9 sur ce site Web, ou pour toute demande d&#039;interview. press@industriall-union.org Plateformes de m\u00e9dias sociaux Facebook Twitter Instagram Youtube Photos T\u00e9l\u00e9charger les images pour les r\u00e9utiliser Logos Les logos d&#039;IndustriALL Global Union, \u00e0 utiliser sur Internet et sous forme imprim\u00e9e, sont fournis [&hellip;]\" \/>\n<meta property=\"og:url\" content=\"https:\/\/admin.industriall-union.org\/fr\/presse\/\" \/>\n<meta property=\"og:site_name\" content=\"industriall-union\" \/>\n<meta property=\"article:modified_time\" content=\"2026-03-05T15:20:31+00:00\" \/>\n<meta name=\"twitter:card\" content=\"summary_large_image\" \/>\n<meta name=\"twitter:label1\" content=\"Est. reading time\" \/>\n\t<meta name=\"twitter:data1\" content=\"4 minutes\" \/>\n<script type=\"application\/ld+json\" class=\"yoast-schema-graph\">{\"@context\":\"https:\/\/schema.org\",\"@graph\":[{\"@type\":\"WebPage\",\"@id\":\"https:\/\/admin.industriall-union.org\/fr\/presse\/\",\"url\":\"https:\/\/admin.industriall-union.org\/fr\/presse\/\",\"name\":\"Presse - industriall-union\",\"isPartOf\":{\"@id\":\"https:\/\/admin.industriall-union.org\/ru\/#website\"},\"datePublished\":\"2019-03-11T13:41:23+00:00\",\"dateModified\":\"2026-03-05T15:20:31+00:00\",\"breadcrumb\":{\"@id\":\"https:\/\/admin.industriall-union.org\/fr\/presse\/#breadcrumb\"},\"inLanguage\":\"fr-FR\",\"potentialAction\":[{\"@type\":\"ReadAction\",\"target\":[\"https:\/\/admin.industriall-union.org\/fr\/presse\/\"]}]},{\"@type\":\"BreadcrumbList\",\"@id\":\"https:\/\/admin.industriall-union.org\/fr\/presse\/#breadcrumb\",\"itemListElement\":[{\"@type\":\"ListItem\",\"position\":1,\"name\":\"Home\",\"item\":\"https:\/\/admin.industriall-union.org\/ru\/\"},{\"@type\":\"ListItem\",\"position\":2,\"name\":\"Presse\"}]},{\"@type\":\"WebSite\",\"@id\":\"https:\/\/admin.industriall-union.org\/ru\/#website\",\"url\":\"https:\/\/admin.industriall-union.org\/ru\/\",\"name\":\"industriall-union\",\"description\":\"\",\"potentialAction\":[{\"@type\":\"SearchAction\",\"target\":{\"@type\":\"EntryPoint\",\"urlTemplate\":\"https:\/\/admin.industriall-union.org\/ru\/?s={search_term_string}\"},\"query-input\":{\"@type\":\"PropertyValueSpecification\",\"valueRequired\":true,\"valueName\":\"search_term_string\"}}],\"inLanguage\":\"fr-FR\"}]}<\/script>\n<!-- \/ Yoast SEO Premium plugin. -->","yoast_head_json":{"title":"Presse - industriall-union","robots":{"index":"index","follow":"follow","max-snippet":"max-snippet:-1","max-image-preview":"max-image-preview:large","max-video-preview":"max-video-preview:-1"},"canonical":"https:\/\/admin.industriall-union.org\/fr\/presse\/","og_locale":"fr_FR","og_type":"article","og_title":"Presse","og_description":"Veuillez contacter le service de presse d&#039;IndustriALL pour plus d&#039;informations sur tout \u00e9l\u00e9ment publi\u00e9 sur ce site Web, ou pour toute demande d&#039;interview. press@industriall-union.org Plateformes de m\u00e9dias sociaux Facebook Twitter Instagram Youtube Photos T\u00e9l\u00e9charger les images pour les r\u00e9utiliser Logos Les logos d&#039;IndustriALL Global Union, \u00e0 utiliser sur Internet et sous forme imprim\u00e9e, sont fournis [&hellip;]","og_url":"https:\/\/admin.industriall-union.org\/fr\/presse\/","og_site_name":"industriall-union","article_modified_time":"2026-03-05T15:20:31+00:00","twitter_card":"summary_large_image","twitter_misc":{"Est. reading time":"4 minutes"},"schema":{"@context":"https:\/\/schema.org","@graph":[{"@type":"WebPage","@id":"https:\/\/admin.industriall-union.org\/fr\/presse\/","url":"https:\/\/admin.industriall-union.org\/fr\/presse\/","name":"Presse - industriall-union","isPartOf":{"@id":"https:\/\/admin.industriall-union.org\/ru\/#website"},"datePublished":"2019-03-11T13:41:23+00:00","dateModified":"2026-03-05T15:20:31+00:00","breadcrumb":{"@id":"https:\/\/admin.industriall-union.org\/fr\/presse\/#breadcrumb"},"inLanguage":"fr-FR","potentialAction":[{"@type":"ReadAction","target":["https:\/\/admin.industriall-union.org\/fr\/presse\/"]}]},{"@type":"BreadcrumbList","@id":"https:\/\/admin.industriall-union.org\/fr\/presse\/#breadcrumb","itemListElement":[{"@type":"ListItem","position":1,"name":"Home","item":"https:\/\/admin.industriall-union.org\/ru\/"},{"@type":"ListItem","position":2,"name":"Presse"}]},{"@type":"WebSite","@id":"https:\/\/admin.industriall-union.org\/ru\/#website","url":"https:\/\/admin.industriall-union.org\/ru\/","name":"industriall-union","description":"","potentialAction":[{"@type":"SearchAction","target":{"@type":"EntryPoint","urlTemplate":"https:\/\/admin.industriall-union.org\/ru\/?s={search_term_string}"},"query-input":{"@type":"PropertyValueSpecification","valueRequired":true,"valueName":"search_term_string"}}],"inLanguage":"fr-FR"}]}},"_links":{"self":[{"href":"https:\/\/admin.industriall-union.org\/fr\/wp-json\/wp\/v2\/pages\/212078","targetHints":{"allow":["GET"]}}],"collection":[{"href":"https:\/\/admin.industriall-union.org\/fr\/wp-json\/wp\/v2\/pages"}],"about":[{"href":"https:\/\/admin.industriall-union.org\/fr\/wp-json\/wp\/v2\/types\/page"}],"author":[{"embeddable":true,"href":"https:\/\/admin.industriall-union.org\/fr\/wp-json\/wp\/v2\/users\/1"}],"replies":[{"embeddable":true,"href":"https:\/\/admin.industriall-union.org\/fr\/wp-json\/wp\/v2\/comments?post=212078"}],"version-history":[{"count":2,"href":"https:\/\/admin.industriall-union.org\/fr\/wp-json\/wp\/v2\/pages\/212078\/revisions"}],"predecessor-version":[{"id":464163,"href":"https:\/\/admin.industriall-union.org\/fr\/wp-json\/wp\/v2\/pages\/212078\/revisions\/464163"}],"wp:attachment":[{"href":"https:\/\/admin.industriall-union.org\/fr\/wp-json\/wp\/v2\/media?parent=212078"}],"wp:term":[{"taxonomy":"issues","embeddable":true,"href":"https:\/\/admin.industriall-union.org\/fr\/wp-json\/wp\/v2\/issues?post=212078"},{"taxonomy":"companies","embeddable":true,"href":"https:\/\/admin.industriall-union.org\/fr\/wp-json\/wp\/v2\/companies?post=212078"},{"taxonomy":"regions","embeddable":true,"href":"https:\/\/admin.industriall-union.org\/fr\/wp-json\/wp\/v2\/regions?post=212078"},{"taxonomy":"sectors","embeddable":true,"href":"https:\/\/admin.industriall-union.org\/fr\/wp-json\/wp\/v2\/sectors?post=212078"},{"taxonomy":"article_tags","embeddable":true,"href":"https:\/\/admin.industriall-union.org\/fr\/wp-json\/wp\/v2\/article_tags?post=212078"}],"curies":[{"name":"wp","href":"https:\/\/api.w.org\/{rel}","templated":true}]}}