{"id":212073,"date":"2019-04-10T20:59:26","date_gmt":"2019-04-10T20:59:26","guid":{"rendered":"https:\/\/admin.industriall-union.org\/calendrier-des-reunions\/"},"modified":"2026-02-03T10:54:29","modified_gmt":"2026-02-03T10:54:29","slug":"calendrier-des-reunions","status":"publish","type":"page","link":"https:\/\/admin.industriall-union.org\/fr\/calendrier-des-reunions\/","title":{"rendered":"Calendrier des r\u00e9unions"},"content":{"rendered":"<section class=\"boxTurquoiseImage\"><header class=\"imageArticle imageMedium colorOverlay\"><section class=\"boxTurquoiseImage\"><header class=\"imageArticle imageMedium colorOverlay\"><img decoding=\"async\" alt=\"\" src=\"\/wp-content\/uploads\/images\/COVID-19\/maskvirus.jpg\" style=\"width: 500px;height: 357px\" \/><div class=\"imageContent\"><div class=\"imageCaption\"><p>Covid-19<\/p><\/div><\/div><\/header><div class=\"boxTurquoise\"><h2>Impact du Covid-19 sur les r\u00e9unions IndustriALL \u00e0&nbsp;venir<\/h2><p>Toutes les r\u00e9unions IndustriALL initialement pr\u00e9vues entre avril et juin 2020 seront report\u00e9es ou annul\u00e9es.<\/p><p>Compte tenu de la situation mondiale en cours avec la pand\u00e9mie de Covid-19, les r\u00e9unions apr\u00e8s juin 2020 peuvent encore \u00eatre annul\u00e9es ou report\u00e9es. IndustriALL \u00e9tudie d&#039;autres options et vous tiendra au courant. Pour toute information compl\u00e9mentaire concernant une r\u00e9union, veuillez contacter <a href=\"mailto:Admin@industriALL-union.org\">Admin@industriALL-union.org<\/a><\/p><\/div><\/section><div class=\"imageContent\"><div class=\"imageCaption\">&nbsp;<\/div><\/div><\/header><div class=\"boxTurquoise\"><h2>Les prochaines r\u00e9unions d&#039;IndustriALL<\/h2><p><strong>Pour plus d&#039;informations sur les prochaines r\u00e9unions, veuillez contacter <a href=\"mailto:Admin@industriall-union.org\">Admin@industriall-union.org<\/a><\/strong><\/p><h2 style=\"text-align: center\">2019<\/h2><h3 style=\"text-align: center\"><span class=\"turquoise\">Avril<\/span><\/h3><h3 style=\"margin:0cm 0cm 0.0001pt;text-align:start\"><span class=\"turquoise\">8-9<\/span><\/h3><p style=\"margin:0cm 0cm 0.0001pt;text-align:start\"><strong>IndustriALL\/FES ArcelorMittal r\u00e9union du r\u00e9seau<\/strong><\/p><p style=\"margin:0cm 0cm 0.0001pt;text-align:start\">Rio De Janeiro, Br\u00e9sil<\/p><h3 style=\"margin:0cm 0cm 0.0001pt;text-align:start\"><span class=\"turquoise\">8-9<\/span><\/h3><p style=\"margin:0cm 0cm 0.0001pt;text-align:start\"><strong>IndustriALL Hyundai\/Kia r\u00e9seau mondial<\/strong><\/p><p style=\"margin:0cm 0cm 0.0001pt;text-align:start\">Ostrava, R\u00e9publique Tch\u00e8que<\/p><h3 style=\"margin:0cm 0cm 0.0001pt;text-align:start\"><span class=\"turquoise\">23-24<\/span><\/h3><p style=\"margin:0cm 0cm 0.0001pt;text-align:start\"><strong>IndustriALL\/FES r\u00e9unions sur les Femmes et &nbsp;les secteurs du P\u00e9trole et du&nbsp;Gaz<\/strong><\/p><p style=\"margin:0cm 0cm 0.0001pt;text-align:start\">Beyrouth, Liban&nbsp;<\/p><h3 style=\"margin:0cm 0cm 0.0001pt;text-align:start\"><span class=\"turquoise\">25-26<\/span><\/h3><p style=\"margin:0cm 0cm 0.0001pt;text-align:start\"><strong>IndustriALL Conf\u00e9rence R\u00e9gional<\/strong><\/p><p style=\"margin:0cm 0cm 0.0001pt;text-align:start\">Beyrouth, Liban<\/p><h3 style=\"margin: 0cm 0cm 0.0001pt;text-align: center\"><span class=\"turquoise\">Mai<\/span><\/h3><h3 style=\"margin:0cm 0cm 0.0001pt;text-align:start\">&nbsp;<\/h3><h3 style=\"margin:0cm 0cm 0.0001pt;text-align:start\"><span class=\"turquoise\">2-3<\/span><\/h3><p style=\"margin:0cm 0cm 0.0001pt;text-align:start\"><strong>IndustriALL MENA FNV Reunion de planification <\/strong><\/p><p style=\"margin:0cm 0cm 0.0001pt;text-align:start\">Tunis, Tunisie<\/p><h3 style=\"margin:0cm 0cm 0.0001pt;text-align:start\"><span class=\"turquoise\">15<\/span><\/h3><p style=\"margin:0cm 0cm 0.0001pt;text-align:start\"><strong>IndustriALL Conf\u00e9rence r\u00e9gionale europ\u00e9enne et de la CEI<\/strong><\/p><p style=\"margin:0cm 0cm 0.0001pt;text-align:start\">Bruxelles, Belgique<\/p><h3 style=\"margin:0cm 0cm 0.0001pt;text-align:start\"><span class=\"turquoise\">16-17<\/span><\/h3><p style=\"margin:0cm 0cm 0.0001pt;text-align:start\"><strong>Industriall Europe Trade Union Comit\u00e9 Executif<\/strong><\/p><p style=\"margin:0cm 0cm 0.0001pt;text-align:start\">Bruxelles, Belgique<\/p><h3 style=\"margin:0cm 0cm 0.0001pt;text-align:start\"><span class=\"turquoise\">20<\/span><\/h3><p style=\"margin:0cm 0cm 0.0001pt;text-align:start\"><strong>IndustriALL R\u00e9union du comit\u00e9 des Femmes et groupe de travail sur les Statuts et le Plan d&#039;Action<\/strong><\/p><p style=\"margin:0cm 0cm 0.0001pt;text-align:start\">Bruxelles, Belgique<\/p><h3 style=\"margin:0cm 0cm 0.0001pt;text-align:start\"><span class=\"turquoise\">21-22<\/span><\/h3><p style=\"margin:0cm 0cm 0.0001pt;text-align:start\"><strong>IndustriALL Comit\u00e9 Executif<\/strong><\/p><p style=\"margin:0cm 0cm 0.0001pt;text-align:start\">Bruxelles, Belgique<\/p><h3 style=\"margin: 0cm 0cm 0.0001pt;text-align: center\"><span class=\"turquoise\">Juin<\/span><\/h3><h3 style=\"margin:0cm 0cm 0.0001pt;text-align:start\">&nbsp;<\/h3><h3 style=\"margin:0cm 0cm 0.0001pt;text-align:start\"><span class=\"turquoise\">11-13<\/span><\/h3><p style=\"margin:0cm 0cm 0.0001pt;text-align:start\"><strong>IndustriALL Comit\u00e9 directeur sur les m\u00e9taux de base<\/strong><\/p><p style=\"margin:0cm 0cm 0.0001pt;text-align:start\">Sydney, Australia&nbsp;<\/p><h3 style=\"margin:0cm 0cm 0.0001pt;text-align:start\"><span class=\"turquoise\">14<\/span><\/h3><p style=\"margin:0cm 0cm 0.0001pt;text-align:start\"><strong>IndustriALL R\u00e9union BHP <\/strong><\/p><p style=\"margin:0cm 0cm 0.0001pt;text-align:start\">Sydney, Australia&nbsp;<\/p><h3 style=\"margin:0cm 0cm 0.0001pt;text-align:start\"><span class=\"turquoise\">19-20<\/span><\/h3><p style=\"margin:0cm 0cm 0.0001pt;text-align:start\"><strong>IndustriALL R\u00e9union d&#039;Experts sur l&#039;Automobile<\/strong><\/p><p style=\"margin:0cm 0cm 0.0001pt;text-align:start\">Gen\u00e8ve, Suisse<\/p><h3 style=\"margin:0cm 0cm 0.0001pt;text-align:start\"><span class=\"turquoise\">24-25<\/span><\/h3><p style=\"margin:0cm 0cm 0.0001pt;text-align:start\"><strong>IndustriALL R\u00e9union INWUN <\/strong><\/p><p style=\"margin:0cm 0cm 0.0001pt;text-align:start\">Ankara, Turquie<\/p><h3 style=\"margin:0cm 0cm 0.0001pt;text-align:start\"><span class=\"turquoise\">25<\/span><\/h3><p style=\"margin:0cm 0cm 0.0001pt;text-align:start\"><strong>IndustriALL\/FES BASF Reunion du R\u00e9seau &amp; R\u00e9union du r\u00e9seau Pharmaceutique<\/strong><\/p><p style=\"margin:0cm 0cm 0.0001pt;text-align:start\">Istanbul, Turquie<\/p><h3 style=\"margin:0cm 0cm 0.0001pt;text-align:start\"><span class=\"turquoise\">26-27<\/span><\/h3><p style=\"margin:0cm 0cm 0.0001pt;text-align:start\"><strong>IndustriALL Conf\u00e9rence mondiale sur les secteurs de la Chimie<\/strong><\/p><p style=\"margin:0cm 0cm 0.0001pt;text-align:start\">Istanbul, Turquie<\/p><h3 style=\"margin: 0cm 0cm 0.0001pt;text-align: center\"><span class=\"turquoise\">Juillet<\/span><\/h3><h3 style=\"margin:0cm 0cm 0.0001pt;text-align:start\">&nbsp;<\/h3><h3 style=\"margin:0cm 0cm 0.0001pt;text-align:start\"><span class=\"turquoise\">2-4<\/span><\/h3><p style=\"margin:0cm 0cm 0.0001pt;text-align:start\"><strong>IndustriALL\/FES Shell R\u00e9union mondiale du R\u00e9seau<\/strong><\/p><p style=\"margin:0cm 0cm 0.0001pt;text-align:start\">Londres, Royaume-Uni<\/p><h3 style=\"margin:0cm 0cm 0.0001pt;text-align:start\">8-9<\/h3><p style=\"margin:0cm 0cm 0.0001pt;text-align:start\"><strong>IndustriALL R\u00e9union FCA <\/strong><\/p><p style=\"margin:0cm 0cm 0.0001pt;text-align:start\">Toronto Canada<\/p><h3 style=\"margin:0cm 0cm 0.0001pt;text-align:start\"><span class=\"turquoise\">10-12<\/span><\/h3><p style=\"margin:0cm 0cm 0.0001pt;text-align:start\"><strong>IndustriALL John Deere and Caterpillar R\u00e9unions de R\u00e9seau<\/strong><\/p><p style=\"margin:0cm 0cm 0.0001pt;text-align:start\">Detroit, Etats-Unis<\/p><h3 style=\"margin: 0cm 0cm 0.0001pt;text-align: center\"><span class=\"turquoise\">Ao\u00fbt<\/span><\/h3><h3 style=\"margin:0cm 0cm 0.0001pt;text-align:start\">&nbsp;<\/h3><h3 style=\"margin:0cm 0cm 0.0001pt;text-align:start\"><span class=\"turquoise\">13<\/span><\/h3><p style=\"margin:0cm 0cm 0.0001pt;text-align:start\"><strong>IndustriALL FES GM R\u00e9union du R\u00e9seau<\/strong><\/p><p style=\"margin:0cm 0cm 0.0001pt;text-align:start\">Br\u00e9sil<\/p><h3 style=\"margin: 0cm 0cm 0.0001pt;text-align: center\"><span class=\"turquoise\">Septembre<\/span><\/h3><h3 style=\"margin:0cm 0cm 0.0001pt;text-align:start\">&nbsp;<\/h3><h3 style=\"margin:0cm 0cm 0.0001pt;text-align:start\"><span class=\"turquoise\">2<\/span><\/h3><p style=\"margin:0cm 0cm 0.0001pt;text-align:start\"><strong>IndustriALL\/FES MENA Syndiquer dans la cha\u00eene d&#039;approvisionnement<\/strong><\/p><p style=\"margin:0cm 0cm 0.0001pt;text-align:start\">Jordanie<\/p><h3 style=\"margin:0cm 0cm 0.0001pt;text-align:start\"><span class=\"turquoise\">11-13<\/span><\/h3><p style=\"margin:0cm 0cm 0.0001pt;text-align:start\"><strong>IndustriALL Conf\u00e9rence mondiale sur l&#039;Ingenierie M\u00e9chanique<\/strong><\/p><p style=\"margin:0cm 0cm 0.0001pt;text-align:start\">Stuttgart, Allemagne<\/p><h3 style=\"margin:0cm 0cm 0.0001pt;text-align:start\"><span class=\"turquoise\">14-15<\/span><\/h3><p style=\"margin:0cm 0cm 0.0001pt;text-align:start\"><strong>IndustriALL\/FES r\u00e9union<\/strong><\/p><p style=\"margin:0cm 0cm 0.0001pt;text-align:start\">Chennai, Inde<\/p><h3 style=\"margin:0cm 0cm 0.0001pt;text-align:start\"><span class=\"turquoise\">23-24<\/span><\/h3><p style=\"margin:0cm 0cm 0.0001pt;text-align:start\"><strong>IndustriALL\/FES BHP R\u00e9union Mondiale du R\u00e9seau<\/strong><\/p><p style=\"margin:0cm 0cm 0.0001pt;text-align:start\">Santiago, Chile<\/p><h3 style=\"margin:0cm 0cm 0.0001pt;text-align:start\"><span class=\"turquoise\">26-27<\/span><\/h3><p style=\"margin:0cm 0cm 0.0001pt;text-align:start\"><strong>IndustriALL Glencore R\u00e9union Mondiale du R\u00e9seau<\/strong><\/p><p style=\"margin:0cm 0cm 0.0001pt;text-align:start\">Valledupar, Colombie<\/p><h3 style=\"margin:0cm 0cm 0.0001pt;text-align:start\"><span class=\"turquoise\">30 sept &#8211; 04 oct<\/span><\/h3><p style=\"margin:0cm 0cm 0.0001pt;text-align:start\"><strong>R\u00e9union SKF EWC &amp; WUC <\/strong><\/p><p style=\"margin:0cm 0cm 0.0001pt;text-align:start\">Steyr, Autriche<\/p><h3 style=\"margin: 0cm 0cm 0.0001pt;text-align: center\"><span class=\"turquoise\">Octobre<\/span><\/h3><h3 style=\"margin:0cm 0cm 0.0001pt;text-align:start\">&nbsp;<\/h3><h3 style=\"margin:0cm 0cm 0.0001pt;text-align:start\"><span class=\"turquoise\">1-2<\/span><\/h3><p style=\"margin:0cm 0cm 0.0001pt;text-align:start\"><strong>IndustriALL R\u00e9union du r\u00e9seau \u00e9nerg\u00e9tique Asie-Pacifique<\/strong><\/p><p style=\"margin:0cm 0cm 0.0001pt;text-align:start\">Tokyo Japan<\/p><h3 style=\"margin:0cm 0cm 0.0001pt;text-align:start\"><span class=\"turquoise\">14-15<\/span><\/h3><p style=\"margin:0cm 0cm 0.0001pt;text-align:start\"><strong>IndustriALL Conf\u00e9rence mondiale sur les TIC, \u00e9lectricit\u00e9 et \u00e9lectronique<\/strong><\/p><p style=\"margin:0cm 0cm 0.0001pt;text-align:start\">Bangkok, Thailande<\/p><h3 style=\"margin:0cm 0cm 0.0001pt;text-align:start\"><span class=\"turquoise\">16-18<\/span><\/h3><p style=\"margin:0cm 0cm 0.0001pt;text-align:start\"><strong>IndustriALL Anglo American R\u00e9union Mondiale du R\u00e9seau<\/strong><\/p><p style=\"margin:0cm 0cm 0.0001pt;text-align:start\">Gaborone, Botswana<\/p><h3 style=\"margin:0cm 0cm 0.0001pt;text-align:start\"><span class=\"turquoise\">23-24<\/span><\/h3><p style=\"margin:0cm 0cm 0.0001pt;text-align:start\"><strong>IndustriALL Comit\u00e9 directeur du secteur de l&#039;A\u00e9rospatiale<\/strong><\/p><p style=\"margin:0cm 0cm 0.0001pt;text-align:start\">Singapour<\/p><h3 style=\"margin:0cm 0cm 0.0001pt;text-align:start\"><span class=\"turquoise\">23-24<\/span><\/h3><p style=\"margin:0cm 0cm 0.0001pt;text-align:start\"><strong>IndustriALL\/FES R\u00e9union sur la politique commerciale et industrielle<\/strong><\/p><p style=\"margin:0cm 0cm 0.0001pt;text-align:start\">Mexique<\/p><h3 style=\"margin:0cm 0cm 0.0001pt;text-align:start\"><span class=\"turquoise\">29-30<\/span><\/h3><p style=\"margin:0cm 0cm 0.0001pt;text-align:start\"><strong>Saint-Gobain R\u00e9union de r\u00e9seau mondial<\/strong><\/p><p style=\"margin:0cm 0cm 0.0001pt;text-align:start\">Paris, France<\/p><h3 style=\"margin: 0cm 0cm 0.0001pt;text-align: center\"><span class=\"turquoise\">Novembre<\/span><\/h3><h3 style=\"margin:0cm 0cm 0.0001pt;text-align:start\">&nbsp;<\/h3><h3 style=\"margin:0cm 0cm 0.0001pt;text-align:start\"><span class=\"turquoise\">4-5<\/span><\/h3><p style=\"margin:0cm 0cm 0.0001pt;text-align:start\"><strong>IndstriALL Groupe d&#039;Action sur la contruction et la d\u00e9struction de Navires<\/strong><\/p><p style=\"margin:0cm 0cm 0.0001pt;text-align:start\">France<\/p><h3 style=\"margin:0cm 0cm 0.0001pt;text-align:start\"><span class=\"turquoise\">6-8<\/span><\/h3><p style=\"margin:0cm 0cm 0.0001pt;text-align:start\"><strong>IndustriALL R\u00e9union du r\u00e9seau mondial du Diamant<\/strong><\/p><p style=\"margin:0cm 0cm 0.0001pt;text-align:start\">New Dehli, Inde<\/p><h3 style=\"margin:0cm 0cm 0.0001pt;text-align:start\"><span class=\"turquoise\">7<\/span><\/h3><p style=\"margin:0cm 0cm 0.0001pt;text-align:start\"><strong>IndustriALL\/FES groupe de travail sur les ACM<\/strong><\/p><p style=\"margin:0cm 0cm 0.0001pt;text-align:start\">Berlin, Allemagne<\/p><h3 style=\"margin:0cm 0cm 0.0001pt;text-align:start\"><span class=\"turquoise\">8<\/span><\/h3><p style=\"margin:0cm 0cm 0.0001pt;text-align:start\"><strong>IndustriALL Conf\u00e9rence sur la responsabilit\u00e9 sociale des entreprises et les relations de travail<\/strong><\/p><p style=\"margin:0cm 0cm 0.0001pt;text-align:start\">Berlin, Allemagne<\/p><h3 style=\"margin:0cm 0cm 0.0001pt;text-align:start\"><span class=\"turquoise\">7-8<\/span><\/h3><p style=\"margin:0cm 0cm 0.0001pt;text-align:start\"><strong>IndustriALL\/FES HeidelbergCement R\u00e9union du r\u00e9seau<\/strong><\/p><p style=\"margin:0cm 0cm 0.0001pt;text-align:start\">Francfort, Allemagne<\/p><h3 style=\"margin:0cm 0cm 0.0001pt;text-align:start\"><span class=\"turquoise\">18-19<\/span><\/h3><p style=\"margin:0cm 0cm 0.0001pt;text-align:start\"><strong>IndustriALL Conf\u00e9rence Mondiale sur les Femmes<\/strong><\/p><p style=\"margin:0cm 0cm 0.0001pt;text-align:start\">Gen\u00e8ve, Suisse<\/p><h3 style=\"margin:0cm 0cm 0.0001pt;text-align:start\"><span class=\"turquoise\">20<\/span><\/h3><p style=\"margin:0cm 0cm 0.0001pt;text-align:start\"><strong>IndustriALL groupe de travail sur les Statuts et le Plan d&#039;Action<\/strong><\/p><p style=\"margin:0cm 0cm 0.0001pt;text-align:start\">Gen\u00e8ve, Suisse<\/p><h3 style=\"margin:0cm 0cm 0.0001pt;text-align:start\"><span class=\"turquoise\">21-22<\/span><\/h3><p style=\"margin:0cm 0cm 0.0001pt;text-align:start\"><strong>IndustriALL Comit\u00e9 Executif<\/strong><\/p><p style=\"margin:0cm 0cm 0.0001pt;text-align:start\">Gen\u00e8ve, Suisse<\/p><h3 style=\"margin:0cm 0cm 0.0001pt;text-align:start\"><span class=\"turquoise\">27-29<\/span><\/h3><p style=\"margin:0cm 0cm 0.0001pt;text-align:start\"><strong>IndustriALL Anglo American Global Network<\/strong><\/p><p style=\"margin:0cm 0cm 0.0001pt;text-align:start\">Gaberone, Botswana<\/p><h3 style=\"margin: 0cm 0cm 0.0001pt;text-align: center\"><span class=\"turquoise\">D\u00e9cembre<\/span><\/h3><h3 style=\"margin:0cm 0cm 0.0001pt;text-align:start\">&nbsp;<\/h3><h3 style=\"margin:0cm 0cm 0.0001pt;text-align:start\"><span class=\"turquoise\">9-11<\/span><\/h3><p style=\"margin:0cm 0cm 0.0001pt;text-align:start\"><strong>IndustriALL grupe de travail sur l&#039;Automobile<\/strong><\/p><p style=\"margin:0cm 0cm 0.0001pt;text-align:start\">Allemagne<\/p><h2 style=\"margin: 0cm 0cm 0.0001pt;text-align: center\"><span class=\"turquoise\">2020<\/span><\/h2><h3 style=\"margin: 0cm 0cm 0.0001pt;text-align: center\">&nbsp;<\/h3><h3 style=\"margin: 0cm 0cm 0.0001pt;text-align: center\"><span class=\"turquoise\">Mai<\/span><\/h3><h3 style=\"margin:0cm 0cm 0.0001pt;text-align:start\"><span class=\"turquoise\">12<\/span><\/h3><p style=\"margin:0cm 0cm 0.0001pt;text-align:start\"><strong>IndustriALL groupe de travail sur les Statuts<\/strong><\/p><p style=\"margin:0cm 0cm 0.0001pt;text-align:start\">TBC<\/p><h3 style=\"margin:0cm 0cm 0.0001pt;text-align:start\"><span class=\"turquoise\">13<\/span><\/h3><p style=\"margin:0cm 0cm 0.0001pt;text-align:start\"><strong>IndustriALL groupe de travail sur le Plan d&#039;Action et le Comit\u00e9 des Femmes<\/strong><\/p><p style=\"margin:0cm 0cm 0.0001pt;text-align:start\">TBC<\/p><h3 style=\"margin:0cm 0cm 0.0001pt;text-align:start\"><span class=\"turquoise\">14.15<\/span><\/h3><p style=\"margin:0cm 0cm 0.0001pt;text-align:start\"><strong>IndustriALL Comit\u00e9 Executif<\/strong><\/p><p style=\"margin:0cm 0cm 0.0001pt;text-align:start\">TBC<\/p><h3 style=\"margin: 0cm 0cm 0.0001pt;text-align: center\"><span class=\"turquoise\">Octobre<\/span><\/h3><h3 style=\"margin:0cm 0cm 0.0001pt;text-align:start\">&nbsp;<\/h3><h3 style=\"margin:0cm 0cm 0.0001pt;text-align:start\"><span class=\"turquoise\">12-16<\/span><\/h3><p style=\"margin:0cm 0cm 0.0001pt;text-align:start\"><strong>IndustriALL 3\u00e8me Congr\u00e8s<\/strong><\/p><p style=\"margin:0cm 0cm 0.0001pt;text-align:start\">Cape Town, Afrique du Sud<\/p><\/div><\/section>","protected":false},"excerpt":{"rendered":"<p>Covid-19 Impact du Covid-19 sur les r\u00e9unions IndustriALL \u00e0&nbsp;venir Toutes les r\u00e9unions IndustriALL initialement pr\u00e9vues entre avril et juin 2020 seront report\u00e9es ou annul\u00e9es. Compte tenu de la situation mondiale en cours avec la pand\u00e9mie de Covid-19, les r\u00e9unions apr\u00e8s juin 2020 peuvent encore \u00eatre annul\u00e9es ou report\u00e9es. IndustriALL \u00e9tudie d&#039;autres options et vous tiendra [&hellip;]<\/p>\n","protected":false},"author":1,"featured_media":0,"parent":0,"menu_order":0,"comment_status":"closed","ping_status":"closed","template":"","meta":{"_acf_changed":false,"footnotes":""},"issues":[],"companies":[],"regions":[],"sectors":[],"article_tags":[],"class_list":["post-212073","page","type-page","status-publish","hentry"],"acf":[],"yoast_head":"<!-- This site is optimized with the Yoast SEO Premium plugin v27.1 (Yoast SEO v27.1) - https:\/\/yoast.com\/product\/yoast-seo-premium-wordpress\/ -->\n<title>Calendrier des r\u00e9unions - industriall-union<\/title>\n<meta name=\"robots\" content=\"index, follow, max-snippet:-1, max-image-preview:large, max-video-preview:-1\" \/>\n<link rel=\"canonical\" href=\"https:\/\/admin.industriall-union.org\/fr\/calendrier-des-reunions\/\" \/>\n<meta property=\"og:locale\" content=\"fr_FR\" \/>\n<meta property=\"og:type\" content=\"article\" \/>\n<meta property=\"og:title\" content=\"Calendrier des r\u00e9unions\" \/>\n<meta property=\"og:description\" content=\"Covid-19 Impact du Covid-19 sur les r\u00e9unions IndustriALL \u00e0&nbsp;venir Toutes les r\u00e9unions IndustriALL initialement pr\u00e9vues entre avril et juin 2020 seront report\u00e9es ou annul\u00e9es. Compte tenu de la situation mondiale en cours avec la pand\u00e9mie de Covid-19, les r\u00e9unions apr\u00e8s juin 2020 peuvent encore \u00eatre annul\u00e9es ou report\u00e9es. IndustriALL \u00e9tudie d&#039;autres options et vous tiendra [&hellip;]\" \/>\n<meta property=\"og:url\" content=\"https:\/\/admin.industriall-union.org\/fr\/calendrier-des-reunions\/\" \/>\n<meta property=\"og:site_name\" content=\"industriall-union\" \/>\n<meta property=\"article:modified_time\" content=\"2026-02-03T10:54:29+00:00\" \/>\n<meta name=\"twitter:card\" content=\"summary_large_image\" \/>\n<meta name=\"twitter:label1\" content=\"Est. reading time\" \/>\n\t<meta name=\"twitter:data1\" content=\"3 minutes\" \/>\n<script type=\"application\/ld+json\" class=\"yoast-schema-graph\">{\"@context\":\"https:\/\/schema.org\",\"@graph\":[{\"@type\":\"WebPage\",\"@id\":\"https:\/\/admin.industriall-union.org\/fr\/calendrier-des-reunions\/\",\"url\":\"https:\/\/admin.industriall-union.org\/fr\/calendrier-des-reunions\/\",\"name\":\"Calendrier des r\u00e9unions - industriall-union\",\"isPartOf\":{\"@id\":\"https:\/\/admin.industriall-union.org\/#website\"},\"datePublished\":\"2019-04-10T20:59:26+00:00\",\"dateModified\":\"2026-02-03T10:54:29+00:00\",\"breadcrumb\":{\"@id\":\"https:\/\/admin.industriall-union.org\/fr\/calendrier-des-reunions\/#breadcrumb\"},\"inLanguage\":\"fr-FR\",\"potentialAction\":[{\"@type\":\"ReadAction\",\"target\":[\"https:\/\/admin.industriall-union.org\/fr\/calendrier-des-reunions\/\"]}]},{\"@type\":\"BreadcrumbList\",\"@id\":\"https:\/\/admin.industriall-union.org\/fr\/calendrier-des-reunions\/#breadcrumb\",\"itemListElement\":[{\"@type\":\"ListItem\",\"position\":1,\"name\":\"Home\",\"item\":\"https:\/\/admin.industriall-union.org\/\"},{\"@type\":\"ListItem\",\"position\":2,\"name\":\"Calendrier des r\u00e9unions\"}]},{\"@type\":\"WebSite\",\"@id\":\"https:\/\/admin.industriall-union.org\/#website\",\"url\":\"https:\/\/admin.industriall-union.org\/\",\"name\":\"industriall-union\",\"description\":\"\",\"potentialAction\":[{\"@type\":\"SearchAction\",\"target\":{\"@type\":\"EntryPoint\",\"urlTemplate\":\"https:\/\/admin.industriall-union.org\/?s={search_term_string}\"},\"query-input\":{\"@type\":\"PropertyValueSpecification\",\"valueRequired\":true,\"valueName\":\"search_term_string\"}}],\"inLanguage\":\"fr-FR\"}]}<\/script>\n<!-- \/ Yoast SEO Premium plugin. -->","yoast_head_json":{"title":"Calendrier des r\u00e9unions - industriall-union","robots":{"index":"index","follow":"follow","max-snippet":"max-snippet:-1","max-image-preview":"max-image-preview:large","max-video-preview":"max-video-preview:-1"},"canonical":"https:\/\/admin.industriall-union.org\/fr\/calendrier-des-reunions\/","og_locale":"fr_FR","og_type":"article","og_title":"Calendrier des r\u00e9unions","og_description":"Covid-19 Impact du Covid-19 sur les r\u00e9unions IndustriALL \u00e0&nbsp;venir Toutes les r\u00e9unions IndustriALL initialement pr\u00e9vues entre avril et juin 2020 seront report\u00e9es ou annul\u00e9es. Compte tenu de la situation mondiale en cours avec la pand\u00e9mie de Covid-19, les r\u00e9unions apr\u00e8s juin 2020 peuvent encore \u00eatre annul\u00e9es ou report\u00e9es. IndustriALL \u00e9tudie d&#039;autres options et vous tiendra [&hellip;]","og_url":"https:\/\/admin.industriall-union.org\/fr\/calendrier-des-reunions\/","og_site_name":"industriall-union","article_modified_time":"2026-02-03T10:54:29+00:00","twitter_card":"summary_large_image","twitter_misc":{"Est. reading time":"3 minutes"},"schema":{"@context":"https:\/\/schema.org","@graph":[{"@type":"WebPage","@id":"https:\/\/admin.industriall-union.org\/fr\/calendrier-des-reunions\/","url":"https:\/\/admin.industriall-union.org\/fr\/calendrier-des-reunions\/","name":"Calendrier des r\u00e9unions - industriall-union","isPartOf":{"@id":"https:\/\/admin.industriall-union.org\/#website"},"datePublished":"2019-04-10T20:59:26+00:00","dateModified":"2026-02-03T10:54:29+00:00","breadcrumb":{"@id":"https:\/\/admin.industriall-union.org\/fr\/calendrier-des-reunions\/#breadcrumb"},"inLanguage":"fr-FR","potentialAction":[{"@type":"ReadAction","target":["https:\/\/admin.industriall-union.org\/fr\/calendrier-des-reunions\/"]}]},{"@type":"BreadcrumbList","@id":"https:\/\/admin.industriall-union.org\/fr\/calendrier-des-reunions\/#breadcrumb","itemListElement":[{"@type":"ListItem","position":1,"name":"Home","item":"https:\/\/admin.industriall-union.org\/"},{"@type":"ListItem","position":2,"name":"Calendrier des r\u00e9unions"}]},{"@type":"WebSite","@id":"https:\/\/admin.industriall-union.org\/#website","url":"https:\/\/admin.industriall-union.org\/","name":"industriall-union","description":"","potentialAction":[{"@type":"SearchAction","target":{"@type":"EntryPoint","urlTemplate":"https:\/\/admin.industriall-union.org\/?s={search_term_string}"},"query-input":{"@type":"PropertyValueSpecification","valueRequired":true,"valueName":"search_term_string"}}],"inLanguage":"fr-FR"}]}},"_links":{"self":[{"href":"https:\/\/admin.industriall-union.org\/fr\/wp-json\/wp\/v2\/pages\/212073","targetHints":{"allow":["GET"]}}],"collection":[{"href":"https:\/\/admin.industriall-union.org\/fr\/wp-json\/wp\/v2\/pages"}],"about":[{"href":"https:\/\/admin.industriall-union.org\/fr\/wp-json\/wp\/v2\/types\/page"}],"author":[{"embeddable":true,"href":"https:\/\/admin.industriall-union.org\/fr\/wp-json\/wp\/v2\/users\/1"}],"replies":[{"embeddable":true,"href":"https:\/\/admin.industriall-union.org\/fr\/wp-json\/wp\/v2\/comments?post=212073"}],"version-history":[{"count":2,"href":"https:\/\/admin.industriall-union.org\/fr\/wp-json\/wp\/v2\/pages\/212073\/revisions"}],"predecessor-version":[{"id":464159,"href":"https:\/\/admin.industriall-union.org\/fr\/wp-json\/wp\/v2\/pages\/212073\/revisions\/464159"}],"wp:attachment":[{"href":"https:\/\/admin.industriall-union.org\/fr\/wp-json\/wp\/v2\/media?parent=212073"}],"wp:term":[{"taxonomy":"issues","embeddable":true,"href":"https:\/\/admin.industriall-union.org\/fr\/wp-json\/wp\/v2\/issues?post=212073"},{"taxonomy":"companies","embeddable":true,"href":"https:\/\/admin.industriall-union.org\/fr\/wp-json\/wp\/v2\/companies?post=212073"},{"taxonomy":"regions","embeddable":true,"href":"https:\/\/admin.industriall-union.org\/fr\/wp-json\/wp\/v2\/regions?post=212073"},{"taxonomy":"sectors","embeddable":true,"href":"https:\/\/admin.industriall-union.org\/fr\/wp-json\/wp\/v2\/sectors?post=212073"},{"taxonomy":"article_tags","embeddable":true,"href":"https:\/\/admin.industriall-union.org\/fr\/wp-json\/wp\/v2\/article_tags?post=212073"}],"curies":[{"name":"wp","href":"https:\/\/api.w.org\/{rel}","templated":true}]}}