{"id":212071,"date":"2019-07-09T14:29:04","date_gmt":"2019-07-09T14:29:04","guid":{"rendered":"https:\/\/admin.industriall-union.org\/l-avenir-du-travail\/"},"modified":"2026-02-03T10:50:19","modified_gmt":"2026-02-03T10:50:19","slug":"l-avenir-du-travail","status":"publish","type":"page","link":"https:\/\/admin.industriall-union.org\/fr\/l-avenir-du-travail\/","title":{"rendered":"L\u2019avenir du travail"},"content":{"rendered":"<p>Notre fa\u00e7on de travailler, les lieux de travail qui nous sont familiers, les environnements dans lesquels nos syndicats sont n\u00e9s et les situations pour lesquelles ils ont \u00e9labor\u00e9 des strat\u00e9gies sont tous en train de changer fondamentalement. Ces changements nous balayeront-ils ou nous renouvelleront-ils ?<\/p><h2 style=\"text-align: center\">Cela d\u00e9pend de nous<\/h2><p>Voici quelques-unes des forces qui font \u00e9voluer notre fa\u00e7on de travailler&nbsp;:<\/p><ul><li>Le changement climatique et la n\u00e9cessit\u00e9 de passer \u00e0 une \u00e9conomie neutre en carbone<\/li><li>Industrie 4.0, l&rsquo;essor des robots et le d\u00e9veloppement des processus de production num\u00e9riques<\/li><li>Le d\u00e9veloppement de la &ldquo;gig economy&rdquo; (\u00e9conomie des petits boulots) ainsi que d&rsquo;autres nouvelles formes de travail pr\u00e9caire facilit\u00e9es par la technologie<\/li><li>Une approche du d\u00e9veloppement \u00e9conomique mondialis\u00e9e et dirig\u00e9e par le march\u00e9, qui conduit \u00e0 des cha\u00eenes d&rsquo;approvisionnement longues et compliqu\u00e9es<\/li><\/ul><p><img decoding=\"async\" alt=\"\" src=\"\/wp-content\/uploads\/images\/FutureOfWork\/chart_532437943.png\" style=\"width: 700px;height: 679px\" \/><\/p><p>En 2020, un autre moteur s&rsquo;est ajout\u00e9&nbsp;: la pand\u00e9mie de Covid-19, qui a eu pour effet d&rsquo;acc\u00e9l\u00e9rer rapidement les tendances existantes et d&rsquo;en ajouter de nouvelles&nbsp;: une explosion massive du t\u00e9l\u00e9travail, l&rsquo;utilisation de la technologie pour remplacer les voyages et les r\u00e9unions physiques ainsi que des r\u00e9gimes de ch\u00f4mage technique pour payer les travailleurs qui ne peuvent pas prester \u00e0 cause de la pand\u00e9mie.<\/p><p>Le changement climatique signifie que nous devrons r\u00e9duire consid\u00e9rablement les \u00e9missions de carbone. La d\u00e9gradation de l&rsquo;environnement signifie que nous devons r\u00e9duire la consommation de plastique et de produits chimiques polluants. La transition vers une \u00e9conomie neutre en carbone a d\u00e9j\u00e0 un impact consid\u00e9rable sur le monde du travail. Les secteurs les plus touch\u00e9s sont les mines et l&rsquo;\u00e9nergie. La demande de charbon diminue alors que celle des produits miniers n\u00e9cessaires \u00e0 la fabrication des batteries augmente. Le secteur de l&rsquo;\u00e9nergie doit passer des combustibles fossiles aux \u00e9nergies renouvelables.<\/p><p>Le secteur automobile subit une transformation majeure alors qu&rsquo;il affronte les changements de la mobilit\u00e9 et l&rsquo;ing\u00e9nierie m\u00e9canique se d\u00e9bat avec la technologie verte, en d\u00e9veloppant des processus m\u00e9caniques qui am\u00e9liorent l&rsquo;efficacit\u00e9 \u00e9nerg\u00e9tique, par exemple.<\/p><p>Ces changements s&rsquo;inscrivent dans le cadre d&rsquo;Industrie 4.0, qui consiste \u00e0 ajouter des processus num\u00e9riques et de nouvelles technologies \u00e0 la production. Dans sa forme la plus simple, Industrie 4.0 repr\u00e9sente le remplacement du travail humain par des robots, des machines ou des processus num\u00e9riques. Cela comprend de tout, depuis les caisses automatis\u00e9es des supermarch\u00e9s aux robots sophistiqu\u00e9s qui construisent des voitures. Industrie 4.0 signifie \u00e9galement le d\u00e9veloppement de la fabrication \u00e0 la demande, en flux tendu, pour remplacer la production de masse. Les clients pourront tout commander, des voitures aux meubles, en passant des commandes en ligne avec des d\u00e9tails personnalis\u00e9s.<\/p><p>La plupart des sp\u00e9cialistes du secteur s&rsquo;attendent \u00e0 un avenir o\u00f9 les hommes et les robots travailleront c\u00f4te \u00e0 c\u00f4te, avec un glissement des cols bleus vers les cols blancs. Cette \u00e9volution a des r\u00e9percussions importantes sur l&rsquo;\u00e9quilibre entre les sexes, les cols blancs \u00e9tant moins domin\u00e9s par les hommes, et contribuera \u00e9galement \u00e0 l&rsquo;essor du t\u00e9l\u00e9travail&nbsp;: les voitures de demain pourraient \u00eatre construites par des m\u00e8res de famille travaillant \u00e0 domicile.<\/p><p>La mondialisation fond\u00e9e sur le march\u00e9 a entra\u00een\u00e9 un d\u00e9veloppement in\u00e9gal, les t\u00e2ches difficiles, dangereuses et d\u00e9sagr\u00e9ables \u00e9tant d\u00e9localis\u00e9es dans des pays en d\u00e9veloppement o\u00f9 la l\u00e9gislation du travail est moins stricte.<\/p><h2>R\u00e9ponse syndicale : \u00e0 la table du festin ou \u00e0 son menu ?<\/h2><p>C&rsquo;est \u00e0 nous qu&rsquo;il revient de trancher si ces changements apport\u00e9s au monde du travail sont bons ou mauvais. Des millions d&rsquo;emplois sont menac\u00e9s, mais des millions d&rsquo;autres pourraient \u00eatre cr\u00e9\u00e9s. Les t\u00e2ches dangereuses et r\u00e9p\u00e9titives pourraient \u00eatre effectu\u00e9es par des machines, tandis que les humains feraient un travail plus int\u00e9ressant et cr\u00e9atif et am\u00e9lioreraient leur \u00e9quilibre entre vie professionnelle et vie priv\u00e9e gr\u00e2ce \u00e0 des accords de t\u00e9l\u00e9travail.<\/p><p>Nous sommes face \u00e0 une occasion unique de restructurer le monde du travail pour le rendre plus adapt\u00e9 aux travailleurs et travailleuses, plus utile socialement et meilleur pour la plan\u00e8te. Les syndicats doivent constamment d\u00e9fendre leur vision de l&rsquo;avenir dans tous les forums o\u00f9 elle est discut\u00e9e.<\/p><p>Cela comprend la Transition juste. Les programmes de ch\u00f4mage technique et l&rsquo;intervention des autorit\u00e9s pendant la pand\u00e9mie ont cr\u00e9\u00e9 un pr\u00e9c\u00e9dent important. Nous devons exiger le m\u00eame niveau d&rsquo;intervention pour nous assurer que le passage \u00e0 une \u00e9conomie neutre en carbone ne se fasse pas au d\u00e9triment des travailleurs et travailleuses et des communaut\u00e9s qui sont les leurs.<\/p><p>Nous devons \u00e9galement lutter pour de bonnes conventions de t\u00e9l\u00e9travail et pour des droits formels en faveur des travailleurs et travailleuses qui d\u00e9pendent des plateformes et d&rsquo;autres composantes de la pr\u00e9carit\u00e9 num\u00e9rique.<\/p><p>Nous devons changer le mod\u00e8le de d\u00e9veloppement mondial afin qu&rsquo;il soit moins ax\u00e9 sur l&rsquo;exploitation. Cela passe par la promotion d&rsquo;une l\u00e9gislation sur les cha\u00eenes d&rsquo;approvisionnement et d&rsquo;accords mondiaux contraignants, ainsi que par la promotion d&rsquo;un d\u00e9veloppement industriel durable afin que les pays du Sud puissent b\u00e9n\u00e9ficier des produits qu&rsquo;ils fabriquent.<\/p><p>Enfin, nous devons d\u00e9velopper et promouvoir des visions positives de l&rsquo;avenir, telles que notre <a href=\"\/wp-content\/uploads\/documents\/2020\/SWITZERLAND\/GreenTech\/2_greentech_manifesto_anm_pro-ge.pdf\">Manifeste sur les technologies vertes<\/a>.<\/p><h4>Publications associ\u00e9es<\/h4><table border=\"1\" cellpadding=\"1\" cellspacing=\"1\" style=\"width:100%\"><tbody><tr><td colspan=\"3\" style=\"text-align: center\"><strong>IndustriALL Global Union et l&rsquo;Avenir du travail<\/strong><\/td><\/tr><tr><td><a href=\"http:\/\/www.industriall-union.org\/report-the-future-of-work-and-industriall-global-union\"><img decoding=\"async\" alt=\"\" src=\"\/wp-content\/uploads\/images\/publications\/Just-transition2019\/screenshot_2021-02-10_at_09.59.49.png\" style=\"width: 200px;height: 282px\" \/><\/a><\/td><td><a href=\"http:\/\/www.industriall-union.org\/es\/informe-el-futuro-del-trabajo-e-industriall-global-union\"><img decoding=\"async\" alt=\"\" src=\"\/wp-content\/uploads\/images\/publications\/Just-transition2019\/screenshot_2021-02-10_at_10.00.40.png\" style=\"width: 200px;height: 283px\" \/><\/a><\/td><td><a href=\"http:\/\/www.industriall-union.org\/fr\/dossier-industriall-global-union-et-lavenir-du-travail\"><img decoding=\"async\" alt=\"\" src=\"\/wp-content\/uploads\/images\/publications\/Just-transition2019\/screenshot_2021-02-10_at_10.00.18.png\" style=\"width: 200px;height: 284px\" \/><\/a><\/td><\/tr><tr><td style=\"text-align: center\"><a href=\"http:\/\/www.industriall-union.org\/report-the-future-of-work-and-industriall-global-union\">ENG<\/a><\/td><td style=\"text-align: center\"><a href=\"http:\/\/www.industriall-union.org\/es\/informe-el-futuro-del-trabajo-e-industriall-global-union\">ESP<\/a><\/td><td style=\"text-align: center\"><a href=\"http:\/\/www.industriall-union.org\/fr\/dossier-industriall-global-union-et-lavenir-du-travail\">FRA<\/a><\/td><\/tr><\/tbody><\/table><table border=\"1\" cellpadding=\"1\" cellspacing=\"1\" style=\"font-size: 2rem;width: 500px\"><tbody><tr><td colspan=\"3\" rowspan=\"1\" style=\"text-align: center\"><strong>Une Transition juste pour les travailleurs<\/strong><\/td><\/tr><tr><td><a href=\"\/wp-content\/uploads\/documents\/Just_Transition\/a_just_transition_-_english.pdf\"><img decoding=\"async\" alt=\"\" src=\"\/wp-content\/uploads\/images\/publications\/jt-eng.png\" style=\"width: 200px;height: 283px\" \/><\/a><\/td><td><a href=\"\/wp-content\/uploads\/documents\/Just_Transition\/une_transition_juste_-_francais.pdf\"><img decoding=\"async\" alt=\"\" src=\"\/wp-content\/uploads\/images\/publications\/jt-fra.png\" style=\"width: 200px;height: 283px\" \/><\/a><\/td><td><a href=\"\/wp-content\/uploads\/documents\/Just_Transition\/una_transicion_justa_-_espanol.pdf\"><img decoding=\"async\" alt=\"\" src=\"\/wp-content\/uploads\/images\/publications\/jt-spa.png\" style=\"width: 200px;height: 283px\" \/><\/a><\/td><\/tr><tr><td style=\"text-align: center\"><a href=\"\/wp-content\/uploads\/documents\/Just_Transition\/a_just_transition_-_english.pdf\">ENG<\/a><\/td><td style=\"text-align: center\"><a href=\"\/wp-content\/uploads\/documents\/Just_Transition\/une_transition_juste_-_francais.pdf\">FRA<\/a><\/td><td style=\"text-align: center\"><a href=\"\/wp-content\/uploads\/documents\/Just_Transition\/una_transicion_justa_-_espanol.pdf\">ESP<\/a><\/td><\/tr><\/tbody><\/table>","protected":false},"excerpt":{"rendered":"<p>Notre fa\u00e7on de travailler, les lieux de travail qui nous sont familiers, les environnements dans lesquels nos syndicats sont n\u00e9s et les situations pour lesquelles ils ont \u00e9labor\u00e9 des strat\u00e9gies sont tous en train de changer fondamentalement. Ces changements nous balayeront-ils ou nous renouvelleront-ils ? Cela d\u00e9pend de nous Voici quelques-unes des forces qui font [&hellip;]<\/p>\n","protected":false},"author":1,"featured_media":0,"parent":0,"menu_order":0,"comment_status":"closed","ping_status":"closed","template":"","meta":{"_acf_changed":false,"footnotes":""},"issues":[368],"companies":[],"regions":[],"sectors":[],"article_tags":[],"class_list":["post-212071","page","type-page","status-publish","hentry","issues-lavenir-du-travail"],"acf":[],"yoast_head":"<!-- This site is optimized with the Yoast SEO Premium plugin v27.1 (Yoast SEO v27.1) - https:\/\/yoast.com\/product\/yoast-seo-premium-wordpress\/ -->\n<title>L\u2019avenir du travail - industriall-union<\/title>\n<meta name=\"robots\" content=\"index, follow, max-snippet:-1, max-image-preview:large, max-video-preview:-1\" \/>\n<link rel=\"canonical\" href=\"https:\/\/admin.industriall-union.org\/fr\/l-avenir-du-travail\/\" \/>\n<meta property=\"og:locale\" content=\"fr_FR\" \/>\n<meta property=\"og:type\" content=\"article\" \/>\n<meta property=\"og:title\" content=\"L\u2019avenir du travail\" \/>\n<meta property=\"og:description\" content=\"Notre fa\u00e7on de travailler, les lieux de travail qui nous sont familiers, les environnements dans lesquels nos syndicats sont n\u00e9s et les situations pour lesquelles ils ont \u00e9labor\u00e9 des strat\u00e9gies sont tous en train de changer fondamentalement. Ces changements nous balayeront-ils ou nous renouvelleront-ils ? Cela d\u00e9pend de nous Voici quelques-unes des forces qui font [&hellip;]\" \/>\n<meta property=\"og:url\" content=\"https:\/\/admin.industriall-union.org\/fr\/l-avenir-du-travail\/\" \/>\n<meta property=\"og:site_name\" content=\"industriall-union\" \/>\n<meta property=\"article:modified_time\" content=\"2026-02-03T10:50:19+00:00\" \/>\n<meta name=\"twitter:card\" content=\"summary_large_image\" \/>\n<meta name=\"twitter:label1\" content=\"Est. reading time\" \/>\n\t<meta name=\"twitter:data1\" content=\"5 minutes\" \/>\n<script type=\"application\/ld+json\" class=\"yoast-schema-graph\">{\"@context\":\"https:\/\/schema.org\",\"@graph\":[{\"@type\":\"WebPage\",\"@id\":\"https:\/\/admin.industriall-union.org\/fr\/l-avenir-du-travail\/\",\"url\":\"https:\/\/admin.industriall-union.org\/fr\/l-avenir-du-travail\/\",\"name\":\"L\u2019avenir du travail - industriall-union\",\"isPartOf\":{\"@id\":\"https:\/\/admin.industriall-union.org\/#website\"},\"datePublished\":\"2019-07-09T14:29:04+00:00\",\"dateModified\":\"2026-02-03T10:50:19+00:00\",\"breadcrumb\":{\"@id\":\"https:\/\/admin.industriall-union.org\/fr\/l-avenir-du-travail\/#breadcrumb\"},\"inLanguage\":\"fr-FR\",\"potentialAction\":[{\"@type\":\"ReadAction\",\"target\":[\"https:\/\/admin.industriall-union.org\/fr\/l-avenir-du-travail\/\"]}]},{\"@type\":\"BreadcrumbList\",\"@id\":\"https:\/\/admin.industriall-union.org\/fr\/l-avenir-du-travail\/#breadcrumb\",\"itemListElement\":[{\"@type\":\"ListItem\",\"position\":1,\"name\":\"Home\",\"item\":\"https:\/\/admin.industriall-union.org\/\"},{\"@type\":\"ListItem\",\"position\":2,\"name\":\"L\u2019avenir du travail\"}]},{\"@type\":\"WebSite\",\"@id\":\"https:\/\/admin.industriall-union.org\/#website\",\"url\":\"https:\/\/admin.industriall-union.org\/\",\"name\":\"industriall-union\",\"description\":\"\",\"potentialAction\":[{\"@type\":\"SearchAction\",\"target\":{\"@type\":\"EntryPoint\",\"urlTemplate\":\"https:\/\/admin.industriall-union.org\/?s={search_term_string}\"},\"query-input\":{\"@type\":\"PropertyValueSpecification\",\"valueRequired\":true,\"valueName\":\"search_term_string\"}}],\"inLanguage\":\"fr-FR\"}]}<\/script>\n<!-- \/ Yoast SEO Premium plugin. -->","yoast_head_json":{"title":"L\u2019avenir du travail - industriall-union","robots":{"index":"index","follow":"follow","max-snippet":"max-snippet:-1","max-image-preview":"max-image-preview:large","max-video-preview":"max-video-preview:-1"},"canonical":"https:\/\/admin.industriall-union.org\/fr\/l-avenir-du-travail\/","og_locale":"fr_FR","og_type":"article","og_title":"L\u2019avenir du travail","og_description":"Notre fa\u00e7on de travailler, les lieux de travail qui nous sont familiers, les environnements dans lesquels nos syndicats sont n\u00e9s et les situations pour lesquelles ils ont \u00e9labor\u00e9 des strat\u00e9gies sont tous en train de changer fondamentalement. Ces changements nous balayeront-ils ou nous renouvelleront-ils ? Cela d\u00e9pend de nous Voici quelques-unes des forces qui font [&hellip;]","og_url":"https:\/\/admin.industriall-union.org\/fr\/l-avenir-du-travail\/","og_site_name":"industriall-union","article_modified_time":"2026-02-03T10:50:19+00:00","twitter_card":"summary_large_image","twitter_misc":{"Est. reading time":"5 minutes"},"schema":{"@context":"https:\/\/schema.org","@graph":[{"@type":"WebPage","@id":"https:\/\/admin.industriall-union.org\/fr\/l-avenir-du-travail\/","url":"https:\/\/admin.industriall-union.org\/fr\/l-avenir-du-travail\/","name":"L\u2019avenir du travail - industriall-union","isPartOf":{"@id":"https:\/\/admin.industriall-union.org\/#website"},"datePublished":"2019-07-09T14:29:04+00:00","dateModified":"2026-02-03T10:50:19+00:00","breadcrumb":{"@id":"https:\/\/admin.industriall-union.org\/fr\/l-avenir-du-travail\/#breadcrumb"},"inLanguage":"fr-FR","potentialAction":[{"@type":"ReadAction","target":["https:\/\/admin.industriall-union.org\/fr\/l-avenir-du-travail\/"]}]},{"@type":"BreadcrumbList","@id":"https:\/\/admin.industriall-union.org\/fr\/l-avenir-du-travail\/#breadcrumb","itemListElement":[{"@type":"ListItem","position":1,"name":"Home","item":"https:\/\/admin.industriall-union.org\/"},{"@type":"ListItem","position":2,"name":"L\u2019avenir du travail"}]},{"@type":"WebSite","@id":"https:\/\/admin.industriall-union.org\/#website","url":"https:\/\/admin.industriall-union.org\/","name":"industriall-union","description":"","potentialAction":[{"@type":"SearchAction","target":{"@type":"EntryPoint","urlTemplate":"https:\/\/admin.industriall-union.org\/?s={search_term_string}"},"query-input":{"@type":"PropertyValueSpecification","valueRequired":true,"valueName":"search_term_string"}}],"inLanguage":"fr-FR"}]}},"_links":{"self":[{"href":"https:\/\/admin.industriall-union.org\/fr\/wp-json\/wp\/v2\/pages\/212071","targetHints":{"allow":["GET"]}}],"collection":[{"href":"https:\/\/admin.industriall-union.org\/fr\/wp-json\/wp\/v2\/pages"}],"about":[{"href":"https:\/\/admin.industriall-union.org\/fr\/wp-json\/wp\/v2\/types\/page"}],"author":[{"embeddable":true,"href":"https:\/\/admin.industriall-union.org\/fr\/wp-json\/wp\/v2\/users\/1"}],"replies":[{"embeddable":true,"href":"https:\/\/admin.industriall-union.org\/fr\/wp-json\/wp\/v2\/comments?post=212071"}],"version-history":[{"count":2,"href":"https:\/\/admin.industriall-union.org\/fr\/wp-json\/wp\/v2\/pages\/212071\/revisions"}],"predecessor-version":[{"id":464114,"href":"https:\/\/admin.industriall-union.org\/fr\/wp-json\/wp\/v2\/pages\/212071\/revisions\/464114"}],"wp:attachment":[{"href":"https:\/\/admin.industriall-union.org\/fr\/wp-json\/wp\/v2\/media?parent=212071"}],"wp:term":[{"taxonomy":"issues","embeddable":true,"href":"https:\/\/admin.industriall-union.org\/fr\/wp-json\/wp\/v2\/issues?post=212071"},{"taxonomy":"companies","embeddable":true,"href":"https:\/\/admin.industriall-union.org\/fr\/wp-json\/wp\/v2\/companies?post=212071"},{"taxonomy":"regions","embeddable":true,"href":"https:\/\/admin.industriall-union.org\/fr\/wp-json\/wp\/v2\/regions?post=212071"},{"taxonomy":"sectors","embeddable":true,"href":"https:\/\/admin.industriall-union.org\/fr\/wp-json\/wp\/v2\/sectors?post=212071"},{"taxonomy":"article_tags","embeddable":true,"href":"https:\/\/admin.industriall-union.org\/fr\/wp-json\/wp\/v2\/article_tags?post=212071"}],"curies":[{"name":"wp","href":"https:\/\/api.w.org\/{rel}","templated":true}]}}