{"id":212057,"date":"2022-02-21T20:02:09","date_gmt":"2022-02-21T20:02:09","guid":{"rendered":"https:\/\/admin.industriall-union.org\/campagnes\/"},"modified":"2026-02-03T11:06:34","modified_gmt":"2026-02-03T11:06:34","slug":"campagnes","status":"publish","type":"page","link":"https:\/\/admin.industriall-union.org\/fr\/ce-que-nous-faisons\/campagnes","title":{"rendered":"Campagnes"},"content":{"rendered":"<figure class=\"imageArticle imageMedium\"><img decoding=\"async\" alt=\"\" src=\"\/wp-content\/uploads\/styles\/article_top_image_w1440\/public\/uploads\/images\/2017\/BANGLADESH\/EveryDayCounts_Actions\/bangladesh_mission_19.jpg\" style=\"width: 600px;height: 300px\" \/><figcaption class=\"imageContent\"><div class=\"imageTitle\"><h1 style=\"text-align: right\"><a href=\"https:\/\/www.industriall-union.org\/fr\/bangladesh-elements-du-succes-dune-campagne\">Bangladesh, \u00e9l\u00e9ments du succ\u00e8s d&#039;une campagne<\/a><\/h1><\/div><div class=\"imageCaption\"><p>Un regard sur les dessous d&#039;une campagne r\u00e9ussie. Amener le changement social n&#039;est pas chose facile, le click-civisme &#8211; le fait de signer une p\u00e9tition en ligne &#8211; ne suffit pas. Alors, comment faire campagne et comment faire pour gagner ?<\/p><\/div><\/figcaption><\/figure><p>Vous trouverez ici nos campagnes actuelles, ainsi que certaines des campagnes que nous avons men\u00e9es par le pass\u00e9.<\/p>","protected":false},"excerpt":{"rendered":"<p>Bangladesh, \u00e9l\u00e9ments du succ\u00e8s d&#039;une campagne Un regard sur les dessous d&#039;une campagne r\u00e9ussie. Amener le changement social n&#039;est pas chose facile, le click-civisme &#8211; le fait de signer une p\u00e9tition en ligne &#8211; ne suffit pas. Alors, comment faire campagne et comment faire pour gagner ? Vous trouverez ici nos campagnes actuelles, ainsi que [&hellip;]<\/p>\n","protected":false},"author":1,"featured_media":0,"parent":0,"menu_order":0,"comment_status":"closed","ping_status":"closed","template":"","meta":{"_acf_changed":false,"footnotes":""},"issues":[],"companies":[],"regions":[],"sectors":[],"article_tags":[],"class_list":["post-212057","page","type-page","status-publish","hentry"],"acf":[],"yoast_head":"<!-- This site is optimized with the Yoast SEO Premium plugin v27.1 (Yoast SEO v27.1) - https:\/\/yoast.com\/product\/yoast-seo-premium-wordpress\/ -->\n<title>Campagnes - industriall-union<\/title>\n<meta name=\"robots\" content=\"index, follow, max-snippet:-1, max-image-preview:large, max-video-preview:-1\" \/>\n<link rel=\"canonical\" href=\"https:\/\/admin.industriall-union.org\/fr\/ce-que-nous-faisons\/campagnes\/\" \/>\n<meta property=\"og:locale\" content=\"fr_FR\" \/>\n<meta property=\"og:type\" content=\"article\" \/>\n<meta property=\"og:title\" content=\"Campagnes\" \/>\n<meta property=\"og:description\" content=\"Bangladesh, \u00e9l\u00e9ments du succ\u00e8s d&#039;une campagne Un regard sur les dessous d&#039;une campagne r\u00e9ussie. Amener le changement social n&#039;est pas chose facile, le click-civisme &#8211; le fait de signer une p\u00e9tition en ligne &#8211; ne suffit pas. Alors, comment faire campagne et comment faire pour gagner ? Vous trouverez ici nos campagnes actuelles, ainsi que [&hellip;]\" \/>\n<meta property=\"og:url\" content=\"https:\/\/admin.industriall-union.org\/fr\/ce-que-nous-faisons\/campagnes\/\" \/>\n<meta property=\"og:site_name\" content=\"industriall-union\" \/>\n<meta property=\"article:modified_time\" content=\"2026-02-03T11:06:34+00:00\" \/>\n<meta name=\"twitter:card\" content=\"summary_large_image\" \/>\n<script type=\"application\/ld+json\" class=\"yoast-schema-graph\">{\"@context\":\"https:\/\/schema.org\",\"@graph\":[{\"@type\":\"WebPage\",\"@id\":\"https:\/\/admin.industriall-union.org\/fr\/ce-que-nous-faisons\/campagnes\/\",\"url\":\"https:\/\/admin.industriall-union.org\/fr\/ce-que-nous-faisons\/campagnes\/\",\"name\":\"Campagnes - industriall-union\",\"isPartOf\":{\"@id\":\"https:\/\/admin.industriall-union.org\/#website\"},\"datePublished\":\"2022-02-21T20:02:09+00:00\",\"dateModified\":\"2026-02-03T11:06:34+00:00\",\"breadcrumb\":{\"@id\":\"https:\/\/admin.industriall-union.org\/fr\/ce-que-nous-faisons\/campagnes\/#breadcrumb\"},\"inLanguage\":\"fr-FR\",\"potentialAction\":[{\"@type\":\"ReadAction\",\"target\":[\"https:\/\/admin.industriall-union.org\/fr\/ce-que-nous-faisons\/campagnes\/\"]}]},{\"@type\":\"BreadcrumbList\",\"@id\":\"https:\/\/admin.industriall-union.org\/fr\/ce-que-nous-faisons\/campagnes\/#breadcrumb\",\"itemListElement\":[{\"@type\":\"ListItem\",\"position\":1,\"name\":\"Home\",\"item\":\"https:\/\/admin.industriall-union.org\/\"},{\"@type\":\"ListItem\",\"position\":2,\"name\":\"Campagnes\"}]},{\"@type\":\"WebSite\",\"@id\":\"https:\/\/admin.industriall-union.org\/#website\",\"url\":\"https:\/\/admin.industriall-union.org\/\",\"name\":\"industriall-union\",\"description\":\"\",\"potentialAction\":[{\"@type\":\"SearchAction\",\"target\":{\"@type\":\"EntryPoint\",\"urlTemplate\":\"https:\/\/admin.industriall-union.org\/?s={search_term_string}\"},\"query-input\":{\"@type\":\"PropertyValueSpecification\",\"valueRequired\":true,\"valueName\":\"search_term_string\"}}],\"inLanguage\":\"fr-FR\"}]}<\/script>\n<!-- \/ Yoast SEO Premium plugin. -->","yoast_head_json":{"title":"Campagnes - industriall-union","robots":{"index":"index","follow":"follow","max-snippet":"max-snippet:-1","max-image-preview":"max-image-preview:large","max-video-preview":"max-video-preview:-1"},"canonical":"https:\/\/admin.industriall-union.org\/fr\/ce-que-nous-faisons\/campagnes\/","og_locale":"fr_FR","og_type":"article","og_title":"Campagnes","og_description":"Bangladesh, \u00e9l\u00e9ments du succ\u00e8s d&#039;une campagne Un regard sur les dessous d&#039;une campagne r\u00e9ussie. Amener le changement social n&#039;est pas chose facile, le click-civisme &#8211; le fait de signer une p\u00e9tition en ligne &#8211; ne suffit pas. Alors, comment faire campagne et comment faire pour gagner ? Vous trouverez ici nos campagnes actuelles, ainsi que [&hellip;]","og_url":"https:\/\/admin.industriall-union.org\/fr\/ce-que-nous-faisons\/campagnes\/","og_site_name":"industriall-union","article_modified_time":"2026-02-03T11:06:34+00:00","twitter_card":"summary_large_image","schema":{"@context":"https:\/\/schema.org","@graph":[{"@type":"WebPage","@id":"https:\/\/admin.industriall-union.org\/fr\/ce-que-nous-faisons\/campagnes\/","url":"https:\/\/admin.industriall-union.org\/fr\/ce-que-nous-faisons\/campagnes\/","name":"Campagnes - industriall-union","isPartOf":{"@id":"https:\/\/admin.industriall-union.org\/#website"},"datePublished":"2022-02-21T20:02:09+00:00","dateModified":"2026-02-03T11:06:34+00:00","breadcrumb":{"@id":"https:\/\/admin.industriall-union.org\/fr\/ce-que-nous-faisons\/campagnes\/#breadcrumb"},"inLanguage":"fr-FR","potentialAction":[{"@type":"ReadAction","target":["https:\/\/admin.industriall-union.org\/fr\/ce-que-nous-faisons\/campagnes\/"]}]},{"@type":"BreadcrumbList","@id":"https:\/\/admin.industriall-union.org\/fr\/ce-que-nous-faisons\/campagnes\/#breadcrumb","itemListElement":[{"@type":"ListItem","position":1,"name":"Home","item":"https:\/\/admin.industriall-union.org\/"},{"@type":"ListItem","position":2,"name":"Campagnes"}]},{"@type":"WebSite","@id":"https:\/\/admin.industriall-union.org\/#website","url":"https:\/\/admin.industriall-union.org\/","name":"industriall-union","description":"","potentialAction":[{"@type":"SearchAction","target":{"@type":"EntryPoint","urlTemplate":"https:\/\/admin.industriall-union.org\/?s={search_term_string}"},"query-input":{"@type":"PropertyValueSpecification","valueRequired":true,"valueName":"search_term_string"}}],"inLanguage":"fr-FR"}]}},"_links":{"self":[{"href":"https:\/\/admin.industriall-union.org\/fr\/wp-json\/wp\/v2\/pages\/212057","targetHints":{"allow":["GET"]}}],"collection":[{"href":"https:\/\/admin.industriall-union.org\/fr\/wp-json\/wp\/v2\/pages"}],"about":[{"href":"https:\/\/admin.industriall-union.org\/fr\/wp-json\/wp\/v2\/types\/page"}],"author":[{"embeddable":true,"href":"https:\/\/admin.industriall-union.org\/fr\/wp-json\/wp\/v2\/users\/1"}],"replies":[{"embeddable":true,"href":"https:\/\/admin.industriall-union.org\/fr\/wp-json\/wp\/v2\/comments?post=212057"}],"version-history":[{"count":3,"href":"https:\/\/admin.industriall-union.org\/fr\/wp-json\/wp\/v2\/pages\/212057\/revisions"}],"predecessor-version":[{"id":464066,"href":"https:\/\/admin.industriall-union.org\/fr\/wp-json\/wp\/v2\/pages\/212057\/revisions\/464066"}],"wp:attachment":[{"href":"https:\/\/admin.industriall-union.org\/fr\/wp-json\/wp\/v2\/media?parent=212057"}],"wp:term":[{"taxonomy":"issues","embeddable":true,"href":"https:\/\/admin.industriall-union.org\/fr\/wp-json\/wp\/v2\/issues?post=212057"},{"taxonomy":"companies","embeddable":true,"href":"https:\/\/admin.industriall-union.org\/fr\/wp-json\/wp\/v2\/companies?post=212057"},{"taxonomy":"regions","embeddable":true,"href":"https:\/\/admin.industriall-union.org\/fr\/wp-json\/wp\/v2\/regions?post=212057"},{"taxonomy":"sectors","embeddable":true,"href":"https:\/\/admin.industriall-union.org\/fr\/wp-json\/wp\/v2\/sectors?post=212057"},{"taxonomy":"article_tags","embeddable":true,"href":"https:\/\/admin.industriall-union.org\/fr\/wp-json\/wp\/v2\/article_tags?post=212057"}],"curies":[{"name":"wp","href":"https:\/\/api.w.org\/{rel}","templated":true}]}}