{"id":212052,"date":"2022-07-13T12:59:25","date_gmt":"2022-07-13T12:59:25","guid":{"rendered":"https:\/\/admin.industriall-union.org\/desinvestissez-vous-du-myanmar\/"},"modified":"2026-02-03T11:06:14","modified_gmt":"2026-02-03T11:06:14","slug":"desinvestissez-vous-du-myanmar","status":"publish","type":"page","link":"https:\/\/admin.industriall-union.org\/fr\/desinvestissez-vous-du-myanmar\/","title":{"rendered":"D\u00e9sinvestissez-vous du Myanmar"},"content":{"rendered":"<div class=\"largeQuote\"><blockquote><p>&ldquo;La diligence raisonnable n&rsquo;est pas possible dans un pays soumis \u00e0 un r\u00e9gime militaire et o\u00f9 les syndicats ne peuvent pas exercer leurs activit\u00e9s.&rdquo;<\/p><\/blockquote><\/div><p>IndustriALL a soutenu l&rsquo;appel aux sanctions lors de son <a href=\"https:\/\/www.industriall-union.org\/industriall-congress-adopts-resolution-on-myanmar\">Congr\u00e8s de septembre 2021<\/a>, en demandant aux multinationales qui font des affaires au Myanmar de prendre des mesures imm\u00e9diates pour cesser leurs activit\u00e9s, d\u00e9sinvestir, arr\u00eater de passer de nouvelles commandes et mettre fin \u00e0 leurs relations commerciales dans le pays, dans le cadre d&rsquo;une campagne de sanctions \u00e9conomiques globales contre la junte militaire.<\/p><p>Ensemble avec industriAll Europe, IndustriALL appelle l&rsquo;Union europ\u00e9enne \u00e0 prendre des mesures plus fermes contre la junte militaire au Myanmar, y compris le <a href=\"https:\/\/www.industriall-union.org\/eu-must-end-preferential-trade-arrangement-with-myanmar-military\">retrait des pr\u00e9f\u00e9rences commerciales &ldquo;Tout sauf les armes&rdquo; (TSA)<\/a>.<\/p><p>IndustriALL estime que la strat\u00e9gie visant \u00e0 isoler la junte militaire sur le plan diplomatique et \u00e9conomique est le moyen le plus efficace d&rsquo;apporter un changement pacifique au Myanmar. La campagne de sanctions va s&rsquo;intensifier et une pression croissante sera exerc\u00e9e sur les entreprises qui continuent \u00e0 fonctionner au Myanmar.<\/p><article class=\"listBlock\"><div class=\"image\"><img decoding=\"async\" alt=\"\" src=\"\/wp-content\/uploads\/styles\/article_top_image_w1440\/public\/uploads\/images\/Global-Worker\/2022-1\/51479142874_27466fb94f_o.jpg\" \/><\/div><div class=\"content\"><h2 class=\"title\"><a href=\"https:\/\/www.industriall-union.org\/fr\/rapport-special-sanctions-contre-la-russie-et-pourquoi-pas-le-myanmar\">RAPPORT SPECIAL<\/a><a href=\"https:\/\/www.industriall-union.org\/special-report-comprehensive-sanctions-on-russia-why-not-myanmar\"> <\/a><\/h2><p class=\"description\">Sanctions contre la Russie&nbsp;: et pourquoi pas le Myanmar&nbsp;?<\/p><\/div><\/article><article class=\"listBlock\"><div class=\"image\"><img decoding=\"async\" alt=\"\" src=\"\/wp-content\/uploads\/styles\/article_top_image_w1440\/public\/uploads\/images\/2021\/MYANMAR\/213657530_1751722965038798_5521257647747173741_n.jpg\" \/><\/div><div class=\"content\"><h2 class=\"title\"><a href=\"https:\/\/www.industriall-union.org\/fr\/industriall-appelle-les-entreprises-a-desinvestir-au-myanmar\">ARTICLE DU WEB <\/a><\/h2><p class=\"description\">IndustriALL appelle les entreprises \u00e0 d\u00e9sinvestir au Myanmar<\/p><\/div><\/article>","protected":false},"excerpt":{"rendered":"<p>&ldquo;La diligence raisonnable n&rsquo;est pas possible dans un pays soumis \u00e0 un r\u00e9gime militaire et o\u00f9 les syndicats ne peuvent pas exercer leurs activit\u00e9s.&rdquo; IndustriALL a soutenu l&rsquo;appel aux sanctions lors de son Congr\u00e8s de septembre 2021, en demandant aux multinationales qui font des affaires au Myanmar de prendre des mesures imm\u00e9diates pour cesser leurs [&hellip;]<\/p>\n","protected":false},"author":1,"featured_media":0,"parent":0,"menu_order":0,"comment_status":"closed","ping_status":"closed","template":"","meta":{"_acf_changed":false,"footnotes":""},"issues":[],"companies":[],"regions":[177],"sectors":[],"article_tags":[],"class_list":["post-212052","page","type-page","status-publish","hentry","regions-myanmar"],"acf":[],"yoast_head":"<!-- This site is optimized with the Yoast SEO Premium plugin v27.1 (Yoast SEO v27.1) - https:\/\/yoast.com\/product\/yoast-seo-premium-wordpress\/ -->\n<title>D\u00e9sinvestissez-vous du Myanmar - industriall-union<\/title>\n<meta name=\"robots\" content=\"index, follow, max-snippet:-1, max-image-preview:large, max-video-preview:-1\" \/>\n<link rel=\"canonical\" href=\"https:\/\/admin.industriall-union.org\/fr\/desinvestissez-vous-du-myanmar\/\" \/>\n<meta property=\"og:locale\" content=\"fr_FR\" \/>\n<meta property=\"og:type\" content=\"article\" \/>\n<meta property=\"og:title\" content=\"D\u00e9sinvestissez-vous du Myanmar\" \/>\n<meta property=\"og:description\" content=\"&ldquo;La diligence raisonnable n&rsquo;est pas possible dans un pays soumis \u00e0 un r\u00e9gime militaire et o\u00f9 les syndicats ne peuvent pas exercer leurs activit\u00e9s.&rdquo; IndustriALL a soutenu l&rsquo;appel aux sanctions lors de son Congr\u00e8s de septembre 2021, en demandant aux multinationales qui font des affaires au Myanmar de prendre des mesures imm\u00e9diates pour cesser leurs [&hellip;]\" \/>\n<meta property=\"og:url\" content=\"https:\/\/admin.industriall-union.org\/fr\/desinvestissez-vous-du-myanmar\/\" \/>\n<meta property=\"og:site_name\" content=\"industriall-union\" \/>\n<meta property=\"article:modified_time\" content=\"2026-02-03T11:06:14+00:00\" \/>\n<meta name=\"twitter:card\" content=\"summary_large_image\" \/>\n<meta name=\"twitter:label1\" content=\"Est. reading time\" \/>\n\t<meta name=\"twitter:data1\" content=\"1 minute\" \/>\n<script type=\"application\/ld+json\" class=\"yoast-schema-graph\">{\"@context\":\"https:\/\/schema.org\",\"@graph\":[{\"@type\":\"WebPage\",\"@id\":\"https:\/\/admin.industriall-union.org\/fr\/desinvestissez-vous-du-myanmar\/\",\"url\":\"https:\/\/admin.industriall-union.org\/fr\/desinvestissez-vous-du-myanmar\/\",\"name\":\"D\u00e9sinvestissez-vous du Myanmar - industriall-union\",\"isPartOf\":{\"@id\":\"https:\/\/admin.industriall-union.org\/fr\/#website\"},\"datePublished\":\"2022-07-13T12:59:25+00:00\",\"dateModified\":\"2026-02-03T11:06:14+00:00\",\"breadcrumb\":{\"@id\":\"https:\/\/admin.industriall-union.org\/fr\/desinvestissez-vous-du-myanmar\/#breadcrumb\"},\"inLanguage\":\"fr-FR\",\"potentialAction\":[{\"@type\":\"ReadAction\",\"target\":[\"https:\/\/admin.industriall-union.org\/fr\/desinvestissez-vous-du-myanmar\/\"]}]},{\"@type\":\"BreadcrumbList\",\"@id\":\"https:\/\/admin.industriall-union.org\/fr\/desinvestissez-vous-du-myanmar\/#breadcrumb\",\"itemListElement\":[{\"@type\":\"ListItem\",\"position\":1,\"name\":\"Home\",\"item\":\"https:\/\/admin.industriall-union.org\/fr\/\"},{\"@type\":\"ListItem\",\"position\":2,\"name\":\"D\u00e9sinvestissez-vous du Myanmar\"}]},{\"@type\":\"WebSite\",\"@id\":\"https:\/\/admin.industriall-union.org\/fr\/#website\",\"url\":\"https:\/\/admin.industriall-union.org\/fr\/\",\"name\":\"industriall-union\",\"description\":\"\",\"potentialAction\":[{\"@type\":\"SearchAction\",\"target\":{\"@type\":\"EntryPoint\",\"urlTemplate\":\"https:\/\/admin.industriall-union.org\/fr\/?s={search_term_string}\"},\"query-input\":{\"@type\":\"PropertyValueSpecification\",\"valueRequired\":true,\"valueName\":\"search_term_string\"}}],\"inLanguage\":\"fr-FR\"}]}<\/script>\n<!-- \/ Yoast SEO Premium plugin. -->","yoast_head_json":{"title":"D\u00e9sinvestissez-vous du Myanmar - industriall-union","robots":{"index":"index","follow":"follow","max-snippet":"max-snippet:-1","max-image-preview":"max-image-preview:large","max-video-preview":"max-video-preview:-1"},"canonical":"https:\/\/admin.industriall-union.org\/fr\/desinvestissez-vous-du-myanmar\/","og_locale":"fr_FR","og_type":"article","og_title":"D\u00e9sinvestissez-vous du Myanmar","og_description":"&ldquo;La diligence raisonnable n&rsquo;est pas possible dans un pays soumis \u00e0 un r\u00e9gime militaire et o\u00f9 les syndicats ne peuvent pas exercer leurs activit\u00e9s.&rdquo; IndustriALL a soutenu l&rsquo;appel aux sanctions lors de son Congr\u00e8s de septembre 2021, en demandant aux multinationales qui font des affaires au Myanmar de prendre des mesures imm\u00e9diates pour cesser leurs [&hellip;]","og_url":"https:\/\/admin.industriall-union.org\/fr\/desinvestissez-vous-du-myanmar\/","og_site_name":"industriall-union","article_modified_time":"2026-02-03T11:06:14+00:00","twitter_card":"summary_large_image","twitter_misc":{"Est. reading time":"1 minute"},"schema":{"@context":"https:\/\/schema.org","@graph":[{"@type":"WebPage","@id":"https:\/\/admin.industriall-union.org\/fr\/desinvestissez-vous-du-myanmar\/","url":"https:\/\/admin.industriall-union.org\/fr\/desinvestissez-vous-du-myanmar\/","name":"D\u00e9sinvestissez-vous du Myanmar - industriall-union","isPartOf":{"@id":"https:\/\/admin.industriall-union.org\/fr\/#website"},"datePublished":"2022-07-13T12:59:25+00:00","dateModified":"2026-02-03T11:06:14+00:00","breadcrumb":{"@id":"https:\/\/admin.industriall-union.org\/fr\/desinvestissez-vous-du-myanmar\/#breadcrumb"},"inLanguage":"fr-FR","potentialAction":[{"@type":"ReadAction","target":["https:\/\/admin.industriall-union.org\/fr\/desinvestissez-vous-du-myanmar\/"]}]},{"@type":"BreadcrumbList","@id":"https:\/\/admin.industriall-union.org\/fr\/desinvestissez-vous-du-myanmar\/#breadcrumb","itemListElement":[{"@type":"ListItem","position":1,"name":"Home","item":"https:\/\/admin.industriall-union.org\/fr\/"},{"@type":"ListItem","position":2,"name":"D\u00e9sinvestissez-vous du Myanmar"}]},{"@type":"WebSite","@id":"https:\/\/admin.industriall-union.org\/fr\/#website","url":"https:\/\/admin.industriall-union.org\/fr\/","name":"industriall-union","description":"","potentialAction":[{"@type":"SearchAction","target":{"@type":"EntryPoint","urlTemplate":"https:\/\/admin.industriall-union.org\/fr\/?s={search_term_string}"},"query-input":{"@type":"PropertyValueSpecification","valueRequired":true,"valueName":"search_term_string"}}],"inLanguage":"fr-FR"}]}},"_links":{"self":[{"href":"https:\/\/admin.industriall-union.org\/fr\/wp-json\/wp\/v2\/pages\/212052","targetHints":{"allow":["GET"]}}],"collection":[{"href":"https:\/\/admin.industriall-union.org\/fr\/wp-json\/wp\/v2\/pages"}],"about":[{"href":"https:\/\/admin.industriall-union.org\/fr\/wp-json\/wp\/v2\/types\/page"}],"author":[{"embeddable":true,"href":"https:\/\/admin.industriall-union.org\/fr\/wp-json\/wp\/v2\/users\/1"}],"replies":[{"embeddable":true,"href":"https:\/\/admin.industriall-union.org\/fr\/wp-json\/wp\/v2\/comments?post=212052"}],"version-history":[{"count":2,"href":"https:\/\/admin.industriall-union.org\/fr\/wp-json\/wp\/v2\/pages\/212052\/revisions"}],"predecessor-version":[{"id":387032,"href":"https:\/\/admin.industriall-union.org\/fr\/wp-json\/wp\/v2\/pages\/212052\/revisions\/387032"}],"wp:attachment":[{"href":"https:\/\/admin.industriall-union.org\/fr\/wp-json\/wp\/v2\/media?parent=212052"}],"wp:term":[{"taxonomy":"issues","embeddable":true,"href":"https:\/\/admin.industriall-union.org\/fr\/wp-json\/wp\/v2\/issues?post=212052"},{"taxonomy":"companies","embeddable":true,"href":"https:\/\/admin.industriall-union.org\/fr\/wp-json\/wp\/v2\/companies?post=212052"},{"taxonomy":"regions","embeddable":true,"href":"https:\/\/admin.industriall-union.org\/fr\/wp-json\/wp\/v2\/regions?post=212052"},{"taxonomy":"sectors","embeddable":true,"href":"https:\/\/admin.industriall-union.org\/fr\/wp-json\/wp\/v2\/sectors?post=212052"},{"taxonomy":"article_tags","embeddable":true,"href":"https:\/\/admin.industriall-union.org\/fr\/wp-json\/wp\/v2\/article_tags?post=212052"}],"curies":[{"name":"wp","href":"https:\/\/api.w.org\/{rel}","templated":true}]}}