{"id":211980,"date":"2022-07-28T14:14:30","date_gmt":"2022-07-28T14:14:30","guid":{"rendered":"https:\/\/admin.industriall-union.org\/transition-juste\/"},"modified":"2026-02-03T11:01:22","modified_gmt":"2026-02-03T11:01:22","slug":"transition-juste","status":"publish","type":"page","link":"https:\/\/admin.industriall-union.org\/fr\/ce-que-nous-faisons\/transition-juste","title":{"rendered":"Transition Juste"},"content":{"rendered":"<section class=\"boxTurquoise\"><h2>Qu&#039;entendons-nous par &quot;transition juste&quot; ?<\/h2><p>Pour atteindre le niveau net z\u00e9ro et \u00e9viter les pires cons\u00e9quences du changement climatique, l&#039;\u00e9conomie mondiale devra \u00eatre enti\u00e8rement remodel\u00e9e : nos syst\u00e8mes \u00e9nerg\u00e9tiques, nos m\u00e9thodes de transport et nos cha\u00eenes d&#039;approvisionnement devront \u00eatre reconstruits de fond en comble. Nous sommes confront\u00e9s \u00e0 un changement sans pr\u00e9c\u00e9dent : la fin de l&#039;\u00e8re des combustibles fossiles et le d\u00e9but d&#039;une nouvelle \u00e8re qui reste \u00e0 d\u00e9finir.<\/p><p>Pour les travailleurs et leurs syndicats, il s&#039;agit \u00e0 la fois d&#039;une opportunit\u00e9 et d&#039;une menace : si nous n&#039;agissons pas, les cons\u00e9quences du changement climatique et de la d\u00e9carbonisation de l&#039;\u00e9conomie toucheront de mani\u00e8re disproportionn\u00e9e les personnes en situation de pauvret\u00e9 ou d&#039;emploi pr\u00e9caire, celles qui travaillent dans des industries \u00e0 forte intensit\u00e9 de carbone et celles qui vivent dans des pays d\u00e9pendants des combustibles fossiles. Les in\u00e9galit\u00e9s de genre, de race, d&#039;\u00e2ge et de g\u00e9ographie vont s&#039;aggraver.&nbsp;<\/p><p>Les syndicats doivent jouer un r\u00f4le actif dans la transformation du syst\u00e8me de production mondial : il vaut mieux concevoir son avenir que de se le voir imposer.<\/p><p>Si nous agissons, nous pouvons gagner une r\u00e9industrialisation verte du monde, avec la cr\u00e9ation de millions d&#039;emplois syndiqu\u00e9s s\u00fbrs, fournis par le dialogue social aux plus hauts niveaux. Et dans le processus, nous pouvons construire un monde meilleur, avec des emplois plus s\u00fbrs et plus propres, qui s&#039;attaquent aux in\u00e9galit\u00e9s raciales et de genre.<\/p><h3>Personne de contact<\/h3><table border=\"1\" cellpadding=\"1\" cellspacing=\"1\" style=\"width:100%\"><tbody><tr><td><h4 style=\"text-align: center\"><img decoding=\"async\" alt=\"\" src=\"\/wp-content\/uploads\/images\/People\/Internal\/dianablue.png\" style=\"width: 300px;height: 300px\" \/><\/h4><\/td><td><h4>Diana Junqera-Curiel<br \/>Tel. +41 22 308 50 50<br \/>Fax: +41 22 308-5055<br \/>e-mail: <a href=\"mailto:djunquera@industriall-union.org\">djunquera<\/a><\/h4><\/td><\/tr><\/tbody><\/table><\/section><h3>Notre travail sur la transition juste<\/h3><article class=\"listBlock\"><div class=\"image\"><img decoding=\"async\" alt=\"\" src=\"\/wp-content\/uploads\/styles\/article_top_image_w1440\/public\/uploads\/images\/2022\/Justtransition\/presentation_-_launch_initiative_7.04.20221_-_read-only.jpg\" \/><\/div><div class=\"content\"><h2 class=\"title\"><a href=\"https:\/\/www.industriall-union.org\/fr\/lancement-de-linitiative-pour-une-transition-juste-dans-le-secteur-de-lenergie\">Lancement de l&rsquo;initiative pour une Transition juste dans le secteur de l&rsquo;\u00e9nergie<\/a><\/h2><\/div><\/article><article class=\"listBlock\"><div class=\"image\"><img decoding=\"async\" alt=\"\" src=\"\/wp-content\/uploads\/styles\/article_top_image_w1440\/public\/uploads\/images\/2021\/UK\/COP26\/science_centre.jpg\" \/><\/div><div class=\"content\"><h2 class=\"title\"><a href=\"https:\/\/www.industriall-union.org\/fr\/dossier-ce-qui-sest-passe-a-la-cop26-et-ce-que-cela-signifie-pour-le-monde-du-travail\">Ce qui s&#039;est pass\u00e9 \u00e0 la COP26 et ce que cela signifie pour le monde du travail<\/a><\/h2><\/div><\/article><article class=\"listBlock\"><div class=\"image\"><img decoding=\"async\" alt=\"\" src=\"\/wp-content\/uploads\/styles\/article_top_image_w1440\/public\/uploads\/images\/Women\/UNCSW66\/32447028187_ff075c3ab1_h_edited.jpg\" \/><\/div><div class=\"content\"><h2 class=\"title\"><a href=\"https:\/\/www.industriall-union.org\/fr\/industriall-appelle-a-une-transition-juste-inclusive-et-transformatrice-du-point-de-vue-du-genre\">IndustriALL appelle \u00e0 une Transition juste, inclusive et transformatrice du point de vue du genre<\/a><\/h2><\/div><\/article><article class=\"listBlock\"><div class=\"image\"><img decoding=\"async\" alt=\"\" src=\"\/wp-content\/uploads\/styles\/article_top_image_w1440\/public\/uploads\/images\/FutureOfWork\/JustTransition\/website_56928199-2.png\" \/><\/div><div class=\"content\"><h2 class=\"title\"><a href=\"https:\/\/www.industriall-union.org\/fr\/webinaire-renforcer-la-puissance-syndicale-dans-les-energies-renouvelables\">Renforcer la puissance syndicale dans les \u00e9nergies renouvelables<\/a><\/h2><\/div><\/article><h3>Quelles sont les revendications syndicales de la transition juste ?<\/h3><p>Une transition juste n\u00e9cessite un ensemble de programmes qui offriront un avenir optimiste \u00e0 tous les travailleurs, en particulier \u00e0 ceux qui travaillent dans les industries touch\u00e9es par la d\u00e9carbonisation ou par l&#039;introduction de nouvelles technologies. Un programme de transition juste doit \u00eatre une approche globale, flexible et int\u00e9gr\u00e9e pour aider les travailleurs, leurs familles et leurs communaut\u00e9s.&nbsp;La transition juste exige de r\u00e9imaginer l&#039;ensemble du syst\u00e8me \u00e9conomique, et non pas simplement de remettre les cl\u00e9s des efforts de d\u00e9carbonisation aux entreprises mondiales qui cherchent \u00e0 continuer \u00e0 maximiser leurs profits au d\u00e9triment des int\u00e9r\u00eats des travailleurs et de leurs communaut\u00e9s.&nbsp;<\/p><p>Cela signifie:<\/p><ul><li>Un soutien aux travailleurs dans la transition vers de nouveaux emplois<\/li><li>le soutien et la promotion du dialogue social et de l&#039;engagement des parties prenantes<\/li><li>Des strat\u00e9gies \u00e9conomiques menant \u00e0 un d\u00e9veloppement durable, y compris le soutien aux pays d\u00e9pendants des combustibles fossiles pour diversifier leurs \u00e9conomies.<\/li><li>La cr\u00e9ation d&#039;emplois locaux, inclusifs et d\u00e9cents, afin que les nouveaux emplois verts ne soient pas d\u00e9localis\u00e9s.<\/li><li>Les principes de Just Transition doivent \u00eatre appliqu\u00e9s tout au long de la cha\u00eene d&#039;approvisionnement, en utilisant des normes reconnues de diligence raisonnable<\/li><li>Un engagement \u00e0 rendre compte des progr\u00e8s de Just Transition dans le cadre de l&#039;Accord de Paris et des Contributions d\u00e9termin\u00e9es au niveau national.<\/li><\/ul><section class=\"boxTurquoiseImage\"><header class=\"imageArticle imageMedium colorOverlay\"><img decoding=\"async\" alt=\"\" src=\"\/wp-content\/uploads\/images\/publications\/Just-transition2019\/cop27.png\" style=\"width: 910px;height: 498px\" \/><div class=\"imageContent\"><div class=\"imageCaption\"><p>UN<\/p><\/div><\/div><\/header><div class=\"boxTurquoise\"><h2>La COP et le processus de transition<\/h2><p>Les efforts mondiaux visant \u00e0 att\u00e9nuer les effets du changement climatique sont g\u00e9r\u00e9s par la Conf\u00e9rence des parties (COP) de la Convention-cadre des Nations unies sur les changements climatiques (CCNUCC). Les parties sont les 197 pays signataires de la CCNUCC. Ils travaillent ensemble sur un accord mondial et multilat\u00e9ral pour lutter contre le changement climatique. La premi\u00e8re r\u00e9union de la CCNUCC a eu lieu au Sommet de la Terre de Rio en 1992.&nbsp;<\/p><p>Les gouvernements \u00e9laborent des plans climatiques &#8211; les contributions d\u00e9termin\u00e9es au niveau national (CDN) &#8211; pour atteindre le niveau z\u00e9ro d&#039;ici 2050, apr\u00e8s s&#039;\u00eatre engag\u00e9s \u00e0 le faire dans le cadre de l&#039;accord de Paris sur le climat lors de la COP21 en 2015. Le z\u00e9ro net est le point auquel le r\u00e9chauffement climatique s&#039;arr\u00eate parce que les gaz \u00e0 effet de serre entrant dans l&#039;atmosph\u00e8re sont \u00e9quilibr\u00e9s par ceux qui sont neutralis\u00e9s.<\/p><p>En 2015, lors de la COP21, un objectif important pour les travailleurs a \u00e9t\u00e9 atteint ; la transition juste a \u00e9t\u00e9 incluse dans le pr\u00e9ambule de l&#039;Accord de Paris. En 2018, lors de la COP24, la <a href=\"http:\/\/www.ioe-emp.org\/index.php?eID=dumpFile&amp;t=f&amp;f=134978&amp;token=91237abd5b4e38c1e7c2e4364b2b8e7095d8e0fd\">D\u00e9claration de Sil\u00e9sie<\/a> a \u00e9t\u00e9 adopt\u00e9e, confirmant la n\u00e9cessit\u00e9 de s&#039;attaquer aux probl\u00e8mes environnementaux, sociaux et \u00e9conomiques de mani\u00e8re int\u00e9gr\u00e9e.<\/p><p><a href=\"http:\/\/www.ilo.org\/global\/topics\/green-jobs\/publications\/WCMS_432859\/lang--en\/index.htm\">Les principes de l&#039;OIT sur la transition juste<\/a> pr\u00e9cisent que les plans de transition juste doivent \u00eatre int\u00e9gr\u00e9s aux CDN avec la contribution active des syndicats et des autres acteurs sociaux.&nbsp;<\/p><p>Plus d&#039;informations ici :&nbsp;<a href=\"\/wp-content\/resource\/Just%20transition.pdf\">CCNUCC : La transition juste de la main-d&#039;\u0153uvre et la cr\u00e9ation de travail d\u00e9cent et d&#039;emplois de qualit\u00e9<\/a><\/p><p>L&#039;\u00e9v\u00e9nement le plus important de la CCNUCC est le sommet annuel de la COP. En 2022, la COP27 se tiendra \u00e0 Sharm el Sheikh, en \u00c9gypte.<\/p><h3>Ce qu&#039;il faut attendre de la COP27<\/h3><p><strong>Qui va payer pour la transition juste ?&nbsp;<\/strong><\/p><p>Le financement du climat sera l&#039;un des principaux sujets de discussion. Comment financerons-nous Just Transition &#8211; par des subventions ou des pr\u00eats ? Y aura-t-il des conditions ? La transition juste devrait \u00eatre financ\u00e9e par des subventions des pays fortement pollueurs. Les pays en d\u00e9veloppement recevant des subventions ne devraient pas \u00eatre forc\u00e9s \u00e0 privatiser ou \u00e0 s&#039;engager dans des relations contractuelles pour acheter des solutions particuli\u00e8res. Les subventions devraient \u00eatre utilis\u00e9es pour soutenir l&#039;industrie locale et cr\u00e9er de bons emplois.<\/p><p><strong>Pertes et dommages<\/strong><\/p><p>Une autre partie importante des n\u00e9gociations portera sur le financement et les r\u00e9parations des pertes et dommages caus\u00e9s par le changement climatique. La production industrielle dans le Nord est la principale cause du changement climatique, mais les pays du Sud seront davantage touch\u00e9s. Comment faire en sorte que ceux qui ont provoqu\u00e9 la crise en paient le prix ?<\/p><\/div><\/section><h4>Publications<\/h4><table border=\"1\" cellpadding=\"1\" cellspacing=\"1\" style=\"width:500px\"><tbody><tr><td colspan=\"5\" style=\"text-align: center\"><strong>Report: Just Transition in the energy sector<\/strong><\/td><\/tr><tr><td colspan=\"5\"><img decoding=\"async\" alt=\"\" src=\"\/wp-content\/uploads\/images\/2022\/Switzerland\/EXCO\/screenshot_2022-11-21_at_07.25.41.png\" style=\"width: 700px;height: 200px\" \/><\/td><\/tr><tr><td><a href=\"\/wp-content\/uploads\/images\/FutureOfWork\/JustTransition\/v7_final_report.pdf\">ENGLISH<\/a><\/td><td><a href=\"\/wp-content\/uploads\/images\/FutureOfWork\/JustTransition\/Report\/v7_final_report_french.pdf\">FRENCH<\/a><\/td><td><a href=\"\/wp-content\/uploads\/images\/FutureOfWork\/JustTransition\/Report\/v7_final_report_spanish.pdf\">SPANISH<\/a><\/td><td><a href=\"\/wp-content\/uploads\/images\/FutureOfWork\/JustTransition\/Report\/v7_final_report_pt.pdf\">PORTUGUESE<\/a><\/td><td><a href=\"\/wp-content\/uploads\/images\/FutureOfWork\/JustTransition\/Report\/v7_final_report_1_ar.pdf\">ARABIC<\/a><\/td><\/tr><tr><td><a href=\"\/wp-content\/uploads\/images\/FutureOfWork\/JustTransition\/Report\/ba_v7_final_report.pdf\">BAHASA<\/a><\/td><td>JAPANESE<\/td><td>&nbsp;<\/td><td>&nbsp;<\/td><td>&nbsp;<\/td><\/tr><\/tbody><\/table><table border=\"1\" cellpadding=\"1\" cellspacing=\"1\" style=\"width:500px\"><tbody><tr><td colspan=\"3\" style=\"text-align: center\"><strong>Un guide sysdical de pratique pour une transition juste<\/strong><\/td><\/tr><tr><td><a href=\"\/wp-content\/uploads\/images\/FutureOfWork\/JustTransition\/Guide\/guide_of_practice_en_web.pdf\"><img decoding=\"async\" alt=\"\" src=\"\/wp-content\/uploads\/images\/FutureOfWork\/JustTransition\/Guide\/jtguide_eng.png\" style=\"width: 200px;height: 284px\" \/><\/a><\/td><td><a href=\"\/wp-content\/uploads\/images\/FutureOfWork\/JustTransition\/Guide\/guide_of_practice_es_web.pdf\"><img decoding=\"async\" alt=\"\" src=\"\/wp-content\/uploads\/images\/FutureOfWork\/JustTransition\/Guide\/screenshot_2022-12-06_at_08.29.49.png\" style=\"width: 200px;height: 293px\" \/><\/a><\/td><td><a href=\"\/wp-content\/uploads\/images\/FutureOfWork\/JustTransition\/guide_of_practice_fr_web.pdf\"><img decoding=\"async\" alt=\"\" src=\"\/wp-content\/uploads\/images\/FutureOfWork\/JustTransition\/Guide\/jtguide_fra.png\" style=\"width: 200px;height: 284px\" \/><\/a><\/td><td>&nbsp;<\/td><\/tr><tr><td style=\"text-align: center\"><a href=\"\/wp-content\/uploads\/images\/FutureOfWork\/JustTransition\/guide_of_practice_en_web.pdf\">ENGLISH<\/a><\/td><td style=\"text-align: center\"><a href=\"\/wp-content\/uploads\/images\/FutureOfWork\/JustTransition\/Guide\/guide_of_practice_es_web.pdf\">ESPA\u00d1OL<\/a><\/td><td style=\"text-align: center\"><a href=\"https:\/\/\/wp-content\/uploads\/images\/FutureOfWork\/JustTransition\/guide_of_practice_fr_web.pdf\">FRAN\u00c7AIS<\/a><\/td><td style=\"text-align: center\">&nbsp;<\/td><\/tr><tr><td style=\"text-align: center\"><a href=\"\/wp-content\/uploads\/images\/FutureOfWork\/JustTransition\/Guide\/guide_of_practice_ru_web.pdf\"><img decoding=\"async\" alt=\"\" src=\"\/wp-content\/uploads\/images\/FutureOfWork\/JustTransition\/Guide\/screenshot_2022-12-06_at_08.06.14.png\" style=\"width: 200px;height: 290px\" \/><\/a><\/td><td style=\"text-align: center\"><a href=\"\/wp-content\/uploads\/images\/FutureOfWork\/JustTransition\/Guide\/iall_jt_guide_of_practice_ar.pdf\"><img decoding=\"async\" alt=\"\" src=\"\/wp-content\/uploads\/images\/FutureOfWork\/JustTransition\/Guide\/screenshot_2023-03-17_at_10.49.51.png\" style=\"width: 200px;height: 293px\" \/><\/a><\/td><td style=\"text-align: center\"><img decoding=\"async\" alt=\"\" src=\"\/wp-content\/uploads\/images\/FutureOfWork\/JustTransition\/Guide\/screenshot_2023-05-08_at_11.09.30.png\" style=\"width: 200px;height: 294px\" \/><\/td><\/tr><tr><td style=\"text-align: center\"><a href=\"\/wp-content\/uploads\/images\/FutureOfWork\/JustTransition\/Guide\/guide_of_practice_ru_web.pdf\">RUSSIAN<\/a><\/td><td style=\"text-align: center\"><a href=\"\/wp-content\/uploads\/images\/FutureOfWork\/JustTransition\/Guide\/iall_jt_guide_of_practice_ar.pdf\">ARABIC<\/a><\/td><td style=\"text-align: center\"><a href=\"\/wp-content\/uploads\/documents\/Just_Transition\/guia_de_praticas_versao_final_pt18.pdf\">PORTUGUES<\/a><\/td><\/tr><tr><td style=\"text-align: center\"><a href=\"\/wp-content\/uploads\/documents\/Just_Transition\/guide_of_practice_tu_web.pdf\"><img decoding=\"async\" alt=\"\" src=\"\/wp-content\/uploads\/documents\/Just_Transition\/screenshot_2023-09-29_at_15.44.53.png\" style=\"width: 200px;height: 294px\" \/><\/a><\/td><td style=\"text-align: center\"><a href=\"\/wp-content\/uploads\/images\/FutureOfWork\/JustTransition\/Guide\/jtguidebahasa-web.pdf\"><img decoding=\"async\" alt=\"\" src=\"\/wp-content\/uploads\/images\/FutureOfWork\/JustTransition\/Guide\/screenshot_2024-10-31_at_10.12.14_1.png\" style=\"width: 200px;height: 293px\" \/><\/a><\/td><td style=\"text-align: center\">&nbsp;<\/td><\/tr><tr><td style=\"text-align: center\"><a href=\"\/wp-content\/uploads\/documents\/Just_Transition\/guide_of_practice_tu_web.pdf\">TURKISH<\/a><\/td><td style=\"text-align: center\"><a href=\"\/wp-content\/uploads\/images\/FutureOfWork\/JustTransition\/Guide\/jtguidebahasa-web.pdf\">BAHASA<\/a><\/td><td style=\"text-align: center\">&nbsp;<\/td><\/tr><\/tbody><\/table><table border=\"1\" cellpadding=\"1\" cellspacing=\"1\" style=\"font-size: 2rem;width: 500px\"><tbody><tr><td colspan=\"3\" rowspan=\"1\" style=\"text-align: center\"><strong>A just transition for workers<\/strong><\/td><\/tr><tr><td><a href=\"\/wp-content\/uploads\/documents\/Just_Transition\/a_just_transition_-_english.pdf\"><img decoding=\"async\" alt=\"\" src=\"\/wp-content\/uploads\/images\/publications\/jt-eng.png\" style=\"width: 200px;height: 283px\" \/><\/a><\/td><td><a href=\"\/wp-content\/uploads\/documents\/Just_Transition\/une_transition_juste_-_francais.pdf\"><img decoding=\"async\" alt=\"\" src=\"\/wp-content\/uploads\/images\/publications\/jt-fra.png\" style=\"width: 200px;height: 283px\" \/><\/a><\/td><td><a href=\"\/wp-content\/uploads\/documents\/Just_Transition\/una_transicion_justa_-_espanol.pdf\"><img decoding=\"async\" alt=\"\" src=\"\/wp-content\/uploads\/images\/publications\/jt-spa.png\" style=\"width: 200px;height: 283px\" \/><\/a><\/td><\/tr><tr><td style=\"text-align: center\"><a href=\"\/wp-content\/uploads\/documents\/Just_Transition\/a_just_transition_-_english.pdf\">ENG<\/a><\/td><td style=\"text-align: center\"><a href=\"\/wp-content\/uploads\/documents\/Just_Transition\/une_transition_juste_-_francais.pdf\">FRA<\/a><\/td><td style=\"text-align: center\"><a href=\"\/wp-content\/uploads\/documents\/Just_Transition\/una_transicion_justa_-_espanol.pdf\">ESP<\/a><\/td><\/tr><\/tbody><\/table>","protected":false},"excerpt":{"rendered":"<p>Qu&#039;entendons-nous par &quot;transition juste&quot; ? Pour atteindre le niveau net z\u00e9ro et \u00e9viter les pires cons\u00e9quences du changement climatique, l&#039;\u00e9conomie mondiale devra \u00eatre enti\u00e8rement remodel\u00e9e : nos syst\u00e8mes \u00e9nerg\u00e9tiques, nos m\u00e9thodes de transport et nos cha\u00eenes d&#039;approvisionnement devront \u00eatre reconstruits de fond en comble. Nous sommes confront\u00e9s \u00e0 un changement sans pr\u00e9c\u00e9dent : la fin [&hellip;]<\/p>\n","protected":false},"author":1,"featured_media":0,"parent":212251,"menu_order":0,"comment_status":"closed","ping_status":"closed","template":"","meta":{"_acf_changed":false,"footnotes":""},"issues":[369],"companies":[],"regions":[],"sectors":[],"article_tags":[],"class_list":["post-211980","page","type-page","status-publish","hentry","issues-le-changement-climatique-transition-juste"],"acf":[],"yoast_head":"<!-- This site is optimized with the Yoast SEO Premium plugin v27.1 (Yoast SEO v27.1) - https:\/\/yoast.com\/product\/yoast-seo-premium-wordpress\/ -->\n<title>Transition Juste - industriall-union<\/title>\n<meta name=\"robots\" content=\"index, follow, max-snippet:-1, max-image-preview:large, max-video-preview:-1\" \/>\n<link rel=\"canonical\" href=\"https:\/\/admin.industriall-union.org\/fr\/ce-que-nous-faisons\/transition-juste\/\" \/>\n<meta property=\"og:locale\" content=\"fr_FR\" \/>\n<meta property=\"og:type\" content=\"article\" \/>\n<meta property=\"og:title\" content=\"Transition Juste\" \/>\n<meta property=\"og:description\" content=\"Qu&#039;entendons-nous par &quot;transition juste&quot; ? Pour atteindre le niveau net z\u00e9ro et \u00e9viter les pires cons\u00e9quences du changement climatique, l&#039;\u00e9conomie mondiale devra \u00eatre enti\u00e8rement remodel\u00e9e : nos syst\u00e8mes \u00e9nerg\u00e9tiques, nos m\u00e9thodes de transport et nos cha\u00eenes d&#039;approvisionnement devront \u00eatre reconstruits de fond en comble. Nous sommes confront\u00e9s \u00e0 un changement sans pr\u00e9c\u00e9dent : la fin [&hellip;]\" \/>\n<meta property=\"og:url\" content=\"https:\/\/admin.industriall-union.org\/fr\/ce-que-nous-faisons\/transition-juste\/\" \/>\n<meta property=\"og:site_name\" content=\"industriall-union\" \/>\n<meta property=\"article:modified_time\" content=\"2026-02-03T11:01:22+00:00\" \/>\n<meta name=\"twitter:card\" content=\"summary_large_image\" \/>\n<meta name=\"twitter:label1\" content=\"Est. reading time\" \/>\n\t<meta name=\"twitter:data1\" content=\"6 minutes\" \/>\n<script type=\"application\/ld+json\" class=\"yoast-schema-graph\">{\"@context\":\"https:\/\/schema.org\",\"@graph\":[{\"@type\":\"WebPage\",\"@id\":\"https:\/\/admin.industriall-union.org\/fr\/ce-que-nous-faisons\/transition-juste\/\",\"url\":\"https:\/\/admin.industriall-union.org\/fr\/ce-que-nous-faisons\/transition-juste\/\",\"name\":\"Transition Juste - industriall-union\",\"isPartOf\":{\"@id\":\"https:\/\/admin.industriall-union.org\/ru\/#website\"},\"datePublished\":\"2022-07-28T14:14:30+00:00\",\"dateModified\":\"2026-02-03T11:01:22+00:00\",\"breadcrumb\":{\"@id\":\"https:\/\/admin.industriall-union.org\/fr\/ce-que-nous-faisons\/transition-juste\/#breadcrumb\"},\"inLanguage\":\"fr-FR\",\"potentialAction\":[{\"@type\":\"ReadAction\",\"target\":[\"https:\/\/admin.industriall-union.org\/fr\/ce-que-nous-faisons\/transition-juste\/\"]}]},{\"@type\":\"BreadcrumbList\",\"@id\":\"https:\/\/admin.industriall-union.org\/fr\/ce-que-nous-faisons\/transition-juste\/#breadcrumb\",\"itemListElement\":[{\"@type\":\"ListItem\",\"position\":1,\"name\":\"Home\",\"item\":\"https:\/\/admin.industriall-union.org\/ru\/\"},{\"@type\":\"ListItem\",\"position\":2,\"name\":\"Ce que nous faisons\",\"item\":\"https:\/\/admin.industriall-union.org\/fr\/ce-que-nous-faisons\/\"},{\"@type\":\"ListItem\",\"position\":3,\"name\":\"Transition Juste\"}]},{\"@type\":\"WebSite\",\"@id\":\"https:\/\/admin.industriall-union.org\/ru\/#website\",\"url\":\"https:\/\/admin.industriall-union.org\/ru\/\",\"name\":\"industriall-union\",\"description\":\"\",\"potentialAction\":[{\"@type\":\"SearchAction\",\"target\":{\"@type\":\"EntryPoint\",\"urlTemplate\":\"https:\/\/admin.industriall-union.org\/ru\/?s={search_term_string}\"},\"query-input\":{\"@type\":\"PropertyValueSpecification\",\"valueRequired\":true,\"valueName\":\"search_term_string\"}}],\"inLanguage\":\"fr-FR\"}]}<\/script>\n<!-- \/ Yoast SEO Premium plugin. -->","yoast_head_json":{"title":"Transition Juste - industriall-union","robots":{"index":"index","follow":"follow","max-snippet":"max-snippet:-1","max-image-preview":"max-image-preview:large","max-video-preview":"max-video-preview:-1"},"canonical":"https:\/\/admin.industriall-union.org\/fr\/ce-que-nous-faisons\/transition-juste\/","og_locale":"fr_FR","og_type":"article","og_title":"Transition Juste","og_description":"Qu&#039;entendons-nous par &quot;transition juste&quot; ? Pour atteindre le niveau net z\u00e9ro et \u00e9viter les pires cons\u00e9quences du changement climatique, l&#039;\u00e9conomie mondiale devra \u00eatre enti\u00e8rement remodel\u00e9e : nos syst\u00e8mes \u00e9nerg\u00e9tiques, nos m\u00e9thodes de transport et nos cha\u00eenes d&#039;approvisionnement devront \u00eatre reconstruits de fond en comble. Nous sommes confront\u00e9s \u00e0 un changement sans pr\u00e9c\u00e9dent : la fin [&hellip;]","og_url":"https:\/\/admin.industriall-union.org\/fr\/ce-que-nous-faisons\/transition-juste\/","og_site_name":"industriall-union","article_modified_time":"2026-02-03T11:01:22+00:00","twitter_card":"summary_large_image","twitter_misc":{"Est. reading time":"6 minutes"},"schema":{"@context":"https:\/\/schema.org","@graph":[{"@type":"WebPage","@id":"https:\/\/admin.industriall-union.org\/fr\/ce-que-nous-faisons\/transition-juste\/","url":"https:\/\/admin.industriall-union.org\/fr\/ce-que-nous-faisons\/transition-juste\/","name":"Transition Juste - industriall-union","isPartOf":{"@id":"https:\/\/admin.industriall-union.org\/ru\/#website"},"datePublished":"2022-07-28T14:14:30+00:00","dateModified":"2026-02-03T11:01:22+00:00","breadcrumb":{"@id":"https:\/\/admin.industriall-union.org\/fr\/ce-que-nous-faisons\/transition-juste\/#breadcrumb"},"inLanguage":"fr-FR","potentialAction":[{"@type":"ReadAction","target":["https:\/\/admin.industriall-union.org\/fr\/ce-que-nous-faisons\/transition-juste\/"]}]},{"@type":"BreadcrumbList","@id":"https:\/\/admin.industriall-union.org\/fr\/ce-que-nous-faisons\/transition-juste\/#breadcrumb","itemListElement":[{"@type":"ListItem","position":1,"name":"Home","item":"https:\/\/admin.industriall-union.org\/ru\/"},{"@type":"ListItem","position":2,"name":"Ce que nous faisons","item":"https:\/\/admin.industriall-union.org\/fr\/ce-que-nous-faisons\/"},{"@type":"ListItem","position":3,"name":"Transition Juste"}]},{"@type":"WebSite","@id":"https:\/\/admin.industriall-union.org\/ru\/#website","url":"https:\/\/admin.industriall-union.org\/ru\/","name":"industriall-union","description":"","potentialAction":[{"@type":"SearchAction","target":{"@type":"EntryPoint","urlTemplate":"https:\/\/admin.industriall-union.org\/ru\/?s={search_term_string}"},"query-input":{"@type":"PropertyValueSpecification","valueRequired":true,"valueName":"search_term_string"}}],"inLanguage":"fr-FR"}]}},"_links":{"self":[{"href":"https:\/\/admin.industriall-union.org\/fr\/wp-json\/wp\/v2\/pages\/211980","targetHints":{"allow":["GET"]}}],"collection":[{"href":"https:\/\/admin.industriall-union.org\/fr\/wp-json\/wp\/v2\/pages"}],"about":[{"href":"https:\/\/admin.industriall-union.org\/fr\/wp-json\/wp\/v2\/types\/page"}],"author":[{"embeddable":true,"href":"https:\/\/admin.industriall-union.org\/fr\/wp-json\/wp\/v2\/users\/1"}],"replies":[{"embeddable":true,"href":"https:\/\/admin.industriall-union.org\/fr\/wp-json\/wp\/v2\/comments?post=211980"}],"version-history":[{"count":5,"href":"https:\/\/admin.industriall-union.org\/fr\/wp-json\/wp\/v2\/pages\/211980\/revisions"}],"predecessor-version":[{"id":466980,"href":"https:\/\/admin.industriall-union.org\/fr\/wp-json\/wp\/v2\/pages\/211980\/revisions\/466980"}],"up":[{"embeddable":true,"href":"https:\/\/admin.industriall-union.org\/fr\/wp-json\/wp\/v2\/pages\/212251"}],"wp:attachment":[{"href":"https:\/\/admin.industriall-union.org\/fr\/wp-json\/wp\/v2\/media?parent=211980"}],"wp:term":[{"taxonomy":"issues","embeddable":true,"href":"https:\/\/admin.industriall-union.org\/fr\/wp-json\/wp\/v2\/issues?post=211980"},{"taxonomy":"companies","embeddable":true,"href":"https:\/\/admin.industriall-union.org\/fr\/wp-json\/wp\/v2\/companies?post=211980"},{"taxonomy":"regions","embeddable":true,"href":"https:\/\/admin.industriall-union.org\/fr\/wp-json\/wp\/v2\/regions?post=211980"},{"taxonomy":"sectors","embeddable":true,"href":"https:\/\/admin.industriall-union.org\/fr\/wp-json\/wp\/v2\/sectors?post=211980"},{"taxonomy":"article_tags","embeddable":true,"href":"https:\/\/admin.industriall-union.org\/fr\/wp-json\/wp\/v2\/article_tags?post=211980"}],"curies":[{"name":"wp","href":"https:\/\/api.w.org\/{rel}","templated":true}]}}