{"id":212664,"date":"2012-04-30T13:25:34","date_gmt":"2012-04-30T13:25:34","guid":{"rendered":"https:\/\/admin.industriall-union.org\/quienes-somos\/"},"modified":"2026-03-17T08:26:37","modified_gmt":"2026-03-17T08:26:37","slug":"quienes-somos","status":"publish","type":"page","link":"https:\/\/admin.industriall-union.org\/es\/quienes-somos\/","title":{"rendered":"Qui\u00e9nes somos"},"content":{"rendered":"<h3><span style=\"color: #c0392b;\"><strong>IndustriALL Global Union<\/strong><\/span><\/h3>\n<p>La IndustriALL Global Union est\u00e0 formada por 550 sindicatos afiliados que representan a 50 millones de trabajadores del sector minero, energ\u00e9tico e industrial en 130 pa\u00edses. Somos una nueva fuerza de solidaridad mundial que retoma la lucha por mejores condiciones laborales y por los derechos sindicales en todo el mundo.<\/p>\n<p>La nueva organizaci\u00f3n, fundada el 19 de junio de 2012, agrupa a filiales de las antiguas federaciones sindicales internacionales: la Federaci\u00f3n Internacional de Trabajadores de las Industrias Metal\u00fargicas (FITIM), la Federaci\u00f3n Internacional de Sindicatos de la Qu\u00edmica, Energ\u00eda, Minas e Industrias Diversas (ICEM) y la Federaci\u00f3n Internacional de Trabajadores del Textil Vestuario y Cuero (ITGLWF).<\/p>\n<p>IndustriALL Global Union representa a trabajadores en una amplia gama de sectores:<\/p>\n<ul>\n<li>extracci\u00f3n de petr\u00f3leo y de gas<\/li>\n<li>miner\u00eda, diamantes y gemas<\/li>\n<li>generaci\u00f3n y distribuci\u00f3n de energ\u00eda el\u00e9ctrica<\/li>\n<li>metales b\u00e1sicos<\/li>\n<li>construcci\u00f3n y desguace de buques<\/li>\n<li>automotriz<\/li>\n<li>aerospacial<\/li>\n<li>ingenier\u00eda mec\u00e1nica<\/li>\n<li>TIC, electricidad y electr\u00f3nica<\/li>\n<li>productos qu\u00edmicos<\/li>\n<li>caucho<\/li>\n<li>pulpa y papel<\/li>\n<li>materiales de construcci\u00f3n<\/li>\n<li>textiles, vestido, cuero y calzado<\/li>\n<\/ul>\n<h3><\/h3>\n<p><a href=\"http:\/\/industriall.consids5.se\/es\/industriall-declaracion-de-solidaridad\"><strong>IndustriALL Declaraci\u00f3n de Solidaridad<\/strong><\/a><\/p>\n<article class=\"listBlock\">\n<div class=\"image\"><img decoding=\"async\" src=\"\/wp-content\/uploads\/images\/shutterstock_522763711.jpg\" alt=\"\" \/><\/div>\n<div class=\"content\">\n<h2 class=\"title\"><a href=\"http:\/\/www.industriall-union.org\/es\/politica-anticorrupcion-de-industriall\">Pol\u00edtica anticorrupci\u00f3n de IndustriALL<\/a><\/h2>\n<p class=\"description\">IndustriALL est\u00e1 en contra de toda forma de corrupci\u00f3n. En IndustriALL no solo aspiramos a cumplir las normas en materia financiera, sino tambi\u00e9n a actuar de un modo socialmente responsable.<\/p>\n<\/div>\n<\/article>\n<article class=\"listBlock\">\n<div class=\"image\"><img decoding=\"async\" src=\"\/wp-content\/uploads\/images\/General-pics\/sexualharassment.jpg\" alt=\"\" \/><\/div>\n<div class=\"content\">\n<h2 class=\"title\"><a href=\"http:\/\/www.industriall-union.org\/es\/politica-sobre-acoso-sexual\">Pol\u00edtica sobre acoso sexual<\/a><\/h2>\n<p class=\"description\">Pol\u00edtica de IndustriALL Global Union sobre acoso sexual en reuniones y actividades<\/p>\n<\/div>\n<\/article>\n","protected":false},"excerpt":{"rendered":"<p>IndustriALL Global Union La IndustriALL Global Union est\u00e0 formada por 550 sindicatos afiliados que representan a 50 millones de trabajadores del sector minero, energ\u00e9tico e industrial en 130 pa\u00edses. Somos una nueva fuerza de solidaridad mundial que retoma la lucha por mejores condiciones laborales y por los derechos sindicales en todo el mundo. La nueva [&hellip;]<\/p>\n","protected":false},"author":1,"featured_media":0,"parent":0,"menu_order":0,"comment_status":"closed","ping_status":"closed","template":"","meta":{"_acf_changed":false,"footnotes":""},"issues":[],"companies":[],"regions":[],"sectors":[],"article_tags":[],"class_list":["post-212664","page","type-page","status-publish","hentry"],"acf":[],"yoast_head":"<!-- This site is optimized with the Yoast SEO Premium plugin v27.1 (Yoast SEO v27.1) - https:\/\/yoast.com\/product\/yoast-seo-premium-wordpress\/ -->\n<title>Qui\u00e9nes somos - industriall-union<\/title>\n<meta name=\"robots\" content=\"index, follow, max-snippet:-1, max-image-preview:large, max-video-preview:-1\" \/>\n<link rel=\"canonical\" href=\"https:\/\/admin.industriall-union.org\/es\/quienes-somos\/\" \/>\n<meta property=\"og:locale\" content=\"es_ES\" \/>\n<meta property=\"og:type\" content=\"article\" \/>\n<meta property=\"og:title\" content=\"Qui\u00e9nes somos\" \/>\n<meta property=\"og:description\" content=\"IndustriALL Global Union La IndustriALL Global Union est\u00e0 formada por 550 sindicatos afiliados que representan a 50 millones de trabajadores del sector minero, energ\u00e9tico e industrial en 130 pa\u00edses. Somos una nueva fuerza de solidaridad mundial que retoma la lucha por mejores condiciones laborales y por los derechos sindicales en todo el mundo. La nueva [&hellip;]\" \/>\n<meta property=\"og:url\" content=\"https:\/\/admin.industriall-union.org\/es\/quienes-somos\/\" \/>\n<meta property=\"og:site_name\" content=\"industriall-union\" \/>\n<meta property=\"article:modified_time\" content=\"2026-03-17T08:26:37+00:00\" \/>\n<meta name=\"twitter:card\" content=\"summary_large_image\" \/>\n<meta name=\"twitter:label1\" content=\"Est. reading time\" \/>\n\t<meta name=\"twitter:data1\" content=\"2 minutes\" \/>\n<script type=\"application\/ld+json\" class=\"yoast-schema-graph\">{\"@context\":\"https:\/\/schema.org\",\"@graph\":[{\"@type\":\"WebPage\",\"@id\":\"https:\/\/admin.industriall-union.org\/es\/quienes-somos\/\",\"url\":\"https:\/\/admin.industriall-union.org\/es\/quienes-somos\/\",\"name\":\"Qui\u00e9nes somos - industriall-union\",\"isPartOf\":{\"@id\":\"https:\/\/admin.industriall-union.org\/ru\/#website\"},\"datePublished\":\"2012-04-30T13:25:34+00:00\",\"dateModified\":\"2026-03-17T08:26:37+00:00\",\"breadcrumb\":{\"@id\":\"https:\/\/admin.industriall-union.org\/es\/quienes-somos\/#breadcrumb\"},\"inLanguage\":\"es-ES\",\"potentialAction\":[{\"@type\":\"ReadAction\",\"target\":[\"https:\/\/admin.industriall-union.org\/es\/quienes-somos\/\"]}]},{\"@type\":\"BreadcrumbList\",\"@id\":\"https:\/\/admin.industriall-union.org\/es\/quienes-somos\/#breadcrumb\",\"itemListElement\":[{\"@type\":\"ListItem\",\"position\":1,\"name\":\"Home\",\"item\":\"https:\/\/admin.industriall-union.org\/ru\/\"},{\"@type\":\"ListItem\",\"position\":2,\"name\":\"Qui\u00e9nes somos\"}]},{\"@type\":\"WebSite\",\"@id\":\"https:\/\/admin.industriall-union.org\/ru\/#website\",\"url\":\"https:\/\/admin.industriall-union.org\/ru\/\",\"name\":\"industriall-union\",\"description\":\"\",\"potentialAction\":[{\"@type\":\"SearchAction\",\"target\":{\"@type\":\"EntryPoint\",\"urlTemplate\":\"https:\/\/admin.industriall-union.org\/ru\/?s={search_term_string}\"},\"query-input\":{\"@type\":\"PropertyValueSpecification\",\"valueRequired\":true,\"valueName\":\"search_term_string\"}}],\"inLanguage\":\"es-ES\"}]}<\/script>\n<!-- \/ Yoast SEO Premium plugin. -->","yoast_head_json":{"title":"Qui\u00e9nes somos - industriall-union","robots":{"index":"index","follow":"follow","max-snippet":"max-snippet:-1","max-image-preview":"max-image-preview:large","max-video-preview":"max-video-preview:-1"},"canonical":"https:\/\/admin.industriall-union.org\/es\/quienes-somos\/","og_locale":"es_ES","og_type":"article","og_title":"Qui\u00e9nes somos","og_description":"IndustriALL Global Union La IndustriALL Global Union est\u00e0 formada por 550 sindicatos afiliados que representan a 50 millones de trabajadores del sector minero, energ\u00e9tico e industrial en 130 pa\u00edses. Somos una nueva fuerza de solidaridad mundial que retoma la lucha por mejores condiciones laborales y por los derechos sindicales en todo el mundo. La nueva [&hellip;]","og_url":"https:\/\/admin.industriall-union.org\/es\/quienes-somos\/","og_site_name":"industriall-union","article_modified_time":"2026-03-17T08:26:37+00:00","twitter_card":"summary_large_image","twitter_misc":{"Est. reading time":"2 minutes"},"schema":{"@context":"https:\/\/schema.org","@graph":[{"@type":"WebPage","@id":"https:\/\/admin.industriall-union.org\/es\/quienes-somos\/","url":"https:\/\/admin.industriall-union.org\/es\/quienes-somos\/","name":"Qui\u00e9nes somos - industriall-union","isPartOf":{"@id":"https:\/\/admin.industriall-union.org\/ru\/#website"},"datePublished":"2012-04-30T13:25:34+00:00","dateModified":"2026-03-17T08:26:37+00:00","breadcrumb":{"@id":"https:\/\/admin.industriall-union.org\/es\/quienes-somos\/#breadcrumb"},"inLanguage":"es-ES","potentialAction":[{"@type":"ReadAction","target":["https:\/\/admin.industriall-union.org\/es\/quienes-somos\/"]}]},{"@type":"BreadcrumbList","@id":"https:\/\/admin.industriall-union.org\/es\/quienes-somos\/#breadcrumb","itemListElement":[{"@type":"ListItem","position":1,"name":"Home","item":"https:\/\/admin.industriall-union.org\/ru\/"},{"@type":"ListItem","position":2,"name":"Qui\u00e9nes somos"}]},{"@type":"WebSite","@id":"https:\/\/admin.industriall-union.org\/ru\/#website","url":"https:\/\/admin.industriall-union.org\/ru\/","name":"industriall-union","description":"","potentialAction":[{"@type":"SearchAction","target":{"@type":"EntryPoint","urlTemplate":"https:\/\/admin.industriall-union.org\/ru\/?s={search_term_string}"},"query-input":{"@type":"PropertyValueSpecification","valueRequired":true,"valueName":"search_term_string"}}],"inLanguage":"es-ES"}]}},"_links":{"self":[{"href":"https:\/\/admin.industriall-union.org\/es\/wp-json\/wp\/v2\/pages\/212664","targetHints":{"allow":["GET"]}}],"collection":[{"href":"https:\/\/admin.industriall-union.org\/es\/wp-json\/wp\/v2\/pages"}],"about":[{"href":"https:\/\/admin.industriall-union.org\/es\/wp-json\/wp\/v2\/types\/page"}],"author":[{"embeddable":true,"href":"https:\/\/admin.industriall-union.org\/es\/wp-json\/wp\/v2\/users\/1"}],"replies":[{"embeddable":true,"href":"https:\/\/admin.industriall-union.org\/es\/wp-json\/wp\/v2\/comments?post=212664"}],"version-history":[{"count":4,"href":"https:\/\/admin.industriall-union.org\/es\/wp-json\/wp\/v2\/pages\/212664\/revisions"}],"predecessor-version":[{"id":467595,"href":"https:\/\/admin.industriall-union.org\/es\/wp-json\/wp\/v2\/pages\/212664\/revisions\/467595"}],"wp:attachment":[{"href":"https:\/\/admin.industriall-union.org\/es\/wp-json\/wp\/v2\/media?parent=212664"}],"wp:term":[{"taxonomy":"issues","embeddable":true,"href":"https:\/\/admin.industriall-union.org\/es\/wp-json\/wp\/v2\/issues?post=212664"},{"taxonomy":"companies","embeddable":true,"href":"https:\/\/admin.industriall-union.org\/es\/wp-json\/wp\/v2\/companies?post=212664"},{"taxonomy":"regions","embeddable":true,"href":"https:\/\/admin.industriall-union.org\/es\/wp-json\/wp\/v2\/regions?post=212664"},{"taxonomy":"sectors","embeddable":true,"href":"https:\/\/admin.industriall-union.org\/es\/wp-json\/wp\/v2\/sectors?post=212664"},{"taxonomy":"article_tags","embeddable":true,"href":"https:\/\/admin.industriall-union.org\/es\/wp-json\/wp\/v2\/article_tags?post=212664"}],"curies":[{"name":"wp","href":"https:\/\/api.w.org\/{rel}","templated":true}]}}