{"id":212629,"date":"2019-03-06T15:51:53","date_gmt":"2019-03-06T15:51:53","guid":{"rendered":"https:\/\/admin.industriall-union.org\/donde-encontrarnos\/"},"modified":"2026-02-03T13:29:03","modified_gmt":"2026-02-03T13:29:03","slug":"donde-encontrarnos","status":"publish","type":"page","link":"https:\/\/admin.industriall-union.org\/es\/donde-encontrarnos\/","title":{"rendered":"D\u00f3nde encontrarnos"},"content":{"rendered":"<article class=\"listBlock\"><div class=\"image\"><img decoding=\"async\" alt=\"\" src=\"\/wp-content\/uploads\/images\/General-pics\/headoffice.jpg\" \/><\/div><div class=\"content\"><h2 class=\"title\"><a href=\"http:\/\/www.industriall-union.org\/es\/contactos-de-la-oficina-central\">Oficina central<\/a><\/h2><p class=\"description\">Ginebra, Suiza<\/p><\/div><\/article><article class=\"listBlock\"><div class=\"image\"><img decoding=\"async\" alt=\"\" src=\"\/wp-content\/uploads\/images\/General-pics\/subafrica.png\" \/><\/div><div class=\"content\"><h2 class=\"title\"><a href=\"http:\/\/www.industriall-union.org\/es\/donde-encontrarnos\/oficinas-regionales\/sub-saharan-africa\">Oficina de \u00c1frica Subsahariana<\/a><\/h2><p class=\"description\">Johannesburgo, Sud\u00e1frica<\/p><\/div><\/article><article class=\"listBlock\"><div class=\"image\"><img decoding=\"async\" alt=\"\" src=\"\/wp-content\/uploads\/images\/General-pics\/southeastasia.png\" \/><\/div><div class=\"content\"><h2 class=\"title\"><a href=\"http:\/\/www.industriall-union.org\/es\/el-sudeste-de-asia\">Oficina del Sudeste Asi\u00e1tico<\/a><\/h2><p class=\"description\">Kuala Lumpur, Malasia<\/p><\/div><\/article><article class=\"listBlock\"><div class=\"image\"><img decoding=\"async\" alt=\"\" src=\"\/wp-content\/uploads\/images\/General-pics\/southasia.png\" \/><\/div><div class=\"content\"><h2 class=\"title\"><a href=\"http:\/\/www.industriall-union.org\/es\/asia-del-sur\">Oficina del Sur de Asia<\/a><\/h2><p class=\"description\">Nueva Delhi, India<\/p><\/div><\/article><article class=\"listBlock\"><div class=\"image\"><img decoding=\"async\" alt=\"\" src=\"\/wp-content\/uploads\/images\/General-pics\/cis.png\" \/><\/div><div class=\"content\"><h2 class=\"title\"><a href=\"http:\/\/www.industriall-union.org\/es\/comunidad-de-estados-independientes-cei\">Oficina de la Comunidad de Estados Independientes (CEI)<\/a><\/h2><p class=\"description\">Mosc\u00fa, Rusia<\/p><\/div><\/article><article class=\"listBlock\"><div class=\"image\"><img decoding=\"async\" alt=\"\" src=\"\/wp-content\/uploads\/images\/General-pics\/lacro.png\" \/><\/div><div class=\"content\"><h2 class=\"title\"><a href=\"http:\/\/www.industriall-union.org\/es\/america-latina-y-el-caribe-0\">Oficina de Am\u00e9rica Latina y el Caribe<\/a><\/h2><p class=\"description\">Montevideo, Uruguay<\/p><\/div><\/article><article class=\"listBlock\"><div class=\"image\"><img decoding=\"async\" alt=\"\" src=\"\/wp-content\/uploads\/images\/General-pics\/mena.png\" \/><\/div><div class=\"content\"><h2 class=\"title\"><a href=\"http:\/\/www.industriall-union.org\/es\/oriente-medio-y-africa-del-norte-0\">Oriente Medio y \u00c1frica del Norte<\/a><\/h2><p class=\"description\">Persona de contacto<\/p><\/div><\/article>","protected":false},"excerpt":{"rendered":"<p>Oficina central Ginebra, Suiza Oficina de \u00c1frica Subsahariana Johannesburgo, Sud\u00e1frica Oficina del Sudeste Asi\u00e1tico Kuala Lumpur, Malasia Oficina del Sur de Asia Nueva Delhi, India Oficina de la Comunidad de Estados Independientes (CEI) Mosc\u00fa, Rusia Oficina de Am\u00e9rica Latina y el Caribe Montevideo, Uruguay Oriente Medio y \u00c1frica del Norte Persona de contacto<\/p>\n","protected":false},"author":1,"featured_media":0,"parent":0,"menu_order":0,"comment_status":"closed","ping_status":"closed","template":"","meta":{"_acf_changed":false,"footnotes":""},"issues":[],"companies":[],"regions":[],"sectors":[],"article_tags":[],"class_list":["post-212629","page","type-page","status-publish","hentry"],"acf":[],"yoast_head":"<!-- This site is optimized with the Yoast SEO Premium plugin v27.1 (Yoast SEO v27.1) - https:\/\/yoast.com\/product\/yoast-seo-premium-wordpress\/ -->\n<title>D\u00f3nde encontrarnos - industriall-union<\/title>\n<meta name=\"robots\" content=\"index, follow, max-snippet:-1, max-image-preview:large, max-video-preview:-1\" \/>\n<link rel=\"canonical\" href=\"https:\/\/admin.industriall-union.org\/es\/donde-encontrarnos\/\" \/>\n<meta property=\"og:locale\" content=\"es_ES\" \/>\n<meta property=\"og:type\" content=\"article\" \/>\n<meta property=\"og:title\" content=\"D\u00f3nde encontrarnos\" \/>\n<meta property=\"og:description\" content=\"Oficina central Ginebra, Suiza Oficina de \u00c1frica Subsahariana Johannesburgo, Sud\u00e1frica Oficina del Sudeste Asi\u00e1tico Kuala Lumpur, Malasia Oficina del Sur de Asia Nueva Delhi, India Oficina de la Comunidad de Estados Independientes (CEI) Mosc\u00fa, Rusia Oficina de Am\u00e9rica Latina y el Caribe Montevideo, Uruguay Oriente Medio y \u00c1frica del Norte Persona de contacto\" \/>\n<meta property=\"og:url\" content=\"https:\/\/admin.industriall-union.org\/es\/donde-encontrarnos\/\" \/>\n<meta property=\"og:site_name\" content=\"industriall-union\" \/>\n<meta property=\"article:modified_time\" content=\"2026-02-03T13:29:03+00:00\" \/>\n<meta name=\"twitter:card\" content=\"summary_large_image\" \/>\n<script type=\"application\/ld+json\" class=\"yoast-schema-graph\">{\"@context\":\"https:\/\/schema.org\",\"@graph\":[{\"@type\":\"WebPage\",\"@id\":\"https:\/\/admin.industriall-union.org\/es\/donde-encontrarnos\/\",\"url\":\"https:\/\/admin.industriall-union.org\/es\/donde-encontrarnos\/\",\"name\":\"D\u00f3nde encontrarnos - industriall-union\",\"isPartOf\":{\"@id\":\"https:\/\/admin.industriall-union.org\/fr\/#website\"},\"datePublished\":\"2019-03-06T15:51:53+00:00\",\"dateModified\":\"2026-02-03T13:29:03+00:00\",\"breadcrumb\":{\"@id\":\"https:\/\/admin.industriall-union.org\/es\/donde-encontrarnos\/#breadcrumb\"},\"inLanguage\":\"es-ES\",\"potentialAction\":[{\"@type\":\"ReadAction\",\"target\":[\"https:\/\/admin.industriall-union.org\/es\/donde-encontrarnos\/\"]}]},{\"@type\":\"BreadcrumbList\",\"@id\":\"https:\/\/admin.industriall-union.org\/es\/donde-encontrarnos\/#breadcrumb\",\"itemListElement\":[{\"@type\":\"ListItem\",\"position\":1,\"name\":\"Home\",\"item\":\"https:\/\/admin.industriall-union.org\/fr\/\"},{\"@type\":\"ListItem\",\"position\":2,\"name\":\"D\u00f3nde encontrarnos\"}]},{\"@type\":\"WebSite\",\"@id\":\"https:\/\/admin.industriall-union.org\/fr\/#website\",\"url\":\"https:\/\/admin.industriall-union.org\/fr\/\",\"name\":\"industriall-union\",\"description\":\"\",\"potentialAction\":[{\"@type\":\"SearchAction\",\"target\":{\"@type\":\"EntryPoint\",\"urlTemplate\":\"https:\/\/admin.industriall-union.org\/fr\/?s={search_term_string}\"},\"query-input\":{\"@type\":\"PropertyValueSpecification\",\"valueRequired\":true,\"valueName\":\"search_term_string\"}}],\"inLanguage\":\"es-ES\"}]}<\/script>\n<!-- \/ Yoast SEO Premium plugin. -->","yoast_head_json":{"title":"D\u00f3nde encontrarnos - industriall-union","robots":{"index":"index","follow":"follow","max-snippet":"max-snippet:-1","max-image-preview":"max-image-preview:large","max-video-preview":"max-video-preview:-1"},"canonical":"https:\/\/admin.industriall-union.org\/es\/donde-encontrarnos\/","og_locale":"es_ES","og_type":"article","og_title":"D\u00f3nde encontrarnos","og_description":"Oficina central Ginebra, Suiza Oficina de \u00c1frica Subsahariana Johannesburgo, Sud\u00e1frica Oficina del Sudeste Asi\u00e1tico Kuala Lumpur, Malasia Oficina del Sur de Asia Nueva Delhi, India Oficina de la Comunidad de Estados Independientes (CEI) Mosc\u00fa, Rusia Oficina de Am\u00e9rica Latina y el Caribe Montevideo, Uruguay Oriente Medio y \u00c1frica del Norte Persona de contacto","og_url":"https:\/\/admin.industriall-union.org\/es\/donde-encontrarnos\/","og_site_name":"industriall-union","article_modified_time":"2026-02-03T13:29:03+00:00","twitter_card":"summary_large_image","schema":{"@context":"https:\/\/schema.org","@graph":[{"@type":"WebPage","@id":"https:\/\/admin.industriall-union.org\/es\/donde-encontrarnos\/","url":"https:\/\/admin.industriall-union.org\/es\/donde-encontrarnos\/","name":"D\u00f3nde encontrarnos - industriall-union","isPartOf":{"@id":"https:\/\/admin.industriall-union.org\/fr\/#website"},"datePublished":"2019-03-06T15:51:53+00:00","dateModified":"2026-02-03T13:29:03+00:00","breadcrumb":{"@id":"https:\/\/admin.industriall-union.org\/es\/donde-encontrarnos\/#breadcrumb"},"inLanguage":"es-ES","potentialAction":[{"@type":"ReadAction","target":["https:\/\/admin.industriall-union.org\/es\/donde-encontrarnos\/"]}]},{"@type":"BreadcrumbList","@id":"https:\/\/admin.industriall-union.org\/es\/donde-encontrarnos\/#breadcrumb","itemListElement":[{"@type":"ListItem","position":1,"name":"Home","item":"https:\/\/admin.industriall-union.org\/fr\/"},{"@type":"ListItem","position":2,"name":"D\u00f3nde encontrarnos"}]},{"@type":"WebSite","@id":"https:\/\/admin.industriall-union.org\/fr\/#website","url":"https:\/\/admin.industriall-union.org\/fr\/","name":"industriall-union","description":"","potentialAction":[{"@type":"SearchAction","target":{"@type":"EntryPoint","urlTemplate":"https:\/\/admin.industriall-union.org\/fr\/?s={search_term_string}"},"query-input":{"@type":"PropertyValueSpecification","valueRequired":true,"valueName":"search_term_string"}}],"inLanguage":"es-ES"}]}},"_links":{"self":[{"href":"https:\/\/admin.industriall-union.org\/es\/wp-json\/wp\/v2\/pages\/212629","targetHints":{"allow":["GET"]}}],"collection":[{"href":"https:\/\/admin.industriall-union.org\/es\/wp-json\/wp\/v2\/pages"}],"about":[{"href":"https:\/\/admin.industriall-union.org\/es\/wp-json\/wp\/v2\/types\/page"}],"author":[{"embeddable":true,"href":"https:\/\/admin.industriall-union.org\/es\/wp-json\/wp\/v2\/users\/1"}],"replies":[{"embeddable":true,"href":"https:\/\/admin.industriall-union.org\/es\/wp-json\/wp\/v2\/comments?post=212629"}],"version-history":[{"count":1,"href":"https:\/\/admin.industriall-union.org\/es\/wp-json\/wp\/v2\/pages\/212629\/revisions"}],"predecessor-version":[{"id":388620,"href":"https:\/\/admin.industriall-union.org\/es\/wp-json\/wp\/v2\/pages\/212629\/revisions\/388620"}],"wp:attachment":[{"href":"https:\/\/admin.industriall-union.org\/es\/wp-json\/wp\/v2\/media?parent=212629"}],"wp:term":[{"taxonomy":"issues","embeddable":true,"href":"https:\/\/admin.industriall-union.org\/es\/wp-json\/wp\/v2\/issues?post=212629"},{"taxonomy":"companies","embeddable":true,"href":"https:\/\/admin.industriall-union.org\/es\/wp-json\/wp\/v2\/companies?post=212629"},{"taxonomy":"regions","embeddable":true,"href":"https:\/\/admin.industriall-union.org\/es\/wp-json\/wp\/v2\/regions?post=212629"},{"taxonomy":"sectors","embeddable":true,"href":"https:\/\/admin.industriall-union.org\/es\/wp-json\/wp\/v2\/sectors?post=212629"},{"taxonomy":"article_tags","embeddable":true,"href":"https:\/\/admin.industriall-union.org\/es\/wp-json\/wp\/v2\/article_tags?post=212629"}],"curies":[{"name":"wp","href":"https:\/\/api.w.org\/{rel}","templated":true}]}}