{"id":212613,"date":"2019-03-08T14:01:50","date_gmt":"2019-03-08T14:01:50","guid":{"rendered":"https:\/\/admin.industriall-union.org\/quimica-farmaceutica-y-biociencias\/"},"modified":"2026-02-03T13:18:24","modified_gmt":"2026-02-03T13:18:24","slug":"chemical-pharmaceutical-and-bio-science","status":"publish","type":"page","link":"https:\/\/admin.industriall-union.org\/es\/chemical-pharmaceutical-and-bio-science\/","title":{"rendered":"Qu\u00edmica, farmac\u00e9utica y biociencias"},"content":{"rendered":"<section class=\"boxTurquoise\"><h2>Qu\u00edmica, farmac\u00e9utica y biociencias<\/h2><p>IndustriALL Global Union cuenta con una amplia gama de actividades en el sector qu\u00edmico, farmac\u00e9utico y de la biociencia, incluidos los acuerdos marco globales, redes a nivel de empresa y sub-sectoriales globales y regionales, y varias unidades de di\u00e1logo social. Tambi\u00e9n hay iniciativas con las organizaciones intergubernamentales en materia laboral, desarrollo sostenible, pol\u00edtica industrial, salud y seguridad.<\/p><h3>Contacto<\/h3><table border=\"1\" cellpadding=\"1\" cellspacing=\"1\" style=\"width:100%\"><tbody><tr><td><img decoding=\"async\" alt=\"\" src=\"\/wp-content\/uploads\/images\/People\/Internal\/IndustriALL-Staff\/tgrintersector.png\" style=\"width: 200px;height: 200px\" \/><\/td><td><h4><strong>Tom Grinter<\/strong><br \/>Tel. +41 22 308 1853<br \/>e-mail: <a href=\"mailto:tgrinter@industriall-union.org\">tgrinter<\/a><\/h4><\/td><\/tr><\/tbody><\/table><h4>&nbsp;<\/h4><\/section><h4>Acuerdos Marco Globales (AMG) en el sector qu\u00edmico, farmac\u00e9utico&nbsp;y biociencias<\/h4><table border=\"1\" cellpadding=\"1\" cellspacing=\"1\" style=\"width:500px\"><tbody><tr><td><a href=\"http:\/\/www.industriall-union.org\/umicore-and-industriall-renew-global-framework-agreement\"><img decoding=\"async\" alt=\"\" src=\"\/wp-content\/uploads\/images\/Company-Logos\/umicore.jpg\" style=\"width: 200px;height: 102px\" \/><\/a><\/td><td><a href=\"http:\/\/www.industriall-union.org\/solvay-and-industriall-renew-their-global-framework-agreement-for-five-years\"><img decoding=\"async\" alt=\"\" src=\"\/wp-content\/uploads\/images\/Company-Logos\/solvay-logo-vector.png\" style=\"width: 200px;height: 111px\" \/><\/a><\/td><\/tr><\/tbody><\/table>","protected":false},"excerpt":{"rendered":"<p>Qu\u00edmica, farmac\u00e9utica y biociencias IndustriALL Global Union cuenta con una amplia gama de actividades en el sector qu\u00edmico, farmac\u00e9utico y de la biociencia, incluidos los acuerdos marco globales, redes a nivel de empresa y sub-sectoriales globales y regionales, y varias unidades de di\u00e1logo social. Tambi\u00e9n hay iniciativas con las organizaciones intergubernamentales en materia laboral, desarrollo [&hellip;]<\/p>\n","protected":false},"author":1,"featured_media":0,"parent":0,"menu_order":0,"comment_status":"closed","ping_status":"closed","template":"","meta":{"_acf_changed":false,"footnotes":""},"issues":[],"companies":[],"regions":[],"sectors":[446],"article_tags":[],"class_list":["post-212613","page","type-page","status-publish","hentry","sectors-quimicas-farmaceutica-y-ciencias-biologicas"],"acf":[],"yoast_head":"<!-- This site is optimized with the Yoast SEO Premium plugin v27.1 (Yoast SEO v27.1) - https:\/\/yoast.com\/product\/yoast-seo-premium-wordpress\/ -->\n<title>Qu\u00edmica, farmac\u00e9utica y biociencias - industriall-union<\/title>\n<meta name=\"robots\" content=\"index, follow, max-snippet:-1, max-image-preview:large, max-video-preview:-1\" \/>\n<link rel=\"canonical\" href=\"https:\/\/admin.industriall-union.org\/es\/chemical-pharmaceutical-and-bio-science\/\" \/>\n<meta property=\"og:locale\" content=\"es_ES\" \/>\n<meta property=\"og:type\" content=\"article\" \/>\n<meta property=\"og:title\" content=\"Qu\u00edmica, farmac\u00e9utica y biociencias\" \/>\n<meta property=\"og:description\" content=\"Qu\u00edmica, farmac\u00e9utica y biociencias IndustriALL Global Union cuenta con una amplia gama de actividades en el sector qu\u00edmico, farmac\u00e9utico y de la biociencia, incluidos los acuerdos marco globales, redes a nivel de empresa y sub-sectoriales globales y regionales, y varias unidades de di\u00e1logo social. Tambi\u00e9n hay iniciativas con las organizaciones intergubernamentales en materia laboral, desarrollo [&hellip;]\" \/>\n<meta property=\"og:url\" content=\"https:\/\/admin.industriall-union.org\/es\/chemical-pharmaceutical-and-bio-science\/\" \/>\n<meta property=\"og:site_name\" content=\"industriall-union\" \/>\n<meta property=\"article:modified_time\" content=\"2026-02-03T13:18:24+00:00\" \/>\n<meta name=\"twitter:card\" content=\"summary_large_image\" \/>\n<script type=\"application\/ld+json\" class=\"yoast-schema-graph\">{\"@context\":\"https:\/\/schema.org\",\"@graph\":[{\"@type\":\"WebPage\",\"@id\":\"https:\/\/admin.industriall-union.org\/es\/chemical-pharmaceutical-and-bio-science\/\",\"url\":\"https:\/\/admin.industriall-union.org\/es\/chemical-pharmaceutical-and-bio-science\/\",\"name\":\"Qu\u00edmica, farmac\u00e9utica y biociencias - industriall-union\",\"isPartOf\":{\"@id\":\"https:\/\/admin.industriall-union.org\/#website\"},\"datePublished\":\"2019-03-08T14:01:50+00:00\",\"dateModified\":\"2026-02-03T13:18:24+00:00\",\"breadcrumb\":{\"@id\":\"https:\/\/admin.industriall-union.org\/es\/chemical-pharmaceutical-and-bio-science\/#breadcrumb\"},\"inLanguage\":\"es-ES\",\"potentialAction\":[{\"@type\":\"ReadAction\",\"target\":[\"https:\/\/admin.industriall-union.org\/es\/chemical-pharmaceutical-and-bio-science\/\"]}]},{\"@type\":\"BreadcrumbList\",\"@id\":\"https:\/\/admin.industriall-union.org\/es\/chemical-pharmaceutical-and-bio-science\/#breadcrumb\",\"itemListElement\":[{\"@type\":\"ListItem\",\"position\":1,\"name\":\"Home\",\"item\":\"https:\/\/admin.industriall-union.org\/\"},{\"@type\":\"ListItem\",\"position\":2,\"name\":\"Qu\u00edmica, farmac\u00e9utica y biociencias\"}]},{\"@type\":\"WebSite\",\"@id\":\"https:\/\/admin.industriall-union.org\/#website\",\"url\":\"https:\/\/admin.industriall-union.org\/\",\"name\":\"industriall-union\",\"description\":\"\",\"potentialAction\":[{\"@type\":\"SearchAction\",\"target\":{\"@type\":\"EntryPoint\",\"urlTemplate\":\"https:\/\/admin.industriall-union.org\/?s={search_term_string}\"},\"query-input\":{\"@type\":\"PropertyValueSpecification\",\"valueRequired\":true,\"valueName\":\"search_term_string\"}}],\"inLanguage\":\"es-ES\"}]}<\/script>\n<!-- \/ Yoast SEO Premium plugin. -->","yoast_head_json":{"title":"Qu\u00edmica, farmac\u00e9utica y biociencias - industriall-union","robots":{"index":"index","follow":"follow","max-snippet":"max-snippet:-1","max-image-preview":"max-image-preview:large","max-video-preview":"max-video-preview:-1"},"canonical":"https:\/\/admin.industriall-union.org\/es\/chemical-pharmaceutical-and-bio-science\/","og_locale":"es_ES","og_type":"article","og_title":"Qu\u00edmica, farmac\u00e9utica y biociencias","og_description":"Qu\u00edmica, farmac\u00e9utica y biociencias IndustriALL Global Union cuenta con una amplia gama de actividades en el sector qu\u00edmico, farmac\u00e9utico y de la biociencia, incluidos los acuerdos marco globales, redes a nivel de empresa y sub-sectoriales globales y regionales, y varias unidades de di\u00e1logo social. Tambi\u00e9n hay iniciativas con las organizaciones intergubernamentales en materia laboral, desarrollo [&hellip;]","og_url":"https:\/\/admin.industriall-union.org\/es\/chemical-pharmaceutical-and-bio-science\/","og_site_name":"industriall-union","article_modified_time":"2026-02-03T13:18:24+00:00","twitter_card":"summary_large_image","schema":{"@context":"https:\/\/schema.org","@graph":[{"@type":"WebPage","@id":"https:\/\/admin.industriall-union.org\/es\/chemical-pharmaceutical-and-bio-science\/","url":"https:\/\/admin.industriall-union.org\/es\/chemical-pharmaceutical-and-bio-science\/","name":"Qu\u00edmica, farmac\u00e9utica y biociencias - industriall-union","isPartOf":{"@id":"https:\/\/admin.industriall-union.org\/#website"},"datePublished":"2019-03-08T14:01:50+00:00","dateModified":"2026-02-03T13:18:24+00:00","breadcrumb":{"@id":"https:\/\/admin.industriall-union.org\/es\/chemical-pharmaceutical-and-bio-science\/#breadcrumb"},"inLanguage":"es-ES","potentialAction":[{"@type":"ReadAction","target":["https:\/\/admin.industriall-union.org\/es\/chemical-pharmaceutical-and-bio-science\/"]}]},{"@type":"BreadcrumbList","@id":"https:\/\/admin.industriall-union.org\/es\/chemical-pharmaceutical-and-bio-science\/#breadcrumb","itemListElement":[{"@type":"ListItem","position":1,"name":"Home","item":"https:\/\/admin.industriall-union.org\/"},{"@type":"ListItem","position":2,"name":"Qu\u00edmica, farmac\u00e9utica y biociencias"}]},{"@type":"WebSite","@id":"https:\/\/admin.industriall-union.org\/#website","url":"https:\/\/admin.industriall-union.org\/","name":"industriall-union","description":"","potentialAction":[{"@type":"SearchAction","target":{"@type":"EntryPoint","urlTemplate":"https:\/\/admin.industriall-union.org\/?s={search_term_string}"},"query-input":{"@type":"PropertyValueSpecification","valueRequired":true,"valueName":"search_term_string"}}],"inLanguage":"es-ES"}]}},"_links":{"self":[{"href":"https:\/\/admin.industriall-union.org\/es\/wp-json\/wp\/v2\/pages\/212613","targetHints":{"allow":["GET"]}}],"collection":[{"href":"https:\/\/admin.industriall-union.org\/es\/wp-json\/wp\/v2\/pages"}],"about":[{"href":"https:\/\/admin.industriall-union.org\/es\/wp-json\/wp\/v2\/types\/page"}],"author":[{"embeddable":true,"href":"https:\/\/admin.industriall-union.org\/es\/wp-json\/wp\/v2\/users\/1"}],"replies":[{"embeddable":true,"href":"https:\/\/admin.industriall-union.org\/es\/wp-json\/wp\/v2\/comments?post=212613"}],"version-history":[{"count":3,"href":"https:\/\/admin.industriall-union.org\/es\/wp-json\/wp\/v2\/pages\/212613\/revisions"}],"predecessor-version":[{"id":464219,"href":"https:\/\/admin.industriall-union.org\/es\/wp-json\/wp\/v2\/pages\/212613\/revisions\/464219"}],"wp:attachment":[{"href":"https:\/\/admin.industriall-union.org\/es\/wp-json\/wp\/v2\/media?parent=212613"}],"wp:term":[{"taxonomy":"issues","embeddable":true,"href":"https:\/\/admin.industriall-union.org\/es\/wp-json\/wp\/v2\/issues?post=212613"},{"taxonomy":"companies","embeddable":true,"href":"https:\/\/admin.industriall-union.org\/es\/wp-json\/wp\/v2\/companies?post=212613"},{"taxonomy":"regions","embeddable":true,"href":"https:\/\/admin.industriall-union.org\/es\/wp-json\/wp\/v2\/regions?post=212613"},{"taxonomy":"sectors","embeddable":true,"href":"https:\/\/admin.industriall-union.org\/es\/wp-json\/wp\/v2\/sectors?post=212613"},{"taxonomy":"article_tags","embeddable":true,"href":"https:\/\/admin.industriall-union.org\/es\/wp-json\/wp\/v2\/article_tags?post=212613"}],"curies":[{"name":"wp","href":"https:\/\/api.w.org\/{rel}","templated":true}]}}