{"id":212593,"date":"2019-03-11T14:30:10","date_gmt":"2019-03-11T14:30:10","guid":{"rendered":"https:\/\/admin.industriall-union.org\/ingenieria-mecanica\/"},"modified":"2026-02-03T13:16:32","modified_gmt":"2026-02-03T13:16:32","slug":"ingenieria-mecanica","status":"publish","type":"page","link":"https:\/\/admin.industriall-union.org\/es\/ingenieria-mecanica\/","title":{"rendered":"Ingenier\u00eda Mec\u00e1nica"},"content":{"rendered":"<figure class=\"imageArticle imageFull colorOverlay\"><figcaption class=\"imageContent\"><div class=\"imageTitle\"><h1><a href=\"http:\/\/industriall.consids5.se\/strong-union-presence-in-renewables-sector-is-key-to-organizing-the-future\"><span style=\"color:#ffffff\">Strong union presence in renewables is key to future<\/span><\/a><\/h1><\/div><div class=\"imageCaption\">&nbsp;<\/div><\/figcaption><\/figure><section class=\"boxTurquoise\"><h2>Ingenier\u00eda Mec\u00e1nica<\/h2><p>La ingenier\u00eda mec\u00e1nica es una de las disciplinas m\u00e1s amplias y antiguas que existen. IndustriAll busca reunir a los varios sindicatos de la industria para promover el intercambio de informaci\u00f3n, desarrollar posiciones y estrategias comunes, y desarrollar su fuerza sindical.<\/p><h3>Contact<\/h3><table border=\"1\" cellpadding=\"1\" cellspacing=\"1\" style=\"width:100%\"><tbody><tr><td style=\"text-align: center\"><img decoding=\"async\" alt=\"\" src=\"\/wp-content\/uploads\/images\/People\/Internal\/correagreen.png\" style=\"width: 200px;height: 200px\" \/><\/td><td><h4>Patrick Correa<br \/>tel. +41 22 308 5041<br \/>e-mail: <a href=\"mailto:pcorrea@industriall-union.org\">pcorrea<\/a><\/h4><\/td><\/tr><\/tbody><\/table><\/section><h4>Acuerdos Marco Globales (AMG) en el sector de la ingenier\u00eda mec\u00e1nica<\/h4><table border=\"1\" cellpadding=\"1\" cellspacing=\"1\" style=\"width:500px\"><tbody><tr><td><a href=\"http:\/\/www.industriall-union.org\/gea\"><img decoding=\"async\" alt=\"\" src=\"\/wp-content\/uploads\/images\/Company-Logos\/gea_logo_big.jpg\" style=\"width: 200px;height: 67px\" \/><\/a><\/td><td><a href=\"http:\/\/www.industriall-union.org\/skf\"><img decoding=\"async\" alt=\"\" src=\"\/wp-content\/uploads\/images\/Company-Logos\/skf.jpg\" style=\"width: 200px;height: 82px\" \/><\/a><\/td><td><a href=\"http:\/\/www.industriall-union.org\/industriall-and-thyssenkrupp-sign-global-agreement-on-promotion-of-fundamental-rights\"><img decoding=\"async\" alt=\"\" src=\"\/wp-content\/uploads\/images\/Company-Logos\/thyssenkrupp-logo-1520596791.jpg\" style=\"width: 200px;height: 69px\" \/><\/a><\/td><td><a href=\"http:\/\/www.industriall-union.org\/industriall-signs-framework-agreement-with-tk-elevator\"><img decoding=\"async\" alt=\"\" src=\"\/wp-content\/uploads\/images\/Company-Logos\/photo_new-tke-logo.png\" style=\"width: 150px;height: 104px\" \/><\/a><\/td><\/tr><\/tbody><\/table><h4>Publicaciones<\/h4><table border=\"1\" cellpadding=\"1\" cellspacing=\"1\" style=\"width:500px\"><tbody><tr><td><p><a href=\"\/wp-content\/uploads\/documents\/2019\/NEWwebsitedocs\/action_plan_mechanical17.pdf\">Plan de acci\u00f3n en el sector de la ingenier\u00eda mec\u00e1nica,<\/a><\/p><p>(November 2015)<\/p><\/td><td><a href=\"\/wp-content\/uploads\/documents\/2019\/NEWwebsitedocs\/mechanical_engineering_report_english.pdf\"><img decoding=\"async\" alt=\"\" src=\"\/wp-content\/uploads\/images\/publications\/screenshot_2022-02-15_at_13.15.59.png\" style=\"width: 200px;height: 282px\" \/><\/a><\/td><\/tr><\/tbody><\/table><h4><span style=\"color:#c0392b\">Articulos de fondo<\/span><\/h4><figure class=\"imageArticle imageFull\"><a href=\"http:\/\/industriall.consids5.se\/strong-union-presence-in-renewables-sector-is-key-to-organizing-the-future\"><img decoding=\"async\" alt=\"\" src=\"\/wp-content\/uploads\/images\/2018\/SWEDEN\/renewables_group_final_2.jpg\" \/><\/a><figcaption class=\"imageContent\"><div class=\"imageTitle\"><h1 style=\"text-align: right\"><a href=\"https:\/\/www.industriall-union.org\/es\/la-clave-del-futuro-del-planeta-depende-del-desarrollo-de-una-gran-fuerza-sindical-en-el-sector-de\">La clave del futuro del planeta depende del desarrollo de una gran fuerza sindical en el sector de la energ\u00eda renovable<\/a><\/h1><\/div><\/figcaption><\/figure><figure class=\"imageArticle imageFull colorOverlay\"><figcaption class=\"imageContent\"><div class=\"imageTitle\"><h1><a href=\"http:\/\/industriall.consids5.se\/strong-union-presence-in-renewables-sector-is-key-to-organizing-the-future\"><span style=\"color:#ffffff\">Strong union presence in renewables is key to future<\/span><\/a><\/h1><\/div><div class=\"imageCaption\">&nbsp;<\/div><\/figcaption><\/figure>","protected":false},"excerpt":{"rendered":"<p>Strong union presence in renewables is key to future &nbsp; Ingenier\u00eda Mec\u00e1nica La ingenier\u00eda mec\u00e1nica es una de las disciplinas m\u00e1s amplias y antiguas que existen. IndustriAll busca reunir a los varios sindicatos de la industria para promover el intercambio de informaci\u00f3n, desarrollar posiciones y estrategias comunes, y desarrollar su fuerza sindical. Contact Patrick Correatel. [&hellip;]<\/p>\n","protected":false},"author":1,"featured_media":0,"parent":0,"menu_order":0,"comment_status":"closed","ping_status":"closed","template":"","meta":{"_acf_changed":false,"footnotes":""},"issues":[],"companies":[],"regions":[],"sectors":[437],"article_tags":[],"class_list":["post-212593","page","type-page","status-publish","hentry","sectors-ingenieria-mecanica"],"acf":[],"yoast_head":"<!-- This site is optimized with the Yoast SEO Premium plugin v27.1 (Yoast SEO v27.1) - https:\/\/yoast.com\/product\/yoast-seo-premium-wordpress\/ -->\n<title>Ingenier\u00eda Mec\u00e1nica - industriall-union<\/title>\n<meta name=\"robots\" content=\"index, follow, max-snippet:-1, max-image-preview:large, max-video-preview:-1\" \/>\n<link rel=\"canonical\" href=\"https:\/\/admin.industriall-union.org\/es\/ingenieria-mecanica\/\" \/>\n<meta property=\"og:locale\" content=\"es_ES\" \/>\n<meta property=\"og:type\" content=\"article\" \/>\n<meta property=\"og:title\" content=\"Ingenier\u00eda Mec\u00e1nica\" \/>\n<meta property=\"og:description\" content=\"Strong union presence in renewables is key to future &nbsp; Ingenier\u00eda Mec\u00e1nica La ingenier\u00eda mec\u00e1nica es una de las disciplinas m\u00e1s amplias y antiguas que existen. IndustriAll busca reunir a los varios sindicatos de la industria para promover el intercambio de informaci\u00f3n, desarrollar posiciones y estrategias comunes, y desarrollar su fuerza sindical. Contact Patrick Correatel. [&hellip;]\" \/>\n<meta property=\"og:url\" content=\"https:\/\/admin.industriall-union.org\/es\/ingenieria-mecanica\/\" \/>\n<meta property=\"og:site_name\" content=\"industriall-union\" \/>\n<meta property=\"article:modified_time\" content=\"2026-02-03T13:16:32+00:00\" \/>\n<meta name=\"twitter:card\" content=\"summary_large_image\" \/>\n<meta name=\"twitter:label1\" content=\"Est. reading time\" \/>\n\t<meta name=\"twitter:data1\" content=\"1 minute\" \/>\n<script type=\"application\/ld+json\" class=\"yoast-schema-graph\">{\"@context\":\"https:\/\/schema.org\",\"@graph\":[{\"@type\":\"WebPage\",\"@id\":\"https:\/\/admin.industriall-union.org\/es\/ingenieria-mecanica\/\",\"url\":\"https:\/\/admin.industriall-union.org\/es\/ingenieria-mecanica\/\",\"name\":\"Ingenier\u00eda Mec\u00e1nica - industriall-union\",\"isPartOf\":{\"@id\":\"https:\/\/admin.industriall-union.org\/#website\"},\"datePublished\":\"2019-03-11T14:30:10+00:00\",\"dateModified\":\"2026-02-03T13:16:32+00:00\",\"breadcrumb\":{\"@id\":\"https:\/\/admin.industriall-union.org\/es\/ingenieria-mecanica\/#breadcrumb\"},\"inLanguage\":\"es-ES\",\"potentialAction\":[{\"@type\":\"ReadAction\",\"target\":[\"https:\/\/admin.industriall-union.org\/es\/ingenieria-mecanica\/\"]}]},{\"@type\":\"BreadcrumbList\",\"@id\":\"https:\/\/admin.industriall-union.org\/es\/ingenieria-mecanica\/#breadcrumb\",\"itemListElement\":[{\"@type\":\"ListItem\",\"position\":1,\"name\":\"Home\",\"item\":\"https:\/\/admin.industriall-union.org\/\"},{\"@type\":\"ListItem\",\"position\":2,\"name\":\"Ingenier\u00eda Mec\u00e1nica\"}]},{\"@type\":\"WebSite\",\"@id\":\"https:\/\/admin.industriall-union.org\/#website\",\"url\":\"https:\/\/admin.industriall-union.org\/\",\"name\":\"industriall-union\",\"description\":\"\",\"potentialAction\":[{\"@type\":\"SearchAction\",\"target\":{\"@type\":\"EntryPoint\",\"urlTemplate\":\"https:\/\/admin.industriall-union.org\/?s={search_term_string}\"},\"query-input\":{\"@type\":\"PropertyValueSpecification\",\"valueRequired\":true,\"valueName\":\"search_term_string\"}}],\"inLanguage\":\"es-ES\"}]}<\/script>\n<!-- \/ Yoast SEO Premium plugin. -->","yoast_head_json":{"title":"Ingenier\u00eda Mec\u00e1nica - industriall-union","robots":{"index":"index","follow":"follow","max-snippet":"max-snippet:-1","max-image-preview":"max-image-preview:large","max-video-preview":"max-video-preview:-1"},"canonical":"https:\/\/admin.industriall-union.org\/es\/ingenieria-mecanica\/","og_locale":"es_ES","og_type":"article","og_title":"Ingenier\u00eda Mec\u00e1nica","og_description":"Strong union presence in renewables is key to future &nbsp; Ingenier\u00eda Mec\u00e1nica La ingenier\u00eda mec\u00e1nica es una de las disciplinas m\u00e1s amplias y antiguas que existen. IndustriAll busca reunir a los varios sindicatos de la industria para promover el intercambio de informaci\u00f3n, desarrollar posiciones y estrategias comunes, y desarrollar su fuerza sindical. Contact Patrick Correatel. [&hellip;]","og_url":"https:\/\/admin.industriall-union.org\/es\/ingenieria-mecanica\/","og_site_name":"industriall-union","article_modified_time":"2026-02-03T13:16:32+00:00","twitter_card":"summary_large_image","twitter_misc":{"Est. reading time":"1 minute"},"schema":{"@context":"https:\/\/schema.org","@graph":[{"@type":"WebPage","@id":"https:\/\/admin.industriall-union.org\/es\/ingenieria-mecanica\/","url":"https:\/\/admin.industriall-union.org\/es\/ingenieria-mecanica\/","name":"Ingenier\u00eda Mec\u00e1nica - industriall-union","isPartOf":{"@id":"https:\/\/admin.industriall-union.org\/#website"},"datePublished":"2019-03-11T14:30:10+00:00","dateModified":"2026-02-03T13:16:32+00:00","breadcrumb":{"@id":"https:\/\/admin.industriall-union.org\/es\/ingenieria-mecanica\/#breadcrumb"},"inLanguage":"es-ES","potentialAction":[{"@type":"ReadAction","target":["https:\/\/admin.industriall-union.org\/es\/ingenieria-mecanica\/"]}]},{"@type":"BreadcrumbList","@id":"https:\/\/admin.industriall-union.org\/es\/ingenieria-mecanica\/#breadcrumb","itemListElement":[{"@type":"ListItem","position":1,"name":"Home","item":"https:\/\/admin.industriall-union.org\/"},{"@type":"ListItem","position":2,"name":"Ingenier\u00eda Mec\u00e1nica"}]},{"@type":"WebSite","@id":"https:\/\/admin.industriall-union.org\/#website","url":"https:\/\/admin.industriall-union.org\/","name":"industriall-union","description":"","potentialAction":[{"@type":"SearchAction","target":{"@type":"EntryPoint","urlTemplate":"https:\/\/admin.industriall-union.org\/?s={search_term_string}"},"query-input":{"@type":"PropertyValueSpecification","valueRequired":true,"valueName":"search_term_string"}}],"inLanguage":"es-ES"}]}},"_links":{"self":[{"href":"https:\/\/admin.industriall-union.org\/es\/wp-json\/wp\/v2\/pages\/212593","targetHints":{"allow":["GET"]}}],"collection":[{"href":"https:\/\/admin.industriall-union.org\/es\/wp-json\/wp\/v2\/pages"}],"about":[{"href":"https:\/\/admin.industriall-union.org\/es\/wp-json\/wp\/v2\/types\/page"}],"author":[{"embeddable":true,"href":"https:\/\/admin.industriall-union.org\/es\/wp-json\/wp\/v2\/users\/1"}],"replies":[{"embeddable":true,"href":"https:\/\/admin.industriall-union.org\/es\/wp-json\/wp\/v2\/comments?post=212593"}],"version-history":[{"count":3,"href":"https:\/\/admin.industriall-union.org\/es\/wp-json\/wp\/v2\/pages\/212593\/revisions"}],"predecessor-version":[{"id":464208,"href":"https:\/\/admin.industriall-union.org\/es\/wp-json\/wp\/v2\/pages\/212593\/revisions\/464208"}],"wp:attachment":[{"href":"https:\/\/admin.industriall-union.org\/es\/wp-json\/wp\/v2\/media?parent=212593"}],"wp:term":[{"taxonomy":"issues","embeddable":true,"href":"https:\/\/admin.industriall-union.org\/es\/wp-json\/wp\/v2\/issues?post=212593"},{"taxonomy":"companies","embeddable":true,"href":"https:\/\/admin.industriall-union.org\/es\/wp-json\/wp\/v2\/companies?post=212593"},{"taxonomy":"regions","embeddable":true,"href":"https:\/\/admin.industriall-union.org\/es\/wp-json\/wp\/v2\/regions?post=212593"},{"taxonomy":"sectors","embeddable":true,"href":"https:\/\/admin.industriall-union.org\/es\/wp-json\/wp\/v2\/sectors?post=212593"},{"taxonomy":"article_tags","embeddable":true,"href":"https:\/\/admin.industriall-union.org\/es\/wp-json\/wp\/v2\/article_tags?post=212593"}],"curies":[{"name":"wp","href":"https:\/\/api.w.org\/{rel}","templated":true}]}}