{"id":212592,"date":"2019-03-11T14:49:13","date_gmt":"2019-03-11T14:49:13","guid":{"rendered":"https:\/\/admin.industriall-union.org\/mineria-y-dgojp\/"},"modified":"2026-02-03T13:15:42","modified_gmt":"2026-02-03T13:15:42","slug":"mineria-y-dgojp","status":"publish","type":"page","link":"https:\/\/admin.industriall-union.org\/es\/mineria-y-dgojp\/","title":{"rendered":"Miner\u00eda y DGOJP"},"content":{"rendered":"<p>IndustriALL trabaja para desarrollar el poder sindical y fortalecer los sindicatos en los sectores de miner\u00eda y DGOJP (procesamiento de diamantes, gemas, ornamentos y joyas) a trav\u00e9s de redes de apoyo globales, campa\u00f1as y organizaci\u00f3n para evitar &quot;una carrera hacia el fondo&quot;.<\/p><p>Se estima que el sector minero formal emplea a m\u00e1s de 3,7 millones de trabajadores en todo el mundo, de los cuales 1,5 millones trabajan en pa\u00edses desarrollados y 2,2 millones trabajan en pa\u00edses en desarrollo.<\/p><p>Hay aproximadamente 70 sindicatos nacionales afiliados a IndustriALL en el sector, lo que incluye v\u00ednculos ascendentes con sindicatos en cadenas de suministro mundiales en la producci\u00f3n de diamantes, gemas, ornamentos y joyas, as\u00ed como v\u00ednculos descendentes con otros sectores de la IndustriALL, tales como autom\u00f3viles, productos qu\u00edmicos, metales b\u00e1sicos, aeroespacial, TIC, electricidad y electr\u00f3nica, y energ\u00eda.<\/p><h2><span class=\"turquoise\">Campa\u00f1as relacionadas:<\/span><\/h2><figure class=\"imageArticle imageFull\"><img decoding=\"async\" alt=\"\" src=\"\/wp-content\/uploads\/images\/Campaigns\/BHP\/bhp2.png\" style=\"width: 1000px;height: 558px\" \/><figcaption class=\"imageContent\"><div class=\"imageTitle\"><h1 style=\"text-align: right\"><a href=\"http:\/\/www.industriall-union.org\/es\/campana-bhp\">Campa\u00f1a BHP<\/a><\/h1><\/div><div class=\"imageCaption\"><p>&quot;La red mundial de BHP de IndustriALL ha lanzado una campa\u00f1a para fortalecer la acci\u00f3n sindical y para exhortar a BHP, la empresa minera m\u00e1s grande en el mundo por capitalizaci\u00f3n de mercado, a que ponga fin a su mal comportamiento corporativo a expensas de los trabajadores.&quot;<\/p><\/div><\/figcaption><\/figure><figure class=\"imageArticle imageFull\"><a href=\"http:\/\/industriall.consids5.se\/es\/ratifica-el-c176-de-la-oit-0\" target=\"_blank\"><img decoding=\"async\" alt=\"\" src=\"\/wp-content\/uploads\/images\/General-pics\/MIning\/minesafety.jpg\" \/><\/a><figcaption class=\"imageContent\"><div class=\"imageTitle\"><h1 style=\"text-align: right\"><a href=\"http:\/\/industriall.consids5.se\/es\/ratifica-el-c176-de-la-oit-0\"><span style=\"color:#ffffff\">Ratificar y aplicar el <\/span><span style=\"color:#f1c40f\">Convenio 176 de la OIT<\/span><span style=\"color:#ffffff\"> sobre seguridad y salud en las minas.<\/span><\/a><\/h1><\/div><div class=\"imageCaption\"><p>&quot;Cuanto m\u00e1s fuerte es la uni\u00f3n m\u00e1s segura es la mina&quot;<\/p><\/div><\/figcaption><\/figure><h4>Persona de contacto:<\/h4><table border=\"1\" cellpadding=\"1\" cellspacing=\"1\" style=\"width:100%\"><tbody><tr><td><strong><img decoding=\"async\" alt=\"\" src=\"\/wp-content\/uploads\/images\/People\/Internal\/IndustriALL-Staff\/glen_mpufane_1.jpg\" style=\"width: 200px;height: 190px\" \/><\/strong><\/td><td><strong>Glen Mpufane<\/strong><br \/>Tel. +41 22 304 1845<br \/>Fax: +41 22 308 5055<br \/>e-mail: <a href=\"http:\/\/gmpufane@industriall-union.org\">gmpufane@industriall-union.org<\/a><\/td><\/tr><\/tbody><\/table>","protected":false},"excerpt":{"rendered":"<p>IndustriALL trabaja para desarrollar el poder sindical y fortalecer los sindicatos en los sectores de miner\u00eda y DGOJP (procesamiento de diamantes, gemas, ornamentos y joyas) a trav\u00e9s de redes de apoyo globales, campa\u00f1as y organizaci\u00f3n para evitar &quot;una carrera hacia el fondo&quot;. Se estima que el sector minero formal emplea a m\u00e1s de 3,7 millones [&hellip;]<\/p>\n","protected":false},"author":1,"featured_media":0,"parent":0,"menu_order":0,"comment_status":"closed","ping_status":"closed","template":"","meta":{"_acf_changed":false,"footnotes":""},"issues":[],"companies":[],"regions":[],"sectors":[442],"article_tags":[],"class_list":["post-212592","page","type-page","status-publish","hentry","sectors-mineria-y-dgojp"],"acf":[],"yoast_head":"<!-- This site is optimized with the Yoast SEO Premium plugin v27.1 (Yoast SEO v27.1) - https:\/\/yoast.com\/product\/yoast-seo-premium-wordpress\/ -->\n<title>Miner\u00eda y DGOJP - industriall-union<\/title>\n<meta name=\"robots\" content=\"index, follow, max-snippet:-1, max-image-preview:large, max-video-preview:-1\" \/>\n<link rel=\"canonical\" href=\"https:\/\/admin.industriall-union.org\/es\/mineria-y-dgojp\/\" \/>\n<meta property=\"og:locale\" content=\"es_ES\" \/>\n<meta property=\"og:type\" content=\"article\" \/>\n<meta property=\"og:title\" content=\"Miner\u00eda y DGOJP\" \/>\n<meta property=\"og:description\" content=\"IndustriALL trabaja para desarrollar el poder sindical y fortalecer los sindicatos en los sectores de miner\u00eda y DGOJP (procesamiento de diamantes, gemas, ornamentos y joyas) a trav\u00e9s de redes de apoyo globales, campa\u00f1as y organizaci\u00f3n para evitar &quot;una carrera hacia el fondo&quot;. Se estima que el sector minero formal emplea a m\u00e1s de 3,7 millones [&hellip;]\" \/>\n<meta property=\"og:url\" content=\"https:\/\/admin.industriall-union.org\/es\/mineria-y-dgojp\/\" \/>\n<meta property=\"og:site_name\" content=\"industriall-union\" \/>\n<meta property=\"article:modified_time\" content=\"2026-02-03T13:15:42+00:00\" \/>\n<meta name=\"twitter:card\" content=\"summary_large_image\" \/>\n<meta name=\"twitter:label1\" content=\"Est. reading time\" \/>\n\t<meta name=\"twitter:data1\" content=\"1 minute\" \/>\n<script type=\"application\/ld+json\" class=\"yoast-schema-graph\">{\"@context\":\"https:\/\/schema.org\",\"@graph\":[{\"@type\":\"WebPage\",\"@id\":\"https:\/\/admin.industriall-union.org\/es\/mineria-y-dgojp\/\",\"url\":\"https:\/\/admin.industriall-union.org\/es\/mineria-y-dgojp\/\",\"name\":\"Miner\u00eda y DGOJP - industriall-union\",\"isPartOf\":{\"@id\":\"https:\/\/admin.industriall-union.org\/fr\/#website\"},\"datePublished\":\"2019-03-11T14:49:13+00:00\",\"dateModified\":\"2026-02-03T13:15:42+00:00\",\"breadcrumb\":{\"@id\":\"https:\/\/admin.industriall-union.org\/es\/mineria-y-dgojp\/#breadcrumb\"},\"inLanguage\":\"es-ES\",\"potentialAction\":[{\"@type\":\"ReadAction\",\"target\":[\"https:\/\/admin.industriall-union.org\/es\/mineria-y-dgojp\/\"]}]},{\"@type\":\"BreadcrumbList\",\"@id\":\"https:\/\/admin.industriall-union.org\/es\/mineria-y-dgojp\/#breadcrumb\",\"itemListElement\":[{\"@type\":\"ListItem\",\"position\":1,\"name\":\"Home\",\"item\":\"https:\/\/admin.industriall-union.org\/fr\/\"},{\"@type\":\"ListItem\",\"position\":2,\"name\":\"Miner\u00eda y DGOJP\"}]},{\"@type\":\"WebSite\",\"@id\":\"https:\/\/admin.industriall-union.org\/fr\/#website\",\"url\":\"https:\/\/admin.industriall-union.org\/fr\/\",\"name\":\"industriall-union\",\"description\":\"\",\"potentialAction\":[{\"@type\":\"SearchAction\",\"target\":{\"@type\":\"EntryPoint\",\"urlTemplate\":\"https:\/\/admin.industriall-union.org\/fr\/?s={search_term_string}\"},\"query-input\":{\"@type\":\"PropertyValueSpecification\",\"valueRequired\":true,\"valueName\":\"search_term_string\"}}],\"inLanguage\":\"es-ES\"}]}<\/script>\n<!-- \/ Yoast SEO Premium plugin. -->","yoast_head_json":{"title":"Miner\u00eda y DGOJP - industriall-union","robots":{"index":"index","follow":"follow","max-snippet":"max-snippet:-1","max-image-preview":"max-image-preview:large","max-video-preview":"max-video-preview:-1"},"canonical":"https:\/\/admin.industriall-union.org\/es\/mineria-y-dgojp\/","og_locale":"es_ES","og_type":"article","og_title":"Miner\u00eda y DGOJP","og_description":"IndustriALL trabaja para desarrollar el poder sindical y fortalecer los sindicatos en los sectores de miner\u00eda y DGOJP (procesamiento de diamantes, gemas, ornamentos y joyas) a trav\u00e9s de redes de apoyo globales, campa\u00f1as y organizaci\u00f3n para evitar &quot;una carrera hacia el fondo&quot;. Se estima que el sector minero formal emplea a m\u00e1s de 3,7 millones [&hellip;]","og_url":"https:\/\/admin.industriall-union.org\/es\/mineria-y-dgojp\/","og_site_name":"industriall-union","article_modified_time":"2026-02-03T13:15:42+00:00","twitter_card":"summary_large_image","twitter_misc":{"Est. reading time":"1 minute"},"schema":{"@context":"https:\/\/schema.org","@graph":[{"@type":"WebPage","@id":"https:\/\/admin.industriall-union.org\/es\/mineria-y-dgojp\/","url":"https:\/\/admin.industriall-union.org\/es\/mineria-y-dgojp\/","name":"Miner\u00eda y DGOJP - industriall-union","isPartOf":{"@id":"https:\/\/admin.industriall-union.org\/fr\/#website"},"datePublished":"2019-03-11T14:49:13+00:00","dateModified":"2026-02-03T13:15:42+00:00","breadcrumb":{"@id":"https:\/\/admin.industriall-union.org\/es\/mineria-y-dgojp\/#breadcrumb"},"inLanguage":"es-ES","potentialAction":[{"@type":"ReadAction","target":["https:\/\/admin.industriall-union.org\/es\/mineria-y-dgojp\/"]}]},{"@type":"BreadcrumbList","@id":"https:\/\/admin.industriall-union.org\/es\/mineria-y-dgojp\/#breadcrumb","itemListElement":[{"@type":"ListItem","position":1,"name":"Home","item":"https:\/\/admin.industriall-union.org\/fr\/"},{"@type":"ListItem","position":2,"name":"Miner\u00eda y DGOJP"}]},{"@type":"WebSite","@id":"https:\/\/admin.industriall-union.org\/fr\/#website","url":"https:\/\/admin.industriall-union.org\/fr\/","name":"industriall-union","description":"","potentialAction":[{"@type":"SearchAction","target":{"@type":"EntryPoint","urlTemplate":"https:\/\/admin.industriall-union.org\/fr\/?s={search_term_string}"},"query-input":{"@type":"PropertyValueSpecification","valueRequired":true,"valueName":"search_term_string"}}],"inLanguage":"es-ES"}]}},"_links":{"self":[{"href":"https:\/\/admin.industriall-union.org\/es\/wp-json\/wp\/v2\/pages\/212592","targetHints":{"allow":["GET"]}}],"collection":[{"href":"https:\/\/admin.industriall-union.org\/es\/wp-json\/wp\/v2\/pages"}],"about":[{"href":"https:\/\/admin.industriall-union.org\/es\/wp-json\/wp\/v2\/types\/page"}],"author":[{"embeddable":true,"href":"https:\/\/admin.industriall-union.org\/es\/wp-json\/wp\/v2\/users\/1"}],"replies":[{"embeddable":true,"href":"https:\/\/admin.industriall-union.org\/es\/wp-json\/wp\/v2\/comments?post=212592"}],"version-history":[{"count":2,"href":"https:\/\/admin.industriall-union.org\/es\/wp-json\/wp\/v2\/pages\/212592\/revisions"}],"predecessor-version":[{"id":464207,"href":"https:\/\/admin.industriall-union.org\/es\/wp-json\/wp\/v2\/pages\/212592\/revisions\/464207"}],"wp:attachment":[{"href":"https:\/\/admin.industriall-union.org\/es\/wp-json\/wp\/v2\/media?parent=212592"}],"wp:term":[{"taxonomy":"issues","embeddable":true,"href":"https:\/\/admin.industriall-union.org\/es\/wp-json\/wp\/v2\/issues?post=212592"},{"taxonomy":"companies","embeddable":true,"href":"https:\/\/admin.industriall-union.org\/es\/wp-json\/wp\/v2\/companies?post=212592"},{"taxonomy":"regions","embeddable":true,"href":"https:\/\/admin.industriall-union.org\/es\/wp-json\/wp\/v2\/regions?post=212592"},{"taxonomy":"sectors","embeddable":true,"href":"https:\/\/admin.industriall-union.org\/es\/wp-json\/wp\/v2\/sectors?post=212592"},{"taxonomy":"article_tags","embeddable":true,"href":"https:\/\/admin.industriall-union.org\/es\/wp-json\/wp\/v2\/article_tags?post=212592"}],"curies":[{"name":"wp","href":"https:\/\/api.w.org\/{rel}","templated":true}]}}