{"id":212591,"date":"2019-03-11T14:59:43","date_gmt":"2019-03-11T14:59:43","guid":{"rendered":"https:\/\/admin.industriall-union.org\/pulpa-y-papel\/"},"modified":"2026-02-03T13:14:44","modified_gmt":"2026-02-03T13:14:44","slug":"pulpa-y-papel","status":"publish","type":"page","link":"https:\/\/admin.industriall-union.org\/es\/pulpa-y-papel\/","title":{"rendered":"Pulpa y Papel"},"content":{"rendered":"<section class=\"boxTurquoise\"><h2>Pulpa y Papel<\/h2><p>La producci\u00f3n y la transformaci\u00f3n de la pulpa, del papel, del cart\u00f3n y de los embalajes de papel es un sector activo en IndustriALL. Un Grupo de Trabajo activista rige el sector compuesto de unos 90 sindicatos a trav\u00e9s de todo el mundo los que se enorgullecen en apoyarse, solidarizarse y compartir soluciones los unos con los otros ante conflictos y disputas.<\/p><h3>Contacto<\/h3><table border=\"1\" cellpadding=\"1\" cellspacing=\"1\" style=\"width:100%\"><tbody><tr><td><h4 style=\"text-align: center\"><strong><img decoding=\"async\" alt=\"\" src=\"\/wp-content\/uploads\/images\/People\/Internal\/IndustriALL-Staff\/tgrintersector.png\" style=\"width: 200px;height: 200px\" \/><\/strong><\/h4><\/td><td><h4><strong>Tom Grinter<\/strong><br \/>Tel. +41 22 308 1853<br \/>e-mail: <a href=\"mailto:tgrinter@industriall-union.org\">tgrinter<\/a><\/h4><\/td><\/tr><\/tbody><\/table><\/section><h4>Acuerdos Marco Globales (AMG) en el sector de la pulpa y el papel<\/h4><table border=\"1\" cellpadding=\"1\" cellspacing=\"1\" style=\"width:500px\"><tbody><tr><td><a href=\"https:\/\/www.industriall-union.org\/industriall-global-union-signs-two-new-global-framework-agreements\"><img decoding=\"async\" alt=\"\" src=\"\/wp-content\/uploads\/images\/Company-Logos\/norske_skog.jpg\" style=\"width: 200px;height: 59px\" \/><\/a><\/td><td><a href=\"https:\/\/www.industriall-union.org\/industriall-global-union-signs-two-new-global-framework-agreements\"><img decoding=\"async\" alt=\"\" src=\"\/wp-content\/uploads\/images\/Company-Logos\/sca.jpg\" style=\"width: 150px;height: 184px\" \/><\/a><\/td><td><a href=\"https:\/\/www.industriall-union.org\/industriall-global-union-signs-global-framework-agreement-with-essity\"><img decoding=\"async\" alt=\"\" src=\"\/wp-content\/uploads\/images\/Company-Logos\/essity-logo.jpg\" style=\"width: 200px;height: 90px\" \/><\/a><\/td><td><a href=\"https:\/\/www.industriall-union.org\/industriall-uni-and-bwi-sign-global-framework-agreement-with-stora-enso\"><img decoding=\"async\" alt=\"\" src=\"\/wp-content\/uploads\/images\/Company-Logos\/stora-enso-logo.png\" style=\"width: 200px;height: 147px\" \/><\/a><\/td><\/tr><\/tbody><\/table>","protected":false},"excerpt":{"rendered":"<p>Pulpa y Papel La producci\u00f3n y la transformaci\u00f3n de la pulpa, del papel, del cart\u00f3n y de los embalajes de papel es un sector activo en IndustriALL. Un Grupo de Trabajo activista rige el sector compuesto de unos 90 sindicatos a trav\u00e9s de todo el mundo los que se enorgullecen en apoyarse, solidarizarse y compartir [&hellip;]<\/p>\n","protected":false},"author":1,"featured_media":0,"parent":0,"menu_order":0,"comment_status":"closed","ping_status":"closed","template":"","meta":{"_acf_changed":false,"footnotes":""},"issues":[],"companies":[],"regions":[],"sectors":[445],"article_tags":[],"class_list":["post-212591","page","type-page","status-publish","hentry","sectors-pulpa-y-papel"],"acf":[],"yoast_head":"<!-- This site is optimized with the Yoast SEO Premium plugin v27.1 (Yoast SEO v27.1) - https:\/\/yoast.com\/product\/yoast-seo-premium-wordpress\/ -->\n<title>Pulpa y Papel - industriall-union<\/title>\n<meta name=\"robots\" content=\"index, follow, max-snippet:-1, max-image-preview:large, max-video-preview:-1\" \/>\n<link rel=\"canonical\" href=\"https:\/\/admin.industriall-union.org\/es\/pulpa-y-papel\/\" \/>\n<meta property=\"og:locale\" content=\"es_ES\" \/>\n<meta property=\"og:type\" content=\"article\" \/>\n<meta property=\"og:title\" content=\"Pulpa y Papel\" \/>\n<meta property=\"og:description\" content=\"Pulpa y Papel La producci\u00f3n y la transformaci\u00f3n de la pulpa, del papel, del cart\u00f3n y de los embalajes de papel es un sector activo en IndustriALL. Un Grupo de Trabajo activista rige el sector compuesto de unos 90 sindicatos a trav\u00e9s de todo el mundo los que se enorgullecen en apoyarse, solidarizarse y compartir [&hellip;]\" \/>\n<meta property=\"og:url\" content=\"https:\/\/admin.industriall-union.org\/es\/pulpa-y-papel\/\" \/>\n<meta property=\"og:site_name\" content=\"industriall-union\" \/>\n<meta property=\"article:modified_time\" content=\"2026-02-03T13:14:44+00:00\" \/>\n<meta name=\"twitter:card\" content=\"summary_large_image\" \/>\n<script type=\"application\/ld+json\" class=\"yoast-schema-graph\">{\"@context\":\"https:\/\/schema.org\",\"@graph\":[{\"@type\":\"WebPage\",\"@id\":\"https:\/\/admin.industriall-union.org\/es\/pulpa-y-papel\/\",\"url\":\"https:\/\/admin.industriall-union.org\/es\/pulpa-y-papel\/\",\"name\":\"Pulpa y Papel - industriall-union\",\"isPartOf\":{\"@id\":\"https:\/\/admin.industriall-union.org\/fr\/#website\"},\"datePublished\":\"2019-03-11T14:59:43+00:00\",\"dateModified\":\"2026-02-03T13:14:44+00:00\",\"breadcrumb\":{\"@id\":\"https:\/\/admin.industriall-union.org\/es\/pulpa-y-papel\/#breadcrumb\"},\"inLanguage\":\"es-ES\",\"potentialAction\":[{\"@type\":\"ReadAction\",\"target\":[\"https:\/\/admin.industriall-union.org\/es\/pulpa-y-papel\/\"]}]},{\"@type\":\"BreadcrumbList\",\"@id\":\"https:\/\/admin.industriall-union.org\/es\/pulpa-y-papel\/#breadcrumb\",\"itemListElement\":[{\"@type\":\"ListItem\",\"position\":1,\"name\":\"Home\",\"item\":\"https:\/\/admin.industriall-union.org\/fr\/\"},{\"@type\":\"ListItem\",\"position\":2,\"name\":\"Pulpa y Papel\"}]},{\"@type\":\"WebSite\",\"@id\":\"https:\/\/admin.industriall-union.org\/fr\/#website\",\"url\":\"https:\/\/admin.industriall-union.org\/fr\/\",\"name\":\"industriall-union\",\"description\":\"\",\"potentialAction\":[{\"@type\":\"SearchAction\",\"target\":{\"@type\":\"EntryPoint\",\"urlTemplate\":\"https:\/\/admin.industriall-union.org\/fr\/?s={search_term_string}\"},\"query-input\":{\"@type\":\"PropertyValueSpecification\",\"valueRequired\":true,\"valueName\":\"search_term_string\"}}],\"inLanguage\":\"es-ES\"}]}<\/script>\n<!-- \/ Yoast SEO Premium plugin. -->","yoast_head_json":{"title":"Pulpa y Papel - industriall-union","robots":{"index":"index","follow":"follow","max-snippet":"max-snippet:-1","max-image-preview":"max-image-preview:large","max-video-preview":"max-video-preview:-1"},"canonical":"https:\/\/admin.industriall-union.org\/es\/pulpa-y-papel\/","og_locale":"es_ES","og_type":"article","og_title":"Pulpa y Papel","og_description":"Pulpa y Papel La producci\u00f3n y la transformaci\u00f3n de la pulpa, del papel, del cart\u00f3n y de los embalajes de papel es un sector activo en IndustriALL. Un Grupo de Trabajo activista rige el sector compuesto de unos 90 sindicatos a trav\u00e9s de todo el mundo los que se enorgullecen en apoyarse, solidarizarse y compartir [&hellip;]","og_url":"https:\/\/admin.industriall-union.org\/es\/pulpa-y-papel\/","og_site_name":"industriall-union","article_modified_time":"2026-02-03T13:14:44+00:00","twitter_card":"summary_large_image","schema":{"@context":"https:\/\/schema.org","@graph":[{"@type":"WebPage","@id":"https:\/\/admin.industriall-union.org\/es\/pulpa-y-papel\/","url":"https:\/\/admin.industriall-union.org\/es\/pulpa-y-papel\/","name":"Pulpa y Papel - industriall-union","isPartOf":{"@id":"https:\/\/admin.industriall-union.org\/fr\/#website"},"datePublished":"2019-03-11T14:59:43+00:00","dateModified":"2026-02-03T13:14:44+00:00","breadcrumb":{"@id":"https:\/\/admin.industriall-union.org\/es\/pulpa-y-papel\/#breadcrumb"},"inLanguage":"es-ES","potentialAction":[{"@type":"ReadAction","target":["https:\/\/admin.industriall-union.org\/es\/pulpa-y-papel\/"]}]},{"@type":"BreadcrumbList","@id":"https:\/\/admin.industriall-union.org\/es\/pulpa-y-papel\/#breadcrumb","itemListElement":[{"@type":"ListItem","position":1,"name":"Home","item":"https:\/\/admin.industriall-union.org\/fr\/"},{"@type":"ListItem","position":2,"name":"Pulpa y Papel"}]},{"@type":"WebSite","@id":"https:\/\/admin.industriall-union.org\/fr\/#website","url":"https:\/\/admin.industriall-union.org\/fr\/","name":"industriall-union","description":"","potentialAction":[{"@type":"SearchAction","target":{"@type":"EntryPoint","urlTemplate":"https:\/\/admin.industriall-union.org\/fr\/?s={search_term_string}"},"query-input":{"@type":"PropertyValueSpecification","valueRequired":true,"valueName":"search_term_string"}}],"inLanguage":"es-ES"}]}},"_links":{"self":[{"href":"https:\/\/admin.industriall-union.org\/es\/wp-json\/wp\/v2\/pages\/212591","targetHints":{"allow":["GET"]}}],"collection":[{"href":"https:\/\/admin.industriall-union.org\/es\/wp-json\/wp\/v2\/pages"}],"about":[{"href":"https:\/\/admin.industriall-union.org\/es\/wp-json\/wp\/v2\/types\/page"}],"author":[{"embeddable":true,"href":"https:\/\/admin.industriall-union.org\/es\/wp-json\/wp\/v2\/users\/1"}],"replies":[{"embeddable":true,"href":"https:\/\/admin.industriall-union.org\/es\/wp-json\/wp\/v2\/comments?post=212591"}],"version-history":[{"count":3,"href":"https:\/\/admin.industriall-union.org\/es\/wp-json\/wp\/v2\/pages\/212591\/revisions"}],"predecessor-version":[{"id":464206,"href":"https:\/\/admin.industriall-union.org\/es\/wp-json\/wp\/v2\/pages\/212591\/revisions\/464206"}],"wp:attachment":[{"href":"https:\/\/admin.industriall-union.org\/es\/wp-json\/wp\/v2\/media?parent=212591"}],"wp:term":[{"taxonomy":"issues","embeddable":true,"href":"https:\/\/admin.industriall-union.org\/es\/wp-json\/wp\/v2\/issues?post=212591"},{"taxonomy":"companies","embeddable":true,"href":"https:\/\/admin.industriall-union.org\/es\/wp-json\/wp\/v2\/companies?post=212591"},{"taxonomy":"regions","embeddable":true,"href":"https:\/\/admin.industriall-union.org\/es\/wp-json\/wp\/v2\/regions?post=212591"},{"taxonomy":"sectors","embeddable":true,"href":"https:\/\/admin.industriall-union.org\/es\/wp-json\/wp\/v2\/sectors?post=212591"},{"taxonomy":"article_tags","embeddable":true,"href":"https:\/\/admin.industriall-union.org\/es\/wp-json\/wp\/v2\/article_tags?post=212591"}],"curies":[{"name":"wp","href":"https:\/\/api.w.org\/{rel}","templated":true}]}}