{"id":212589,"date":"2019-03-11T15:09:31","date_gmt":"2019-03-11T15:09:31","guid":{"rendered":"https:\/\/admin.industriall-union.org\/construccion-naval-y-desguace-de-buques\/"},"modified":"2026-02-03T13:15:34","modified_gmt":"2026-02-03T13:15:34","slug":"construccion-naval-y-desguace-de-buques","status":"publish","type":"page","link":"https:\/\/admin.industriall-union.org\/es\/construccion-naval-y-desguace-de-buques\/","title":{"rendered":"Construcci\u00f3n Naval y Desguace de Buques"},"content":{"rendered":"<section class=\"boxTurquoise\"><h2>Construcci\u00f3n Naval y Desguace de Buques<\/h2><p>La industria de la construcci\u00f3n naval y la del desguace se enfrentan a graves problemas que afectan los derechos de los trabajadores y sus condiciones laborales. La estrategia de extraer ganancias al precio que sea, ha sustituido&nbsp;centros de trabajo bien sindicalizados y protegidos con empleos precarios. La labor de IndustriALL en este sector aborda estos desaf\u00edos unificando el criterio sindical de que el derecho de los trabajadores va antes que todo.<\/p><h3>Contacto<\/h3><table border=\"1\" cellpadding=\"1\" cellspacing=\"1\" style=\"width:100%\"><tbody><tr><td style=\"text-align: center\"><strong><img decoding=\"async\" alt=\"\" src=\"\/wp-content\/uploads\/images\/People\/Internal\/waltongreen.png\" style=\"width: 200px;height: 200px\" \/><\/strong><\/td><td><h4><strong>Walton Pantland<\/strong><br \/>tel. +41 22 308 5052<br \/>Fax: +41 22 308 5055<br \/>e-mail: <a href=\"mailto:wpantland@industriall-union.org\">Wpantland<\/a>&nbsp;<\/h4><\/td><\/tr><\/tbody><\/table><h4>&nbsp;<\/h4><\/section><h4><span style=\"color:#c0392b\">Campa\u00f1as en progreso<\/span><\/h4><figure class=\"imageArticle imageFull\"><a href=\"http:\/\/industriall.consids5.se\/es\/rectificar-el-desguace-de-buques\" target=\"_blank\"><img decoding=\"async\" alt=\"\" src=\"\/wp-content\/uploads\/images\/Shipbreaking_Campaign\/main_photo_ship_breaking_campaign.jpeg\" style=\"width: 4608px;height: 3072px\" \/><\/a><figcaption class=\"imageContent\"><div class=\"imageTitle\"><h1 style=\"text-align: right\"><a href=\"http:\/\/industriall.consids5.se\/es\/rectificar-el-desguace-de-buques\"><span style=\"color:#ffffff\">Campa\u00f1a IndustriALL para <\/span><span style=\"color:#e74c3c\">rectificar el desguace de buques<\/span><span style=\"color:#ffffff\">, el trabajo m\u00e1s peligroso del mundo<\/span><\/a><\/h1><\/div><div class=\"imageCaption\"><p>La industria tiene la responsabilidad de proporcionar, y los trabajadores tienen derecho a esperar empleos seguros, saludables, limpios y sostenibles<\/p><\/div><\/figcaption><\/figure>","protected":false},"excerpt":{"rendered":"<p>Construcci\u00f3n Naval y Desguace de Buques La industria de la construcci\u00f3n naval y la del desguace se enfrentan a graves problemas que afectan los derechos de los trabajadores y sus condiciones laborales. La estrategia de extraer ganancias al precio que sea, ha sustituido&nbsp;centros de trabajo bien sindicalizados y protegidos con empleos precarios. La labor de [&hellip;]<\/p>\n","protected":false},"author":1,"featured_media":0,"parent":0,"menu_order":0,"comment_status":"closed","ping_status":"closed","template":"","meta":{"_acf_changed":false,"footnotes":""},"issues":[],"companies":[],"regions":[],"sectors":[431],"article_tags":[],"class_list":["post-212589","page","type-page","status-publish","hentry","sectors-construccion-naval-y-desguace-de-buques"],"acf":[],"yoast_head":"<!-- This site is optimized with the Yoast SEO Premium plugin v27.1 (Yoast SEO v27.1) - https:\/\/yoast.com\/product\/yoast-seo-premium-wordpress\/ -->\n<title>Construcci\u00f3n Naval y Desguace de Buques - industriall-union<\/title>\n<meta name=\"robots\" content=\"index, follow, max-snippet:-1, max-image-preview:large, max-video-preview:-1\" \/>\n<link rel=\"canonical\" href=\"https:\/\/admin.industriall-union.org\/es\/construccion-naval-y-desguace-de-buques\/\" \/>\n<meta property=\"og:locale\" content=\"es_ES\" \/>\n<meta property=\"og:type\" content=\"article\" \/>\n<meta property=\"og:title\" content=\"Construcci\u00f3n Naval y Desguace de Buques\" \/>\n<meta property=\"og:description\" content=\"Construcci\u00f3n Naval y Desguace de Buques La industria de la construcci\u00f3n naval y la del desguace se enfrentan a graves problemas que afectan los derechos de los trabajadores y sus condiciones laborales. La estrategia de extraer ganancias al precio que sea, ha sustituido&nbsp;centros de trabajo bien sindicalizados y protegidos con empleos precarios. La labor de [&hellip;]\" \/>\n<meta property=\"og:url\" content=\"https:\/\/admin.industriall-union.org\/es\/construccion-naval-y-desguace-de-buques\/\" \/>\n<meta property=\"og:site_name\" content=\"industriall-union\" \/>\n<meta property=\"article:modified_time\" content=\"2026-02-03T13:15:34+00:00\" \/>\n<meta name=\"twitter:card\" content=\"summary_large_image\" \/>\n<meta name=\"twitter:label1\" content=\"Est. reading time\" \/>\n\t<meta name=\"twitter:data1\" content=\"1 minute\" \/>\n<script type=\"application\/ld+json\" class=\"yoast-schema-graph\">{\"@context\":\"https:\/\/schema.org\",\"@graph\":[{\"@type\":\"WebPage\",\"@id\":\"https:\/\/admin.industriall-union.org\/es\/construccion-naval-y-desguace-de-buques\/\",\"url\":\"https:\/\/admin.industriall-union.org\/es\/construccion-naval-y-desguace-de-buques\/\",\"name\":\"Construcci\u00f3n Naval y Desguace de Buques - industriall-union\",\"isPartOf\":{\"@id\":\"https:\/\/admin.industriall-union.org\/#website\"},\"datePublished\":\"2019-03-11T15:09:31+00:00\",\"dateModified\":\"2026-02-03T13:15:34+00:00\",\"breadcrumb\":{\"@id\":\"https:\/\/admin.industriall-union.org\/es\/construccion-naval-y-desguace-de-buques\/#breadcrumb\"},\"inLanguage\":\"es-ES\",\"potentialAction\":[{\"@type\":\"ReadAction\",\"target\":[\"https:\/\/admin.industriall-union.org\/es\/construccion-naval-y-desguace-de-buques\/\"]}]},{\"@type\":\"BreadcrumbList\",\"@id\":\"https:\/\/admin.industriall-union.org\/es\/construccion-naval-y-desguace-de-buques\/#breadcrumb\",\"itemListElement\":[{\"@type\":\"ListItem\",\"position\":1,\"name\":\"Home\",\"item\":\"https:\/\/admin.industriall-union.org\/\"},{\"@type\":\"ListItem\",\"position\":2,\"name\":\"Construcci\u00f3n Naval y Desguace de Buques\"}]},{\"@type\":\"WebSite\",\"@id\":\"https:\/\/admin.industriall-union.org\/#website\",\"url\":\"https:\/\/admin.industriall-union.org\/\",\"name\":\"industriall-union\",\"description\":\"\",\"potentialAction\":[{\"@type\":\"SearchAction\",\"target\":{\"@type\":\"EntryPoint\",\"urlTemplate\":\"https:\/\/admin.industriall-union.org\/?s={search_term_string}\"},\"query-input\":{\"@type\":\"PropertyValueSpecification\",\"valueRequired\":true,\"valueName\":\"search_term_string\"}}],\"inLanguage\":\"es-ES\"}]}<\/script>\n<!-- \/ Yoast SEO Premium plugin. -->","yoast_head_json":{"title":"Construcci\u00f3n Naval y Desguace de Buques - industriall-union","robots":{"index":"index","follow":"follow","max-snippet":"max-snippet:-1","max-image-preview":"max-image-preview:large","max-video-preview":"max-video-preview:-1"},"canonical":"https:\/\/admin.industriall-union.org\/es\/construccion-naval-y-desguace-de-buques\/","og_locale":"es_ES","og_type":"article","og_title":"Construcci\u00f3n Naval y Desguace de Buques","og_description":"Construcci\u00f3n Naval y Desguace de Buques La industria de la construcci\u00f3n naval y la del desguace se enfrentan a graves problemas que afectan los derechos de los trabajadores y sus condiciones laborales. La estrategia de extraer ganancias al precio que sea, ha sustituido&nbsp;centros de trabajo bien sindicalizados y protegidos con empleos precarios. La labor de [&hellip;]","og_url":"https:\/\/admin.industriall-union.org\/es\/construccion-naval-y-desguace-de-buques\/","og_site_name":"industriall-union","article_modified_time":"2026-02-03T13:15:34+00:00","twitter_card":"summary_large_image","twitter_misc":{"Est. reading time":"1 minute"},"schema":{"@context":"https:\/\/schema.org","@graph":[{"@type":"WebPage","@id":"https:\/\/admin.industriall-union.org\/es\/construccion-naval-y-desguace-de-buques\/","url":"https:\/\/admin.industriall-union.org\/es\/construccion-naval-y-desguace-de-buques\/","name":"Construcci\u00f3n Naval y Desguace de Buques - industriall-union","isPartOf":{"@id":"https:\/\/admin.industriall-union.org\/#website"},"datePublished":"2019-03-11T15:09:31+00:00","dateModified":"2026-02-03T13:15:34+00:00","breadcrumb":{"@id":"https:\/\/admin.industriall-union.org\/es\/construccion-naval-y-desguace-de-buques\/#breadcrumb"},"inLanguage":"es-ES","potentialAction":[{"@type":"ReadAction","target":["https:\/\/admin.industriall-union.org\/es\/construccion-naval-y-desguace-de-buques\/"]}]},{"@type":"BreadcrumbList","@id":"https:\/\/admin.industriall-union.org\/es\/construccion-naval-y-desguace-de-buques\/#breadcrumb","itemListElement":[{"@type":"ListItem","position":1,"name":"Home","item":"https:\/\/admin.industriall-union.org\/"},{"@type":"ListItem","position":2,"name":"Construcci\u00f3n Naval y Desguace de Buques"}]},{"@type":"WebSite","@id":"https:\/\/admin.industriall-union.org\/#website","url":"https:\/\/admin.industriall-union.org\/","name":"industriall-union","description":"","potentialAction":[{"@type":"SearchAction","target":{"@type":"EntryPoint","urlTemplate":"https:\/\/admin.industriall-union.org\/?s={search_term_string}"},"query-input":{"@type":"PropertyValueSpecification","valueRequired":true,"valueName":"search_term_string"}}],"inLanguage":"es-ES"}]}},"_links":{"self":[{"href":"https:\/\/admin.industriall-union.org\/es\/wp-json\/wp\/v2\/pages\/212589","targetHints":{"allow":["GET"]}}],"collection":[{"href":"https:\/\/admin.industriall-union.org\/es\/wp-json\/wp\/v2\/pages"}],"about":[{"href":"https:\/\/admin.industriall-union.org\/es\/wp-json\/wp\/v2\/types\/page"}],"author":[{"embeddable":true,"href":"https:\/\/admin.industriall-union.org\/es\/wp-json\/wp\/v2\/users\/1"}],"replies":[{"embeddable":true,"href":"https:\/\/admin.industriall-union.org\/es\/wp-json\/wp\/v2\/comments?post=212589"}],"version-history":[{"count":4,"href":"https:\/\/admin.industriall-union.org\/es\/wp-json\/wp\/v2\/pages\/212589\/revisions"}],"predecessor-version":[{"id":464203,"href":"https:\/\/admin.industriall-union.org\/es\/wp-json\/wp\/v2\/pages\/212589\/revisions\/464203"}],"wp:attachment":[{"href":"https:\/\/admin.industriall-union.org\/es\/wp-json\/wp\/v2\/media?parent=212589"}],"wp:term":[{"taxonomy":"issues","embeddable":true,"href":"https:\/\/admin.industriall-union.org\/es\/wp-json\/wp\/v2\/issues?post=212589"},{"taxonomy":"companies","embeddable":true,"href":"https:\/\/admin.industriall-union.org\/es\/wp-json\/wp\/v2\/companies?post=212589"},{"taxonomy":"regions","embeddable":true,"href":"https:\/\/admin.industriall-union.org\/es\/wp-json\/wp\/v2\/regions?post=212589"},{"taxonomy":"sectors","embeddable":true,"href":"https:\/\/admin.industriall-union.org\/es\/wp-json\/wp\/v2\/sectors?post=212589"},{"taxonomy":"article_tags","embeddable":true,"href":"https:\/\/admin.industriall-union.org\/es\/wp-json\/wp\/v2\/article_tags?post=212589"}],"curies":[{"name":"wp","href":"https:\/\/api.w.org\/{rel}","templated":true}]}}