{"id":212588,"date":"2019-03-11T15:14:23","date_gmt":"2019-03-11T15:14:23","guid":{"rendered":"https:\/\/admin.industriall-union.org\/textil-cuero-ropa-calzado-servicios-textiles\/"},"modified":"2026-02-03T13:14:59","modified_gmt":"2026-02-03T13:14:59","slug":"textil-cuero-ropa-calzado-servicios-textiles","status":"publish","type":"page","link":"https:\/\/admin.industriall-union.org\/es\/textil-cuero-ropa-calzado-servicios-textiles\/","title":{"rendered":"Textil, cuero, ropa, calzado, servicios textiles"},"content":{"rendered":"<section class=\"boxTurquoise\"><h2>Textil, cuero, confecci\u00f3n, calzado y servicios textiles.<\/h2><p>Altamente globalizado y con millones de empleados en todo el mundo, el sector textil y de la confecci\u00f3n es una gran fuente de empleo precario en el mundo en desarrollo. El sector se compone predominantemente de trabajadores mal pagados que son en su mayor\u00eda mujeres j\u00f3venes y migrantes internos que trabajan con contratos de corta duraci\u00f3n.&nbsp;<\/p><p>IndustriALL seguir\u00e1 haciendo campa\u00f1a para obligar a los compradores multinacionales a revelar p\u00fablicamente qui\u00e9nes son sus proveedores y luchar\u00e1 por los derechos de los trabajadores a formar sindicatos y mejorar los salarios y las condiciones de trabajo.<\/p><h3>Contacto<\/h3><table border=\"1\" cellpadding=\"1\" cellspacing=\"1\" style=\"width:100%\"><tbody><tr><td style=\"text-align: center\"><strong><img decoding=\"async\" alt=\"\" src=\"\/wp-content\/uploads\/images\/People\/Internal\/christiiniagreen.png\" style=\"width: 200px;height: 200px\" \/><\/strong><\/td><td><h4><strong>Christina Hajagos-Clausen<\/strong><br \/>Tel: +41 22 308 5070<br \/><a href=\"mailto:chajagos-clausen@industriall-union.org\">chajagos-clausen<\/a><\/h4><\/td><\/tr><\/tbody><\/table><h4>&nbsp;<\/h4><\/section><h4 style=\"text-align: center\">&nbsp;<\/h4><h4 style=\"text-align: center\">Podcast &quot;Talking Threads&quot;: episodio 1 &#8211; las mujeres detr\u00e1s de la marca<\/h4><p><iframe loading=\"lazy\" allow=\"encrypted-media\" frameborder=\"0\" height=\"232\" src=\"https:\/\/open.spotify.com\/embed-podcast\/episode\/1H3JU7edBGeEwpT3NMYenb\" width=\"100%\"><\/iframe><\/p><h4>Publicaciones relacionadas<\/h4><table border=\"1\" cellpadding=\"1\" cellspacing=\"1\" style=\"font-size: 2rem;width: 500px\"><tbody><tr><td colspan=\"4\"><strong>Construir poder sindical<\/strong><br \/>Manual de investigaci\u00f3n y campa\u00f1as corporativas estrat\u00e9gicas<\/td><\/tr><tr><td><a href=\"\/wp-content\/uploads\/images\/publications\/BuildingUnionPowerBooklet\/building_union_power_web_en.pdf\"><img decoding=\"async\" alt=\"\" src=\"\/wp-content\/uploads\/images\/publications\/BuildingUnionPowerBooklet\/screenshot_2023-01-20_at_11.48.46.png\" style=\"width: 200px;height: 284px\" \/><\/a><\/td><td><a href=\"\/wp-content\/uploads\/images\/publications\/BuildingUnionPowerBooklet\/building_union_power_web_es.pdf\"><img decoding=\"async\" alt=\"\" src=\"\/wp-content\/uploads\/images\/Campaigns\/Textile-garment-campaign\/portada_crear_poder_sindical.jpg\" style=\"width: 200px;height: 283px\" \/><\/a><\/td><td><a href=\"\/wp-content\/uploads\/images\/publications\/BuildingUnionPowerBooklet\/building_union_power_web_po.pdf\"><img decoding=\"async\" alt=\"\" src=\"\/wp-content\/uploads\/images\/Campaigns\/Textile-garment-campaign\/construindo_o_poder_sindical.jpg\" style=\"width: 200px;height: 283px\" \/><\/a><\/td><td><a href=\"\/wp-content\/uploads\/images\/publications\/BuildingUnionPowerBooklet\/building_union_power_web_ar.pdf\"><img decoding=\"async\" alt=\"\" src=\"\/wp-content\/uploads\/images\/Campaigns\/Textile-garment-campaign\/arabe.jpg\" style=\"width: 200px;height: 283px\" \/><\/a><\/td><\/tr><tr><td><a href=\"\/wp-content\/uploads\/images\/publications\/BuildingUnionPowerBooklet\/building_union_power_web_en.pdf\">ENGLISH<\/a><\/td><td><a href=\"\/wp-content\/uploads\/images\/publications\/BuildingUnionPowerBooklet\/building_union_power_web_es.pdf\">ESPA\u00d1OL<\/a><\/td><td><a href=\"\/wp-content\/uploads\/images\/publications\/BuildingUnionPowerBooklet\/building_union_power_web_po.pdf\">PORTUGU\u00caS<\/a><\/td><td><a href=\"\/wp-content\/uploads\/images\/publications\/BuildingUnionPowerBooklet\/building_union_power_web_ar.pdf\">ARABIC<\/a><\/td><\/tr><tr><td><a href=\"\/wp-content\/uploads\/images\/publications\/BuildingUnionPowerBooklet\/building_union_power_-khmer_a5_compressed.pdf\"><img decoding=\"async\" alt=\"\" src=\"\/wp-content\/uploads\/images\/publications\/BuildingUnionPowerBooklet\/bupkhmer.png\" style=\"width: 200px;height: 281px\" \/><\/a><\/td><td><a href=\"\/wp-content\/uploads\/images\/publications\/BuildingUnionPowerBooklet\/building_union_power_bangla-final_compressed.pdf\"><img decoding=\"async\" alt=\"\" src=\"\/wp-content\/uploads\/images\/publications\/BuildingUnionPowerBooklet\/bupbangla.png\" style=\"width: 200px;height: 282px\" \/><\/a><\/td><td><a href=\"\/wp-content\/uploads\/images\/publications\/BuildingUnionPowerBooklet\/building_union_power_web_ba.pdf\"><img decoding=\"async\" alt=\"\" src=\"\/wp-content\/uploads\/images\/publications\/BuildingUnionPowerBooklet\/bupbahasa.png\" style=\"width: 200px;height: 284px\" \/><\/a><\/td><td><a href=\"\/wp-content\/uploads\/images\/publications\/BuildingUnionPowerBooklet\/building_union_power_web_vn.pdf\"><img decoding=\"async\" alt=\"\" src=\"\/wp-content\/uploads\/images\/publications\/BuildingUnionPowerBooklet\/bupviet.png\" style=\"width: 200px;height: 281px\" \/><\/a><\/td><\/tr><tr><td><a href=\"\/wp-content\/uploads\/images\/publications\/BuildingUnionPowerBooklet\/building_union_power_-khmer_a5_compressed.pdf\">KHMER<\/a><\/td><td><a href=\"\/wp-content\/uploads\/images\/publications\/BuildingUnionPowerBooklet\/building_union_power_bangla-final_compressed.pdf\">BANGLA<\/a><\/td><td><a href=\"\/wp-content\/uploads\/images\/publications\/BuildingUnionPowerBooklet\/building_union_power_web_ba.pdf\">BAHASA<\/a><\/td><td><a href=\"\/wp-content\/uploads\/images\/publications\/BuildingUnionPowerBooklet\/building_union_power_web_vn.pdf\">VIETNAMESE<\/a><\/td><\/tr><\/tbody><\/table><h4>Acuerdos marco mundiales en los sectores textil, confecci\u00f3n, calzado, cuero y servicios textiles<\/h4><table border=\"1\" cellpadding=\"1\" cellspacing=\"1\" style=\"width:500px\"><tbody><tr><td><a href=\"https:\/\/www.industriall-union.org\/industriall-signs-global-framework-agreement-with-asos\"><img decoding=\"async\" alt=\"\" src=\"\/wp-content\/uploads\/images\/Company-Logos\/asos.jpeg\" style=\"width: 200px;height: 113px\" \/><\/a><\/td><td><a href=\"https:\/\/www.industriall-union.org\/industriall-and-esprit-commit-to-working-together-to-improve-workers-rights?utm_source=Newsletters+in+english&amp;utm_campaign=0637cc484c-EMAIL_CAMPAIGN_2018_08_09_02_20&amp;utm_medium=email&amp;utm_term=0_65751b77d5-0637cc484c-19155253\"><img decoding=\"async\" alt=\"\" src=\"\/wp-content\/uploads\/images\/Company-Logos\/esprit-logo.jpg\" style=\"width: 200px;height: 103px\" \/><\/a><\/td><td><a href=\"https:\/\/www.industriall-union.org\/industriall-global-union-and-hm-sign-global-framework-agreement\"><img decoding=\"async\" alt=\"\" src=\"\/wp-content\/uploads\/images\/Company-Logos\/h-m-logo.png\" style=\"width: 200px;height: 132px\" \/><\/a><\/td><td><a href=\"https:\/\/www.industriall-union.org\/prym\"><img decoding=\"async\" alt=\"\" src=\"\/wp-content\/uploads\/images\/Company-Logos\/prym_group_logo-1536x1054.png\" style=\"width: 150px;height: 103px\" \/><\/a><\/td><\/tr><tr><td><a href=\"https:\/\/www.industriall-union.org\/industriall-and-inditex-create-a-global-union-committee\"><img decoding=\"async\" alt=\"\" src=\"\/wp-content\/uploads\/images\/Company-Logos\/inditex.jpg\" style=\"width: 200px;height: 200px\" \/><\/a><\/td><td><a href=\"https:\/\/www.industriall-union.org\/mizuno\"><img decoding=\"async\" alt=\"\" src=\"\/wp-content\/uploads\/images\/Company-Logos\/mizuno.png\" style=\"width: 284px;height: 177px\" \/><\/a><\/td><td><a href=\"https:\/\/www.industriall-union.org\/industriall-and-tchibo-sign-framework-agreement-strengthening-workers-rights-across-the-supply-chain\"><img decoding=\"async\" alt=\"\" src=\"\/wp-content\/uploads\/images\/Company-Logos\/tchibo-logo-vector.png\" style=\"width: 250px;height: 139px\" \/><\/a><\/td><td>&nbsp;<\/td><\/tr><\/tbody><\/table><h2><span style=\"color:#ffffff\">Campa\u00f1as sectoriales<\/span><\/h2><figure class=\"imageArticle imageMedium\"><p><img decoding=\"async\" alt=\"\" src=\"\/wp-content\/uploads\/images\/Campaigns\/Textile-garment-campaign\/artworkblank.jpg\" style=\"width: 600px;height: 398px\" \/><\/p><figcaption class=\"imageContent\"><div class=\"imageTitle\"><p><a href=\"http:\/\/www.industriall-union.org\/action-on-textile-and-garment-industry\">Acci\u00f3n&nbsp;en la industria textil&nbsp;y<\/a><a href=\"https:\/\/www.industriall-union.org\/es\/accion-en-la-industria-textil-y-de-la-confeccion\">&nbsp;de la confecci\u00f3n<\/a><\/p><\/div><\/figcaption><\/figure><figure class=\"imageArticle imageMedium\"><img decoding=\"async\" alt=\"\" src=\"\/wp-content\/uploads\/images\/2016\/BANGLADESH\/_c8k8687.jpg\" style=\"width: 600px;height: 400px\" \/><figcaption class=\"imageContent\"><div class=\"imageTitle\"><h1 style=\"text-align: right\"><a href=\"https:\/\/www.industriall-union.org\/es\/rana-plaza-de-la-tragedia-a-un-acuerdo-internacional-para-hacer-de-las-fabricas-de-ropa-un-lugar\"><span style=\"color:#ffffff\">El Acuerdo Internacional sobre<br \/>Seguridad contra Incendios y en la Edificaci\u00f3n<\/span><\/a><\/h1><\/div><\/figcaption><\/figure><figure class=\"imageArticle imageMedium\"><img decoding=\"async\" alt=\"\" src=\"\/wp-content\/uploads\/images\/2021\/MYANMAR\/screenshot_2021-01-19_at_18.01.31.png\" style=\"width: 600px;height: 401px\" \/><figcaption class=\"imageContent\"><div class=\"imageTitle\"><h1><a href=\"https:\/\/www.industriall-union.org\/es\/que-hacemos\/salario-digno\">La negociaci\u00f3n sectorial en los pa\u00edses productores de ropa es esencial para lograr salarios dignos<\/a><\/h1><\/div><\/figcaption><\/figure><figure class=\"imageArticle imageMedium\"><figcaption class=\"imageContent\"><div class=\"imageCaption\"><p style=\"text-align: center\"><a href=\"http:\/\/industriall.consids5.se\/what-we-do\/bangladesh-accord\"><span style=\"color:#ffffff\"><font size=\"6\"><span style=\"font-style: normal;font-weight: 800\">Bangladesh Accord<\/span><\/font><\/span><\/a><\/p><p style=\"text-align: center\">Accord on Fire and Building Safety&nbsp;<\/p><\/div><\/figcaption><\/figure><figure class=\"imageArticle imageMedium\"><figcaption class=\"imageContent\"><div class=\"imageCaption\"><p style=\"text-align: center\"><font size=\"6\"><span style=\"font-style: normal;font-weight: 800\">ACT<\/span><\/font><\/p><p style=\"text-align: center\">Type your caption<\/p><\/div><\/figcaption><\/figure><figure class=\"imageArticle imageMedium\"><figcaption class=\"imageContent\"><div class=\"imageCaption\"><p style=\"text-align: center\"><font size=\"6\"><span style=\"font-style: normal;font-weight: 800\">Bangladesh Accord<\/span><\/font><\/p><\/div><\/figcaption><\/figure>","protected":false},"excerpt":{"rendered":"<p>Textil, cuero, confecci\u00f3n, calzado y servicios textiles. Altamente globalizado y con millones de empleados en todo el mundo, el sector textil y de la confecci\u00f3n es una gran fuente de empleo precario en el mundo en desarrollo. El sector se compone predominantemente de trabajadores mal pagados que son en su mayor\u00eda mujeres j\u00f3venes y migrantes [&hellip;]<\/p>\n","protected":false},"author":1,"featured_media":0,"parent":0,"menu_order":0,"comment_status":"closed","ping_status":"closed","template":"","meta":{"_acf_changed":false,"footnotes":""},"issues":[],"companies":[],"regions":[],"sectors":[447],"article_tags":[],"class_list":["post-212588","page","type-page","status-publish","hentry","sectors-textil-cuero-ropa-calzado-servicios-textiles"],"acf":[],"yoast_head":"<!-- This site is optimized with the Yoast SEO Premium plugin v27.1 (Yoast SEO v27.1) - https:\/\/yoast.com\/product\/yoast-seo-premium-wordpress\/ -->\n<title>Textil, cuero, ropa, calzado, servicios textiles - industriall-union<\/title>\n<meta name=\"robots\" content=\"index, follow, max-snippet:-1, max-image-preview:large, max-video-preview:-1\" \/>\n<link rel=\"canonical\" href=\"https:\/\/admin.industriall-union.org\/es\/textil-cuero-ropa-calzado-servicios-textiles\/\" \/>\n<meta property=\"og:locale\" content=\"es_ES\" \/>\n<meta property=\"og:type\" content=\"article\" \/>\n<meta property=\"og:title\" content=\"Textil, cuero, ropa, calzado, servicios textiles\" \/>\n<meta property=\"og:description\" content=\"Textil, cuero, confecci\u00f3n, calzado y servicios textiles. Altamente globalizado y con millones de empleados en todo el mundo, el sector textil y de la confecci\u00f3n es una gran fuente de empleo precario en el mundo en desarrollo. El sector se compone predominantemente de trabajadores mal pagados que son en su mayor\u00eda mujeres j\u00f3venes y migrantes [&hellip;]\" \/>\n<meta property=\"og:url\" content=\"https:\/\/admin.industriall-union.org\/es\/textil-cuero-ropa-calzado-servicios-textiles\/\" \/>\n<meta property=\"og:site_name\" content=\"industriall-union\" \/>\n<meta property=\"article:modified_time\" content=\"2026-02-03T13:14:59+00:00\" \/>\n<meta name=\"twitter:card\" content=\"summary_large_image\" \/>\n<meta name=\"twitter:label1\" content=\"Est. reading time\" \/>\n\t<meta name=\"twitter:data1\" content=\"1 minute\" \/>\n<script type=\"application\/ld+json\" class=\"yoast-schema-graph\">{\"@context\":\"https:\/\/schema.org\",\"@graph\":[{\"@type\":\"WebPage\",\"@id\":\"https:\/\/admin.industriall-union.org\/es\/textil-cuero-ropa-calzado-servicios-textiles\/\",\"url\":\"https:\/\/admin.industriall-union.org\/es\/textil-cuero-ropa-calzado-servicios-textiles\/\",\"name\":\"Textil, cuero, ropa, calzado, servicios textiles - industriall-union\",\"isPartOf\":{\"@id\":\"https:\/\/admin.industriall-union.org\/#website\"},\"datePublished\":\"2019-03-11T15:14:23+00:00\",\"dateModified\":\"2026-02-03T13:14:59+00:00\",\"breadcrumb\":{\"@id\":\"https:\/\/admin.industriall-union.org\/es\/textil-cuero-ropa-calzado-servicios-textiles\/#breadcrumb\"},\"inLanguage\":\"es-ES\",\"potentialAction\":[{\"@type\":\"ReadAction\",\"target\":[\"https:\/\/admin.industriall-union.org\/es\/textil-cuero-ropa-calzado-servicios-textiles\/\"]}]},{\"@type\":\"BreadcrumbList\",\"@id\":\"https:\/\/admin.industriall-union.org\/es\/textil-cuero-ropa-calzado-servicios-textiles\/#breadcrumb\",\"itemListElement\":[{\"@type\":\"ListItem\",\"position\":1,\"name\":\"Home\",\"item\":\"https:\/\/admin.industriall-union.org\/\"},{\"@type\":\"ListItem\",\"position\":2,\"name\":\"Textil, cuero, ropa, calzado, servicios textiles\"}]},{\"@type\":\"WebSite\",\"@id\":\"https:\/\/admin.industriall-union.org\/#website\",\"url\":\"https:\/\/admin.industriall-union.org\/\",\"name\":\"industriall-union\",\"description\":\"\",\"potentialAction\":[{\"@type\":\"SearchAction\",\"target\":{\"@type\":\"EntryPoint\",\"urlTemplate\":\"https:\/\/admin.industriall-union.org\/?s={search_term_string}\"},\"query-input\":{\"@type\":\"PropertyValueSpecification\",\"valueRequired\":true,\"valueName\":\"search_term_string\"}}],\"inLanguage\":\"es-ES\"}]}<\/script>\n<!-- \/ Yoast SEO Premium plugin. -->","yoast_head_json":{"title":"Textil, cuero, ropa, calzado, servicios textiles - industriall-union","robots":{"index":"index","follow":"follow","max-snippet":"max-snippet:-1","max-image-preview":"max-image-preview:large","max-video-preview":"max-video-preview:-1"},"canonical":"https:\/\/admin.industriall-union.org\/es\/textil-cuero-ropa-calzado-servicios-textiles\/","og_locale":"es_ES","og_type":"article","og_title":"Textil, cuero, ropa, calzado, servicios textiles","og_description":"Textil, cuero, confecci\u00f3n, calzado y servicios textiles. Altamente globalizado y con millones de empleados en todo el mundo, el sector textil y de la confecci\u00f3n es una gran fuente de empleo precario en el mundo en desarrollo. El sector se compone predominantemente de trabajadores mal pagados que son en su mayor\u00eda mujeres j\u00f3venes y migrantes [&hellip;]","og_url":"https:\/\/admin.industriall-union.org\/es\/textil-cuero-ropa-calzado-servicios-textiles\/","og_site_name":"industriall-union","article_modified_time":"2026-02-03T13:14:59+00:00","twitter_card":"summary_large_image","twitter_misc":{"Est. reading time":"1 minute"},"schema":{"@context":"https:\/\/schema.org","@graph":[{"@type":"WebPage","@id":"https:\/\/admin.industriall-union.org\/es\/textil-cuero-ropa-calzado-servicios-textiles\/","url":"https:\/\/admin.industriall-union.org\/es\/textil-cuero-ropa-calzado-servicios-textiles\/","name":"Textil, cuero, ropa, calzado, servicios textiles - industriall-union","isPartOf":{"@id":"https:\/\/admin.industriall-union.org\/#website"},"datePublished":"2019-03-11T15:14:23+00:00","dateModified":"2026-02-03T13:14:59+00:00","breadcrumb":{"@id":"https:\/\/admin.industriall-union.org\/es\/textil-cuero-ropa-calzado-servicios-textiles\/#breadcrumb"},"inLanguage":"es-ES","potentialAction":[{"@type":"ReadAction","target":["https:\/\/admin.industriall-union.org\/es\/textil-cuero-ropa-calzado-servicios-textiles\/"]}]},{"@type":"BreadcrumbList","@id":"https:\/\/admin.industriall-union.org\/es\/textil-cuero-ropa-calzado-servicios-textiles\/#breadcrumb","itemListElement":[{"@type":"ListItem","position":1,"name":"Home","item":"https:\/\/admin.industriall-union.org\/"},{"@type":"ListItem","position":2,"name":"Textil, cuero, ropa, calzado, servicios textiles"}]},{"@type":"WebSite","@id":"https:\/\/admin.industriall-union.org\/#website","url":"https:\/\/admin.industriall-union.org\/","name":"industriall-union","description":"","potentialAction":[{"@type":"SearchAction","target":{"@type":"EntryPoint","urlTemplate":"https:\/\/admin.industriall-union.org\/?s={search_term_string}"},"query-input":{"@type":"PropertyValueSpecification","valueRequired":true,"valueName":"search_term_string"}}],"inLanguage":"es-ES"}]}},"_links":{"self":[{"href":"https:\/\/admin.industriall-union.org\/es\/wp-json\/wp\/v2\/pages\/212588","targetHints":{"allow":["GET"]}}],"collection":[{"href":"https:\/\/admin.industriall-union.org\/es\/wp-json\/wp\/v2\/pages"}],"about":[{"href":"https:\/\/admin.industriall-union.org\/es\/wp-json\/wp\/v2\/types\/page"}],"author":[{"embeddable":true,"href":"https:\/\/admin.industriall-union.org\/es\/wp-json\/wp\/v2\/users\/1"}],"replies":[{"embeddable":true,"href":"https:\/\/admin.industriall-union.org\/es\/wp-json\/wp\/v2\/comments?post=212588"}],"version-history":[{"count":4,"href":"https:\/\/admin.industriall-union.org\/es\/wp-json\/wp\/v2\/pages\/212588\/revisions"}],"predecessor-version":[{"id":467017,"href":"https:\/\/admin.industriall-union.org\/es\/wp-json\/wp\/v2\/pages\/212588\/revisions\/467017"}],"wp:attachment":[{"href":"https:\/\/admin.industriall-union.org\/es\/wp-json\/wp\/v2\/media?parent=212588"}],"wp:term":[{"taxonomy":"issues","embeddable":true,"href":"https:\/\/admin.industriall-union.org\/es\/wp-json\/wp\/v2\/issues?post=212588"},{"taxonomy":"companies","embeddable":true,"href":"https:\/\/admin.industriall-union.org\/es\/wp-json\/wp\/v2\/companies?post=212588"},{"taxonomy":"regions","embeddable":true,"href":"https:\/\/admin.industriall-union.org\/es\/wp-json\/wp\/v2\/regions?post=212588"},{"taxonomy":"sectors","embeddable":true,"href":"https:\/\/admin.industriall-union.org\/es\/wp-json\/wp\/v2\/sectors?post=212588"},{"taxonomy":"article_tags","embeddable":true,"href":"https:\/\/admin.industriall-union.org\/es\/wp-json\/wp\/v2\/article_tags?post=212588"}],"curies":[{"name":"wp","href":"https:\/\/api.w.org\/{rel}","templated":true}]}}