{"id":212585,"date":"2019-03-11T17:18:02","date_gmt":"2019-03-11T17:18:02","guid":{"rendered":"https:\/\/admin.industriall-union.org\/stop-al-trabajo-precario\/"},"modified":"2026-02-03T13:10:52","modified_gmt":"2026-02-03T13:10:52","slug":"stop-al-trabajo-precario","status":"publish","type":"page","link":"https:\/\/admin.industriall-union.org\/es\/stop-al-trabajo-precario\/","title":{"rendered":"STOP al Trabajo Precario"},"content":{"rendered":"<p>Los sindicatos combaten esta oleada organizando a los trabajadores precarios, oponi\u00e9ndose a las leyes que extienden el trabajo precario y moviliz\u00e1ndose en apoyo del empleo seguro con buenos sueldos y condiciones de trabajo.<\/p><h3>&iquest;Qu\u00e9 es el trabajo precario?<\/h3><p>Los contratos ocasionales, temporales, indirectos y de cero horas son t\u00e9rminos que describen el trabajo precario. Este tipo de trabajo se utiliza cada vez m\u00e1s para sustituir a los empleos directos y permanentes, lo que permite a los empleadores reducir e incluso eludir su responsabilidad respecto a los trabajadores. <a href=\"http:\/\/industriall.consids5.se\/es\/que-es-el-trabajo-precario\">Leer mas<\/a><\/p><p><iframe loading=\"lazy\" allow=\"accelerometer; autoplay; encrypted-media; gyroscope; picture-in-picture\" allowfullscreen=\"\" frameborder=\"0\" height=\"315\" src=\"https:\/\/www.youtube.com\/embed\/0sqzIHE4G0k\" width=\"560\"><\/iframe><\/p><table align=\"center\" border=\"0\" cellpadding=\"1\" cellspacing=\"1\" class=\"transparent\" style=\"width:0px\"><tbody><tr><td style=\"text-align:center;vertical-align:middle\"><a href=\"http:\/\/www.industriall-union.org\/unions-fight-back-against-the-explosion-of-agency-labour\"><img decoding=\"async\" alt=\"Download &quot;The Triangular Trap&quot;\" src=\"\/wp-content\/uploads\/images\/STOP-precarious-work\/screen_shot_2012-10-01_at_4.25.58_pm.png\" style=\"height:155px;width:110px\" \/><\/a><\/td><td style=\"text-align:center;vertical-align:middle\"><a href=\"http:\/\/www.industriall-union.org\/bargaining-strategies-to-combat-precarious-work\"><img decoding=\"async\" alt=\"\" src=\"\/wp-content\/uploads\/images\/Report-covers\/negotiating_security_eng.png\" style=\"height: 155px;width: 110px\" \/><\/a><\/td><td style=\"text-align:center;vertical-align:middle\"><a href=\"http:\/\/www.industriall-union.org\/stop-precarious-work-materials-2013\" style=\"font-family: Arial, Helvetica, Verdana, sans-serif;font-size: 14px;font-style: normal;font-variant: normal;line-height: 18.99799919128418px;text-decoration: underline\"><img decoding=\"async\" alt=\"\" src=\"\/wp-content\/uploads\/images\/STOP-precarious-work\/2013\/leaflet_image_pw.png\" style=\"height:155px;width:110px\" \/><\/a><\/td><td style=\"text-align:center;vertical-align:middle\"><a href=\"https:\/\/www.youtube.com\/watch?v=PUTYLMAcv4E\"><img decoding=\"async\" alt=\"\" src=\"\/wp-content\/uploads\/images\/Campaigns\/STOP_PW\/screen_shot_2017-03-30_at_09.20.17_copy.jpg\" style=\"height: 156px;width: 110px\" \/><\/a><\/td><\/tr><\/tbody><\/table>","protected":false},"excerpt":{"rendered":"<p>Los sindicatos combaten esta oleada organizando a los trabajadores precarios, oponi\u00e9ndose a las leyes que extienden el trabajo precario y moviliz\u00e1ndose en apoyo del empleo seguro con buenos sueldos y condiciones de trabajo. &iquest;Qu\u00e9 es el trabajo precario? Los contratos ocasionales, temporales, indirectos y de cero horas son t\u00e9rminos que describen el trabajo precario. Este [&hellip;]<\/p>\n","protected":false},"author":1,"featured_media":0,"parent":0,"menu_order":0,"comment_status":"closed","ping_status":"closed","template":"","meta":{"_acf_changed":false,"footnotes":""},"issues":[384],"companies":[],"regions":[],"sectors":[],"article_tags":[],"class_list":["post-212585","page","type-page","status-publish","hentry","issues-stop-al-trabajo-precario"],"acf":[],"yoast_head":"<!-- This site is optimized with the Yoast SEO Premium plugin v27.1 (Yoast SEO v27.1) - https:\/\/yoast.com\/product\/yoast-seo-premium-wordpress\/ -->\n<title>STOP al Trabajo Precario - industriall-union<\/title>\n<meta name=\"robots\" content=\"index, follow, max-snippet:-1, max-image-preview:large, max-video-preview:-1\" \/>\n<link rel=\"canonical\" href=\"https:\/\/admin.industriall-union.org\/es\/stop-al-trabajo-precario\/\" \/>\n<meta property=\"og:locale\" content=\"es_ES\" \/>\n<meta property=\"og:type\" content=\"article\" \/>\n<meta property=\"og:title\" content=\"STOP al Trabajo Precario\" \/>\n<meta property=\"og:description\" content=\"Los sindicatos combaten esta oleada organizando a los trabajadores precarios, oponi\u00e9ndose a las leyes que extienden el trabajo precario y moviliz\u00e1ndose en apoyo del empleo seguro con buenos sueldos y condiciones de trabajo. &iquest;Qu\u00e9 es el trabajo precario? Los contratos ocasionales, temporales, indirectos y de cero horas son t\u00e9rminos que describen el trabajo precario. Este [&hellip;]\" \/>\n<meta property=\"og:url\" content=\"https:\/\/admin.industriall-union.org\/es\/stop-al-trabajo-precario\/\" \/>\n<meta property=\"og:site_name\" content=\"industriall-union\" \/>\n<meta property=\"article:modified_time\" content=\"2026-02-03T13:10:52+00:00\" \/>\n<meta name=\"twitter:card\" content=\"summary_large_image\" \/>\n<script type=\"application\/ld+json\" class=\"yoast-schema-graph\">{\"@context\":\"https:\/\/schema.org\",\"@graph\":[{\"@type\":\"WebPage\",\"@id\":\"https:\/\/admin.industriall-union.org\/es\/stop-al-trabajo-precario\/\",\"url\":\"https:\/\/admin.industriall-union.org\/es\/stop-al-trabajo-precario\/\",\"name\":\"STOP al Trabajo Precario - industriall-union\",\"isPartOf\":{\"@id\":\"https:\/\/admin.industriall-union.org\/fr\/#website\"},\"datePublished\":\"2019-03-11T17:18:02+00:00\",\"dateModified\":\"2026-02-03T13:10:52+00:00\",\"breadcrumb\":{\"@id\":\"https:\/\/admin.industriall-union.org\/es\/stop-al-trabajo-precario\/#breadcrumb\"},\"inLanguage\":\"es-ES\",\"potentialAction\":[{\"@type\":\"ReadAction\",\"target\":[\"https:\/\/admin.industriall-union.org\/es\/stop-al-trabajo-precario\/\"]}]},{\"@type\":\"BreadcrumbList\",\"@id\":\"https:\/\/admin.industriall-union.org\/es\/stop-al-trabajo-precario\/#breadcrumb\",\"itemListElement\":[{\"@type\":\"ListItem\",\"position\":1,\"name\":\"Home\",\"item\":\"https:\/\/admin.industriall-union.org\/fr\/\"},{\"@type\":\"ListItem\",\"position\":2,\"name\":\"STOP al Trabajo Precario\"}]},{\"@type\":\"WebSite\",\"@id\":\"https:\/\/admin.industriall-union.org\/fr\/#website\",\"url\":\"https:\/\/admin.industriall-union.org\/fr\/\",\"name\":\"industriall-union\",\"description\":\"\",\"potentialAction\":[{\"@type\":\"SearchAction\",\"target\":{\"@type\":\"EntryPoint\",\"urlTemplate\":\"https:\/\/admin.industriall-union.org\/fr\/?s={search_term_string}\"},\"query-input\":{\"@type\":\"PropertyValueSpecification\",\"valueRequired\":true,\"valueName\":\"search_term_string\"}}],\"inLanguage\":\"es-ES\"}]}<\/script>\n<!-- \/ Yoast SEO Premium plugin. -->","yoast_head_json":{"title":"STOP al Trabajo Precario - industriall-union","robots":{"index":"index","follow":"follow","max-snippet":"max-snippet:-1","max-image-preview":"max-image-preview:large","max-video-preview":"max-video-preview:-1"},"canonical":"https:\/\/admin.industriall-union.org\/es\/stop-al-trabajo-precario\/","og_locale":"es_ES","og_type":"article","og_title":"STOP al Trabajo Precario","og_description":"Los sindicatos combaten esta oleada organizando a los trabajadores precarios, oponi\u00e9ndose a las leyes que extienden el trabajo precario y moviliz\u00e1ndose en apoyo del empleo seguro con buenos sueldos y condiciones de trabajo. &iquest;Qu\u00e9 es el trabajo precario? Los contratos ocasionales, temporales, indirectos y de cero horas son t\u00e9rminos que describen el trabajo precario. Este [&hellip;]","og_url":"https:\/\/admin.industriall-union.org\/es\/stop-al-trabajo-precario\/","og_site_name":"industriall-union","article_modified_time":"2026-02-03T13:10:52+00:00","twitter_card":"summary_large_image","schema":{"@context":"https:\/\/schema.org","@graph":[{"@type":"WebPage","@id":"https:\/\/admin.industriall-union.org\/es\/stop-al-trabajo-precario\/","url":"https:\/\/admin.industriall-union.org\/es\/stop-al-trabajo-precario\/","name":"STOP al Trabajo Precario - industriall-union","isPartOf":{"@id":"https:\/\/admin.industriall-union.org\/fr\/#website"},"datePublished":"2019-03-11T17:18:02+00:00","dateModified":"2026-02-03T13:10:52+00:00","breadcrumb":{"@id":"https:\/\/admin.industriall-union.org\/es\/stop-al-trabajo-precario\/#breadcrumb"},"inLanguage":"es-ES","potentialAction":[{"@type":"ReadAction","target":["https:\/\/admin.industriall-union.org\/es\/stop-al-trabajo-precario\/"]}]},{"@type":"BreadcrumbList","@id":"https:\/\/admin.industriall-union.org\/es\/stop-al-trabajo-precario\/#breadcrumb","itemListElement":[{"@type":"ListItem","position":1,"name":"Home","item":"https:\/\/admin.industriall-union.org\/fr\/"},{"@type":"ListItem","position":2,"name":"STOP al Trabajo Precario"}]},{"@type":"WebSite","@id":"https:\/\/admin.industriall-union.org\/fr\/#website","url":"https:\/\/admin.industriall-union.org\/fr\/","name":"industriall-union","description":"","potentialAction":[{"@type":"SearchAction","target":{"@type":"EntryPoint","urlTemplate":"https:\/\/admin.industriall-union.org\/fr\/?s={search_term_string}"},"query-input":{"@type":"PropertyValueSpecification","valueRequired":true,"valueName":"search_term_string"}}],"inLanguage":"es-ES"}]}},"_links":{"self":[{"href":"https:\/\/admin.industriall-union.org\/es\/wp-json\/wp\/v2\/pages\/212585","targetHints":{"allow":["GET"]}}],"collection":[{"href":"https:\/\/admin.industriall-union.org\/es\/wp-json\/wp\/v2\/pages"}],"about":[{"href":"https:\/\/admin.industriall-union.org\/es\/wp-json\/wp\/v2\/types\/page"}],"author":[{"embeddable":true,"href":"https:\/\/admin.industriall-union.org\/es\/wp-json\/wp\/v2\/users\/1"}],"replies":[{"embeddable":true,"href":"https:\/\/admin.industriall-union.org\/es\/wp-json\/wp\/v2\/comments?post=212585"}],"version-history":[{"count":3,"href":"https:\/\/admin.industriall-union.org\/es\/wp-json\/wp\/v2\/pages\/212585\/revisions"}],"predecessor-version":[{"id":467016,"href":"https:\/\/admin.industriall-union.org\/es\/wp-json\/wp\/v2\/pages\/212585\/revisions\/467016"}],"wp:attachment":[{"href":"https:\/\/admin.industriall-union.org\/es\/wp-json\/wp\/v2\/media?parent=212585"}],"wp:term":[{"taxonomy":"issues","embeddable":true,"href":"https:\/\/admin.industriall-union.org\/es\/wp-json\/wp\/v2\/issues?post=212585"},{"taxonomy":"companies","embeddable":true,"href":"https:\/\/admin.industriall-union.org\/es\/wp-json\/wp\/v2\/companies?post=212585"},{"taxonomy":"regions","embeddable":true,"href":"https:\/\/admin.industriall-union.org\/es\/wp-json\/wp\/v2\/regions?post=212585"},{"taxonomy":"sectors","embeddable":true,"href":"https:\/\/admin.industriall-union.org\/es\/wp-json\/wp\/v2\/sectors?post=212585"},{"taxonomy":"article_tags","embeddable":true,"href":"https:\/\/admin.industriall-union.org\/es\/wp-json\/wp\/v2\/article_tags?post=212585"}],"curies":[{"name":"wp","href":"https:\/\/api.w.org\/{rel}","templated":true}]}}