{"id":212514,"date":"2019-03-11T16:58:38","date_gmt":"2019-03-11T16:58:38","guid":{"rendered":"https:\/\/admin.industriall-union.org\/proyectos\/"},"modified":"2026-02-03T13:03:31","modified_gmt":"2026-02-03T13:03:31","slug":"project-work","status":"publish","type":"page","link":"https:\/\/admin.industriall-union.org\/es\/project-work\/","title":{"rendered":"Proyectos"},"content":{"rendered":"<p>Los cinco objetivos estrat\u00e9gicos aprobados por el Congreso gu\u00edan todo el trabajo realizado por IndustriALL.<\/p><p>Los proyectos aumentan sustancialmente nuestra capacidad para alcanzar nuestros objetivos. Un proyecto es un contrato entre una organizaci\u00f3n de apoyo a la solidaridad sindical e IndustriALL, en virtud del cual la organizaci\u00f3n de apoyo acepta financiar el trabajo que realizamos en las regiones de acuerdo con objetivos e indicadores espec\u00edficos.<\/p><p>Los objetivos e indicadores siempre estar\u00e1n alineados con nuestras metas estrat\u00e9gicas, pero tambi\u00e9n est\u00e1n influenciados por las demandas de nuestros afiliados participantes, el pensamiento estrat\u00e9gico de las regiones y la sede de IndustriALL y ciertas restricciones de la organizaci\u00f3n de apoyo. Los objetivos e indicadores de un proyecto siempre se desarrollan en cooperaci\u00f3n entre IndustriALL, los afiliados participantes, los sindicatos del pa\u00eds de la organizaci\u00f3n de apoyo y la propia organizaci\u00f3n de apoyo.<\/p><p>En 2018 tuvimos un total de 43 proyectos financiados por organizaciones de apoyo en Suecia, Finlandia, Alemania, Pa\u00edses Bajos y Dinamarca y sindicatos activos y solidarios en Suecia, Finlandia, Dinamarca, Canad\u00e1, Francia, B\u00e9lgica y Noruega. Veinticinco de los proyectos son los llamados de &quot;enfoque de marco l\u00f3gico&quot;, que son proyectos integrales con muchas actividades en uno o varios pa\u00edses. Tenemos 14 proyectos con la fundaci\u00f3n alemana&nbsp;<a href=\"https:\/\/www.fes.de\/\" target=\"_blank\">Friedrich Ebert Stiftung<\/a>, que se centran en una o unas pocas actividades internacionales, como redes de empresas, sectores o temas espec\u00edficos.<\/p><p>Los proyectos se centran principalmente en la construcci\u00f3n del poder sindical, pero tambi\u00e9n trabajamos en la lucha contra el trabajo precario, la confrontaci\u00f3n con el capital global y la defensa de los derechos de los trabajadores. La perspectiva de g\u00e9nero est\u00e1 presente en todos nuestros proyectos. Los proyectos ofrecen un apoyo inestimable, en particular para el trabajo de nuestras oficinas regionales con las afiliadas locales.<\/p><p>Las actividades de los proyectos corren a cargo principalmente del personal de las oficinas regionales y de los coordinadores de proyectos que hemos contratado a trav\u00e9s de la financiaci\u00f3n de proyectos. En total tenemos 37 coordinadores de proyectos, la mayor\u00eda de los cuales son contratados por IndustriALL por la duraci\u00f3n de un ciclo de proyecto. Todos los proyectos son planificados y supervisados por las oficinas regionales y los responsables de proyectos o directores sectoriales en Ginebra para garantizar que los objetivos e indicadores se ajusten a nuestras metas estrat\u00e9gicas y que las actividades aporten fuerza a nuestros afiliados en los pa\u00edses implicados.<\/p><p>Las actividades se centran en temas importantes como la sindicaci\u00f3n, la negociaci\u00f3n colectiva, el di\u00e1logo social, el g\u00e9nero, las estructuras financieras, la juventud, el trabajo precario, la unidad, la salud y la seguridad, el uso activo de los acuerdos marco mundiales, las cadenas de suministro y otros. El desarrollo de capacidades es fundamental en el trabajo de nuestros proyectos. Capacitamos tanto a las personas de nuestras afiliadas como a las propias afiliadas. Cuando reciben formaci\u00f3n, son capaces de compartir los nuevos conocimientos con sus colegas y utilizarlos en su trabajo diario para sus afiliados.<\/p><p><strong>Persona de contacto:<\/strong><\/p><table border=\"1\" cellpadding=\"1\" cellspacing=\"1\" style=\"width:100%\"><tbody><tr><td><strong><img decoding=\"async\" alt=\"\" src=\"\/wp-content\/uploads\/images\/People\/Internal\/IndustriALL-Staff\/fons.jpg\" style=\"width: 200px;height: 205px\" \/><\/strong><\/td><td><p><strong>Kurt (Fons) Vannieuwenhuyse<\/strong><\/p><p>Director de proyectos<\/p><p>tel. +32 47 318 6770<\/p><p>Correo electr\u00f3nico: <a href=\"mailto:Fons@industriall-union.org\">Fons@industriall-union.org<\/a><\/p><\/td><\/tr><\/tbody><\/table>","protected":false},"excerpt":{"rendered":"<p>Los cinco objetivos estrat\u00e9gicos aprobados por el Congreso gu\u00edan todo el trabajo realizado por IndustriALL. Los proyectos aumentan sustancialmente nuestra capacidad para alcanzar nuestros objetivos. Un proyecto es un contrato entre una organizaci\u00f3n de apoyo a la solidaridad sindical e IndustriALL, en virtud del cual la organizaci\u00f3n de apoyo acepta financiar el trabajo que realizamos [&hellip;]<\/p>\n","protected":false},"author":1,"featured_media":0,"parent":0,"menu_order":0,"comment_status":"closed","ping_status":"closed","template":"","meta":{"_acf_changed":false,"footnotes":""},"issues":[],"companies":[],"regions":[],"sectors":[],"article_tags":[522],"class_list":["post-212514","page","type-page","status-publish","hentry","article_tags-projects"],"acf":[],"yoast_head":"<!-- This site is optimized with the Yoast SEO Premium plugin v27.1 (Yoast SEO v27.1) - https:\/\/yoast.com\/product\/yoast-seo-premium-wordpress\/ -->\n<title>Proyectos - industriall-union<\/title>\n<meta name=\"robots\" content=\"index, follow, max-snippet:-1, max-image-preview:large, max-video-preview:-1\" \/>\n<link rel=\"canonical\" href=\"https:\/\/admin.industriall-union.org\/es\/project-work\/\" \/>\n<meta property=\"og:locale\" content=\"es_ES\" \/>\n<meta property=\"og:type\" content=\"article\" \/>\n<meta property=\"og:title\" content=\"Proyectos\" \/>\n<meta property=\"og:description\" content=\"Los cinco objetivos estrat\u00e9gicos aprobados por el Congreso gu\u00edan todo el trabajo realizado por IndustriALL. Los proyectos aumentan sustancialmente nuestra capacidad para alcanzar nuestros objetivos. Un proyecto es un contrato entre una organizaci\u00f3n de apoyo a la solidaridad sindical e IndustriALL, en virtud del cual la organizaci\u00f3n de apoyo acepta financiar el trabajo que realizamos [&hellip;]\" \/>\n<meta property=\"og:url\" content=\"https:\/\/admin.industriall-union.org\/es\/project-work\/\" \/>\n<meta property=\"og:site_name\" content=\"industriall-union\" \/>\n<meta property=\"article:modified_time\" content=\"2026-02-03T13:03:31+00:00\" \/>\n<meta name=\"twitter:card\" content=\"summary_large_image\" \/>\n<meta name=\"twitter:label1\" content=\"Est. reading time\" \/>\n\t<meta name=\"twitter:data1\" content=\"3 minutes\" \/>\n<script type=\"application\/ld+json\" class=\"yoast-schema-graph\">{\"@context\":\"https:\/\/schema.org\",\"@graph\":[{\"@type\":\"WebPage\",\"@id\":\"https:\/\/admin.industriall-union.org\/es\/project-work\/\",\"url\":\"https:\/\/admin.industriall-union.org\/es\/project-work\/\",\"name\":\"Proyectos - industriall-union\",\"isPartOf\":{\"@id\":\"https:\/\/admin.industriall-union.org\/fr\/#website\"},\"datePublished\":\"2019-03-11T16:58:38+00:00\",\"dateModified\":\"2026-02-03T13:03:31+00:00\",\"breadcrumb\":{\"@id\":\"https:\/\/admin.industriall-union.org\/es\/project-work\/#breadcrumb\"},\"inLanguage\":\"es-ES\",\"potentialAction\":[{\"@type\":\"ReadAction\",\"target\":[\"https:\/\/admin.industriall-union.org\/es\/project-work\/\"]}]},{\"@type\":\"BreadcrumbList\",\"@id\":\"https:\/\/admin.industriall-union.org\/es\/project-work\/#breadcrumb\",\"itemListElement\":[{\"@type\":\"ListItem\",\"position\":1,\"name\":\"Home\",\"item\":\"https:\/\/admin.industriall-union.org\/fr\/\"},{\"@type\":\"ListItem\",\"position\":2,\"name\":\"Proyectos\"}]},{\"@type\":\"WebSite\",\"@id\":\"https:\/\/admin.industriall-union.org\/fr\/#website\",\"url\":\"https:\/\/admin.industriall-union.org\/fr\/\",\"name\":\"industriall-union\",\"description\":\"\",\"potentialAction\":[{\"@type\":\"SearchAction\",\"target\":{\"@type\":\"EntryPoint\",\"urlTemplate\":\"https:\/\/admin.industriall-union.org\/fr\/?s={search_term_string}\"},\"query-input\":{\"@type\":\"PropertyValueSpecification\",\"valueRequired\":true,\"valueName\":\"search_term_string\"}}],\"inLanguage\":\"es-ES\"}]}<\/script>\n<!-- \/ Yoast SEO Premium plugin. -->","yoast_head_json":{"title":"Proyectos - industriall-union","robots":{"index":"index","follow":"follow","max-snippet":"max-snippet:-1","max-image-preview":"max-image-preview:large","max-video-preview":"max-video-preview:-1"},"canonical":"https:\/\/admin.industriall-union.org\/es\/project-work\/","og_locale":"es_ES","og_type":"article","og_title":"Proyectos","og_description":"Los cinco objetivos estrat\u00e9gicos aprobados por el Congreso gu\u00edan todo el trabajo realizado por IndustriALL. Los proyectos aumentan sustancialmente nuestra capacidad para alcanzar nuestros objetivos. Un proyecto es un contrato entre una organizaci\u00f3n de apoyo a la solidaridad sindical e IndustriALL, en virtud del cual la organizaci\u00f3n de apoyo acepta financiar el trabajo que realizamos [&hellip;]","og_url":"https:\/\/admin.industriall-union.org\/es\/project-work\/","og_site_name":"industriall-union","article_modified_time":"2026-02-03T13:03:31+00:00","twitter_card":"summary_large_image","twitter_misc":{"Est. reading time":"3 minutes"},"schema":{"@context":"https:\/\/schema.org","@graph":[{"@type":"WebPage","@id":"https:\/\/admin.industriall-union.org\/es\/project-work\/","url":"https:\/\/admin.industriall-union.org\/es\/project-work\/","name":"Proyectos - industriall-union","isPartOf":{"@id":"https:\/\/admin.industriall-union.org\/fr\/#website"},"datePublished":"2019-03-11T16:58:38+00:00","dateModified":"2026-02-03T13:03:31+00:00","breadcrumb":{"@id":"https:\/\/admin.industriall-union.org\/es\/project-work\/#breadcrumb"},"inLanguage":"es-ES","potentialAction":[{"@type":"ReadAction","target":["https:\/\/admin.industriall-union.org\/es\/project-work\/"]}]},{"@type":"BreadcrumbList","@id":"https:\/\/admin.industriall-union.org\/es\/project-work\/#breadcrumb","itemListElement":[{"@type":"ListItem","position":1,"name":"Home","item":"https:\/\/admin.industriall-union.org\/fr\/"},{"@type":"ListItem","position":2,"name":"Proyectos"}]},{"@type":"WebSite","@id":"https:\/\/admin.industriall-union.org\/fr\/#website","url":"https:\/\/admin.industriall-union.org\/fr\/","name":"industriall-union","description":"","potentialAction":[{"@type":"SearchAction","target":{"@type":"EntryPoint","urlTemplate":"https:\/\/admin.industriall-union.org\/fr\/?s={search_term_string}"},"query-input":{"@type":"PropertyValueSpecification","valueRequired":true,"valueName":"search_term_string"}}],"inLanguage":"es-ES"}]}},"_links":{"self":[{"href":"https:\/\/admin.industriall-union.org\/es\/wp-json\/wp\/v2\/pages\/212514","targetHints":{"allow":["GET"]}}],"collection":[{"href":"https:\/\/admin.industriall-union.org\/es\/wp-json\/wp\/v2\/pages"}],"about":[{"href":"https:\/\/admin.industriall-union.org\/es\/wp-json\/wp\/v2\/types\/page"}],"author":[{"embeddable":true,"href":"https:\/\/admin.industriall-union.org\/es\/wp-json\/wp\/v2\/users\/1"}],"replies":[{"embeddable":true,"href":"https:\/\/admin.industriall-union.org\/es\/wp-json\/wp\/v2\/comments?post=212514"}],"version-history":[{"count":3,"href":"https:\/\/admin.industriall-union.org\/es\/wp-json\/wp\/v2\/pages\/212514\/revisions"}],"predecessor-version":[{"id":464194,"href":"https:\/\/admin.industriall-union.org\/es\/wp-json\/wp\/v2\/pages\/212514\/revisions\/464194"}],"wp:attachment":[{"href":"https:\/\/admin.industriall-union.org\/es\/wp-json\/wp\/v2\/media?parent=212514"}],"wp:term":[{"taxonomy":"issues","embeddable":true,"href":"https:\/\/admin.industriall-union.org\/es\/wp-json\/wp\/v2\/issues?post=212514"},{"taxonomy":"companies","embeddable":true,"href":"https:\/\/admin.industriall-union.org\/es\/wp-json\/wp\/v2\/companies?post=212514"},{"taxonomy":"regions","embeddable":true,"href":"https:\/\/admin.industriall-union.org\/es\/wp-json\/wp\/v2\/regions?post=212514"},{"taxonomy":"sectors","embeddable":true,"href":"https:\/\/admin.industriall-union.org\/es\/wp-json\/wp\/v2\/sectors?post=212514"},{"taxonomy":"article_tags","embeddable":true,"href":"https:\/\/admin.industriall-union.org\/es\/wp-json\/wp\/v2\/article_tags?post=212514"}],"curies":[{"name":"wp","href":"https:\/\/api.w.org\/{rel}","templated":true}]}}