{"id":212513,"date":"2019-04-04T09:55:31","date_gmt":"2019-04-04T09:55:31","guid":{"rendered":"https:\/\/admin.industriall-union.org\/sectores\/"},"modified":"2026-02-03T13:03:21","modified_gmt":"2026-02-03T13:03:21","slug":"sectores","status":"publish","type":"page","link":"https:\/\/admin.industriall-union.org\/es\/sectores\/","title":{"rendered":"Sectores"},"content":{"rendered":"<h2><span style=\"color:#c0392b\">Lista de sectores<\/span><\/h2><article class=\"listBlock\"><div class=\"image\">\u200b\u200b\u200b\u200b\u200b\u200b<img decoding=\"async\" alt=\"\" src=\"\/wp-content\/uploads\/images\/Actions-and-events\/Germany\/AerospaceConference-Berlin-July-2015\/aeroplane.jpg\" \/><\/div><div class=\"content\"><h2 class=\"title\"><a href=\"http:\/\/www.industriall-union.org\/es\/industria-aeroespacial\">Aeroespacial<\/a><\/h2><p class=\"description\">Representamos a los trabajadores principalmente involucrados en la fabricaci\u00f3n de aviones comerciales y aviones militares.<\/p><\/div><\/article><article class=\"listBlock\"><div class=\"image\"><img decoding=\"async\" alt=\"\" src=\"\/wp-content\/uploads\/images\/General-pics\/Automotive\/30913790792_26f6d68edf_k.jpg\" \/><\/div><div class=\"content\"><h2 class=\"title\"><a href=\"http:\/\/www.industriall-union.org\/es\/automotive\" target=\"_self\">Industria Automotriz<\/a><\/h2><p class=\"description\">Damos apoyo a trabajadores y sindicatos en los fabricantes de autom\u00f3viles y sus cadenas de suministro globales.<\/p><\/div><\/article><article class=\"listBlock\"><div class=\"image\"><img decoding=\"async\" alt=\"\" src=\"\/wp-content\/uploads\/images\/General-pics\/BaseMetals\/metal_sheets.jpg\" \/><\/div><div class=\"content\"><h2 class=\"title\"><a href=\"http:\/\/www.industriall-union.org\/es\/base-metals\" target=\"_self\">Metales B\u00e1sicos<\/a><\/h2><p class=\"description\">Defendemos a los trabajadores principalmente en las industrias del acero y el aluminio.<\/p><\/div><\/article><article class=\"listBlock\"><div class=\"image\"><img decoding=\"async\" alt=\"\" src=\"\/wp-content\/uploads\/images\/General-pics\/PharmaChemical\/pharma_worker_woman.jpg\" \/><\/div><div class=\"content\"><h2 class=\"title\"><a href=\"http:\/\/www.industriall-union.org\/es\/chemical-pharmaceutical-and-bio-science\" target=\"_self\">Qu\u00edmica, farmac\u00e9utica y biociencias<\/a><\/h2><p class=\"description\">Somos defensores de los trabajadores de las industrias qu\u00edmica, farmac\u00e9utica y de biociencias.<\/p><\/div><\/article><article class=\"listBlock\"><div class=\"image\"><img decoding=\"async\" alt=\"\" src=\"\/wp-content\/uploads\/images\/General-pics\/Energy\/oilrefinery_workers.jpg\" \/><\/div><div class=\"content\"><h2 class=\"title\"><a href=\"http:\/\/www.industriall-union.org\/es\/sector-de-energia\" target=\"_self\">Energ\u00eda (petr\u00f3leo, gas, electricidad y nuclear)<\/a><\/h2><p class=\"description\">Respaldamos la defensa de los trabajadores en las industrias del petr\u00f3leo, gas y nuclear, as\u00ed como la generaci\u00f3n de energ\u00eda el\u00e9ctrica.<\/p><\/div><\/article><article class=\"listBlock\"><div class=\"image\"><img decoding=\"async\" alt=\"\" src=\"\/wp-content\/uploads\/images\/General-pics\/ICTelectronics\/ictelectronics.jpg\" \/><\/div><div class=\"content\"><h2 class=\"title\"><a href=\"http:\/\/www.industriall-union.org\/es\/industria-electrica-y-electronica\" target=\"_self\">Industria el\u00e9ctrica y electr\u00f3nica<\/a><\/h2><p class=\"description\">Promovemos los derechos de los trabajadores del sector el\u00e9ctrico y electr\u00f3nico, que incluyen electr\u00f3nica de consumo, hardware de computadora, software y otros.<\/p><\/div><\/article><article class=\"listBlock\"><div class=\"image\"><img decoding=\"async\" alt=\"\" src=\"\/wp-content\/uploads\/images\/General-pics\/Materials\/cement.jpg\" \/><\/div><div class=\"content\"><h2 class=\"title\"><a href=\"http:\/\/www.industriall-union.org\/es\/vidrio-ceramica-cemento-y-afines\" target=\"_self\">Vidrio, Cer\u00e1mica, Cemento y Afines<\/a><\/h2><p class=\"description\">Apoyamos a los trabajadores de las industrias del vidrio, cemento, cer\u00e1mica e industrias asociadas.<\/p><\/div><\/article><article class=\"listBlock\"><div class=\"image\"><img decoding=\"async\" alt=\"\" src=\"\/wp-content\/uploads\/images\/General-pics\/MechanicalEngineering\/tractorfactory.jpg\" \/><\/div><div class=\"content\"><h2 class=\"title\"><a href=\"http:\/\/www.industriall-union.org\/es\/ingenieria-mecanica\" target=\"_self\">Ingenier\u00eda Mec\u00e1nica<\/a><\/h2><p class=\"description\">Defendemos a los trabajadores de las industrias de ingenier\u00eda mec\u00e1nica, incluido el sector de las energ\u00edas renovables.<\/p><\/div><\/article><article class=\"listBlock\"><div class=\"image\"><img decoding=\"async\" alt=\"\" src=\"\/wp-content\/uploads\/images\/General-pics\/MIning\/dsc_8785.jpg\" \/><\/div><div class=\"content\"><h2 class=\"title\"><a href=\"http:\/\/www.industriall-union.org\/es\/mining-and-dgojp\" target=\"_self\">Miner\u00eda \/ DGOJP<\/a><\/h2><p class=\"description\">Buscamos el fortalecimiento de los sindicatos en los sectores de miner\u00eda y DGOJP (procesamiento de diamantes, gemas, ornamentos y joyas).&nbsp;<\/p><\/div><\/article><article class=\"listBlock\"><div class=\"image\"><img decoding=\"async\" alt=\"\" src=\"\/wp-content\/uploads\/images\/General-pics\/PulpPaper\/papermill_workers.jpg\" \/><\/div><div class=\"content\"><h2 class=\"title\"><a href=\"http:\/\/www.industriall-union.org\/es\/pulpa-y-papel\" target=\"_self\">Pulpa y Papel<\/a><\/h2><p class=\"description\">Protegemos los derechos de los trabajadores en la producci\u00f3n y conversi\u00f3n de envases de celulosa, papel, cart\u00f3n y papel.<\/p><\/div><\/article><article class=\"listBlock\"><div class=\"image\"><img decoding=\"async\" alt=\"\" src=\"\/wp-content\/uploads\/images\/General-pics\/Rubber\/rubberpressed.jpg\" \/><\/div><div class=\"content\"><h2 class=\"title\"><a href=\"http:\/\/www.industriall-union.org\/es\/sector-caucho\" target=\"_self\">Caucho<\/a><\/h2><p class=\"description\">Protegemos los derechos de los trabajadores en el sector mundial de los neum\u00e1ticos y el caucho.<\/p><\/div><\/article><article class=\"listBlock\"><div class=\"image\"><img decoding=\"async\" alt=\"\" src=\"\/wp-content\/uploads\/images\/General-pics\/Shipbuilding\/shipbuildingrotterdam.jpg\" \/><\/div><div class=\"content\"><h2 class=\"title\"><a href=\"http:\/\/www.industriall-union.org\/es\/construccion-naval-y-desguace-de-buques\" target=\"_self\">Construcci\u00f3n Naval y Desguace de Buques<\/a><\/h2><p class=\"description\">Velamos por los derechos de los trabajadores en las industrias de construcci\u00f3n y desguace de buques.<\/p><\/div><\/article><article class=\"listBlock\"><div class=\"image\"><img decoding=\"async\" alt=\"\" src=\"\/wp-content\/uploads\/images\/General-pics\/Textile\/rp2_14.jpg\" \/><\/div><div class=\"content\"><h2 class=\"title\"><a href=\"http:\/\/www.industriall-union.org\/es\/textil-cuero-ropa-calzado-servicios-textiles\" target=\"_self\">Textil, cuero, ropa, calzado, servicios textiles<\/a><\/h2><p class=\"description\">Protegemos a los trabajadores en las cadenas de suministro globales de las industrias de prendas de vestir, cuero, textiles y calzado.<\/p><\/div><\/article>","protected":false},"excerpt":{"rendered":"<p>Lista de sectores \u200b\u200b\u200b\u200b\u200b\u200b Aeroespacial Representamos a los trabajadores principalmente involucrados en la fabricaci\u00f3n de aviones comerciales y aviones militares. Industria Automotriz Damos apoyo a trabajadores y sindicatos en los fabricantes de autom\u00f3viles y sus cadenas de suministro globales. Metales B\u00e1sicos Defendemos a los trabajadores principalmente en las industrias del acero y el aluminio. Qu\u00edmica, [&hellip;]<\/p>\n","protected":false},"author":1,"featured_media":0,"parent":0,"menu_order":0,"comment_status":"closed","ping_status":"closed","template":"","meta":{"_acf_changed":false,"footnotes":""},"issues":[],"companies":[],"regions":[],"sectors":[],"article_tags":[],"class_list":["post-212513","page","type-page","status-publish","hentry"],"acf":[],"yoast_head":"<!-- This site is optimized with the Yoast SEO Premium plugin v27.1 (Yoast SEO v27.1) - https:\/\/yoast.com\/product\/yoast-seo-premium-wordpress\/ -->\n<title>Sectores - industriall-union<\/title>\n<meta name=\"robots\" content=\"index, follow, max-snippet:-1, max-image-preview:large, max-video-preview:-1\" \/>\n<link rel=\"canonical\" href=\"https:\/\/admin.industriall-union.org\/es\/sectores\/\" \/>\n<meta property=\"og:locale\" content=\"es_ES\" \/>\n<meta property=\"og:type\" content=\"article\" \/>\n<meta property=\"og:title\" content=\"Sectores\" \/>\n<meta property=\"og:description\" content=\"Lista de sectores \u200b\u200b\u200b\u200b\u200b\u200b Aeroespacial Representamos a los trabajadores principalmente involucrados en la fabricaci\u00f3n de aviones comerciales y aviones militares. Industria Automotriz Damos apoyo a trabajadores y sindicatos en los fabricantes de autom\u00f3viles y sus cadenas de suministro globales. Metales B\u00e1sicos Defendemos a los trabajadores principalmente en las industrias del acero y el aluminio. Qu\u00edmica, [&hellip;]\" \/>\n<meta property=\"og:url\" content=\"https:\/\/admin.industriall-union.org\/es\/sectores\/\" \/>\n<meta property=\"og:site_name\" content=\"industriall-union\" \/>\n<meta property=\"article:modified_time\" content=\"2026-02-03T13:03:21+00:00\" \/>\n<meta name=\"twitter:card\" content=\"summary_large_image\" \/>\n<meta name=\"twitter:label1\" content=\"Est. reading time\" \/>\n\t<meta name=\"twitter:data1\" content=\"1 minute\" \/>\n<script type=\"application\/ld+json\" class=\"yoast-schema-graph\">{\"@context\":\"https:\/\/schema.org\",\"@graph\":[{\"@type\":\"WebPage\",\"@id\":\"https:\/\/admin.industriall-union.org\/es\/sectores\/\",\"url\":\"https:\/\/admin.industriall-union.org\/es\/sectores\/\",\"name\":\"Sectores - industriall-union\",\"isPartOf\":{\"@id\":\"https:\/\/admin.industriall-union.org\/fr\/#website\"},\"datePublished\":\"2019-04-04T09:55:31+00:00\",\"dateModified\":\"2026-02-03T13:03:21+00:00\",\"breadcrumb\":{\"@id\":\"https:\/\/admin.industriall-union.org\/es\/sectores\/#breadcrumb\"},\"inLanguage\":\"es-ES\",\"potentialAction\":[{\"@type\":\"ReadAction\",\"target\":[\"https:\/\/admin.industriall-union.org\/es\/sectores\/\"]}]},{\"@type\":\"BreadcrumbList\",\"@id\":\"https:\/\/admin.industriall-union.org\/es\/sectores\/#breadcrumb\",\"itemListElement\":[{\"@type\":\"ListItem\",\"position\":1,\"name\":\"Home\",\"item\":\"https:\/\/admin.industriall-union.org\/fr\/\"},{\"@type\":\"ListItem\",\"position\":2,\"name\":\"Sectores\"}]},{\"@type\":\"WebSite\",\"@id\":\"https:\/\/admin.industriall-union.org\/fr\/#website\",\"url\":\"https:\/\/admin.industriall-union.org\/fr\/\",\"name\":\"industriall-union\",\"description\":\"\",\"potentialAction\":[{\"@type\":\"SearchAction\",\"target\":{\"@type\":\"EntryPoint\",\"urlTemplate\":\"https:\/\/admin.industriall-union.org\/fr\/?s={search_term_string}\"},\"query-input\":{\"@type\":\"PropertyValueSpecification\",\"valueRequired\":true,\"valueName\":\"search_term_string\"}}],\"inLanguage\":\"es-ES\"}]}<\/script>\n<!-- \/ Yoast SEO Premium plugin. -->","yoast_head_json":{"title":"Sectores - industriall-union","robots":{"index":"index","follow":"follow","max-snippet":"max-snippet:-1","max-image-preview":"max-image-preview:large","max-video-preview":"max-video-preview:-1"},"canonical":"https:\/\/admin.industriall-union.org\/es\/sectores\/","og_locale":"es_ES","og_type":"article","og_title":"Sectores","og_description":"Lista de sectores \u200b\u200b\u200b\u200b\u200b\u200b Aeroespacial Representamos a los trabajadores principalmente involucrados en la fabricaci\u00f3n de aviones comerciales y aviones militares. Industria Automotriz Damos apoyo a trabajadores y sindicatos en los fabricantes de autom\u00f3viles y sus cadenas de suministro globales. Metales B\u00e1sicos Defendemos a los trabajadores principalmente en las industrias del acero y el aluminio. Qu\u00edmica, [&hellip;]","og_url":"https:\/\/admin.industriall-union.org\/es\/sectores\/","og_site_name":"industriall-union","article_modified_time":"2026-02-03T13:03:21+00:00","twitter_card":"summary_large_image","twitter_misc":{"Est. reading time":"1 minute"},"schema":{"@context":"https:\/\/schema.org","@graph":[{"@type":"WebPage","@id":"https:\/\/admin.industriall-union.org\/es\/sectores\/","url":"https:\/\/admin.industriall-union.org\/es\/sectores\/","name":"Sectores - industriall-union","isPartOf":{"@id":"https:\/\/admin.industriall-union.org\/fr\/#website"},"datePublished":"2019-04-04T09:55:31+00:00","dateModified":"2026-02-03T13:03:21+00:00","breadcrumb":{"@id":"https:\/\/admin.industriall-union.org\/es\/sectores\/#breadcrumb"},"inLanguage":"es-ES","potentialAction":[{"@type":"ReadAction","target":["https:\/\/admin.industriall-union.org\/es\/sectores\/"]}]},{"@type":"BreadcrumbList","@id":"https:\/\/admin.industriall-union.org\/es\/sectores\/#breadcrumb","itemListElement":[{"@type":"ListItem","position":1,"name":"Home","item":"https:\/\/admin.industriall-union.org\/fr\/"},{"@type":"ListItem","position":2,"name":"Sectores"}]},{"@type":"WebSite","@id":"https:\/\/admin.industriall-union.org\/fr\/#website","url":"https:\/\/admin.industriall-union.org\/fr\/","name":"industriall-union","description":"","potentialAction":[{"@type":"SearchAction","target":{"@type":"EntryPoint","urlTemplate":"https:\/\/admin.industriall-union.org\/fr\/?s={search_term_string}"},"query-input":{"@type":"PropertyValueSpecification","valueRequired":true,"valueName":"search_term_string"}}],"inLanguage":"es-ES"}]}},"_links":{"self":[{"href":"https:\/\/admin.industriall-union.org\/es\/wp-json\/wp\/v2\/pages\/212513","targetHints":{"allow":["GET"]}}],"collection":[{"href":"https:\/\/admin.industriall-union.org\/es\/wp-json\/wp\/v2\/pages"}],"about":[{"href":"https:\/\/admin.industriall-union.org\/es\/wp-json\/wp\/v2\/types\/page"}],"author":[{"embeddable":true,"href":"https:\/\/admin.industriall-union.org\/es\/wp-json\/wp\/v2\/users\/1"}],"replies":[{"embeddable":true,"href":"https:\/\/admin.industriall-union.org\/es\/wp-json\/wp\/v2\/comments?post=212513"}],"version-history":[{"count":2,"href":"https:\/\/admin.industriall-union.org\/es\/wp-json\/wp\/v2\/pages\/212513\/revisions"}],"predecessor-version":[{"id":464180,"href":"https:\/\/admin.industriall-union.org\/es\/wp-json\/wp\/v2\/pages\/212513\/revisions\/464180"}],"wp:attachment":[{"href":"https:\/\/admin.industriall-union.org\/es\/wp-json\/wp\/v2\/media?parent=212513"}],"wp:term":[{"taxonomy":"issues","embeddable":true,"href":"https:\/\/admin.industriall-union.org\/es\/wp-json\/wp\/v2\/issues?post=212513"},{"taxonomy":"companies","embeddable":true,"href":"https:\/\/admin.industriall-union.org\/es\/wp-json\/wp\/v2\/companies?post=212513"},{"taxonomy":"regions","embeddable":true,"href":"https:\/\/admin.industriall-union.org\/es\/wp-json\/wp\/v2\/regions?post=212513"},{"taxonomy":"sectors","embeddable":true,"href":"https:\/\/admin.industriall-union.org\/es\/wp-json\/wp\/v2\/sectors?post=212513"},{"taxonomy":"article_tags","embeddable":true,"href":"https:\/\/admin.industriall-union.org\/es\/wp-json\/wp\/v2\/article_tags?post=212513"}],"curies":[{"name":"wp","href":"https:\/\/api.w.org\/{rel}","templated":true}]}}