{"id":212512,"date":"2019-03-11T17:33:19","date_gmt":"2019-03-11T17:33:19","guid":{"rendered":"https:\/\/admin.industriall-union.org\/la-limpieza-del-sector-de-desguace-de-buques\/"},"modified":"2026-02-03T13:01:40","modified_gmt":"2026-02-03T13:01:40","slug":"rectificar-el-desguace-de-buques","status":"publish","type":"page","link":"https:\/\/admin.industriall-union.org\/es\/rectificar-el-desguace-de-buques\/","title":{"rendered":"La limpieza del sector de desguace de buques"},"content":{"rendered":"<h2><span style=\"color:#c0392b\">Campa\u00f1a para la limpieza del sector de desguace de buques, el trabajo m\u00e1s peligroso del mundo<\/span><\/h2><p>Los trabajadores de esta industria sufren de condiciones de trabajo precarias, carecen de formaci\u00f3n y est\u00e1n expuestos a graves riesgos.<\/p><p>La industria tiene la responsabilidad de proporcionar&nbsp;(y los trabajadores tienen el derecho de tener)&nbsp;empleos seguros, saludables, limpios y sostenibles.<\/p><p>IndustriALL Global Union pide a todos los Estados miembros de la Organizaci\u00f3n Mar\u00edtima Internacional (OMI) que:<\/p><p>&iexcl;Ratifique AHORA la Convenci\u00f3n Internacional de Hong Kong para el reciclaje seguro y ambientalmente racional de buques!<\/p><p><a href=\"\/wp-content\/uploads\/images\/Shipbreaking_Campaign\/shipbreaking_poster_v4_2.pdf\"><img decoding=\"async\" alt=\"\" src=\"\/wp-content\/uploads\/images\/Shipbreaking_Campaign\/shipbreaking_poster_v4_2.jpg\" style=\"width: 700px;height: 990px\" \/><\/a><\/p>","protected":false},"excerpt":{"rendered":"<p>Campa\u00f1a para la limpieza del sector de desguace de buques, el trabajo m\u00e1s peligroso del mundo Los trabajadores de esta industria sufren de condiciones de trabajo precarias, carecen de formaci\u00f3n y est\u00e1n expuestos a graves riesgos. La industria tiene la responsabilidad de proporcionar&nbsp;(y los trabajadores tienen el derecho de tener)&nbsp;empleos seguros, saludables, limpios y sostenibles. [&hellip;]<\/p>\n","protected":false},"author":1,"featured_media":0,"parent":0,"menu_order":0,"comment_status":"closed","ping_status":"closed","template":"","meta":{"_acf_changed":false,"footnotes":""},"issues":[],"companies":[],"regions":[],"sectors":[],"article_tags":[],"class_list":["post-212512","page","type-page","status-publish","hentry"],"acf":[],"yoast_head":"<!-- This site is optimized with the Yoast SEO Premium plugin v27.1 (Yoast SEO v27.1) - https:\/\/yoast.com\/product\/yoast-seo-premium-wordpress\/ -->\n<title>La limpieza del sector de desguace de buques - industriall-union<\/title>\n<meta name=\"robots\" content=\"index, follow, max-snippet:-1, max-image-preview:large, max-video-preview:-1\" \/>\n<link rel=\"canonical\" href=\"https:\/\/admin.industriall-union.org\/es\/rectificar-el-desguace-de-buques\/\" \/>\n<meta property=\"og:locale\" content=\"es_ES\" \/>\n<meta property=\"og:type\" content=\"article\" \/>\n<meta property=\"og:title\" content=\"La limpieza del sector de desguace de buques\" \/>\n<meta property=\"og:description\" content=\"Campa\u00f1a para la limpieza del sector de desguace de buques, el trabajo m\u00e1s peligroso del mundo Los trabajadores de esta industria sufren de condiciones de trabajo precarias, carecen de formaci\u00f3n y est\u00e1n expuestos a graves riesgos. La industria tiene la responsabilidad de proporcionar&nbsp;(y los trabajadores tienen el derecho de tener)&nbsp;empleos seguros, saludables, limpios y sostenibles. [&hellip;]\" \/>\n<meta property=\"og:url\" content=\"https:\/\/admin.industriall-union.org\/es\/rectificar-el-desguace-de-buques\/\" \/>\n<meta property=\"og:site_name\" content=\"industriall-union\" \/>\n<meta property=\"article:modified_time\" content=\"2026-02-03T13:01:40+00:00\" \/>\n<meta name=\"twitter:card\" content=\"summary_large_image\" \/>\n<script type=\"application\/ld+json\" class=\"yoast-schema-graph\">{\"@context\":\"https:\/\/schema.org\",\"@graph\":[{\"@type\":\"WebPage\",\"@id\":\"https:\/\/admin.industriall-union.org\/es\/rectificar-el-desguace-de-buques\/\",\"url\":\"https:\/\/admin.industriall-union.org\/es\/rectificar-el-desguace-de-buques\/\",\"name\":\"La limpieza del sector de desguace de buques - industriall-union\",\"isPartOf\":{\"@id\":\"https:\/\/admin.industriall-union.org\/#website\"},\"datePublished\":\"2019-03-11T17:33:19+00:00\",\"dateModified\":\"2026-02-03T13:01:40+00:00\",\"breadcrumb\":{\"@id\":\"https:\/\/admin.industriall-union.org\/es\/rectificar-el-desguace-de-buques\/#breadcrumb\"},\"inLanguage\":\"es-ES\",\"potentialAction\":[{\"@type\":\"ReadAction\",\"target\":[\"https:\/\/admin.industriall-union.org\/es\/rectificar-el-desguace-de-buques\/\"]}]},{\"@type\":\"BreadcrumbList\",\"@id\":\"https:\/\/admin.industriall-union.org\/es\/rectificar-el-desguace-de-buques\/#breadcrumb\",\"itemListElement\":[{\"@type\":\"ListItem\",\"position\":1,\"name\":\"Home\",\"item\":\"https:\/\/admin.industriall-union.org\/\"},{\"@type\":\"ListItem\",\"position\":2,\"name\":\"La limpieza del sector de desguace de buques\"}]},{\"@type\":\"WebSite\",\"@id\":\"https:\/\/admin.industriall-union.org\/#website\",\"url\":\"https:\/\/admin.industriall-union.org\/\",\"name\":\"industriall-union\",\"description\":\"\",\"potentialAction\":[{\"@type\":\"SearchAction\",\"target\":{\"@type\":\"EntryPoint\",\"urlTemplate\":\"https:\/\/admin.industriall-union.org\/?s={search_term_string}\"},\"query-input\":{\"@type\":\"PropertyValueSpecification\",\"valueRequired\":true,\"valueName\":\"search_term_string\"}}],\"inLanguage\":\"es-ES\"}]}<\/script>\n<!-- \/ Yoast SEO Premium plugin. -->","yoast_head_json":{"title":"La limpieza del sector de desguace de buques - industriall-union","robots":{"index":"index","follow":"follow","max-snippet":"max-snippet:-1","max-image-preview":"max-image-preview:large","max-video-preview":"max-video-preview:-1"},"canonical":"https:\/\/admin.industriall-union.org\/es\/rectificar-el-desguace-de-buques\/","og_locale":"es_ES","og_type":"article","og_title":"La limpieza del sector de desguace de buques","og_description":"Campa\u00f1a para la limpieza del sector de desguace de buques, el trabajo m\u00e1s peligroso del mundo Los trabajadores de esta industria sufren de condiciones de trabajo precarias, carecen de formaci\u00f3n y est\u00e1n expuestos a graves riesgos. La industria tiene la responsabilidad de proporcionar&nbsp;(y los trabajadores tienen el derecho de tener)&nbsp;empleos seguros, saludables, limpios y sostenibles. [&hellip;]","og_url":"https:\/\/admin.industriall-union.org\/es\/rectificar-el-desguace-de-buques\/","og_site_name":"industriall-union","article_modified_time":"2026-02-03T13:01:40+00:00","twitter_card":"summary_large_image","schema":{"@context":"https:\/\/schema.org","@graph":[{"@type":"WebPage","@id":"https:\/\/admin.industriall-union.org\/es\/rectificar-el-desguace-de-buques\/","url":"https:\/\/admin.industriall-union.org\/es\/rectificar-el-desguace-de-buques\/","name":"La limpieza del sector de desguace de buques - industriall-union","isPartOf":{"@id":"https:\/\/admin.industriall-union.org\/#website"},"datePublished":"2019-03-11T17:33:19+00:00","dateModified":"2026-02-03T13:01:40+00:00","breadcrumb":{"@id":"https:\/\/admin.industriall-union.org\/es\/rectificar-el-desguace-de-buques\/#breadcrumb"},"inLanguage":"es-ES","potentialAction":[{"@type":"ReadAction","target":["https:\/\/admin.industriall-union.org\/es\/rectificar-el-desguace-de-buques\/"]}]},{"@type":"BreadcrumbList","@id":"https:\/\/admin.industriall-union.org\/es\/rectificar-el-desguace-de-buques\/#breadcrumb","itemListElement":[{"@type":"ListItem","position":1,"name":"Home","item":"https:\/\/admin.industriall-union.org\/"},{"@type":"ListItem","position":2,"name":"La limpieza del sector de desguace de buques"}]},{"@type":"WebSite","@id":"https:\/\/admin.industriall-union.org\/#website","url":"https:\/\/admin.industriall-union.org\/","name":"industriall-union","description":"","potentialAction":[{"@type":"SearchAction","target":{"@type":"EntryPoint","urlTemplate":"https:\/\/admin.industriall-union.org\/?s={search_term_string}"},"query-input":{"@type":"PropertyValueSpecification","valueRequired":true,"valueName":"search_term_string"}}],"inLanguage":"es-ES"}]}},"_links":{"self":[{"href":"https:\/\/admin.industriall-union.org\/es\/wp-json\/wp\/v2\/pages\/212512","targetHints":{"allow":["GET"]}}],"collection":[{"href":"https:\/\/admin.industriall-union.org\/es\/wp-json\/wp\/v2\/pages"}],"about":[{"href":"https:\/\/admin.industriall-union.org\/es\/wp-json\/wp\/v2\/types\/page"}],"author":[{"embeddable":true,"href":"https:\/\/admin.industriall-union.org\/es\/wp-json\/wp\/v2\/users\/1"}],"replies":[{"embeddable":true,"href":"https:\/\/admin.industriall-union.org\/es\/wp-json\/wp\/v2\/comments?post=212512"}],"version-history":[{"count":3,"href":"https:\/\/admin.industriall-union.org\/es\/wp-json\/wp\/v2\/pages\/212512\/revisions"}],"predecessor-version":[{"id":464178,"href":"https:\/\/admin.industriall-union.org\/es\/wp-json\/wp\/v2\/pages\/212512\/revisions\/464178"}],"wp:attachment":[{"href":"https:\/\/admin.industriall-union.org\/es\/wp-json\/wp\/v2\/media?parent=212512"}],"wp:term":[{"taxonomy":"issues","embeddable":true,"href":"https:\/\/admin.industriall-union.org\/es\/wp-json\/wp\/v2\/issues?post=212512"},{"taxonomy":"companies","embeddable":true,"href":"https:\/\/admin.industriall-union.org\/es\/wp-json\/wp\/v2\/companies?post=212512"},{"taxonomy":"regions","embeddable":true,"href":"https:\/\/admin.industriall-union.org\/es\/wp-json\/wp\/v2\/regions?post=212512"},{"taxonomy":"sectors","embeddable":true,"href":"https:\/\/admin.industriall-union.org\/es\/wp-json\/wp\/v2\/sectors?post=212512"},{"taxonomy":"article_tags","embeddable":true,"href":"https:\/\/admin.industriall-union.org\/es\/wp-json\/wp\/v2\/article_tags?post=212512"}],"curies":[{"name":"wp","href":"https:\/\/api.w.org\/{rel}","templated":true}]}}