{"id":212511,"date":"2019-03-11T17:23:56","date_gmt":"2019-03-11T17:23:56","guid":{"rendered":"https:\/\/admin.industriall-union.org\/salario-digno\/"},"modified":"2026-02-03T13:01:24","modified_gmt":"2026-02-03T13:01:24","slug":"salario-digno","status":"publish","type":"page","link":"https:\/\/admin.industriall-union.org\/es\/salario-digno\/","title":{"rendered":"Salario digno"},"content":{"rendered":"<p>El MdE es expl\u00edcito en la identificaci\u00f3n del desarrollo de la negociaci\u00f3n de la industria en los pa\u00edses productores de prendas de vestir como esencial para lograr salarios dignos y la necesidad de un reconocimiento efectivo de los derechos de los trabajadores a la libertad de asociaci\u00f3n y negociaci\u00f3n colectiva para que esto se realice.<\/p><p>En el contexto de las cadenas de suministro globales, donde los compradores en la parte superior de la cadena de suministro tienen el mayor poder para influir en el valor que se distribuye a lo largo de la cadena y cu\u00e1nto de eso termina en manos de los trabajadores, la reforma de las pr\u00e1cticas de compra en apoyo De la negociaci\u00f3n de la industria es esencial.<\/p><p>Al vincular la negociaci\u00f3n colectiva a nivel de la industria nacional entre sindicatos y empleadores con las pr\u00e1cticas de compra de marcas, el proceso ACT crea un marco para las relaciones industriales genuinas de la cadena de suministro. A trav\u00e9s de la negociaci\u00f3n con la industria, los trabajadores pueden obtener un salario suficiente para mantenerse adecuadamente a s\u00ed mismos y a sus familias, y al mismo tiempo se puede abordar la naturaleza espec\u00edfica de la industria, las horas de trabajo, la productividad y otras cuestiones que tienen relaci\u00f3n con los salarios.<\/p><p>Por primera vez, el proceso de ACT apunta a crear un sistema que, al abordar las barreras estructurales a los salarios dignos, tenga una oportunidad real de aumentar los salarios de los trabajadores de la confecci\u00f3n de manera escalable, sostenible y exigible.<\/p>","protected":false},"excerpt":{"rendered":"<p>El MdE es expl\u00edcito en la identificaci\u00f3n del desarrollo de la negociaci\u00f3n de la industria en los pa\u00edses productores de prendas de vestir como esencial para lograr salarios dignos y la necesidad de un reconocimiento efectivo de los derechos de los trabajadores a la libertad de asociaci\u00f3n y negociaci\u00f3n colectiva para que esto se realice. [&hellip;]<\/p>\n","protected":false},"author":1,"featured_media":0,"parent":0,"menu_order":0,"comment_status":"closed","ping_status":"closed","template":"","meta":{"_acf_changed":false,"footnotes":""},"issues":[],"companies":[],"regions":[],"sectors":[],"article_tags":[],"class_list":["post-212511","page","type-page","status-publish","hentry"],"acf":[],"yoast_head":"<!-- This site is optimized with the Yoast SEO Premium plugin v27.1 (Yoast SEO v27.1) - https:\/\/yoast.com\/product\/yoast-seo-premium-wordpress\/ -->\n<title>Salario digno - industriall-union<\/title>\n<meta name=\"robots\" content=\"index, follow, max-snippet:-1, max-image-preview:large, max-video-preview:-1\" \/>\n<link rel=\"canonical\" href=\"https:\/\/admin.industriall-union.org\/es\/salario-digno\/\" \/>\n<meta property=\"og:locale\" content=\"es_ES\" \/>\n<meta property=\"og:type\" content=\"article\" \/>\n<meta property=\"og:title\" content=\"Salario digno\" \/>\n<meta property=\"og:description\" content=\"El MdE es expl\u00edcito en la identificaci\u00f3n del desarrollo de la negociaci\u00f3n de la industria en los pa\u00edses productores de prendas de vestir como esencial para lograr salarios dignos y la necesidad de un reconocimiento efectivo de los derechos de los trabajadores a la libertad de asociaci\u00f3n y negociaci\u00f3n colectiva para que esto se realice. [&hellip;]\" \/>\n<meta property=\"og:url\" content=\"https:\/\/admin.industriall-union.org\/es\/salario-digno\/\" \/>\n<meta property=\"og:site_name\" content=\"industriall-union\" \/>\n<meta property=\"article:modified_time\" content=\"2026-02-03T13:01:24+00:00\" \/>\n<meta name=\"twitter:card\" content=\"summary_large_image\" \/>\n<meta name=\"twitter:label1\" content=\"Est. reading time\" \/>\n\t<meta name=\"twitter:data1\" content=\"1 minute\" \/>\n<script type=\"application\/ld+json\" class=\"yoast-schema-graph\">{\"@context\":\"https:\/\/schema.org\",\"@graph\":[{\"@type\":\"WebPage\",\"@id\":\"https:\/\/admin.industriall-union.org\/es\/salario-digno\/\",\"url\":\"https:\/\/admin.industriall-union.org\/es\/salario-digno\/\",\"name\":\"Salario digno - industriall-union\",\"isPartOf\":{\"@id\":\"https:\/\/admin.industriall-union.org\/#website\"},\"datePublished\":\"2019-03-11T17:23:56+00:00\",\"dateModified\":\"2026-02-03T13:01:24+00:00\",\"breadcrumb\":{\"@id\":\"https:\/\/admin.industriall-union.org\/es\/salario-digno\/#breadcrumb\"},\"inLanguage\":\"es-ES\",\"potentialAction\":[{\"@type\":\"ReadAction\",\"target\":[\"https:\/\/admin.industriall-union.org\/es\/salario-digno\/\"]}]},{\"@type\":\"BreadcrumbList\",\"@id\":\"https:\/\/admin.industriall-union.org\/es\/salario-digno\/#breadcrumb\",\"itemListElement\":[{\"@type\":\"ListItem\",\"position\":1,\"name\":\"Home\",\"item\":\"https:\/\/admin.industriall-union.org\/\"},{\"@type\":\"ListItem\",\"position\":2,\"name\":\"Salario digno\"}]},{\"@type\":\"WebSite\",\"@id\":\"https:\/\/admin.industriall-union.org\/#website\",\"url\":\"https:\/\/admin.industriall-union.org\/\",\"name\":\"industriall-union\",\"description\":\"\",\"potentialAction\":[{\"@type\":\"SearchAction\",\"target\":{\"@type\":\"EntryPoint\",\"urlTemplate\":\"https:\/\/admin.industriall-union.org\/?s={search_term_string}\"},\"query-input\":{\"@type\":\"PropertyValueSpecification\",\"valueRequired\":true,\"valueName\":\"search_term_string\"}}],\"inLanguage\":\"es-ES\"}]}<\/script>\n<!-- \/ Yoast SEO Premium plugin. -->","yoast_head_json":{"title":"Salario digno - industriall-union","robots":{"index":"index","follow":"follow","max-snippet":"max-snippet:-1","max-image-preview":"max-image-preview:large","max-video-preview":"max-video-preview:-1"},"canonical":"https:\/\/admin.industriall-union.org\/es\/salario-digno\/","og_locale":"es_ES","og_type":"article","og_title":"Salario digno","og_description":"El MdE es expl\u00edcito en la identificaci\u00f3n del desarrollo de la negociaci\u00f3n de la industria en los pa\u00edses productores de prendas de vestir como esencial para lograr salarios dignos y la necesidad de un reconocimiento efectivo de los derechos de los trabajadores a la libertad de asociaci\u00f3n y negociaci\u00f3n colectiva para que esto se realice. [&hellip;]","og_url":"https:\/\/admin.industriall-union.org\/es\/salario-digno\/","og_site_name":"industriall-union","article_modified_time":"2026-02-03T13:01:24+00:00","twitter_card":"summary_large_image","twitter_misc":{"Est. reading time":"1 minute"},"schema":{"@context":"https:\/\/schema.org","@graph":[{"@type":"WebPage","@id":"https:\/\/admin.industriall-union.org\/es\/salario-digno\/","url":"https:\/\/admin.industriall-union.org\/es\/salario-digno\/","name":"Salario digno - industriall-union","isPartOf":{"@id":"https:\/\/admin.industriall-union.org\/#website"},"datePublished":"2019-03-11T17:23:56+00:00","dateModified":"2026-02-03T13:01:24+00:00","breadcrumb":{"@id":"https:\/\/admin.industriall-union.org\/es\/salario-digno\/#breadcrumb"},"inLanguage":"es-ES","potentialAction":[{"@type":"ReadAction","target":["https:\/\/admin.industriall-union.org\/es\/salario-digno\/"]}]},{"@type":"BreadcrumbList","@id":"https:\/\/admin.industriall-union.org\/es\/salario-digno\/#breadcrumb","itemListElement":[{"@type":"ListItem","position":1,"name":"Home","item":"https:\/\/admin.industriall-union.org\/"},{"@type":"ListItem","position":2,"name":"Salario digno"}]},{"@type":"WebSite","@id":"https:\/\/admin.industriall-union.org\/#website","url":"https:\/\/admin.industriall-union.org\/","name":"industriall-union","description":"","potentialAction":[{"@type":"SearchAction","target":{"@type":"EntryPoint","urlTemplate":"https:\/\/admin.industriall-union.org\/?s={search_term_string}"},"query-input":{"@type":"PropertyValueSpecification","valueRequired":true,"valueName":"search_term_string"}}],"inLanguage":"es-ES"}]}},"_links":{"self":[{"href":"https:\/\/admin.industriall-union.org\/es\/wp-json\/wp\/v2\/pages\/212511","targetHints":{"allow":["GET"]}}],"collection":[{"href":"https:\/\/admin.industriall-union.org\/es\/wp-json\/wp\/v2\/pages"}],"about":[{"href":"https:\/\/admin.industriall-union.org\/es\/wp-json\/wp\/v2\/types\/page"}],"author":[{"embeddable":true,"href":"https:\/\/admin.industriall-union.org\/es\/wp-json\/wp\/v2\/users\/1"}],"replies":[{"embeddable":true,"href":"https:\/\/admin.industriall-union.org\/es\/wp-json\/wp\/v2\/comments?post=212511"}],"version-history":[{"count":1,"href":"https:\/\/admin.industriall-union.org\/es\/wp-json\/wp\/v2\/pages\/212511\/revisions"}],"predecessor-version":[{"id":388305,"href":"https:\/\/admin.industriall-union.org\/es\/wp-json\/wp\/v2\/pages\/212511\/revisions\/388305"}],"wp:attachment":[{"href":"https:\/\/admin.industriall-union.org\/es\/wp-json\/wp\/v2\/media?parent=212511"}],"wp:term":[{"taxonomy":"issues","embeddable":true,"href":"https:\/\/admin.industriall-union.org\/es\/wp-json\/wp\/v2\/issues?post=212511"},{"taxonomy":"companies","embeddable":true,"href":"https:\/\/admin.industriall-union.org\/es\/wp-json\/wp\/v2\/companies?post=212511"},{"taxonomy":"regions","embeddable":true,"href":"https:\/\/admin.industriall-union.org\/es\/wp-json\/wp\/v2\/regions?post=212511"},{"taxonomy":"sectors","embeddable":true,"href":"https:\/\/admin.industriall-union.org\/es\/wp-json\/wp\/v2\/sectors?post=212511"},{"taxonomy":"article_tags","embeddable":true,"href":"https:\/\/admin.industriall-union.org\/es\/wp-json\/wp\/v2\/article_tags?post=212511"}],"curies":[{"name":"wp","href":"https:\/\/api.w.org\/{rel}","templated":true}]}}