{"id":212494,"date":"2019-03-08T13:19:36","date_gmt":"2019-03-08T13:19:36","guid":{"rendered":"https:\/\/admin.industriall-union.org\/oriente-medio-y-africa-del-norte\/"},"modified":"2026-02-03T12:56:45","modified_gmt":"2026-02-03T12:56:45","slug":"oriente-medio-y-africa-del-norte-2","status":"publish","type":"page","link":"https:\/\/admin.industriall-union.org\/es\/oriente-medio-y-africa-del-norte-2\/","title":{"rendered":"Oriente Medio y \u00c1frica del Norte"},"content":{"rendered":"<table border=\"1\" cellpadding=\"1\" cellspacing=\"1\" style=\"width:100%\"><tbody><tr><td><h3><span style=\"color:#16a085\">Oriente Medio y \u00c1frica del Norte<\/span><\/h3><\/td><\/tr><tr><td><strong>Ahmed Kamel<\/strong><br \/><span style=\"color:null\">Secretatrio regional para Medio Oriente y \u00c1frica del Norte<\/span><br \/><span style=\"color:#16a085\">Tel:<\/span> +4915773263709<br \/><span style=\"color:#16a085\">Tel: <\/span>+201091234717<br \/><a href=\"mailto:akamel@industriall-union.org\">akamel<\/a><\/td><\/tr><\/tbody><\/table><figure class=\"imageArticle imageFull colorOverlay\"><img decoding=\"async\" alt=\"\" src=\"\/wp-content\/uploads\/images\/General-pics\/mena.png\" style=\"width: 6460px;height: 3480px\" \/><\/figure><p><span class=\"link link--facebook\">&nbsp;<a href=\"https:\/\/www.facebook.com\/IndustriALLMENA\/\">MENA Facebook page<\/a><\/span><\/p>","protected":false},"excerpt":{"rendered":"<p>Oriente Medio y \u00c1frica del Norte Ahmed KamelSecretatrio regional para Medio Oriente y \u00c1frica del NorteTel: +4915773263709Tel: +201091234717akamel &nbsp;MENA Facebook page<\/p>\n","protected":false},"author":1,"featured_media":0,"parent":0,"menu_order":0,"comment_status":"closed","ping_status":"closed","template":"","meta":{"_acf_changed":false,"footnotes":""},"issues":[],"companies":[],"regions":[198],"sectors":[],"article_tags":[],"class_list":["post-212494","page","type-page","status-publish","hentry","regions-moyen-orient-et-afrique-du-nord"],"acf":[],"yoast_head":"<!-- This site is optimized with the Yoast SEO Premium plugin v27.1 (Yoast SEO v27.1) - https:\/\/yoast.com\/product\/yoast-seo-premium-wordpress\/ -->\n<title>Oriente Medio y \u00c1frica del Norte - industriall-union<\/title>\n<meta name=\"robots\" content=\"index, follow, max-snippet:-1, max-image-preview:large, max-video-preview:-1\" \/>\n<link rel=\"canonical\" href=\"https:\/\/admin.industriall-union.org\/es\/oriente-medio-y-africa-del-norte-2\/\" \/>\n<meta property=\"og:locale\" content=\"es_ES\" \/>\n<meta property=\"og:type\" content=\"article\" \/>\n<meta property=\"og:title\" content=\"Oriente Medio y \u00c1frica del Norte\" \/>\n<meta property=\"og:description\" content=\"Oriente Medio y \u00c1frica del Norte Ahmed KamelSecretatrio regional para Medio Oriente y \u00c1frica del NorteTel: +4915773263709Tel: +201091234717akamel &nbsp;MENA Facebook page\" \/>\n<meta property=\"og:url\" content=\"https:\/\/admin.industriall-union.org\/es\/oriente-medio-y-africa-del-norte-2\/\" \/>\n<meta property=\"og:site_name\" content=\"industriall-union\" \/>\n<meta property=\"article:modified_time\" content=\"2026-02-03T12:56:45+00:00\" \/>\n<meta name=\"twitter:card\" content=\"summary_large_image\" \/>\n<script type=\"application\/ld+json\" class=\"yoast-schema-graph\">{\"@context\":\"https:\/\/schema.org\",\"@graph\":[{\"@type\":\"WebPage\",\"@id\":\"https:\/\/admin.industriall-union.org\/es\/oriente-medio-y-africa-del-norte-2\/\",\"url\":\"https:\/\/admin.industriall-union.org\/es\/oriente-medio-y-africa-del-norte-2\/\",\"name\":\"Oriente Medio y \u00c1frica del Norte - industriall-union\",\"isPartOf\":{\"@id\":\"https:\/\/admin.industriall-union.org\/#website\"},\"datePublished\":\"2019-03-08T13:19:36+00:00\",\"dateModified\":\"2026-02-03T12:56:45+00:00\",\"breadcrumb\":{\"@id\":\"https:\/\/admin.industriall-union.org\/es\/oriente-medio-y-africa-del-norte-2\/#breadcrumb\"},\"inLanguage\":\"es-ES\",\"potentialAction\":[{\"@type\":\"ReadAction\",\"target\":[\"https:\/\/admin.industriall-union.org\/es\/oriente-medio-y-africa-del-norte-2\/\"]}]},{\"@type\":\"BreadcrumbList\",\"@id\":\"https:\/\/admin.industriall-union.org\/es\/oriente-medio-y-africa-del-norte-2\/#breadcrumb\",\"itemListElement\":[{\"@type\":\"ListItem\",\"position\":1,\"name\":\"Home\",\"item\":\"https:\/\/admin.industriall-union.org\/\"},{\"@type\":\"ListItem\",\"position\":2,\"name\":\"Oriente Medio y \u00c1frica del Norte\"}]},{\"@type\":\"WebSite\",\"@id\":\"https:\/\/admin.industriall-union.org\/#website\",\"url\":\"https:\/\/admin.industriall-union.org\/\",\"name\":\"industriall-union\",\"description\":\"\",\"potentialAction\":[{\"@type\":\"SearchAction\",\"target\":{\"@type\":\"EntryPoint\",\"urlTemplate\":\"https:\/\/admin.industriall-union.org\/?s={search_term_string}\"},\"query-input\":{\"@type\":\"PropertyValueSpecification\",\"valueRequired\":true,\"valueName\":\"search_term_string\"}}],\"inLanguage\":\"es-ES\"}]}<\/script>\n<!-- \/ Yoast SEO Premium plugin. -->","yoast_head_json":{"title":"Oriente Medio y \u00c1frica del Norte - industriall-union","robots":{"index":"index","follow":"follow","max-snippet":"max-snippet:-1","max-image-preview":"max-image-preview:large","max-video-preview":"max-video-preview:-1"},"canonical":"https:\/\/admin.industriall-union.org\/es\/oriente-medio-y-africa-del-norte-2\/","og_locale":"es_ES","og_type":"article","og_title":"Oriente Medio y \u00c1frica del Norte","og_description":"Oriente Medio y \u00c1frica del Norte Ahmed KamelSecretatrio regional para Medio Oriente y \u00c1frica del NorteTel: +4915773263709Tel: +201091234717akamel &nbsp;MENA Facebook page","og_url":"https:\/\/admin.industriall-union.org\/es\/oriente-medio-y-africa-del-norte-2\/","og_site_name":"industriall-union","article_modified_time":"2026-02-03T12:56:45+00:00","twitter_card":"summary_large_image","schema":{"@context":"https:\/\/schema.org","@graph":[{"@type":"WebPage","@id":"https:\/\/admin.industriall-union.org\/es\/oriente-medio-y-africa-del-norte-2\/","url":"https:\/\/admin.industriall-union.org\/es\/oriente-medio-y-africa-del-norte-2\/","name":"Oriente Medio y \u00c1frica del Norte - industriall-union","isPartOf":{"@id":"https:\/\/admin.industriall-union.org\/#website"},"datePublished":"2019-03-08T13:19:36+00:00","dateModified":"2026-02-03T12:56:45+00:00","breadcrumb":{"@id":"https:\/\/admin.industriall-union.org\/es\/oriente-medio-y-africa-del-norte-2\/#breadcrumb"},"inLanguage":"es-ES","potentialAction":[{"@type":"ReadAction","target":["https:\/\/admin.industriall-union.org\/es\/oriente-medio-y-africa-del-norte-2\/"]}]},{"@type":"BreadcrumbList","@id":"https:\/\/admin.industriall-union.org\/es\/oriente-medio-y-africa-del-norte-2\/#breadcrumb","itemListElement":[{"@type":"ListItem","position":1,"name":"Home","item":"https:\/\/admin.industriall-union.org\/"},{"@type":"ListItem","position":2,"name":"Oriente Medio y \u00c1frica del Norte"}]},{"@type":"WebSite","@id":"https:\/\/admin.industriall-union.org\/#website","url":"https:\/\/admin.industriall-union.org\/","name":"industriall-union","description":"","potentialAction":[{"@type":"SearchAction","target":{"@type":"EntryPoint","urlTemplate":"https:\/\/admin.industriall-union.org\/?s={search_term_string}"},"query-input":{"@type":"PropertyValueSpecification","valueRequired":true,"valueName":"search_term_string"}}],"inLanguage":"es-ES"}]}},"_links":{"self":[{"href":"https:\/\/admin.industriall-union.org\/es\/wp-json\/wp\/v2\/pages\/212494","targetHints":{"allow":["GET"]}}],"collection":[{"href":"https:\/\/admin.industriall-union.org\/es\/wp-json\/wp\/v2\/pages"}],"about":[{"href":"https:\/\/admin.industriall-union.org\/es\/wp-json\/wp\/v2\/types\/page"}],"author":[{"embeddable":true,"href":"https:\/\/admin.industriall-union.org\/es\/wp-json\/wp\/v2\/users\/1"}],"replies":[{"embeddable":true,"href":"https:\/\/admin.industriall-union.org\/es\/wp-json\/wp\/v2\/comments?post=212494"}],"version-history":[{"count":4,"href":"https:\/\/admin.industriall-union.org\/es\/wp-json\/wp\/v2\/pages\/212494\/revisions"}],"predecessor-version":[{"id":464169,"href":"https:\/\/admin.industriall-union.org\/es\/wp-json\/wp\/v2\/pages\/212494\/revisions\/464169"}],"wp:attachment":[{"href":"https:\/\/admin.industriall-union.org\/es\/wp-json\/wp\/v2\/media?parent=212494"}],"wp:term":[{"taxonomy":"issues","embeddable":true,"href":"https:\/\/admin.industriall-union.org\/es\/wp-json\/wp\/v2\/issues?post=212494"},{"taxonomy":"companies","embeddable":true,"href":"https:\/\/admin.industriall-union.org\/es\/wp-json\/wp\/v2\/companies?post=212494"},{"taxonomy":"regions","embeddable":true,"href":"https:\/\/admin.industriall-union.org\/es\/wp-json\/wp\/v2\/regions?post=212494"},{"taxonomy":"sectors","embeddable":true,"href":"https:\/\/admin.industriall-union.org\/es\/wp-json\/wp\/v2\/sectors?post=212494"},{"taxonomy":"article_tags","embeddable":true,"href":"https:\/\/admin.industriall-union.org\/es\/wp-json\/wp\/v2\/article_tags?post=212494"}],"curies":[{"name":"wp","href":"https:\/\/api.w.org\/{rel}","templated":true}]}}