{"id":212488,"date":"2019-04-08T10:27:00","date_gmt":"2019-04-08T10:27:00","guid":{"rendered":"https:\/\/admin.industriall-union.org\/oficinas-regionales\/"},"modified":"2026-03-05T11:10:22","modified_gmt":"2026-03-05T11:10:22","slug":"oficinas-regionales","status":"publish","type":"page","link":"https:\/\/admin.industriall-union.org\/es\/donde-encontrarnos\/oficinas-regionales","title":{"rendered":"Oficinas regionales"},"content":{"rendered":"<article class=\"listBlock\">\n<div class=\"image\"><img decoding=\"async\" src=\"\/wp-content\/uploads\/images\/2019\/TANZANIA\/RegionalConf\/ssa_region_group_colour_intense_130.jpg\"  alt=\"\" \/><\/div>\n<div class=\"content\">\n<h2 class=\"title\"><a href=\"http:\/\/www.industriall-union.org\/es\/donde-encontrarnos\/oficinas-regionales\/sub-saharan-africa\">Oficina de \u00c1frica subsahariana<\/a><\/h2>\n<p class=\"description\">Johannesburgo, Sud\u00e1frica<\/p>\n<\/div>\n<\/article>\n<article class=\"listBlock\">\n<div class=\"image\"><img decoding=\"async\" src=\"\/wp-content\/uploads\/images\/General-pics\/8076512975_c0eb892826_o.jpg\" alt=\"\" \/><\/div>\n<div class=\"content\">\n<h2 class=\"title\"><a href=\"http:\/\/www.industriall-union.org\/es\/el-sudeste-de-asia\">Oficina del sudeste asi\u00e1tico<\/a><\/h2>\n<p class=\"description\">Kuala Lumpur, Malasia<\/p>\n<\/div>\n<\/article>\n<article class=\"listBlock\">\n<div class=\"image\"><img decoding=\"async\" src=\"\/wp-content\/uploads\/images\/2018\/INDIA\/Luminous\/img-20180609-wa0008.jpg\" alt=\"\" \/><\/div>\n<div class=\"content\">\n<h2 class=\"title\"><a href=\"http:\/\/www.industriall-union.org\/es\/asia-del-sur\">Oficina del Sur de Asia<\/a><\/h2>\n<p class=\"description\">Nueva Delhi, India<\/p>\n<\/div>\n<\/article>\n<article class=\"listBlock\">\n<div class=\"image\"><img decoding=\"async\" src=\"\/wp-content\/uploads\/images\/2019\/GEORGIA\/georgiapreviewforcisoffice.jpg\" alt=\"\" \/><\/div>\n<div class=\"content\">\n<h2 class=\"title\"><a href=\"http:\/\/www.industriall-union.org\/es\/comunidad-de-estados-independientes-cei\">Oficina de la Comunidad de Estados Independientes (CEI)<\/a><\/h2>\n<\/div>\n<\/article>\n<article class=\"listBlock\">\n<div class=\"image\"><img decoding=\"async\" src=\"\/wp-content\/uploads\/images\/image-banners\/lacro_header.jpg\" alt=\"\" \/><\/div>\n<div class=\"content\">\n<h2 class=\"title\"><a href=\"http:\/\/www.industriall-union.org\/es\/america-latina-y-el-caribe-0\">Oficina de Am\u00e9rica Latina y el Caribe<\/a><\/h2>\n<p class=\"description\">Montevideo, Uruguay<\/p>\n<\/div>\n<\/article>\n<article class=\"listBlock\">\n<div class=\"image\"><img decoding=\"async\" src=\"\/wp-content\/uploads\/images\/Actions-and-events\/Egypt\/316329_573444289342980_66332285_n.jpg\" alt=\"\" \/><\/div>\n<div class=\"content\">\n<h2 class=\"title\"><a href=\"http:\/\/www.industriall-union.org\/es\/oriente-medio-y-africa-del-norte-0\">Oriente Medio y \u00c1frica del Norte<\/a><\/h2>\n<p class=\"description\">Persona de contacto<\/p>\n<\/div>\n<\/article>\n","protected":false},"excerpt":{"rendered":"<p>Oficina de \u00c1frica subsahariana Johannesburgo, Sud\u00e1frica Oficina del sudeste asi\u00e1tico Kuala Lumpur, Malasia Oficina del Sur de Asia Nueva Delhi, India Oficina de la Comunidad de Estados Independientes (CEI) Oficina de Am\u00e9rica Latina y el Caribe Montevideo, Uruguay Oriente Medio y \u00c1frica del Norte Persona de contacto<\/p>\n","protected":false},"author":1,"featured_media":0,"parent":0,"menu_order":0,"comment_status":"closed","ping_status":"closed","template":"","meta":{"_acf_changed":false,"footnotes":""},"issues":[],"companies":[],"regions":[],"sectors":[],"article_tags":[],"class_list":["post-212488","page","type-page","status-publish","hentry"],"acf":[],"yoast_head":"<!-- This site is optimized with the Yoast SEO Premium plugin v27.1 (Yoast SEO v27.1) - https:\/\/yoast.com\/product\/yoast-seo-premium-wordpress\/ -->\n<title>Oficinas regionales - industriall-union<\/title>\n<meta name=\"robots\" content=\"index, follow, max-snippet:-1, max-image-preview:large, max-video-preview:-1\" \/>\n<link rel=\"canonical\" href=\"https:\/\/admin.industriall-union.org\/es\/donde-encontrarnos\/oficinas-regionales\/\" \/>\n<meta property=\"og:locale\" content=\"es_ES\" \/>\n<meta property=\"og:type\" content=\"article\" \/>\n<meta property=\"og:title\" content=\"Oficinas regionales\" \/>\n<meta property=\"og:description\" content=\"Oficina de \u00c1frica subsahariana Johannesburgo, Sud\u00e1frica Oficina del sudeste asi\u00e1tico Kuala Lumpur, Malasia Oficina del Sur de Asia Nueva Delhi, India Oficina de la Comunidad de Estados Independientes (CEI) Oficina de Am\u00e9rica Latina y el Caribe Montevideo, Uruguay Oriente Medio y \u00c1frica del Norte Persona de contacto\" \/>\n<meta property=\"og:url\" content=\"https:\/\/admin.industriall-union.org\/es\/donde-encontrarnos\/oficinas-regionales\/\" \/>\n<meta property=\"og:site_name\" content=\"industriall-union\" \/>\n<meta property=\"article:modified_time\" content=\"2026-03-05T11:10:22+00:00\" \/>\n<meta name=\"twitter:card\" content=\"summary_large_image\" \/>\n<meta name=\"twitter:label1\" content=\"Est. reading time\" \/>\n\t<meta name=\"twitter:data1\" content=\"2 minutes\" \/>\n<script type=\"application\/ld+json\" class=\"yoast-schema-graph\">{\"@context\":\"https:\/\/schema.org\",\"@graph\":[{\"@type\":\"WebPage\",\"@id\":\"https:\/\/admin.industriall-union.org\/es\/donde-encontrarnos\/oficinas-regionales\/\",\"url\":\"https:\/\/admin.industriall-union.org\/es\/donde-encontrarnos\/oficinas-regionales\/\",\"name\":\"Oficinas regionales - industriall-union\",\"isPartOf\":{\"@id\":\"https:\/\/admin.industriall-union.org\/fr\/#website\"},\"datePublished\":\"2019-04-08T10:27:00+00:00\",\"dateModified\":\"2026-03-05T11:10:22+00:00\",\"breadcrumb\":{\"@id\":\"https:\/\/admin.industriall-union.org\/es\/donde-encontrarnos\/oficinas-regionales\/#breadcrumb\"},\"inLanguage\":\"es-ES\",\"potentialAction\":[{\"@type\":\"ReadAction\",\"target\":[\"https:\/\/admin.industriall-union.org\/es\/donde-encontrarnos\/oficinas-regionales\/\"]}]},{\"@type\":\"BreadcrumbList\",\"@id\":\"https:\/\/admin.industriall-union.org\/es\/donde-encontrarnos\/oficinas-regionales\/#breadcrumb\",\"itemListElement\":[{\"@type\":\"ListItem\",\"position\":1,\"name\":\"Home\",\"item\":\"https:\/\/admin.industriall-union.org\/fr\/\"},{\"@type\":\"ListItem\",\"position\":2,\"name\":\"Oficinas regionales\"}]},{\"@type\":\"WebSite\",\"@id\":\"https:\/\/admin.industriall-union.org\/fr\/#website\",\"url\":\"https:\/\/admin.industriall-union.org\/fr\/\",\"name\":\"industriall-union\",\"description\":\"\",\"potentialAction\":[{\"@type\":\"SearchAction\",\"target\":{\"@type\":\"EntryPoint\",\"urlTemplate\":\"https:\/\/admin.industriall-union.org\/fr\/?s={search_term_string}\"},\"query-input\":{\"@type\":\"PropertyValueSpecification\",\"valueRequired\":true,\"valueName\":\"search_term_string\"}}],\"inLanguage\":\"es-ES\"}]}<\/script>\n<!-- \/ Yoast SEO Premium plugin. -->","yoast_head_json":{"title":"Oficinas regionales - industriall-union","robots":{"index":"index","follow":"follow","max-snippet":"max-snippet:-1","max-image-preview":"max-image-preview:large","max-video-preview":"max-video-preview:-1"},"canonical":"https:\/\/admin.industriall-union.org\/es\/donde-encontrarnos\/oficinas-regionales\/","og_locale":"es_ES","og_type":"article","og_title":"Oficinas regionales","og_description":"Oficina de \u00c1frica subsahariana Johannesburgo, Sud\u00e1frica Oficina del sudeste asi\u00e1tico Kuala Lumpur, Malasia Oficina del Sur de Asia Nueva Delhi, India Oficina de la Comunidad de Estados Independientes (CEI) Oficina de Am\u00e9rica Latina y el Caribe Montevideo, Uruguay Oriente Medio y \u00c1frica del Norte Persona de contacto","og_url":"https:\/\/admin.industriall-union.org\/es\/donde-encontrarnos\/oficinas-regionales\/","og_site_name":"industriall-union","article_modified_time":"2026-03-05T11:10:22+00:00","twitter_card":"summary_large_image","twitter_misc":{"Est. reading time":"2 minutes"},"schema":{"@context":"https:\/\/schema.org","@graph":[{"@type":"WebPage","@id":"https:\/\/admin.industriall-union.org\/es\/donde-encontrarnos\/oficinas-regionales\/","url":"https:\/\/admin.industriall-union.org\/es\/donde-encontrarnos\/oficinas-regionales\/","name":"Oficinas regionales - industriall-union","isPartOf":{"@id":"https:\/\/admin.industriall-union.org\/fr\/#website"},"datePublished":"2019-04-08T10:27:00+00:00","dateModified":"2026-03-05T11:10:22+00:00","breadcrumb":{"@id":"https:\/\/admin.industriall-union.org\/es\/donde-encontrarnos\/oficinas-regionales\/#breadcrumb"},"inLanguage":"es-ES","potentialAction":[{"@type":"ReadAction","target":["https:\/\/admin.industriall-union.org\/es\/donde-encontrarnos\/oficinas-regionales\/"]}]},{"@type":"BreadcrumbList","@id":"https:\/\/admin.industriall-union.org\/es\/donde-encontrarnos\/oficinas-regionales\/#breadcrumb","itemListElement":[{"@type":"ListItem","position":1,"name":"Home","item":"https:\/\/admin.industriall-union.org\/fr\/"},{"@type":"ListItem","position":2,"name":"Oficinas regionales"}]},{"@type":"WebSite","@id":"https:\/\/admin.industriall-union.org\/fr\/#website","url":"https:\/\/admin.industriall-union.org\/fr\/","name":"industriall-union","description":"","potentialAction":[{"@type":"SearchAction","target":{"@type":"EntryPoint","urlTemplate":"https:\/\/admin.industriall-union.org\/fr\/?s={search_term_string}"},"query-input":{"@type":"PropertyValueSpecification","valueRequired":true,"valueName":"search_term_string"}}],"inLanguage":"es-ES"}]}},"_links":{"self":[{"href":"https:\/\/admin.industriall-union.org\/es\/wp-json\/wp\/v2\/pages\/212488","targetHints":{"allow":["GET"]}}],"collection":[{"href":"https:\/\/admin.industriall-union.org\/es\/wp-json\/wp\/v2\/pages"}],"about":[{"href":"https:\/\/admin.industriall-union.org\/es\/wp-json\/wp\/v2\/types\/page"}],"author":[{"embeddable":true,"href":"https:\/\/admin.industriall-union.org\/es\/wp-json\/wp\/v2\/users\/1"}],"replies":[{"embeddable":true,"href":"https:\/\/admin.industriall-union.org\/es\/wp-json\/wp\/v2\/comments?post=212488"}],"version-history":[{"count":5,"href":"https:\/\/admin.industriall-union.org\/es\/wp-json\/wp\/v2\/pages\/212488\/revisions"}],"predecessor-version":[{"id":467499,"href":"https:\/\/admin.industriall-union.org\/es\/wp-json\/wp\/v2\/pages\/212488\/revisions\/467499"}],"wp:attachment":[{"href":"https:\/\/admin.industriall-union.org\/es\/wp-json\/wp\/v2\/media?parent=212488"}],"wp:term":[{"taxonomy":"issues","embeddable":true,"href":"https:\/\/admin.industriall-union.org\/es\/wp-json\/wp\/v2\/issues?post=212488"},{"taxonomy":"companies","embeddable":true,"href":"https:\/\/admin.industriall-union.org\/es\/wp-json\/wp\/v2\/companies?post=212488"},{"taxonomy":"regions","embeddable":true,"href":"https:\/\/admin.industriall-union.org\/es\/wp-json\/wp\/v2\/regions?post=212488"},{"taxonomy":"sectors","embeddable":true,"href":"https:\/\/admin.industriall-union.org\/es\/wp-json\/wp\/v2\/sectors?post=212488"},{"taxonomy":"article_tags","embeddable":true,"href":"https:\/\/admin.industriall-union.org\/es\/wp-json\/wp\/v2\/article_tags?post=212488"}],"curies":[{"name":"wp","href":"https:\/\/api.w.org\/{rel}","templated":true}]}}