{"id":212458,"date":"2019-03-11T13:41:23","date_gmt":"2019-03-11T13:41:23","guid":{"rendered":"https:\/\/admin.industriall-union.org\/prensa\/"},"modified":"2026-03-05T15:18:11","modified_gmt":"2026-03-05T15:18:11","slug":"prensa-0","status":"publish","type":"page","link":"https:\/\/admin.industriall-union.org\/es\/prensa-0\/","title":{"rendered":"Prensa"},"content":{"rendered":"<p>Comun\u00edquese con el departamento de prensa de IndustriALL para obtener m\u00e1s informaci\u00f3n sobre cualquier cosa publicada en este sitio web o para solicitar una entrevista.<\/p><p><strong><a href=\"mailto:press@industriall-union.org?subject=Press%20inquiry%3A%20\">press@industriall-union.org<\/a><\/strong><\/p><h2><strong>Redes sociales<\/strong><\/h2><table border=\"1\" cellpadding=\"1\" cellspacing=\"1\" style=\"width:100%\"><tbody><tr><td style=\"text-align: center\"><a href=\"https:\/\/www.facebook.com\/IndustriALLGlobalUnion\/\" target=\"_blank\"><img decoding=\"async\" alt=\"\" src=\"\/wp-content\/uploads\/images\/General-pics\/facebookicon.jpg\" style=\"width: 100px;height: 100px\" \/><\/a><\/td><td style=\"text-align: center\"><a href=\"https:\/\/twitter.com\/industriall_gu\" target=\"_blank\"><img decoding=\"async\" alt=\"\" src=\"\/wp-content\/uploads\/images\/General-pics\/twittericon.jpg\" style=\"width: 100px;height: 100px\" \/><\/a><\/td><\/tr><tr><td style=\"text-align: center\"><span style=\"color:#bdc3c7\"><strong>Facebook<\/strong><\/span><\/td><td style=\"text-align: center\"><span style=\"color:#bdc3c7\"><strong>Twitter<\/strong><\/span><\/td><\/tr><tr><td style=\"text-align: center\"><a href=\"https:\/\/www.instagram.com\/industriall_gu\/\" target=\"_blank\"><img decoding=\"async\" alt=\"\" src=\"\/wp-content\/uploads\/images\/General-pics\/instagramicon.jpg\" style=\"width: 100px;height: 100px\" \/><\/a><\/td><td style=\"text-align: center\"><a href=\"https:\/\/www.youtube.com\/user\/industriallGU\/videos\" target=\"_blank\"><img decoding=\"async\" alt=\"\" src=\"\/wp-content\/uploads\/images\/General-pics\/youtubeicon.jpg\" style=\"width: 100px;height: 100px\" \/><\/a><\/td><\/tr><tr><td style=\"text-align: center\"><span style=\"color:#bdc3c7\"><strong>Instagram<\/strong><\/span><\/td><td style=\"text-align: center\"><span style=\"color:#bdc3c7\"><strong>Youtube<\/strong><\/span><\/td><\/tr><\/tbody><\/table><h2><strong>Fotos<\/strong><\/h2><figure class=\"imageArticle imageFull colorOverlay\"><img decoding=\"async\" alt=\"\" src=\"\/wp-content\/uploads\/images\/General-pics\/flikr.png\" \/><figcaption class=\"imageContent\"><div class=\"imageTitle\"><h1><a href=\"https:\/\/www.flickr.com\/photos\/industriall_gu\/albums\"><span style=\"color:#ffffff\">Descargar im\u00e1genes para reutilizar<\/span><\/a><\/h1><\/div><\/figcaption><\/figure><h2><strong>Logos<\/strong><\/h2><p>Los logos de IndustriALL Global Union son para uso en Internet y en medios impresos. Se proporcionan para el uso exclusivo de las afiliadas de IndustriALL. Para cualquier otro uso por favor pida autorizaci\u00f3n previa a press@industriall-union.org.<\/p><p><span style=\"color:#e74c3c\"><strong>&iquest;Medio Impreso o Internet?<\/strong><\/span><\/p><p>Aseg\u00farese de usar el formato y resolucci\u00f3n correctas para Internet o para impresiones&nbsp;en&nbsp;alta calidad.<\/p><p>Los logos son a escala e ideales para imprimir o para crear un logo de otro tama\u00f1o para su sitio web.<\/p><p>Los JPG son adecuados para el uso en Internet.&nbsp;<\/p><p>&iquest;Color?<\/p><p>Puede elegir el logotipo en diferentes colores, dependiendo de si \u00e9ste aparecer\u00e1 sobre un fondo claro u oscuro, y si lo desea negro, blanco o de color.<\/p><table border=\"1\" cellpadding=\"1\" cellspacing=\"1\" style=\"width:100%\"><tbody><tr><td><p><strong><img decoding=\"async\" alt=\"\" src=\"\/wp-content\/uploads\/images\/Logos\/industri-all-colour-white-background.jpg\" style=\"width: 100px;height: 104px\" \/><\/strong><\/p><\/td><td><p>Descargue la versi\u00f3n a color del logotipo como archivo&nbsp;<a href=\"\/wp-content\/uploads\/images\/Logos\/industriall-colour-black-background.eps\">eps<\/a><\/p><p>Descargue la versi\u00f3n a color del logotipo como archivo <a href=\"\/wp-content\/uploads\/images\/Logos\/industri-all-colour-white-background.jpg\">jpeg&nbsp;<\/a><\/p><\/td><\/tr><tr><td><p><strong><img decoding=\"async\" alt=\"\" src=\"\/wp-content\/uploads\/images\/Logos\/industriall-black.jpg\" style=\"width: 100px;height: 104px\" \/><\/strong><\/p><\/td><td><p>Descargue la versi\u00f3n en negro del logotipo como archivo <a href=\"\/wp-content\/uploads\/images\/Logos\/industriall-black.eps\">eps&nbsp;<\/a><br \/>Descargue la versi\u00f3n en negro del logotipo como archivo <a href=\"\/wp-content\/uploads\/images\/Logos\/industriall-black.jpg\">jpeg&nbsp;<\/a><\/p><\/td><\/tr><\/tbody><\/table><table border=\"1\" cellpadding=\"1\" cellspacing=\"1\" style=\"width:100%\"><tbody><tr><td><p><strong><img decoding=\"async\" alt=\"\" src=\"\/wp-content\/uploads\/images\/Logos\/industriall-colour-black-background.jpg\" style=\"width: 100px;height: 100px\" \/><\/strong><\/p><\/td><td><p>Descargue la versi\u00f3n a&nbsp;color del logotipo para fondo oscuro&nbsp;como archivo <a href=\"\/wp-content\/uploads\/images\/Logos\/industriall-colour-black-background.eps\">eps&nbsp;<\/a><\/p><p>Descargue la versi\u00f3n en color del logotipo como archivo&nbsp;<a href=\"\/wp-content\/uploads\/images\/Logos\/industriall-colour-black-background.jpg\">jpeg&nbsp;<\/a><\/p><\/td><\/tr><\/tbody><\/table><table border=\"1\" cellpadding=\"1\" cellspacing=\"1\" style=\"width:100%\"><tbody><tr><td><p><strong><img decoding=\"async\" alt=\"\" src=\"\/wp-content\/uploads\/images\/Logos\/industriall-white.jpg\" style=\"width: 96px;height: 92px\" \/><\/strong><\/p><\/td><td>Descargue la versi\u00f3n del logotipo para fondo claro como archivo <a href=\"\/wp-content\/uploads\/images\/Logos\/industriall-white.eps\">eps&nbsp;<\/a><br \/>Descargue la versi\u00f3n en blanco del logotipo como archivo<a href=\"\/wp-content\/uploads\/images\/Logos\/industriall-white.jpg\"> jpeg&nbsp;<\/a><\/td><\/tr><\/tbody><\/table><h2>Publicaciones<\/h2><figure class=\"imageArticle imageFull\"><img decoding=\"async\" alt=\"\" src=\"\/wp-content\/uploads\/images\/publications\/publications.jpg\" style=\"width: 6000px;height: 4000px\" \/><figcaption class=\"imageContent\"><div class=\"imageTitle\"><h1><a href=\"http:\/\/industriall.consids5.se\/publications-0\"><span style=\"color:#ffffff\">Haga click aqu\u00ed para ver la p\u00e1gina de publicaciones<\/span><\/a><\/h1><\/div><\/figcaption><\/figure><h2><strong>Contactos<\/strong><\/h2><table border=\"1\" cellpadding=\"1\" cellspacing=\"1\" style=\"width:100%\"><tbody><tr><td><p><strong><img decoding=\"async\" alt=\"\" src=\"\/wp-content\/uploads\/images\/People\/Internal\/IndustriALL-Staff\/petra_brannmark.jpg\" style=\"width: 200px;height: 202px\" \/><\/strong><\/p><\/td><td><p><strong>Petra Br\u00e4nnmark<\/strong><br \/>Directora de Comunicaciones<br \/>tel. +41 22 308 5057<br \/><a href=\"mailto:pbrannmark@industriall-union.org\">pbrannmark@industriall-union.org<\/a><\/p><\/td><\/tr><\/tbody><\/table><table border=\"1\" cellpadding=\"1\" cellspacing=\"1\" style=\"width:100%\"><tbody><tr><td><p><strong><img decoding=\"async\" alt=\"\" src=\"\/wp-content\/uploads\/images\/People\/Internal\/cherissegasana_1.jpg\" style=\"width: 200px;height: 191px\" \/><\/strong><\/p><\/td><td><strong>Cherisse Fredricks Gasana<\/strong><br \/>Oficial de Comunicaciones<br \/>tel. +41 22 308 5023<br \/><a href=\"mailto:CGasana@industriALL-Union.org\">CGasana@industriALL-Union.org<\/a><\/td><\/tr><\/tbody><\/table><table border=\"1\" cellpadding=\"1\" cellspacing=\"1\" style=\"width:100%\"><tbody><tr><td><p><strong><img decoding=\"async\" alt=\"\" src=\"\/wp-content\/uploads\/images\/People\/Internal\/nazleite.jpeg\" style=\"width: 200px;height: 191px\" \/><\/strong><\/p><\/td><td><strong>&nbsp;&nbsp; &nbsp;<br \/>Nazmia Leite<\/strong><br \/>Oficial de Comunicaciones<br \/><a href=\"mailto:Nleite@industriall-union.org\">Nleite@industriall-union.org<\/a><\/td><\/tr><\/tbody><\/table>","protected":false},"excerpt":{"rendered":"<p>Comun\u00edquese con el departamento de prensa de IndustriALL para obtener m\u00e1s informaci\u00f3n sobre cualquier cosa publicada en este sitio web o para solicitar una entrevista. press@industriall-union.org Redes sociales Facebook Twitter Instagram Youtube Fotos Descargar im\u00e1genes para reutilizar Logos Los logos de IndustriALL Global Union son para uso en Internet y en medios impresos. Se proporcionan [&hellip;]<\/p>\n","protected":false},"author":1,"featured_media":0,"parent":0,"menu_order":0,"comment_status":"closed","ping_status":"closed","template":"","meta":{"_acf_changed":false,"footnotes":""},"issues":[],"companies":[],"regions":[],"sectors":[],"article_tags":[521],"class_list":["post-212458","page","type-page","status-publish","hentry","article_tags-press-release"],"acf":[],"yoast_head":"<!-- This site is optimized with the Yoast SEO Premium plugin v27.1 (Yoast SEO v27.1) - https:\/\/yoast.com\/product\/yoast-seo-premium-wordpress\/ -->\n<title>Prensa - industriall-union<\/title>\n<meta name=\"robots\" content=\"index, follow, max-snippet:-1, max-image-preview:large, max-video-preview:-1\" \/>\n<link rel=\"canonical\" href=\"https:\/\/admin.industriall-union.org\/es\/prensa-0\/\" \/>\n<meta property=\"og:locale\" content=\"es_ES\" \/>\n<meta property=\"og:type\" content=\"article\" \/>\n<meta property=\"og:title\" content=\"Prensa\" \/>\n<meta property=\"og:description\" content=\"Comun\u00edquese con el departamento de prensa de IndustriALL para obtener m\u00e1s informaci\u00f3n sobre cualquier cosa publicada en este sitio web o para solicitar una entrevista. press@industriall-union.org Redes sociales Facebook Twitter Instagram Youtube Fotos Descargar im\u00e1genes para reutilizar Logos Los logos de IndustriALL Global Union son para uso en Internet y en medios impresos. Se proporcionan [&hellip;]\" \/>\n<meta property=\"og:url\" content=\"https:\/\/admin.industriall-union.org\/es\/prensa-0\/\" \/>\n<meta property=\"og:site_name\" content=\"industriall-union\" \/>\n<meta property=\"article:modified_time\" content=\"2026-03-05T15:18:11+00:00\" \/>\n<meta name=\"twitter:card\" content=\"summary_large_image\" \/>\n<meta name=\"twitter:label1\" content=\"Est. reading time\" \/>\n\t<meta name=\"twitter:data1\" content=\"1 minute\" \/>\n<script type=\"application\/ld+json\" class=\"yoast-schema-graph\">{\"@context\":\"https:\/\/schema.org\",\"@graph\":[{\"@type\":\"WebPage\",\"@id\":\"https:\/\/admin.industriall-union.org\/es\/prensa-0\/\",\"url\":\"https:\/\/admin.industriall-union.org\/es\/prensa-0\/\",\"name\":\"Prensa - industriall-union\",\"isPartOf\":{\"@id\":\"https:\/\/admin.industriall-union.org\/ru\/#website\"},\"datePublished\":\"2019-03-11T13:41:23+00:00\",\"dateModified\":\"2026-03-05T15:18:11+00:00\",\"breadcrumb\":{\"@id\":\"https:\/\/admin.industriall-union.org\/es\/prensa-0\/#breadcrumb\"},\"inLanguage\":\"es-ES\",\"potentialAction\":[{\"@type\":\"ReadAction\",\"target\":[\"https:\/\/admin.industriall-union.org\/es\/prensa-0\/\"]}]},{\"@type\":\"BreadcrumbList\",\"@id\":\"https:\/\/admin.industriall-union.org\/es\/prensa-0\/#breadcrumb\",\"itemListElement\":[{\"@type\":\"ListItem\",\"position\":1,\"name\":\"Home\",\"item\":\"https:\/\/admin.industriall-union.org\/ru\/\"},{\"@type\":\"ListItem\",\"position\":2,\"name\":\"Prensa\"}]},{\"@type\":\"WebSite\",\"@id\":\"https:\/\/admin.industriall-union.org\/ru\/#website\",\"url\":\"https:\/\/admin.industriall-union.org\/ru\/\",\"name\":\"industriall-union\",\"description\":\"\",\"potentialAction\":[{\"@type\":\"SearchAction\",\"target\":{\"@type\":\"EntryPoint\",\"urlTemplate\":\"https:\/\/admin.industriall-union.org\/ru\/?s={search_term_string}\"},\"query-input\":{\"@type\":\"PropertyValueSpecification\",\"valueRequired\":true,\"valueName\":\"search_term_string\"}}],\"inLanguage\":\"es-ES\"}]}<\/script>\n<!-- \/ Yoast SEO Premium plugin. -->","yoast_head_json":{"title":"Prensa - industriall-union","robots":{"index":"index","follow":"follow","max-snippet":"max-snippet:-1","max-image-preview":"max-image-preview:large","max-video-preview":"max-video-preview:-1"},"canonical":"https:\/\/admin.industriall-union.org\/es\/prensa-0\/","og_locale":"es_ES","og_type":"article","og_title":"Prensa","og_description":"Comun\u00edquese con el departamento de prensa de IndustriALL para obtener m\u00e1s informaci\u00f3n sobre cualquier cosa publicada en este sitio web o para solicitar una entrevista. press@industriall-union.org Redes sociales Facebook Twitter Instagram Youtube Fotos Descargar im\u00e1genes para reutilizar Logos Los logos de IndustriALL Global Union son para uso en Internet y en medios impresos. Se proporcionan [&hellip;]","og_url":"https:\/\/admin.industriall-union.org\/es\/prensa-0\/","og_site_name":"industriall-union","article_modified_time":"2026-03-05T15:18:11+00:00","twitter_card":"summary_large_image","twitter_misc":{"Est. reading time":"1 minute"},"schema":{"@context":"https:\/\/schema.org","@graph":[{"@type":"WebPage","@id":"https:\/\/admin.industriall-union.org\/es\/prensa-0\/","url":"https:\/\/admin.industriall-union.org\/es\/prensa-0\/","name":"Prensa - industriall-union","isPartOf":{"@id":"https:\/\/admin.industriall-union.org\/ru\/#website"},"datePublished":"2019-03-11T13:41:23+00:00","dateModified":"2026-03-05T15:18:11+00:00","breadcrumb":{"@id":"https:\/\/admin.industriall-union.org\/es\/prensa-0\/#breadcrumb"},"inLanguage":"es-ES","potentialAction":[{"@type":"ReadAction","target":["https:\/\/admin.industriall-union.org\/es\/prensa-0\/"]}]},{"@type":"BreadcrumbList","@id":"https:\/\/admin.industriall-union.org\/es\/prensa-0\/#breadcrumb","itemListElement":[{"@type":"ListItem","position":1,"name":"Home","item":"https:\/\/admin.industriall-union.org\/ru\/"},{"@type":"ListItem","position":2,"name":"Prensa"}]},{"@type":"WebSite","@id":"https:\/\/admin.industriall-union.org\/ru\/#website","url":"https:\/\/admin.industriall-union.org\/ru\/","name":"industriall-union","description":"","potentialAction":[{"@type":"SearchAction","target":{"@type":"EntryPoint","urlTemplate":"https:\/\/admin.industriall-union.org\/ru\/?s={search_term_string}"},"query-input":{"@type":"PropertyValueSpecification","valueRequired":true,"valueName":"search_term_string"}}],"inLanguage":"es-ES"}]}},"_links":{"self":[{"href":"https:\/\/admin.industriall-union.org\/es\/wp-json\/wp\/v2\/pages\/212458","targetHints":{"allow":["GET"]}}],"collection":[{"href":"https:\/\/admin.industriall-union.org\/es\/wp-json\/wp\/v2\/pages"}],"about":[{"href":"https:\/\/admin.industriall-union.org\/es\/wp-json\/wp\/v2\/types\/page"}],"author":[{"embeddable":true,"href":"https:\/\/admin.industriall-union.org\/es\/wp-json\/wp\/v2\/users\/1"}],"replies":[{"embeddable":true,"href":"https:\/\/admin.industriall-union.org\/es\/wp-json\/wp\/v2\/comments?post=212458"}],"version-history":[{"count":3,"href":"https:\/\/admin.industriall-union.org\/es\/wp-json\/wp\/v2\/pages\/212458\/revisions"}],"predecessor-version":[{"id":464347,"href":"https:\/\/admin.industriall-union.org\/es\/wp-json\/wp\/v2\/pages\/212458\/revisions\/464347"}],"wp:attachment":[{"href":"https:\/\/admin.industriall-union.org\/es\/wp-json\/wp\/v2\/media?parent=212458"}],"wp:term":[{"taxonomy":"issues","embeddable":true,"href":"https:\/\/admin.industriall-union.org\/es\/wp-json\/wp\/v2\/issues?post=212458"},{"taxonomy":"companies","embeddable":true,"href":"https:\/\/admin.industriall-union.org\/es\/wp-json\/wp\/v2\/companies?post=212458"},{"taxonomy":"regions","embeddable":true,"href":"https:\/\/admin.industriall-union.org\/es\/wp-json\/wp\/v2\/regions?post=212458"},{"taxonomy":"sectors","embeddable":true,"href":"https:\/\/admin.industriall-union.org\/es\/wp-json\/wp\/v2\/sectors?post=212458"},{"taxonomy":"article_tags","embeddable":true,"href":"https:\/\/admin.industriall-union.org\/es\/wp-json\/wp\/v2\/article_tags?post=212458"}],"curies":[{"name":"wp","href":"https:\/\/api.w.org\/{rel}","templated":true}]}}