{"id":212446,"date":"2019-06-03T09:50:44","date_gmt":"2019-06-03T09:50:44","guid":{"rendered":"https:\/\/admin.industriall-union.org\/trabajadores-no-manuales\/"},"modified":"2026-02-03T13:04:39","modified_gmt":"2026-02-03T13:04:39","slug":"trabajadores-no-manuales-0","status":"publish","type":"page","link":"https:\/\/admin.industriall-union.org\/es\/trabajadores-no-manuales-0\/","title":{"rendered":"Trabajadores no manuales"},"content":{"rendered":"<figure class=\"imageArticle imageMedium\"><figcaption class=\"imageContent\"><div class=\"imageCaption\">&nbsp;<\/div><\/figcaption><\/figure><p>Organizar a los trabajadores administrativos es crucial para los sindicatos, ya que la industria experimenta un cambio radical debido a la digitalizaci\u00f3n y las nuevas tecnolog\u00edas difuminan los l\u00edmites tradicionales entre los trabajos manuales y administrativos.<\/p><p>Los esfuerzos para cumplir los objetivos del cambio clim\u00e1tico tambi\u00e9n est\u00e1n agotando los puestos de trabajo de cuello azul al tiempo que crean oportunidades en puestos t\u00e9cnicos de cuello blanco. Y cada vez m\u00e1s, los trabajadores de cuello blanco se est\u00e1n dando cuenta de los beneficios de un sindicato por primera vez, ya que la nueva econom\u00eda digital priva a los trabajadores de empleos seguros y permanentes con beneficios.<\/p><p>Los trabajadores de cuello blanco incluyen personal administrativo, de oficina, cient\u00edfico, profesional, de supervisi\u00f3n y t\u00e9cnico.<\/p><figure class=\"imageArticle imageFull\"><img decoding=\"async\" alt=\"\" src=\"\/wp-content\/uploads\/images\/publications\/Telework\/telework_cover.png\" style=\"width: 1000px;height: 618px\" \/><figcaption class=\"imageContent\"><div class=\"imageTitle\"><h1>Teletrabajo<\/h1><\/div><\/figcaption><\/figure><p>Debido al aumento del teletrabajo en todos los sectores, incluida la fabricaci\u00f3n, la energ\u00eda y la miner\u00eda, en consulta con los copresidentes de todos los sectores y secciones, especialmente los copresidentes de la secci\u00f3n de cuello blanco, IndustriALL ha desarrollado principios y directrices para apoyar sindicatos en sus negociaciones sobre legislaci\u00f3n, pol\u00edticas y convenios colectivos sobre teletrabajo.&nbsp;<\/p><table border=\"1\" cellpadding=\"1\" cellspacing=\"1\" style=\"width:500px\"><tbody><tr><td colspan=\"4\" style=\"text-align: center\"><strong>Guidelines<\/strong><\/td><\/tr><tr><td><a href=\"\/wp-content\/uploads\/documents\/Telework\/en_guidelines_collective_bargaining_telework_layout.pdf\"><img decoding=\"async\" alt=\"\" src=\"\/wp-content\/uploads\/images\/publications\/Telework\/guide_eng.png\" style=\"width: 200px;height: 288px\" \/><\/a><\/td><td><a href=\"\/wp-content\/uploads\/documents\/Telework\/sp_guidelines_collective_bargaining_telework_210518.pdf\"><img decoding=\"async\" alt=\"\" src=\"\/wp-content\/uploads\/images\/publications\/Telework\/guide_esp.png\" style=\"width: 200px;height: 289px\" \/><\/a><\/td><td><a href=\"\/wp-content\/uploads\/documents\/Telework\/fr_guidelines_collective_bargaining_telework_210518.pdf\"><img decoding=\"async\" alt=\"\" src=\"\/wp-content\/uploads\/images\/publications\/Telework\/guide_fra.png\" style=\"width: 200px;height: 287px\" \/><\/a><\/td><td><a href=\"\/wp-content\/uploads\/images\/publications\/Telework\/guidelines_jlc_terewaku_quan_gao_ji_biyuan_ze_zui_zhong_.pdf\"><img decoding=\"async\" alt=\"\" src=\"\/wp-content\/uploads\/images\/publications\/Telework\/jp_guideline_cover.png\" style=\"width: 200px;height: 284px\" \/><\/a><\/td><\/tr><tr><td style=\"text-align: center\"><a href=\"\/wp-content\/uploads\/documents\/Telework\/en_guidelines_collective_bargaining_telework_layout.pdf\">ENG<\/a><\/td><td style=\"text-align: center\"><a href=\"\/wp-content\/uploads\/documents\/Telework\/sp_guidelines_collective_bargaining_telework_210518.pdf\">ESP<\/a><\/td><td style=\"text-align: center\"><a href=\"\/wp-content\/uploads\/documents\/Telework\/fr_guidelines_collective_bargaining_telework_210518.pdf\">FRA<\/a><\/td><td style=\"text-align: center\"><a href=\"\/wp-content\/uploads\/images\/publications\/Telework\/guidelines_jlc_terewaku_quan_gao_ji_biyuan_ze_zui_zhong_.pdf\">JAPANESE<\/a><\/td><\/tr><\/tbody><\/table><table border=\"1\" cellpadding=\"1\" cellspacing=\"1\" style=\"width:500px\"><tbody><tr><td colspan=\"4\" style=\"text-align: center\"><strong>Recomendations<\/strong><\/td><\/tr><tr><td><a href=\"\/wp-content\/uploads\/documents\/Telework\/recommendations_and_principles_en_final.pdf\"><img decoding=\"async\" alt=\"\" src=\"\/wp-content\/uploads\/images\/publications\/Telework\/recom_eng.png\" style=\"width: 200px;height: 284px\" \/><\/a><\/td><td><a href=\"\/wp-content\/uploads\/documents\/Telework\/recommendations_and_principles_es_final.pdf\"><img decoding=\"async\" alt=\"\" src=\"\/wp-content\/uploads\/images\/publications\/Telework\/recom_esp.png\" style=\"width: 200px;height: 283px\" \/><\/a><\/td><td><a href=\"\/wp-content\/uploads\/documents\/Telework\/recommendations_and_principles_fr_final.pdf\"><img decoding=\"async\" alt=\"\" src=\"\/wp-content\/uploads\/images\/publications\/Telework\/recom_fra.png\" style=\"width: 200px;height: 283px\" \/><\/a><\/td><td><a href=\"\/wp-content\/uploads\/images\/publications\/Telework\/recomendations_jlc_terewaku_quan_gao_ji_biyuan_ze_zui_zhong_.pdf\"><img decoding=\"async\" alt=\"\" src=\"\/wp-content\/uploads\/images\/publications\/Telework\/jp_recom_cover.png\" style=\"width: 200px;height: 286px\" \/><\/a><\/td><\/tr><tr><td style=\"text-align: center\"><a href=\"\/wp-content\/uploads\/documents\/Telework\/recommendations_and_principles_en_final.pdf\">ENG<\/a><\/td><td style=\"text-align: center\"><a href=\"\/wp-content\/uploads\/documents\/Telework\/recommendations_and_principles_es_final.pdf\">ESP<\/a><\/td><td style=\"text-align: center\"><a href=\"\/wp-content\/uploads\/documents\/Telework\/recommendations_and_principles_fr_final.pdf\">FRA<\/a><\/td><td style=\"text-align: center\"><a href=\"\/wp-content\/uploads\/images\/publications\/Telework\/recomendations_jlc_terewaku_quan_gao_ji_biyuan_ze_zui_zhong_.pdf\">JAPANESE<\/a><\/td><\/tr><\/tbody><\/table><figure class=\"imageArticle imageFull\"><img decoding=\"async\" alt=\"\" src=\"\/wp-content\/uploads\/images\/publications\/White-collar_workres\/wcollar.jpg\" style=\"width: 1000px;height: 587px\" \/><figcaption class=\"imageContent\"><div class=\"imageTitle\"><h1><strong>Sindicalizar&nbsp;a los trabajadores no manuales<\/strong><\/h1><\/div><\/figcaption><\/figure><p>La construcci\u00f3n del poder sindical por medio de la sindicalizaci\u00f3n es una prioridad clave para IndustriALL Global Union. La sindicalizaci\u00f3n nos ayuda a alcanzar nuestros objetivos clave, entre los que se encuentran el salario digno, la reducci\u00f3n del trabajo precario, el respeto por los derechos humanos y sindicales, lugares de trabajo m\u00e1s seguros y saludables y sociedades m\u00e1s equitativas.&nbsp;<\/p><table border=\"1\" cellpadding=\"1\" cellspacing=\"1\" style=\"width:500px\"><tbody><tr><td colspan=\"4\" style=\"text-align: center\"><strong>Sindicalizar&nbsp;a los trabajadores no manuales<\/strong><\/td><\/tr><tr><td><a href=\"\/wp-content\/uploads\/documents\/Publications\/workers_stronger_together_en_v7.pdf\"><img decoding=\"async\" alt=\"\" src=\"\/wp-content\/uploads\/images\/publications\/White-collar_workres\/organizing_white-collar_workers.png\" style=\"width: 200px;height: 284px\" \/><\/a><\/td><td><a href=\"\/wp-content\/uploads\/documents\/Publications\/workers_stronger_together_fr_v3.pdf\"><img decoding=\"async\" alt=\"\" src=\"\/wp-content\/uploads\/images\/publications\/White-collar_workres\/organizingwc-fra.png\" style=\"width: 200px;height: 284px\" \/><\/a><\/td><td><a href=\"\/wp-content\/uploads\/documents\/Publications\/workers_stronger_together_es_v3.pdf\"><img decoding=\"async\" alt=\"\" src=\"\/wp-content\/uploads\/images\/publications\/White-collar_workres\/organizinwc-esp.png\" style=\"width: 200px;height: 282px\" \/><\/a><\/td><\/tr><\/tbody><\/table>","protected":false},"excerpt":{"rendered":"<p>&nbsp; Organizar a los trabajadores administrativos es crucial para los sindicatos, ya que la industria experimenta un cambio radical debido a la digitalizaci\u00f3n y las nuevas tecnolog\u00edas difuminan los l\u00edmites tradicionales entre los trabajos manuales y administrativos. Los esfuerzos para cumplir los objetivos del cambio clim\u00e1tico tambi\u00e9n est\u00e1n agotando los puestos de trabajo de cuello [&hellip;]<\/p>\n","protected":false},"author":1,"featured_media":0,"parent":0,"menu_order":0,"comment_status":"closed","ping_status":"closed","template":"","meta":{"_acf_changed":false,"footnotes":""},"issues":[373],"companies":[],"regions":[],"sectors":[],"article_tags":[],"class_list":["post-212446","page","type-page","status-publish","hentry","issues-trabajadores-no-manuales"],"acf":[],"yoast_head":"<!-- This site is optimized with the Yoast SEO Premium plugin v27.1 (Yoast SEO v27.1) - https:\/\/yoast.com\/product\/yoast-seo-premium-wordpress\/ -->\n<title>Trabajadores no manuales - industriall-union<\/title>\n<meta name=\"robots\" content=\"index, follow, max-snippet:-1, max-image-preview:large, max-video-preview:-1\" \/>\n<link rel=\"canonical\" href=\"https:\/\/admin.industriall-union.org\/es\/trabajadores-no-manuales-0\/\" \/>\n<meta property=\"og:locale\" content=\"es_ES\" \/>\n<meta property=\"og:type\" content=\"article\" \/>\n<meta property=\"og:title\" content=\"Trabajadores no manuales\" \/>\n<meta property=\"og:description\" content=\"&nbsp; Organizar a los trabajadores administrativos es crucial para los sindicatos, ya que la industria experimenta un cambio radical debido a la digitalizaci\u00f3n y las nuevas tecnolog\u00edas difuminan los l\u00edmites tradicionales entre los trabajos manuales y administrativos. Los esfuerzos para cumplir los objetivos del cambio clim\u00e1tico tambi\u00e9n est\u00e1n agotando los puestos de trabajo de cuello [&hellip;]\" \/>\n<meta property=\"og:url\" content=\"https:\/\/admin.industriall-union.org\/es\/trabajadores-no-manuales-0\/\" \/>\n<meta property=\"og:site_name\" content=\"industriall-union\" \/>\n<meta property=\"article:modified_time\" content=\"2026-02-03T13:04:39+00:00\" \/>\n<meta name=\"twitter:card\" content=\"summary_large_image\" \/>\n<meta name=\"twitter:label1\" content=\"Est. reading time\" \/>\n\t<meta name=\"twitter:data1\" content=\"1 minute\" \/>\n<script type=\"application\/ld+json\" class=\"yoast-schema-graph\">{\"@context\":\"https:\/\/schema.org\",\"@graph\":[{\"@type\":\"WebPage\",\"@id\":\"https:\/\/admin.industriall-union.org\/es\/trabajadores-no-manuales-0\/\",\"url\":\"https:\/\/admin.industriall-union.org\/es\/trabajadores-no-manuales-0\/\",\"name\":\"Trabajadores no manuales - industriall-union\",\"isPartOf\":{\"@id\":\"https:\/\/admin.industriall-union.org\/#website\"},\"datePublished\":\"2019-06-03T09:50:44+00:00\",\"dateModified\":\"2026-02-03T13:04:39+00:00\",\"breadcrumb\":{\"@id\":\"https:\/\/admin.industriall-union.org\/es\/trabajadores-no-manuales-0\/#breadcrumb\"},\"inLanguage\":\"es-ES\",\"potentialAction\":[{\"@type\":\"ReadAction\",\"target\":[\"https:\/\/admin.industriall-union.org\/es\/trabajadores-no-manuales-0\/\"]}]},{\"@type\":\"BreadcrumbList\",\"@id\":\"https:\/\/admin.industriall-union.org\/es\/trabajadores-no-manuales-0\/#breadcrumb\",\"itemListElement\":[{\"@type\":\"ListItem\",\"position\":1,\"name\":\"Home\",\"item\":\"https:\/\/admin.industriall-union.org\/\"},{\"@type\":\"ListItem\",\"position\":2,\"name\":\"Trabajadores no manuales\"}]},{\"@type\":\"WebSite\",\"@id\":\"https:\/\/admin.industriall-union.org\/#website\",\"url\":\"https:\/\/admin.industriall-union.org\/\",\"name\":\"industriall-union\",\"description\":\"\",\"potentialAction\":[{\"@type\":\"SearchAction\",\"target\":{\"@type\":\"EntryPoint\",\"urlTemplate\":\"https:\/\/admin.industriall-union.org\/?s={search_term_string}\"},\"query-input\":{\"@type\":\"PropertyValueSpecification\",\"valueRequired\":true,\"valueName\":\"search_term_string\"}}],\"inLanguage\":\"es-ES\"}]}<\/script>\n<!-- \/ Yoast SEO Premium plugin. -->","yoast_head_json":{"title":"Trabajadores no manuales - industriall-union","robots":{"index":"index","follow":"follow","max-snippet":"max-snippet:-1","max-image-preview":"max-image-preview:large","max-video-preview":"max-video-preview:-1"},"canonical":"https:\/\/admin.industriall-union.org\/es\/trabajadores-no-manuales-0\/","og_locale":"es_ES","og_type":"article","og_title":"Trabajadores no manuales","og_description":"&nbsp; Organizar a los trabajadores administrativos es crucial para los sindicatos, ya que la industria experimenta un cambio radical debido a la digitalizaci\u00f3n y las nuevas tecnolog\u00edas difuminan los l\u00edmites tradicionales entre los trabajos manuales y administrativos. Los esfuerzos para cumplir los objetivos del cambio clim\u00e1tico tambi\u00e9n est\u00e1n agotando los puestos de trabajo de cuello [&hellip;]","og_url":"https:\/\/admin.industriall-union.org\/es\/trabajadores-no-manuales-0\/","og_site_name":"industriall-union","article_modified_time":"2026-02-03T13:04:39+00:00","twitter_card":"summary_large_image","twitter_misc":{"Est. reading time":"1 minute"},"schema":{"@context":"https:\/\/schema.org","@graph":[{"@type":"WebPage","@id":"https:\/\/admin.industriall-union.org\/es\/trabajadores-no-manuales-0\/","url":"https:\/\/admin.industriall-union.org\/es\/trabajadores-no-manuales-0\/","name":"Trabajadores no manuales - industriall-union","isPartOf":{"@id":"https:\/\/admin.industriall-union.org\/#website"},"datePublished":"2019-06-03T09:50:44+00:00","dateModified":"2026-02-03T13:04:39+00:00","breadcrumb":{"@id":"https:\/\/admin.industriall-union.org\/es\/trabajadores-no-manuales-0\/#breadcrumb"},"inLanguage":"es-ES","potentialAction":[{"@type":"ReadAction","target":["https:\/\/admin.industriall-union.org\/es\/trabajadores-no-manuales-0\/"]}]},{"@type":"BreadcrumbList","@id":"https:\/\/admin.industriall-union.org\/es\/trabajadores-no-manuales-0\/#breadcrumb","itemListElement":[{"@type":"ListItem","position":1,"name":"Home","item":"https:\/\/admin.industriall-union.org\/"},{"@type":"ListItem","position":2,"name":"Trabajadores no manuales"}]},{"@type":"WebSite","@id":"https:\/\/admin.industriall-union.org\/#website","url":"https:\/\/admin.industriall-union.org\/","name":"industriall-union","description":"","potentialAction":[{"@type":"SearchAction","target":{"@type":"EntryPoint","urlTemplate":"https:\/\/admin.industriall-union.org\/?s={search_term_string}"},"query-input":{"@type":"PropertyValueSpecification","valueRequired":true,"valueName":"search_term_string"}}],"inLanguage":"es-ES"}]}},"_links":{"self":[{"href":"https:\/\/admin.industriall-union.org\/es\/wp-json\/wp\/v2\/pages\/212446","targetHints":{"allow":["GET"]}}],"collection":[{"href":"https:\/\/admin.industriall-union.org\/es\/wp-json\/wp\/v2\/pages"}],"about":[{"href":"https:\/\/admin.industriall-union.org\/es\/wp-json\/wp\/v2\/types\/page"}],"author":[{"embeddable":true,"href":"https:\/\/admin.industriall-union.org\/es\/wp-json\/wp\/v2\/users\/1"}],"replies":[{"embeddable":true,"href":"https:\/\/admin.industriall-union.org\/es\/wp-json\/wp\/v2\/comments?post=212446"}],"version-history":[{"count":3,"href":"https:\/\/admin.industriall-union.org\/es\/wp-json\/wp\/v2\/pages\/212446\/revisions"}],"predecessor-version":[{"id":464080,"href":"https:\/\/admin.industriall-union.org\/es\/wp-json\/wp\/v2\/pages\/212446\/revisions\/464080"}],"wp:attachment":[{"href":"https:\/\/admin.industriall-union.org\/es\/wp-json\/wp\/v2\/media?parent=212446"}],"wp:term":[{"taxonomy":"issues","embeddable":true,"href":"https:\/\/admin.industriall-union.org\/es\/wp-json\/wp\/v2\/issues?post=212446"},{"taxonomy":"companies","embeddable":true,"href":"https:\/\/admin.industriall-union.org\/es\/wp-json\/wp\/v2\/companies?post=212446"},{"taxonomy":"regions","embeddable":true,"href":"https:\/\/admin.industriall-union.org\/es\/wp-json\/wp\/v2\/regions?post=212446"},{"taxonomy":"sectors","embeddable":true,"href":"https:\/\/admin.industriall-union.org\/es\/wp-json\/wp\/v2\/sectors?post=212446"},{"taxonomy":"article_tags","embeddable":true,"href":"https:\/\/admin.industriall-union.org\/es\/wp-json\/wp\/v2\/article_tags?post=212446"}],"curies":[{"name":"wp","href":"https:\/\/api.w.org\/{rel}","templated":true}]}}