{"id":212444,"date":"2022-02-21T20:02:09","date_gmt":"2022-02-21T20:02:09","guid":{"rendered":"https:\/\/admin.industriall-union.org\/campanas\/"},"modified":"2026-02-03T13:00:59","modified_gmt":"2026-02-03T13:00:59","slug":"campanas","status":"publish","type":"page","link":"https:\/\/admin.industriall-union.org\/es\/campanas\/","title":{"rendered":"Campa\u00f1as"},"content":{"rendered":"<figure class=\"imageArticle imageMedium\"><img decoding=\"async\" alt=\"\" src=\"\/wp-content\/uploads\/styles\/article_top_image_w1440\/public\/uploads\/images\/2017\/BANGLADESH\/EveryDayCounts_Actions\/bangladesh_mission_19.jpg\" style=\"width: 600px;height: 300px\" \/><figcaption class=\"imageContent\"><div class=\"imageTitle\"><h1 style=\"text-align: right\"><a href=\"https:\/\/www.industriall-union.org\/es\/bangladesh-elementos-de-una-campana-exitosa\" target=\"_self\">Elementos de una campa\u00f1a exitosa<\/a><\/h1><\/div><div class=\"imageCaption\"><p>Una mirada entre bastidores a una campa\u00f1a exitosa. Lograr un cambio social es dif\u00edcil y el clicktivismo (firmar una petici\u00f3n en l\u00ednea) no es suficiente. Entonces, &iquest;c\u00f3mo hacer campa\u00f1as y ganar?<\/p><\/div><\/figcaption><\/figure><p><a href=\"https:\/\/www.industriall-union.org\/es\/bangladesh-elementos-de-una-campana-exitosa\" target=\"_self\">Aqu\u00ed<\/a> puedes encontrar nuestras campa\u00f1as actuales, as\u00ed como algunas de las campa\u00f1as que realizamos en el pasado.<\/p>","protected":false},"excerpt":{"rendered":"<p>Elementos de una campa\u00f1a exitosa Una mirada entre bastidores a una campa\u00f1a exitosa. Lograr un cambio social es dif\u00edcil y el clicktivismo (firmar una petici\u00f3n en l\u00ednea) no es suficiente. Entonces, &iquest;c\u00f3mo hacer campa\u00f1as y ganar? Aqu\u00ed puedes encontrar nuestras campa\u00f1as actuales, as\u00ed como algunas de las campa\u00f1as que realizamos en el pasado.<\/p>\n","protected":false},"author":1,"featured_media":0,"parent":0,"menu_order":0,"comment_status":"closed","ping_status":"closed","template":"","meta":{"_acf_changed":false,"footnotes":""},"issues":[],"companies":[],"regions":[],"sectors":[],"article_tags":[],"class_list":["post-212444","page","type-page","status-publish","hentry"],"acf":[],"yoast_head":"<!-- This site is optimized with the Yoast SEO Premium plugin v27.1 (Yoast SEO v27.1) - https:\/\/yoast.com\/product\/yoast-seo-premium-wordpress\/ -->\n<title>Campa\u00f1as - industriall-union<\/title>\n<meta name=\"robots\" content=\"index, follow, max-snippet:-1, max-image-preview:large, max-video-preview:-1\" \/>\n<link rel=\"canonical\" href=\"https:\/\/admin.industriall-union.org\/es\/campanas\/\" \/>\n<meta property=\"og:locale\" content=\"es_ES\" \/>\n<meta property=\"og:type\" content=\"article\" \/>\n<meta property=\"og:title\" content=\"Campa\u00f1as\" \/>\n<meta property=\"og:description\" content=\"Elementos de una campa\u00f1a exitosa Una mirada entre bastidores a una campa\u00f1a exitosa. Lograr un cambio social es dif\u00edcil y el clicktivismo (firmar una petici\u00f3n en l\u00ednea) no es suficiente. Entonces, &iquest;c\u00f3mo hacer campa\u00f1as y ganar? Aqu\u00ed puedes encontrar nuestras campa\u00f1as actuales, as\u00ed como algunas de las campa\u00f1as que realizamos en el pasado.\" \/>\n<meta property=\"og:url\" content=\"https:\/\/admin.industriall-union.org\/es\/campanas\/\" \/>\n<meta property=\"og:site_name\" content=\"industriall-union\" \/>\n<meta property=\"article:modified_time\" content=\"2026-02-03T13:00:59+00:00\" \/>\n<meta name=\"twitter:card\" content=\"summary_large_image\" \/>\n<script type=\"application\/ld+json\" class=\"yoast-schema-graph\">{\"@context\":\"https:\/\/schema.org\",\"@graph\":[{\"@type\":\"WebPage\",\"@id\":\"https:\/\/admin.industriall-union.org\/es\/campanas\/\",\"url\":\"https:\/\/admin.industriall-union.org\/es\/campanas\/\",\"name\":\"Campa\u00f1as - industriall-union\",\"isPartOf\":{\"@id\":\"https:\/\/admin.industriall-union.org\/#website\"},\"datePublished\":\"2022-02-21T20:02:09+00:00\",\"dateModified\":\"2026-02-03T13:00:59+00:00\",\"breadcrumb\":{\"@id\":\"https:\/\/admin.industriall-union.org\/es\/campanas\/#breadcrumb\"},\"inLanguage\":\"es-ES\",\"potentialAction\":[{\"@type\":\"ReadAction\",\"target\":[\"https:\/\/admin.industriall-union.org\/es\/campanas\/\"]}]},{\"@type\":\"BreadcrumbList\",\"@id\":\"https:\/\/admin.industriall-union.org\/es\/campanas\/#breadcrumb\",\"itemListElement\":[{\"@type\":\"ListItem\",\"position\":1,\"name\":\"Home\",\"item\":\"https:\/\/admin.industriall-union.org\/\"},{\"@type\":\"ListItem\",\"position\":2,\"name\":\"Campa\u00f1as\"}]},{\"@type\":\"WebSite\",\"@id\":\"https:\/\/admin.industriall-union.org\/#website\",\"url\":\"https:\/\/admin.industriall-union.org\/\",\"name\":\"industriall-union\",\"description\":\"\",\"potentialAction\":[{\"@type\":\"SearchAction\",\"target\":{\"@type\":\"EntryPoint\",\"urlTemplate\":\"https:\/\/admin.industriall-union.org\/?s={search_term_string}\"},\"query-input\":{\"@type\":\"PropertyValueSpecification\",\"valueRequired\":true,\"valueName\":\"search_term_string\"}}],\"inLanguage\":\"es-ES\"}]}<\/script>\n<!-- \/ Yoast SEO Premium plugin. -->","yoast_head_json":{"title":"Campa\u00f1as - industriall-union","robots":{"index":"index","follow":"follow","max-snippet":"max-snippet:-1","max-image-preview":"max-image-preview:large","max-video-preview":"max-video-preview:-1"},"canonical":"https:\/\/admin.industriall-union.org\/es\/campanas\/","og_locale":"es_ES","og_type":"article","og_title":"Campa\u00f1as","og_description":"Elementos de una campa\u00f1a exitosa Una mirada entre bastidores a una campa\u00f1a exitosa. Lograr un cambio social es dif\u00edcil y el clicktivismo (firmar una petici\u00f3n en l\u00ednea) no es suficiente. Entonces, &iquest;c\u00f3mo hacer campa\u00f1as y ganar? Aqu\u00ed puedes encontrar nuestras campa\u00f1as actuales, as\u00ed como algunas de las campa\u00f1as que realizamos en el pasado.","og_url":"https:\/\/admin.industriall-union.org\/es\/campanas\/","og_site_name":"industriall-union","article_modified_time":"2026-02-03T13:00:59+00:00","twitter_card":"summary_large_image","schema":{"@context":"https:\/\/schema.org","@graph":[{"@type":"WebPage","@id":"https:\/\/admin.industriall-union.org\/es\/campanas\/","url":"https:\/\/admin.industriall-union.org\/es\/campanas\/","name":"Campa\u00f1as - industriall-union","isPartOf":{"@id":"https:\/\/admin.industriall-union.org\/#website"},"datePublished":"2022-02-21T20:02:09+00:00","dateModified":"2026-02-03T13:00:59+00:00","breadcrumb":{"@id":"https:\/\/admin.industriall-union.org\/es\/campanas\/#breadcrumb"},"inLanguage":"es-ES","potentialAction":[{"@type":"ReadAction","target":["https:\/\/admin.industriall-union.org\/es\/campanas\/"]}]},{"@type":"BreadcrumbList","@id":"https:\/\/admin.industriall-union.org\/es\/campanas\/#breadcrumb","itemListElement":[{"@type":"ListItem","position":1,"name":"Home","item":"https:\/\/admin.industriall-union.org\/"},{"@type":"ListItem","position":2,"name":"Campa\u00f1as"}]},{"@type":"WebSite","@id":"https:\/\/admin.industriall-union.org\/#website","url":"https:\/\/admin.industriall-union.org\/","name":"industriall-union","description":"","potentialAction":[{"@type":"SearchAction","target":{"@type":"EntryPoint","urlTemplate":"https:\/\/admin.industriall-union.org\/?s={search_term_string}"},"query-input":{"@type":"PropertyValueSpecification","valueRequired":true,"valueName":"search_term_string"}}],"inLanguage":"es-ES"}]}},"_links":{"self":[{"href":"https:\/\/admin.industriall-union.org\/es\/wp-json\/wp\/v2\/pages\/212444","targetHints":{"allow":["GET"]}}],"collection":[{"href":"https:\/\/admin.industriall-union.org\/es\/wp-json\/wp\/v2\/pages"}],"about":[{"href":"https:\/\/admin.industriall-union.org\/es\/wp-json\/wp\/v2\/types\/page"}],"author":[{"embeddable":true,"href":"https:\/\/admin.industriall-union.org\/es\/wp-json\/wp\/v2\/users\/1"}],"replies":[{"embeddable":true,"href":"https:\/\/admin.industriall-union.org\/es\/wp-json\/wp\/v2\/comments?post=212444"}],"version-history":[{"count":6,"href":"https:\/\/admin.industriall-union.org\/es\/wp-json\/wp\/v2\/pages\/212444\/revisions"}],"predecessor-version":[{"id":464069,"href":"https:\/\/admin.industriall-union.org\/es\/wp-json\/wp\/v2\/pages\/212444\/revisions\/464069"}],"wp:attachment":[{"href":"https:\/\/admin.industriall-union.org\/es\/wp-json\/wp\/v2\/media?parent=212444"}],"wp:term":[{"taxonomy":"issues","embeddable":true,"href":"https:\/\/admin.industriall-union.org\/es\/wp-json\/wp\/v2\/issues?post=212444"},{"taxonomy":"companies","embeddable":true,"href":"https:\/\/admin.industriall-union.org\/es\/wp-json\/wp\/v2\/companies?post=212444"},{"taxonomy":"regions","embeddable":true,"href":"https:\/\/admin.industriall-union.org\/es\/wp-json\/wp\/v2\/regions?post=212444"},{"taxonomy":"sectors","embeddable":true,"href":"https:\/\/admin.industriall-union.org\/es\/wp-json\/wp\/v2\/sectors?post=212444"},{"taxonomy":"article_tags","embeddable":true,"href":"https:\/\/admin.industriall-union.org\/es\/wp-json\/wp\/v2\/article_tags?post=212444"}],"curies":[{"name":"wp","href":"https:\/\/api.w.org\/{rel}","templated":true}]}}