{"id":212438,"date":"2020-02-10T17:01:39","date_gmt":"2020-02-10T17:01:39","guid":{"rendered":"https:\/\/admin.industriall-union.org\/industria-4-0\/"},"modified":"2026-02-03T12:57:34","modified_gmt":"2026-02-03T12:57:34","slug":"industria-40-0","status":"publish","type":"page","link":"https:\/\/admin.industriall-union.org\/es\/industria-40-0\/","title":{"rendered":"Industria 4.0"},"content":{"rendered":"<h3>Una breve introducci\u00f3n al trabajo de IndustriALL sobre la Industria 4.0<\/h3><p><iframe loading=\"lazy\" allow=\"accelerometer; autoplay; clipboard-write; encrypted-media; gyroscope; picture-in-picture\" allowfullscreen=\"\" frameborder=\"0\" height=\"315\" src=\"https:\/\/www.youtube.com\/embed\/6NoSxwsKONU\" width=\"560\"><\/iframe><\/p><table border=\"1\" cellpadding=\"1\" cellspacing=\"1\" style=\"width:500px\"><tbody><tr><td style=\"text-align: center\"><strong><a href=\"\/wp-content\/uploads\/documents\/Just_Transition\/industry_40_ppt.pdf\">Industria 4.0 y Transici\u00f3n Justa (presentaci\u00f3n)<\/a><\/strong><\/td><\/tr><tr><td style=\"text-align: center\"><a href=\"\/wp-content\/uploads\/documents\/Just_Transition\/industry_40_ppt.pdf\"><img decoding=\"async\" alt=\"\" src=\"\/wp-content\/uploads\/images\/FutureOfWork\/JustTransition\/screenshot_2022-07-18_at_16.58.15.png\" style=\"width: 400px;height: 236px\" \/><\/a><\/td><\/tr><\/tbody><\/table><p><em>*<\/em>Este v\u00eddeo est\u00e1 disponible en youtube, pero si desea descargarlo, p\u00f3ngase en contacto con <a href=\"mailto:press@industriall-union.org?subject=Industry%204.0%20download%20request&amp;body=Please%20send%20me%20the%20Industry%204.0%20video%20to%20download%0Athanks%20\">Prensa<\/a><\/p><section class=\"boxTurquoise\"><h2 style=\"text-align: center\">Industria&nbsp;4.0<\/h2><p>Estas tecnolog\u00edas disruptivas incluyen:&nbsp;digitalizaci\u00f3n avanzada, inteligencia artificial, m\u00e1quinas interconectadas semiaut\u00f3nomas, rob\u00f3tica avanzada, impresi\u00f3n 3D, nanotecnolog\u00eda, biotecnolog\u00eda avanzada y trabajo en plataformas, entre otras. Las tecnolog\u00edas en s\u00ed mismas no son el problema; es la l\u00f3gica que impulsa su introducci\u00f3n, que en este momento es reducir los costos laborales y las normas laborales<\/p><p style=\"text-align: center\">.<img decoding=\"async\" alt=\"\" src=\"\" style=\"width: 500px;height: 281px\" \/><\/p><p><strong>Si podemos guiar la implementaci\u00f3n de estas nuevas tecnolog\u00edas, podemos crear un trabajo de calidad con un tiempo de trabajo reducido y una mejor salud y seguridad ocupacional. <\/strong><\/p><p>Entre las estrategias de IndustriALL para la Industria 4.0 se encuentran:<\/p><ul><li>la demanda de la plena participaci\u00f3n de los trabajadores a medida que se llevan a cabo debates a nivel mundial, regional, nacional y empresarial sobre la Industria 4.0<\/li><li>la protecci\u00f3n de los derechos humanos y de los trabajadores, en particular, los derechos a la informaci\u00f3n, la formaci\u00f3n y la educaci\u00f3n, y la intimidad<\/li><li>una Transici\u00f3n Justa para los trabajadores, sus familias y las comunidades que de ellos dependen, a trav\u00e9s de la transformaci\u00f3n<\/li><\/ul><p>Independientemente de si tomamos medidas sobre el cambio clim\u00e1tico u otras crisis ambientales, o si aceptamos o ignoramos los cambios tecnol\u00f3gicos, estos cambios vendr\u00e1n. Se producir\u00e1 una transici\u00f3n y la \u00fanica opci\u00f3n que tenemos es si ser\u00e1 una lucha violenta por puestos de trabajo o recursos como agua, energ\u00eda y tierra f\u00e9rtil, medidas desesperadas de supervivencia de \u00faltima hora que descartan por completo los derechos humanos y la protecci\u00f3n social, o una Transici\u00f3n ordenada y justa que respete y proteja a los trabajadores actuales mientras crea nuevos trabajos decentes en industrias sostenibles.<\/p><p>Una transici\u00f3n justa proporciona un camino hacia un futuro sostenible, en todos los aspectos de sus dimensiones social, econ\u00f3mica y ambiental. Para que la transici\u00f3n sea verdaderamente justa, debe apuntar a un futuro optimista, un futuro que los trabajadores, sus familias y las comunidades que dependen de ellos puedan apoyar y comprometerse a lograr.<\/p><h3>Persona de contacto<\/h3><table border=\"1\" cellpadding=\"1\" cellspacing=\"1\" style=\"width:100%\"><tbody><tr><td><h4 style=\"text-align: center\"><img decoding=\"async\" alt=\"\" src=\"\/wp-content\/uploads\/images\/People\/Internal\/copy_of_untitled-2_0.png\" style=\"width: 300px;height: 300px\" \/><\/h4><\/td><td><h4>Matthias Hartwich<br \/>Tel. +41 22 308 50 85<br \/>Fax: +41 22 308-5055<br \/>e-mail: <a href=\"mailto:mhartwich@industriall-union.org\">mhartwich<\/a><\/h4><\/td><\/tr><\/tbody><\/table><\/section><div class=\"regularQuote\"><blockquote><p>&quot;Para una transici\u00f3n justa hacia un futuro en el que el medio ambiente est\u00e9 protegido y la econom\u00eda prospere, los trabajadores necesitan pol\u00edticas industriales sostenibles, con fuertes protecciones sociales y apoyo para los trabajadores, guiadas por el cambio social.&quot;<\/p><\/blockquote><cite>IndustriALL Global Union<\/cite><\/div><h2>Publicaciones relacionadas<\/h2><h3><strong>Industria&nbsp;4.0<\/strong><\/h3><p><strong><b>Informe sobre la Industria&nbsp;4.0<\/b><\/strong><\/p><table border=\"1\" cellpadding=\"1\" cellspacing=\"1\" style=\"width:100%\"><tbody><tr><td colspan=\"3\" style=\"text-align: center\"><strong>El futuro del trabajo y la industria 4.0 frente a m\u00faltiples agentes de cambio<\/strong><\/td><\/tr><tr><td><a href=\"\/wp-content\/uploads\/images\/FutureOfWork\/Industry4\/i40industriall_report.pdf\"><img decoding=\"async\" alt=\"\" src=\"\/wp-content\/uploads\/images\/FutureOfWork\/Industry4\/screenshot_2022-10-18_at_07.53.22.png\" style=\"width: 200px;height: 284px\" \/><\/a><\/td><td><img decoding=\"async\" alt=\"\" src=\"\/wp-content\/uploads\/images\/FutureOfWork\/Industry4\/screenshot_2022-10-18_at_07.53.22.png\" style=\"width: 200px;height: 284px\" \/><\/td><td><img decoding=\"async\" alt=\"\" src=\"\/wp-content\/uploads\/images\/FutureOfWork\/Industry4\/screenshot_2022-10-18_at_07.53.22.png\" style=\"width: 200px;height: 284px\" \/><\/td><\/tr><tr><td style=\"text-align: center\"><a href=\"\/wp-content\/uploads\/images\/FutureOfWork\/Industry4\/i40industriall_report.pdf\">ENG<\/a><\/td><td style=\"text-align: center\"><a href=\"\/wp-content\/uploads\/documents\/Just_Transition\/french_etude_industriefutur_2021.pdf\" target=\"_self\">FRA<\/a><\/td><td style=\"text-align: center\"><a href=\"\/wp-content\/uploads\/documents\/Just_Transition\/spanish_etude_industriefutur_2021.pdf\" target=\"_self\">ESP<\/a><\/td><\/tr><\/tbody><\/table><table border=\"1\" cellpadding=\"1\" cellspacing=\"1\" style=\"width:100%\"><tbody><tr><td colspan=\"5\" style=\"text-align: center\"><strong>El desaf\u00edo de la Industria 4.0<\/strong><\/td><\/tr><tr><td><a href=\"\/wp-content\/uploads\/documents\/2017\/SWITZERLAND\/Industry4point0Conf\/industry_4_en_web.pdf\"><img decoding=\"async\" alt=\"\" src=\"\/wp-content\/uploads\/images\/publications\/challenge4.0eng.png\" style=\"width: 175px;height: 247px\" \/><\/a><\/td><td><a href=\"\/wp-content\/uploads\/documents\/2018\/industry_4_fr_web.pdf\"><img decoding=\"async\" alt=\"\" src=\"\/wp-content\/uploads\/images\/publications\/challenge4.0fra.png\" style=\"width: 175px;height: 248px\" \/><\/a><\/td><td><a href=\"\/wp-content\/uploads\/documents\/2018\/industry_4_es_web.pdf\"><img decoding=\"async\" alt=\"\" src=\"\/wp-content\/uploads\/images\/publications\/challenge4.0esp.png\" style=\"width: 175px;height: 247px\" \/><\/a><\/td><td><a href=\"\/wp-content\/uploads\/documents\/2017\/SWITZERLAND\/Industry4point0Conf\/industry_4_0_jap.pdf\"><img decoding=\"async\" alt=\"\" src=\"\/wp-content\/uploads\/images\/publications\/challenge4.0jap.png\" style=\"width: 175px;height: 248px\" \/><\/a><\/td><td><a href=\"\/wp-content\/uploads\/documents\/Publications\/endustri_4.0in_sorunlari_ve_sendikalarin_cozumleri.pdf\"><img decoding=\"async\" alt=\"\" src=\"\/wp-content\/uploads\/images\/publications\/screenshot_2021-01-13_at_10.50.51.png\" style=\"width: 175px;height: 248px\" \/><\/a><\/td><\/tr><tr><td style=\"text-align: center\"><a href=\"\/wp-content\/uploads\/documents\/2017\/SWITZERLAND\/Industry4point0Conf\/industry_4_en_web.pdf\">ENG<\/a><\/td><td style=\"text-align: center\"><a href=\"\/wp-content\/uploads\/documents\/2018\/industry_4_fr_web.pdf\">FRA<\/a><\/td><td style=\"text-align: center\"><a href=\"\/wp-content\/uploads\/documents\/2018\/industry_4_es_web.pdf\">ESP<\/a><\/td><td style=\"text-align: center\"><a href=\"\/wp-content\/uploads\/documents\/2017\/SWITZERLAND\/Industry4point0Conf\/industry_4_0_jap.pdf\">JAP<\/a><\/td><td style=\"text-align: center\"><a href=\"\/wp-content\/uploads\/documents\/Publications\/endustri_4.0in_sorunlari_ve_sendikalarin_cozumleri.pdf\">TUR<\/a><\/td><\/tr><\/tbody><\/table><table border=\"1\" cellpadding=\"1\" cellspacing=\"1\" style=\"font-size: 2rem;width: 500px\"><tbody><tr><td colspan=\"3\" rowspan=\"1\" style=\"text-align: center\"><strong>Una transici\u00f3n justa para los trabajadores<\/strong><\/td><\/tr><tr><td><a href=\"\/wp-content\/uploads\/documents\/Just_Transition\/a_just_transition_-_english.pdf\"><img decoding=\"async\" alt=\"\" src=\"\/wp-content\/uploads\/images\/publications\/jt-eng.png\" style=\"width: 200px;height: 283px\" \/><\/a><\/td><td><a href=\"\/wp-content\/uploads\/documents\/Just_Transition\/une_transition_juste_-_francais.pdf\"><img decoding=\"async\" alt=\"\" src=\"\/wp-content\/uploads\/images\/publications\/jt-fra.png\" style=\"width: 200px;height: 283px\" \/><\/a><\/td><td><a href=\"\/wp-content\/uploads\/documents\/Just_Transition\/una_transicion_justa_-_espanol.pdf\"><img decoding=\"async\" alt=\"\" src=\"\/wp-content\/uploads\/images\/publications\/jt-spa.png\" style=\"width: 200px;height: 283px\" \/><\/a><\/td><\/tr><tr><td style=\"text-align: center\"><a href=\"\/wp-content\/uploads\/documents\/Just_Transition\/a_just_transition_-_english.pdf\">ENG<\/a><\/td><td style=\"text-align: center\"><a href=\"\/wp-content\/uploads\/documents\/Just_Transition\/une_transition_juste_-_francais.pdf\">FRA<\/a><\/td><td style=\"text-align: center\"><a href=\"\/wp-content\/uploads\/documents\/Just_Transition\/una_transicion_justa_-_espanol.pdf\">ESP<\/a><\/td><\/tr><\/tbody><\/table><h2>&nbsp;<\/h2>","protected":false},"excerpt":{"rendered":"<p>Una breve introducci\u00f3n al trabajo de IndustriALL sobre la Industria 4.0 Industria 4.0 y Transici\u00f3n Justa (presentaci\u00f3n) *Este v\u00eddeo est\u00e1 disponible en youtube, pero si desea descargarlo, p\u00f3ngase en contacto con Prensa Industria&nbsp;4.0 Estas tecnolog\u00edas disruptivas incluyen:&nbsp;digitalizaci\u00f3n avanzada, inteligencia artificial, m\u00e1quinas interconectadas semiaut\u00f3nomas, rob\u00f3tica avanzada, impresi\u00f3n 3D, nanotecnolog\u00eda, biotecnolog\u00eda avanzada y trabajo en plataformas, entre [&hellip;]<\/p>\n","protected":false},"author":1,"featured_media":0,"parent":0,"menu_order":0,"comment_status":"closed","ping_status":"closed","template":"","meta":{"_acf_changed":false,"footnotes":""},"issues":[],"companies":[],"regions":[],"sectors":[],"article_tags":[],"class_list":["post-212438","page","type-page","status-publish","hentry"],"acf":[],"yoast_head":"<!-- This site is optimized with the Yoast SEO Premium plugin v27.1 (Yoast SEO v27.1) - https:\/\/yoast.com\/product\/yoast-seo-premium-wordpress\/ -->\n<title>Industria 4.0 - industriall-union<\/title>\n<meta name=\"robots\" content=\"index, follow, max-snippet:-1, max-image-preview:large, max-video-preview:-1\" \/>\n<link rel=\"canonical\" href=\"https:\/\/admin.industriall-union.org\/es\/industria-40-0\/\" \/>\n<meta property=\"og:locale\" content=\"es_ES\" \/>\n<meta property=\"og:type\" content=\"article\" \/>\n<meta property=\"og:title\" content=\"Industria 4.0\" \/>\n<meta property=\"og:description\" content=\"Una breve introducci\u00f3n al trabajo de IndustriALL sobre la Industria 4.0 Industria 4.0 y Transici\u00f3n Justa (presentaci\u00f3n) *Este v\u00eddeo est\u00e1 disponible en youtube, pero si desea descargarlo, p\u00f3ngase en contacto con Prensa Industria&nbsp;4.0 Estas tecnolog\u00edas disruptivas incluyen:&nbsp;digitalizaci\u00f3n avanzada, inteligencia artificial, m\u00e1quinas interconectadas semiaut\u00f3nomas, rob\u00f3tica avanzada, impresi\u00f3n 3D, nanotecnolog\u00eda, biotecnolog\u00eda avanzada y trabajo en plataformas, entre [&hellip;]\" \/>\n<meta property=\"og:url\" content=\"https:\/\/admin.industriall-union.org\/es\/industria-40-0\/\" \/>\n<meta property=\"og:site_name\" content=\"industriall-union\" \/>\n<meta property=\"article:modified_time\" content=\"2026-02-03T12:57:34+00:00\" \/>\n<meta name=\"twitter:card\" content=\"summary_large_image\" \/>\n<meta name=\"twitter:label1\" content=\"Est. reading time\" \/>\n\t<meta name=\"twitter:data1\" content=\"2 minutes\" \/>\n<script type=\"application\/ld+json\" class=\"yoast-schema-graph\">{\"@context\":\"https:\/\/schema.org\",\"@graph\":[{\"@type\":\"WebPage\",\"@id\":\"https:\/\/admin.industriall-union.org\/es\/industria-40-0\/\",\"url\":\"https:\/\/admin.industriall-union.org\/es\/industria-40-0\/\",\"name\":\"Industria 4.0 - industriall-union\",\"isPartOf\":{\"@id\":\"https:\/\/admin.industriall-union.org\/fr\/#website\"},\"datePublished\":\"2020-02-10T17:01:39+00:00\",\"dateModified\":\"2026-02-03T12:57:34+00:00\",\"breadcrumb\":{\"@id\":\"https:\/\/admin.industriall-union.org\/es\/industria-40-0\/#breadcrumb\"},\"inLanguage\":\"es-ES\",\"potentialAction\":[{\"@type\":\"ReadAction\",\"target\":[\"https:\/\/admin.industriall-union.org\/es\/industria-40-0\/\"]}]},{\"@type\":\"BreadcrumbList\",\"@id\":\"https:\/\/admin.industriall-union.org\/es\/industria-40-0\/#breadcrumb\",\"itemListElement\":[{\"@type\":\"ListItem\",\"position\":1,\"name\":\"Home\",\"item\":\"https:\/\/admin.industriall-union.org\/fr\/\"},{\"@type\":\"ListItem\",\"position\":2,\"name\":\"Industria 4.0\"}]},{\"@type\":\"WebSite\",\"@id\":\"https:\/\/admin.industriall-union.org\/fr\/#website\",\"url\":\"https:\/\/admin.industriall-union.org\/fr\/\",\"name\":\"industriall-union\",\"description\":\"\",\"potentialAction\":[{\"@type\":\"SearchAction\",\"target\":{\"@type\":\"EntryPoint\",\"urlTemplate\":\"https:\/\/admin.industriall-union.org\/fr\/?s={search_term_string}\"},\"query-input\":{\"@type\":\"PropertyValueSpecification\",\"valueRequired\":true,\"valueName\":\"search_term_string\"}}],\"inLanguage\":\"es-ES\"}]}<\/script>\n<!-- \/ Yoast SEO Premium plugin. -->","yoast_head_json":{"title":"Industria 4.0 - industriall-union","robots":{"index":"index","follow":"follow","max-snippet":"max-snippet:-1","max-image-preview":"max-image-preview:large","max-video-preview":"max-video-preview:-1"},"canonical":"https:\/\/admin.industriall-union.org\/es\/industria-40-0\/","og_locale":"es_ES","og_type":"article","og_title":"Industria 4.0","og_description":"Una breve introducci\u00f3n al trabajo de IndustriALL sobre la Industria 4.0 Industria 4.0 y Transici\u00f3n Justa (presentaci\u00f3n) *Este v\u00eddeo est\u00e1 disponible en youtube, pero si desea descargarlo, p\u00f3ngase en contacto con Prensa Industria&nbsp;4.0 Estas tecnolog\u00edas disruptivas incluyen:&nbsp;digitalizaci\u00f3n avanzada, inteligencia artificial, m\u00e1quinas interconectadas semiaut\u00f3nomas, rob\u00f3tica avanzada, impresi\u00f3n 3D, nanotecnolog\u00eda, biotecnolog\u00eda avanzada y trabajo en plataformas, entre [&hellip;]","og_url":"https:\/\/admin.industriall-union.org\/es\/industria-40-0\/","og_site_name":"industriall-union","article_modified_time":"2026-02-03T12:57:34+00:00","twitter_card":"summary_large_image","twitter_misc":{"Est. reading time":"2 minutes"},"schema":{"@context":"https:\/\/schema.org","@graph":[{"@type":"WebPage","@id":"https:\/\/admin.industriall-union.org\/es\/industria-40-0\/","url":"https:\/\/admin.industriall-union.org\/es\/industria-40-0\/","name":"Industria 4.0 - industriall-union","isPartOf":{"@id":"https:\/\/admin.industriall-union.org\/fr\/#website"},"datePublished":"2020-02-10T17:01:39+00:00","dateModified":"2026-02-03T12:57:34+00:00","breadcrumb":{"@id":"https:\/\/admin.industriall-union.org\/es\/industria-40-0\/#breadcrumb"},"inLanguage":"es-ES","potentialAction":[{"@type":"ReadAction","target":["https:\/\/admin.industriall-union.org\/es\/industria-40-0\/"]}]},{"@type":"BreadcrumbList","@id":"https:\/\/admin.industriall-union.org\/es\/industria-40-0\/#breadcrumb","itemListElement":[{"@type":"ListItem","position":1,"name":"Home","item":"https:\/\/admin.industriall-union.org\/fr\/"},{"@type":"ListItem","position":2,"name":"Industria 4.0"}]},{"@type":"WebSite","@id":"https:\/\/admin.industriall-union.org\/fr\/#website","url":"https:\/\/admin.industriall-union.org\/fr\/","name":"industriall-union","description":"","potentialAction":[{"@type":"SearchAction","target":{"@type":"EntryPoint","urlTemplate":"https:\/\/admin.industriall-union.org\/fr\/?s={search_term_string}"},"query-input":{"@type":"PropertyValueSpecification","valueRequired":true,"valueName":"search_term_string"}}],"inLanguage":"es-ES"}]}},"_links":{"self":[{"href":"https:\/\/admin.industriall-union.org\/es\/wp-json\/wp\/v2\/pages\/212438","targetHints":{"allow":["GET"]}}],"collection":[{"href":"https:\/\/admin.industriall-union.org\/es\/wp-json\/wp\/v2\/pages"}],"about":[{"href":"https:\/\/admin.industriall-union.org\/es\/wp-json\/wp\/v2\/types\/page"}],"author":[{"embeddable":true,"href":"https:\/\/admin.industriall-union.org\/es\/wp-json\/wp\/v2\/users\/1"}],"replies":[{"embeddable":true,"href":"https:\/\/admin.industriall-union.org\/es\/wp-json\/wp\/v2\/comments?post=212438"}],"version-history":[{"count":5,"href":"https:\/\/admin.industriall-union.org\/es\/wp-json\/wp\/v2\/pages\/212438\/revisions"}],"predecessor-version":[{"id":467007,"href":"https:\/\/admin.industriall-union.org\/es\/wp-json\/wp\/v2\/pages\/212438\/revisions\/467007"}],"wp:attachment":[{"href":"https:\/\/admin.industriall-union.org\/es\/wp-json\/wp\/v2\/media?parent=212438"}],"wp:term":[{"taxonomy":"issues","embeddable":true,"href":"https:\/\/admin.industriall-union.org\/es\/wp-json\/wp\/v2\/issues?post=212438"},{"taxonomy":"companies","embeddable":true,"href":"https:\/\/admin.industriall-union.org\/es\/wp-json\/wp\/v2\/companies?post=212438"},{"taxonomy":"regions","embeddable":true,"href":"https:\/\/admin.industriall-union.org\/es\/wp-json\/wp\/v2\/regions?post=212438"},{"taxonomy":"sectors","embeddable":true,"href":"https:\/\/admin.industriall-union.org\/es\/wp-json\/wp\/v2\/sectors?post=212438"},{"taxonomy":"article_tags","embeddable":true,"href":"https:\/\/admin.industriall-union.org\/es\/wp-json\/wp\/v2\/article_tags?post=212438"}],"curies":[{"name":"wp","href":"https:\/\/api.w.org\/{rel}","templated":true}]}}