{"id":212315,"date":"2022-07-13T12:59:25","date_gmt":"2022-07-13T12:59:25","guid":{"rendered":"https:\/\/admin.industriall-union.org\/desinvertir-de-myanmar\/"},"modified":"2026-02-03T12:18:46","modified_gmt":"2026-02-03T12:18:46","slug":"desinvertir-de-myanmar","status":"publish","type":"page","link":"https:\/\/admin.industriall-union.org\/es\/desinvertir-de-myanmar\/","title":{"rendered":"Desinvertir de Myanmar"},"content":{"rendered":"<div class=\"largeQuote\"><blockquote><p>&ldquo;La diligencia debida no es posible en un pa\u00eds gobernado por un r\u00e9gimen militar y donde los sindicatos no pueden funcionar&rdquo;.<\/p><\/blockquote><\/div><p>Como parte de una campa\u00f1a a favor de la aplicaci\u00f3n de sanciones econ\u00f3micas de gran alcance contra la junta militar, IndustriALL, durante su <a href=\"https:\/\/www.industriall-union.org\/industriall-congress-adopts-resolution-on-myanmar\">Congreso celebrado en septiembre de 2021<\/a>, apoy\u00f3 el pedido de sanciones e inst\u00f3 a las multinacionales que operan en Myanmar a que tomen medidas inmediatas para detener sus actividades, desinvertir, dejar de realizar nuevos pedidos y poner fin a las relaciones comerciales con el pa\u00eds.<\/p><p>Junto con industriAll European Trade Union, IndustriALL exige a la Uni\u00f3n Europea que tome medidas m\u00e1s en\u00e9rgicas contra la junta militar en Myanmar, lo que incluye la <a href=\"https:\/\/www.industriall-union.org\/eu-must-end-preferential-trade-arrangement-with-myanmar-military\">retirada de las preferencias comerciales del programa &ldquo;Todo menos armas&rdquo;<\/a> (EBA, por sus siglas en ingl\u00e9s).<\/p><p>IndustriALL considera que la estrategia de aislar diplom\u00e1tica y econ\u00f3micamente a la junta militar es la forma m\u00e1s eficaz de lograr un cambio pac\u00edfico en Myanmar. La campa\u00f1a a favor de las sanciones se intensificar\u00e1 y se ejercer\u00e1 una presi\u00f3n cada vez mayor sobre las empresas que contin\u00faan operando en este pa\u00eds.&nbsp;<\/p><article class=\"listBlock\"><div class=\"image\"><img decoding=\"async\" alt=\"\" src=\"\/wp-content\/uploads\/styles\/article_top_image_w1440\/public\/uploads\/images\/Global-Worker\/2022-1\/51479142874_27466fb94f_o.jpg\" \/><\/div><div class=\"content\"><h2 class=\"title\"><a href=\"https:\/\/www.industriall-union.org\/es\/imponen-sanciones-de-gran-alcance-contra-rusia-por-que-no-contra-myanmar\">INFORME ESPECIAL<\/a><\/h2><p class=\"description\">Imponen sanciones de gran alcance contra Rusia: &iquest;por qu\u00e9 no contra Myanmar?<\/p><\/div><\/article><article class=\"listBlock\"><div class=\"image\"><img decoding=\"async\" alt=\"\" src=\"\/wp-content\/uploads\/styles\/article_top_image_w1440\/public\/uploads\/images\/2021\/MYANMAR\/213657530_1751722965038798_5521257647747173741_n.jpg\" \/><\/div><div class=\"content\"><h2 class=\"title\"><a href=\"https:\/\/www.industriall-union.org\/es\/industriall-exhorta-a-las-empresas-a-retirar-sus-inversiones-en-myanmar\">ART\u00cdCULO WEB<\/a><\/h2><p class=\"description\">IndustriALL exhorta a las empresas a retirar sus inversiones en Myanmar<\/p><\/div><\/article>","protected":false},"excerpt":{"rendered":"<p>&ldquo;La diligencia debida no es posible en un pa\u00eds gobernado por un r\u00e9gimen militar y donde los sindicatos no pueden funcionar&rdquo;. Como parte de una campa\u00f1a a favor de la aplicaci\u00f3n de sanciones econ\u00f3micas de gran alcance contra la junta militar, IndustriALL, durante su Congreso celebrado en septiembre de 2021, apoy\u00f3 el pedido de sanciones [&hellip;]<\/p>\n","protected":false},"author":1,"featured_media":0,"parent":0,"menu_order":0,"comment_status":"closed","ping_status":"closed","template":"","meta":{"_acf_changed":false,"footnotes":""},"issues":[],"companies":[],"regions":[177],"sectors":[],"article_tags":[],"class_list":["post-212315","page","type-page","status-publish","hentry","regions-myanmar"],"acf":[],"yoast_head":"<!-- This site is optimized with the Yoast SEO Premium plugin v27.1 (Yoast SEO v27.1) - https:\/\/yoast.com\/product\/yoast-seo-premium-wordpress\/ -->\n<title>Desinvertir de Myanmar - industriall-union<\/title>\n<meta name=\"robots\" content=\"index, follow, max-snippet:-1, max-image-preview:large, max-video-preview:-1\" \/>\n<link rel=\"canonical\" href=\"https:\/\/admin.industriall-union.org\/es\/desinvertir-de-myanmar\/\" \/>\n<meta property=\"og:locale\" content=\"es_ES\" \/>\n<meta property=\"og:type\" content=\"article\" \/>\n<meta property=\"og:title\" content=\"Desinvertir de Myanmar\" \/>\n<meta property=\"og:description\" content=\"&ldquo;La diligencia debida no es posible en un pa\u00eds gobernado por un r\u00e9gimen militar y donde los sindicatos no pueden funcionar&rdquo;. Como parte de una campa\u00f1a a favor de la aplicaci\u00f3n de sanciones econ\u00f3micas de gran alcance contra la junta militar, IndustriALL, durante su Congreso celebrado en septiembre de 2021, apoy\u00f3 el pedido de sanciones [&hellip;]\" \/>\n<meta property=\"og:url\" content=\"https:\/\/admin.industriall-union.org\/es\/desinvertir-de-myanmar\/\" \/>\n<meta property=\"og:site_name\" content=\"industriall-union\" \/>\n<meta property=\"article:modified_time\" content=\"2026-02-03T12:18:46+00:00\" \/>\n<meta name=\"twitter:card\" content=\"summary_large_image\" \/>\n<meta name=\"twitter:label1\" content=\"Est. reading time\" \/>\n\t<meta name=\"twitter:data1\" content=\"1 minute\" \/>\n<script type=\"application\/ld+json\" class=\"yoast-schema-graph\">{\"@context\":\"https:\/\/schema.org\",\"@graph\":[{\"@type\":\"WebPage\",\"@id\":\"https:\/\/admin.industriall-union.org\/es\/desinvertir-de-myanmar\/\",\"url\":\"https:\/\/admin.industriall-union.org\/es\/desinvertir-de-myanmar\/\",\"name\":\"Desinvertir de Myanmar - industriall-union\",\"isPartOf\":{\"@id\":\"https:\/\/admin.industriall-union.org\/fr\/#website\"},\"datePublished\":\"2022-07-13T12:59:25+00:00\",\"dateModified\":\"2026-02-03T12:18:46+00:00\",\"breadcrumb\":{\"@id\":\"https:\/\/admin.industriall-union.org\/es\/desinvertir-de-myanmar\/#breadcrumb\"},\"inLanguage\":\"es-ES\",\"potentialAction\":[{\"@type\":\"ReadAction\",\"target\":[\"https:\/\/admin.industriall-union.org\/es\/desinvertir-de-myanmar\/\"]}]},{\"@type\":\"BreadcrumbList\",\"@id\":\"https:\/\/admin.industriall-union.org\/es\/desinvertir-de-myanmar\/#breadcrumb\",\"itemListElement\":[{\"@type\":\"ListItem\",\"position\":1,\"name\":\"Home\",\"item\":\"https:\/\/admin.industriall-union.org\/fr\/\"},{\"@type\":\"ListItem\",\"position\":2,\"name\":\"Desinvertir de Myanmar\"}]},{\"@type\":\"WebSite\",\"@id\":\"https:\/\/admin.industriall-union.org\/fr\/#website\",\"url\":\"https:\/\/admin.industriall-union.org\/fr\/\",\"name\":\"industriall-union\",\"description\":\"\",\"potentialAction\":[{\"@type\":\"SearchAction\",\"target\":{\"@type\":\"EntryPoint\",\"urlTemplate\":\"https:\/\/admin.industriall-union.org\/fr\/?s={search_term_string}\"},\"query-input\":{\"@type\":\"PropertyValueSpecification\",\"valueRequired\":true,\"valueName\":\"search_term_string\"}}],\"inLanguage\":\"es-ES\"}]}<\/script>\n<!-- \/ Yoast SEO Premium plugin. -->","yoast_head_json":{"title":"Desinvertir de Myanmar - industriall-union","robots":{"index":"index","follow":"follow","max-snippet":"max-snippet:-1","max-image-preview":"max-image-preview:large","max-video-preview":"max-video-preview:-1"},"canonical":"https:\/\/admin.industriall-union.org\/es\/desinvertir-de-myanmar\/","og_locale":"es_ES","og_type":"article","og_title":"Desinvertir de Myanmar","og_description":"&ldquo;La diligencia debida no es posible en un pa\u00eds gobernado por un r\u00e9gimen militar y donde los sindicatos no pueden funcionar&rdquo;. Como parte de una campa\u00f1a a favor de la aplicaci\u00f3n de sanciones econ\u00f3micas de gran alcance contra la junta militar, IndustriALL, durante su Congreso celebrado en septiembre de 2021, apoy\u00f3 el pedido de sanciones [&hellip;]","og_url":"https:\/\/admin.industriall-union.org\/es\/desinvertir-de-myanmar\/","og_site_name":"industriall-union","article_modified_time":"2026-02-03T12:18:46+00:00","twitter_card":"summary_large_image","twitter_misc":{"Est. reading time":"1 minute"},"schema":{"@context":"https:\/\/schema.org","@graph":[{"@type":"WebPage","@id":"https:\/\/admin.industriall-union.org\/es\/desinvertir-de-myanmar\/","url":"https:\/\/admin.industriall-union.org\/es\/desinvertir-de-myanmar\/","name":"Desinvertir de Myanmar - industriall-union","isPartOf":{"@id":"https:\/\/admin.industriall-union.org\/fr\/#website"},"datePublished":"2022-07-13T12:59:25+00:00","dateModified":"2026-02-03T12:18:46+00:00","breadcrumb":{"@id":"https:\/\/admin.industriall-union.org\/es\/desinvertir-de-myanmar\/#breadcrumb"},"inLanguage":"es-ES","potentialAction":[{"@type":"ReadAction","target":["https:\/\/admin.industriall-union.org\/es\/desinvertir-de-myanmar\/"]}]},{"@type":"BreadcrumbList","@id":"https:\/\/admin.industriall-union.org\/es\/desinvertir-de-myanmar\/#breadcrumb","itemListElement":[{"@type":"ListItem","position":1,"name":"Home","item":"https:\/\/admin.industriall-union.org\/fr\/"},{"@type":"ListItem","position":2,"name":"Desinvertir de Myanmar"}]},{"@type":"WebSite","@id":"https:\/\/admin.industriall-union.org\/fr\/#website","url":"https:\/\/admin.industriall-union.org\/fr\/","name":"industriall-union","description":"","potentialAction":[{"@type":"SearchAction","target":{"@type":"EntryPoint","urlTemplate":"https:\/\/admin.industriall-union.org\/fr\/?s={search_term_string}"},"query-input":{"@type":"PropertyValueSpecification","valueRequired":true,"valueName":"search_term_string"}}],"inLanguage":"es-ES"}]}},"_links":{"self":[{"href":"https:\/\/admin.industriall-union.org\/es\/wp-json\/wp\/v2\/pages\/212315","targetHints":{"allow":["GET"]}}],"collection":[{"href":"https:\/\/admin.industriall-union.org\/es\/wp-json\/wp\/v2\/pages"}],"about":[{"href":"https:\/\/admin.industriall-union.org\/es\/wp-json\/wp\/v2\/types\/page"}],"author":[{"embeddable":true,"href":"https:\/\/admin.industriall-union.org\/es\/wp-json\/wp\/v2\/users\/1"}],"replies":[{"embeddable":true,"href":"https:\/\/admin.industriall-union.org\/es\/wp-json\/wp\/v2\/comments?post=212315"}],"version-history":[{"count":3,"href":"https:\/\/admin.industriall-union.org\/es\/wp-json\/wp\/v2\/pages\/212315\/revisions"}],"predecessor-version":[{"id":464064,"href":"https:\/\/admin.industriall-union.org\/es\/wp-json\/wp\/v2\/pages\/212315\/revisions\/464064"}],"wp:attachment":[{"href":"https:\/\/admin.industriall-union.org\/es\/wp-json\/wp\/v2\/media?parent=212315"}],"wp:term":[{"taxonomy":"issues","embeddable":true,"href":"https:\/\/admin.industriall-union.org\/es\/wp-json\/wp\/v2\/issues?post=212315"},{"taxonomy":"companies","embeddable":true,"href":"https:\/\/admin.industriall-union.org\/es\/wp-json\/wp\/v2\/companies?post=212315"},{"taxonomy":"regions","embeddable":true,"href":"https:\/\/admin.industriall-union.org\/es\/wp-json\/wp\/v2\/regions?post=212315"},{"taxonomy":"sectors","embeddable":true,"href":"https:\/\/admin.industriall-union.org\/es\/wp-json\/wp\/v2\/sectors?post=212315"},{"taxonomy":"article_tags","embeddable":true,"href":"https:\/\/admin.industriall-union.org\/es\/wp-json\/wp\/v2\/article_tags?post=212315"}],"curies":[{"name":"wp","href":"https:\/\/api.w.org\/{rel}","templated":true}]}}