{"id":212287,"date":"2023-06-01T14:35:20","date_gmt":"2023-06-01T14:35:20","guid":{"rendered":"https:\/\/admin.industriall-union.org\/acuerdos-marco-globales-amg\/"},"modified":"2026-02-03T12:14:18","modified_gmt":"2026-02-03T12:14:18","slug":"acuerdos-marco-globales-amg","status":"publish","type":"page","link":"https:\/\/admin.industriall-union.org\/es\/acuerdos-marco-globales-amg\/","title":{"rendered":"Acuerdos Marco Globales (AMG)"},"content":{"rendered":"<p>Los Acuerdos Marco Globales (AMG) sirven para proteger los intereses de los trabajadores a trav\u00e9s de todas las operaciones de una empresa multinacional.<\/p><p>Los AMG se negocian a nivel global entre los sindicatos y una empresa multinacional. Estos establecen las mejores normas posibles en materia de los derechos sindicales, las pr\u00e1cticas relativas a la salud, la seguridad y el medioambiente, y la calidad de los principios laborales en las operaciones mundiales de la empresa, independientemente de que estas normas existan en un determinado pa\u00eds.<\/p><figure class=\"imageArticle imageMedium\"><img decoding=\"async\" alt=\"\" src=\"\/wp-content\/uploads\/images\/screenshot_2021-02-10_at_15.54.21.png\" style=\"width: 600px;height: 417px\" \/><figcaption class=\"imageContent\"><div class=\"imageCaption\"><p><a href=\"https:\/\/www.industriall-union.org\/combatting-violence-and-harassment-at-eni\">Contin\u00faa la lucha contra la violencia y el acoso en ENI<\/a><\/p><\/div><\/figcaption><\/figure><p>Al firmar un AMG, la empresa multinacional acepta la responsabilidad de proteger y respetar los derechos laborales fundamentales, en particular los relativos a la sindicalizaci\u00f3n y la negociaci\u00f3n colectiva, y a ejercer la diligencia debida con respecto a su impacto sobre los derechos humanos en sus lugares de producci\u00f3n a lo largo de la cadena de suministro. A nivel general, los AMG se usan para resolver los problemas que puedan plantearse, especialmente en la cadena de suministro. Ante un conflicto, por ejemplo, con respecto a la sindicalizaci\u00f3n, los AMG pueden ayudar a encontrar v\u00edas de reparaci\u00f3n.<\/p><p>En caso de que se produzcan violaciones de los derechos sindicales en las empresas que han firmado un AMG, as\u00ed como en sus cadenas de suministro, estas pueden denunciarse citando directamente el AMG en cuesti\u00f3n, as\u00ed como sus mecanismos de implementaci\u00f3n, a trav\u00e9s de los sindicatos en el pa\u00eds de origen de la empresa o con IndustriALL.<\/p><p><a href=\"\/wp-content\/uploads\/images\/2021\/INDIA\/Gokaldas\/50140356646_4e0f227b76_o.jpg\"><img decoding=\"async\" src=\"https:\/\/admin.industriall-union.org\/wp-content\/uploads\/2026\/02\/image_1770120858.jpeg\" \/><\/a><\/p><p><a href=\"https:\/\/www.industriall-union.org\/union-wins-reinstatement-of-1257-workers-in-india\">Sindicato logra la reincorporaci\u00f3n de 1257 trabajadores en la India<\/a><\/p><p>Acuerdos actuales<\/p><p>IndustriALL tiene Acuerdos Marco Globales vigentes con las siguientes empresas multinacionales. Haga clic en el nombre de cada una para obtener m\u00e1s informaci\u00f3n y leer el acuerdo.<\/p><table border=\"1\" cellpadding=\"1\" cellspacing=\"1\" style=\"width:100%\"><tbody><tr><td><a href=\"https:\/\/www.industriall-union.org\/industriall-and-aker-renew-global-framework-agreement\">Aker<\/a><\/td><td><a href=\"http:\/\/www.industriall-union.org\/industriall-signs-global-framework-agreement-with-asos\" target=\"_self\">ASOS<\/a><\/td><td><a href=\"http:\/\/www.industriall-union.org\/bmw\">BMW<\/a><\/td><td><a href=\"http:\/\/www.industriall-union.org\/bosch\">Bosch<\/a><\/td><td><a href=\"https:\/\/www.daimlertruck.com\/en\/sustainability\/s-social\/human-rights\/declaration-of-principles\">Daimler Truck<\/a><\/td><\/tr><tr><td><a href=\"http:\/\/www.industriall-union.org\/eads\">EADS<\/a><\/td><td><a href=\"https:\/\/www.industriall-union.org\/es\/se-renueva-el-acuerdo-marco-global-de-edf-con-mayores-protecciones-para-los-trabajadores\">EDF<\/a><\/td><td><a href=\"http:\/\/www.industriall-union.org\/electrolux\">Electrolux<\/a><\/td><td><a href=\"http:\/\/www.industriall-union.org\/industriall-and-psi-reach-global-agreement-with-enel\">Enel<\/a><\/td><td><a href=\"http:\/\/www.industriall-union.org\/gdf-suez\" target=\"_self\">Engie (GDF Suez)<\/a><\/td><\/tr><tr><td><a href=\"http:\/\/www.industriall-union.org\/industriall-renews-global-agreement-with-energy-company-eni\">Eni<\/a><\/td><td><a href=\"http:\/\/www.industriall-union.org\/industriall-and-esprit-commit-to-working-together-to-improve-workers-rights?utm_source=Newsletters+in+english&amp;utm_campaign=0637cc484c-EMAIL_CAMPAIGN_2018_08_09_02_20&amp;utm_medium=email&amp;utm_term=0_65751b77d5-0637cc484c-19155253\" target=\"_blank\">Esprit<\/a><\/td><td><a href=\"http:\/\/www.industriall-union.org\/industriall-global-union-signs-global-framework-agreement-with-essity\" target=\"_blank\">Essity<\/a><\/td><td><a href=\"http:\/\/www.industriall-union.org\/industriall-renews-the-agreement-with-statoil\">Equinor<\/a><\/td><td><a href=\"http:\/\/www.industriall-union.org\/ford\">Ford<\/a><\/td><\/tr><tr><td><a href=\"http:\/\/www.industriall-union.org\/industriall-renews-global-agreement-with-siemens-gamesa\">Siemens Gamesa<\/a><\/td><td><a href=\"http:\/\/www.industriall-union.org\/gea\">GEA<\/a><\/td><td><a href=\"http:\/\/www.industriall-union.org\/industriall-global-union-and-hm-sign-global-framework-agreement\">H&amp;M<\/a><\/td><td><a href=\"http:\/\/www.industriall-union.org\/industriall-and-inditex-create-a-global-union-committee\">Inditex<\/a><\/td><td><a href=\"http:\/\/www.industriall-union.org\/leoni\">Leoni<\/a><\/td><\/tr><tr><td>&nbsp;<\/td><td><a href=\"http:\/\/www.industriall-union.org\/man\">MAN<\/a><\/td><td><a href=\"http:\/\/www.industriall-union.org\/mannhummel\">Mann + Hummel<\/a><\/td><td><a href=\"https:\/\/group.mercedes-benz.com\/responsibility\/society\/human-rights\/principles-of-social-responsibility-and-human-rights.html\">Mercedes-Benz<\/a><\/td><td><a href=\"http:\/\/www.industriall-union.org\/mizuno\">Mizuno<\/a><\/td><\/tr><tr><td><a href=\"http:\/\/www.industriall-union.org\/norsk-hydro\">Norsk Hydro<\/a><\/td><td><a href=\"http:\/\/www.industriall-union.org\/industriall-global-union-signs-two-new-global-framework-agreements\">Norske Skog<\/a><\/td><td><a href=\"http:\/\/www.industriall-union.org\/petrobras\">Petrobras<\/a><\/td><td><a href=\"http:\/\/www.industriall-union.org\/prym\">Prym<\/a><\/td><td><a href=\"http:\/\/www.industriall-union.org\/industriall-signs-new-global-agreement-with-the-psa-group-0\">PSA Peugeot Citro\u00ebn<\/a><\/td><\/tr><tr><td><a href=\"http:\/\/www.industriall-union.org\/industriall-signs-quality-of-working-life-agreement-with-renault\">Renault<\/a><\/td><td><a href=\"http:\/\/www.industriall-union.org\/industriall-renews-global-agreement-with-german-multinational-rheinmetall\">Rheinmetall<\/a><\/td><td><a href=\"http:\/\/www.industriall-union.org\/rochling\">R\u00f6chling<\/a><\/td><td><a href=\"http:\/\/www.industriall-union.org\/industriall-signs-global-agreement-with-saab\">Saab<\/a><\/td><td><a href=\"https:\/\/www.industriall-union.org\/industriall-and-safran-renew-global-framework-agreement-on-csr\" target=\"_self\">Safran<\/a><\/td><\/tr><tr><td><a href=\"http:\/\/www.industriall-union.org\/industriall-global-union-signs-two-new-global-framework-agreements\">SCA<\/a><\/td><td><a href=\"http:\/\/www.industriall-union.org\/industriall-signs-gfa-with-siemens\">Siemens<\/a><\/td><td><a href=\"https:\/\/www.industriall-union.org\/industriall-and-solvay-renew-and-improve-benchmark-gfa\">Solvay<\/a><\/td><td><a href=\"http:\/\/www.industriall-union.org\/skf\">SKF<\/a><\/td><td><a href=\"http:\/\/www.industriall-union.org\/industriall-uni-and-bwi-sign-global-framework-agreement-with-stora-enso\" target=\"_self\">Stora Enso<\/a><\/td><\/tr><tr><td><a href=\"http:\/\/www.industriall-union.org\/industriall-and-tchibo-sign-framework-agreement-strengthening-workers-rights-across-the-supply-chain\">Tchibo<\/a><\/td><td><a href=\"http:\/\/www.industriall-union.org\/industriall-signs-global-union-agreement-with-total\">Total<\/a><\/td><td><a href=\"http:\/\/www.industriall-union.org\/industriall-and-thyssenkrupp-sign-global-agreement-on-promotion-of-fundamental-rights\">ThyssenKrupp<\/a><\/td><td><a href=\"http:\/\/www.industriall-union.org\/industriall-signs-framework-agreement-with-tk-elevator\">TK Elevator<\/a><\/td><td><a href=\"http:\/\/www.industriall-union.org\/umicore-and-industriall-renew-global-framework-agreement\">Umicore<\/a><\/td><\/tr><tr><td><a href=\"http:\/\/www.industriall-union.org\/vallourec\">Vallourec<\/a><\/td><td><a href=\"http:\/\/www.industriall-union.org\/volkswagen\">Volkswagen<\/a><\/td><td><a href=\"http:\/\/www.industriall-union.org\/zf\">ZF<\/a><\/td><td>&nbsp;<\/td><td>&nbsp;<\/td><\/tr><\/tbody><\/table><p>IndustriALL tiene tambi\u00e9n acuerdos globales con empresas multinacionales sobre temas espec\u00edficos que abarcan las operaciones de estas empresas. Como ejemplo de ello, tenemos nuestro acuerdo global sobre salud y seguridad con <a href=\"\/wp-content\/uploads\/images\/2018\/agreementarcelormittalohs.pdf\">ArcelorMittal<\/a> y nuestro acuerdo global sobre acoso sexual con <a href=\"https:\/\/www.industriall-union.org\/es\/industriall-uita-y-unilever-establecen-compromiso-conjunto-para-impedir-acoso-sexual-en-el-lugar-de\">Unilever<\/a>.<\/p><h3>Listas de control para los AMG<\/h3><p><a href=\"\/wp-content\/uploads\/documents\/2018\/industriall_gfa_checklist_for_affiliates_es.pdf\" target=\"_blank\">Lista de control de IndustriALL Global Union para organizaciones afiliadas para la aplicaci\u00f3n y supervisi\u00f3n de Acuerdos Marco Globales (AMG)<\/a><\/p><p><a href=\"\/wp-content\/uploads\/documents\/2018\/industriall_gfa_checklist_for_secretariat_es.pdf\" target=\"_blank\">Lista de control para la Secretar\u00eda de IndustriALL Global Union para la aplicaci\u00f3n y supervisi\u00f3n de Acuerdos Marco Globales (AMG)<\/a><\/p><h3>Directrices de los AMG<\/h3><p><a href=\"\/wp-content\/uploads\/documents\/GFAs\/industriall_gfa_guidelines_final_version_exco_12-2014_english.pdf\">Directrices de los AMG de IndustriALL &#8211; Ingl\u00e9s<\/a><\/p><p><a href=\"\/wp-content\/uploads\/documents\/GFAs\/industriall_gfa_guidelines_final_version_exco_12-2014_french_.pdf\">Directrices de los AMG de IndustriALL &#8211; Franc\u00e9s<\/a><\/p><p><a href=\"http:\/\/IndustriALL%20GFA%20Guidelines%20-%20Spanish\">Directrices de los AMG de IndustriALL &#8211; Espa\u00f1ol<\/a><\/p><p><a href=\"\/wp-content\/uploads\/documents\/GFAs\/industriall_gfa_guidelines_final_version_exco_12-_2014_german.pdf\">Directrices de los AMG de IndustriALL &#8211; Alem\u00e1n<\/a><\/p><p><a href=\"\/wp-content\/uploads\/documents\/GFAs\/industriall_gfa_guidelines_final_version_exco_12-2014_russian.pdf\">Directrices de los AMG de IndustriALL &#8211; Ruso<\/a><\/p><p><a href=\"\/wp-content\/uploads\/documents\/GFAs\/industriall_gfa_guidelines_final_version_exco_12-2014_japanese.pdf\">Directrices de los AMG de IndustriALL &#8211; Japon\u00e9s<\/a><\/p><h4><a href=\"https:\/\/www.industriall-union.org\/es\/como-buscar-reparacion-a-traves-de-mecanismos-internacionales\">M\u00e1s informaci\u00f3n sobre c\u00f3mo buscar reparaci\u00f3n a trav\u00e9s de mecanismos internacionales<\/a><\/h4>","protected":false},"excerpt":{"rendered":"<p>Los Acuerdos Marco Globales (AMG) sirven para proteger los intereses de los trabajadores a trav\u00e9s de todas las operaciones de una empresa multinacional. Los AMG se negocian a nivel global entre los sindicatos y una empresa multinacional. Estos establecen las mejores normas posibles en materia de los derechos sindicales, las pr\u00e1cticas relativas a la salud, [&hellip;]<\/p>\n","protected":false},"author":1,"featured_media":0,"parent":0,"menu_order":0,"comment_status":"closed","ping_status":"closed","template":"","meta":{"_acf_changed":false,"footnotes":""},"issues":[379],"companies":[],"regions":[],"sectors":[],"article_tags":[],"class_list":["post-212287","page","type-page","status-publish","hentry","issues-acuerdos-marco-globales"],"acf":[],"yoast_head":"<!-- This site is optimized with the Yoast SEO Premium plugin v27.1 (Yoast SEO v27.1) - https:\/\/yoast.com\/product\/yoast-seo-premium-wordpress\/ -->\n<title>Acuerdos Marco Globales (AMG) - industriall-union<\/title>\n<meta name=\"robots\" content=\"index, follow, max-snippet:-1, max-image-preview:large, max-video-preview:-1\" \/>\n<link rel=\"canonical\" href=\"https:\/\/admin.industriall-union.org\/es\/acuerdos-marco-globales-amg\/\" \/>\n<meta property=\"og:locale\" content=\"es_ES\" \/>\n<meta property=\"og:type\" content=\"article\" \/>\n<meta property=\"og:title\" content=\"Acuerdos Marco Globales (AMG)\" \/>\n<meta property=\"og:description\" content=\"Los Acuerdos Marco Globales (AMG) sirven para proteger los intereses de los trabajadores a trav\u00e9s de todas las operaciones de una empresa multinacional. Los AMG se negocian a nivel global entre los sindicatos y una empresa multinacional. Estos establecen las mejores normas posibles en materia de los derechos sindicales, las pr\u00e1cticas relativas a la salud, [&hellip;]\" \/>\n<meta property=\"og:url\" content=\"https:\/\/admin.industriall-union.org\/es\/acuerdos-marco-globales-amg\/\" \/>\n<meta property=\"og:site_name\" content=\"industriall-union\" \/>\n<meta property=\"article:modified_time\" content=\"2026-02-03T12:14:18+00:00\" \/>\n<meta property=\"og:image\" content=\"https:\/\/admin.industriall-union.org\/wp-content\/uploads\/2026\/02\/image_1770120858.jpeg\" \/>\n<meta name=\"twitter:card\" content=\"summary_large_image\" \/>\n<meta name=\"twitter:label1\" content=\"Est. reading time\" \/>\n\t<meta name=\"twitter:data1\" content=\"2 minutes\" \/>\n<script type=\"application\/ld+json\" class=\"yoast-schema-graph\">{\"@context\":\"https:\/\/schema.org\",\"@graph\":[{\"@type\":\"WebPage\",\"@id\":\"https:\/\/admin.industriall-union.org\/es\/acuerdos-marco-globales-amg\/\",\"url\":\"https:\/\/admin.industriall-union.org\/es\/acuerdos-marco-globales-amg\/\",\"name\":\"Acuerdos Marco Globales (AMG) - industriall-union\",\"isPartOf\":{\"@id\":\"https:\/\/admin.industriall-union.org\/#website\"},\"primaryImageOfPage\":{\"@id\":\"https:\/\/admin.industriall-union.org\/es\/acuerdos-marco-globales-amg\/#primaryimage\"},\"image\":{\"@id\":\"https:\/\/admin.industriall-union.org\/es\/acuerdos-marco-globales-amg\/#primaryimage\"},\"thumbnailUrl\":\"https:\/\/admin.industriall-union.org\/wp-content\/uploads\/2026\/02\/image_1770120858.jpeg\",\"datePublished\":\"2023-06-01T14:35:20+00:00\",\"dateModified\":\"2026-02-03T12:14:18+00:00\",\"breadcrumb\":{\"@id\":\"https:\/\/admin.industriall-union.org\/es\/acuerdos-marco-globales-amg\/#breadcrumb\"},\"inLanguage\":\"es-ES\",\"potentialAction\":[{\"@type\":\"ReadAction\",\"target\":[\"https:\/\/admin.industriall-union.org\/es\/acuerdos-marco-globales-amg\/\"]}]},{\"@type\":\"ImageObject\",\"inLanguage\":\"es-ES\",\"@id\":\"https:\/\/admin.industriall-union.org\/es\/acuerdos-marco-globales-amg\/#primaryimage\",\"url\":\"https:\/\/admin.industriall-union.org\/wp-content\/uploads\/2026\/02\/image_1770120858.jpeg\",\"contentUrl\":\"https:\/\/admin.industriall-union.org\/wp-content\/uploads\/2026\/02\/image_1770120858.jpeg\"},{\"@type\":\"BreadcrumbList\",\"@id\":\"https:\/\/admin.industriall-union.org\/es\/acuerdos-marco-globales-amg\/#breadcrumb\",\"itemListElement\":[{\"@type\":\"ListItem\",\"position\":1,\"name\":\"Home\",\"item\":\"https:\/\/admin.industriall-union.org\/\"},{\"@type\":\"ListItem\",\"position\":2,\"name\":\"Acuerdos Marco Globales (AMG)\"}]},{\"@type\":\"WebSite\",\"@id\":\"https:\/\/admin.industriall-union.org\/#website\",\"url\":\"https:\/\/admin.industriall-union.org\/\",\"name\":\"industriall-union\",\"description\":\"\",\"potentialAction\":[{\"@type\":\"SearchAction\",\"target\":{\"@type\":\"EntryPoint\",\"urlTemplate\":\"https:\/\/admin.industriall-union.org\/?s={search_term_string}\"},\"query-input\":{\"@type\":\"PropertyValueSpecification\",\"valueRequired\":true,\"valueName\":\"search_term_string\"}}],\"inLanguage\":\"es-ES\"}]}<\/script>\n<!-- \/ Yoast SEO Premium plugin. -->","yoast_head_json":{"title":"Acuerdos Marco Globales (AMG) - industriall-union","robots":{"index":"index","follow":"follow","max-snippet":"max-snippet:-1","max-image-preview":"max-image-preview:large","max-video-preview":"max-video-preview:-1"},"canonical":"https:\/\/admin.industriall-union.org\/es\/acuerdos-marco-globales-amg\/","og_locale":"es_ES","og_type":"article","og_title":"Acuerdos Marco Globales (AMG)","og_description":"Los Acuerdos Marco Globales (AMG) sirven para proteger los intereses de los trabajadores a trav\u00e9s de todas las operaciones de una empresa multinacional. Los AMG se negocian a nivel global entre los sindicatos y una empresa multinacional. Estos establecen las mejores normas posibles en materia de los derechos sindicales, las pr\u00e1cticas relativas a la salud, [&hellip;]","og_url":"https:\/\/admin.industriall-union.org\/es\/acuerdos-marco-globales-amg\/","og_site_name":"industriall-union","article_modified_time":"2026-02-03T12:14:18+00:00","og_image":[{"url":"https:\/\/admin.industriall-union.org\/wp-content\/uploads\/2026\/02\/image_1770120858.jpeg","type":"","width":"","height":""}],"twitter_card":"summary_large_image","twitter_misc":{"Est. reading time":"2 minutes"},"schema":{"@context":"https:\/\/schema.org","@graph":[{"@type":"WebPage","@id":"https:\/\/admin.industriall-union.org\/es\/acuerdos-marco-globales-amg\/","url":"https:\/\/admin.industriall-union.org\/es\/acuerdos-marco-globales-amg\/","name":"Acuerdos Marco Globales (AMG) - industriall-union","isPartOf":{"@id":"https:\/\/admin.industriall-union.org\/#website"},"primaryImageOfPage":{"@id":"https:\/\/admin.industriall-union.org\/es\/acuerdos-marco-globales-amg\/#primaryimage"},"image":{"@id":"https:\/\/admin.industriall-union.org\/es\/acuerdos-marco-globales-amg\/#primaryimage"},"thumbnailUrl":"https:\/\/admin.industriall-union.org\/wp-content\/uploads\/2026\/02\/image_1770120858.jpeg","datePublished":"2023-06-01T14:35:20+00:00","dateModified":"2026-02-03T12:14:18+00:00","breadcrumb":{"@id":"https:\/\/admin.industriall-union.org\/es\/acuerdos-marco-globales-amg\/#breadcrumb"},"inLanguage":"es-ES","potentialAction":[{"@type":"ReadAction","target":["https:\/\/admin.industriall-union.org\/es\/acuerdos-marco-globales-amg\/"]}]},{"@type":"ImageObject","inLanguage":"es-ES","@id":"https:\/\/admin.industriall-union.org\/es\/acuerdos-marco-globales-amg\/#primaryimage","url":"https:\/\/admin.industriall-union.org\/wp-content\/uploads\/2026\/02\/image_1770120858.jpeg","contentUrl":"https:\/\/admin.industriall-union.org\/wp-content\/uploads\/2026\/02\/image_1770120858.jpeg"},{"@type":"BreadcrumbList","@id":"https:\/\/admin.industriall-union.org\/es\/acuerdos-marco-globales-amg\/#breadcrumb","itemListElement":[{"@type":"ListItem","position":1,"name":"Home","item":"https:\/\/admin.industriall-union.org\/"},{"@type":"ListItem","position":2,"name":"Acuerdos Marco Globales (AMG)"}]},{"@type":"WebSite","@id":"https:\/\/admin.industriall-union.org\/#website","url":"https:\/\/admin.industriall-union.org\/","name":"industriall-union","description":"","potentialAction":[{"@type":"SearchAction","target":{"@type":"EntryPoint","urlTemplate":"https:\/\/admin.industriall-union.org\/?s={search_term_string}"},"query-input":{"@type":"PropertyValueSpecification","valueRequired":true,"valueName":"search_term_string"}}],"inLanguage":"es-ES"}]}},"_links":{"self":[{"href":"https:\/\/admin.industriall-union.org\/es\/wp-json\/wp\/v2\/pages\/212287","targetHints":{"allow":["GET"]}}],"collection":[{"href":"https:\/\/admin.industriall-union.org\/es\/wp-json\/wp\/v2\/pages"}],"about":[{"href":"https:\/\/admin.industriall-union.org\/es\/wp-json\/wp\/v2\/types\/page"}],"author":[{"embeddable":true,"href":"https:\/\/admin.industriall-union.org\/es\/wp-json\/wp\/v2\/users\/1"}],"replies":[{"embeddable":true,"href":"https:\/\/admin.industriall-union.org\/es\/wp-json\/wp\/v2\/comments?post=212287"}],"version-history":[{"count":5,"href":"https:\/\/admin.industriall-union.org\/es\/wp-json\/wp\/v2\/pages\/212287\/revisions"}],"predecessor-version":[{"id":467003,"href":"https:\/\/admin.industriall-union.org\/es\/wp-json\/wp\/v2\/pages\/212287\/revisions\/467003"}],"wp:attachment":[{"href":"https:\/\/admin.industriall-union.org\/es\/wp-json\/wp\/v2\/media?parent=212287"}],"wp:term":[{"taxonomy":"issues","embeddable":true,"href":"https:\/\/admin.industriall-union.org\/es\/wp-json\/wp\/v2\/issues?post=212287"},{"taxonomy":"companies","embeddable":true,"href":"https:\/\/admin.industriall-union.org\/es\/wp-json\/wp\/v2\/companies?post=212287"},{"taxonomy":"regions","embeddable":true,"href":"https:\/\/admin.industriall-union.org\/es\/wp-json\/wp\/v2\/regions?post=212287"},{"taxonomy":"sectors","embeddable":true,"href":"https:\/\/admin.industriall-union.org\/es\/wp-json\/wp\/v2\/sectors?post=212287"},{"taxonomy":"article_tags","embeddable":true,"href":"https:\/\/admin.industriall-union.org\/es\/wp-json\/wp\/v2\/article_tags?post=212287"}],"curies":[{"name":"wp","href":"https:\/\/api.w.org\/{rel}","templated":true}]}}